{"id":10,"date":"2015-08-04T00:31:05","date_gmt":"2015-08-03T23:31:05","guid":{"rendered":"https:\/\/turnaround.cz\/?page_id=10"},"modified":"2021-09-13T22:08:46","modified_gmt":"2021-09-13T20:08:46","slug":"clenstvi-v-t-m-a-cr","status":"publish","type":"page","link":"https:\/\/turnaround.cz\/en\/clenstvi-v-t-m-a-cr\/","title":{"rendered":"\u010clenstv\u00ed v TMA \u010cR"},"content":{"rendered":"<h2>Podm\u00ednky \u010dlenstv\u00ed<\/h2>\n<ul class=\"txt\">\n<li>N\u00e1vrh na \u010dlenstv\u00ed mus\u00ed podpo\u0159it minim\u00e1ln\u011b 2 \u010dlenov\u00e9 Sdru\u017een\u00ed, z nich\u017e alespo\u0148 jeden mus\u00ed b\u00fdt \u010dlenem spr\u00e1vn\u00ed rady<\/li>\n<li>O \u010dlenstv\u00ed rozhoduje spr\u00e1vn\u00ed rada<\/li>\n<li>\u010clenov\u00e9 jsou povinni platit \u010dlensk\u00fd p\u0159\u00edsp\u011bvek a maj\u00ed dal\u0161\u00ed pr\u00e1va a povinnosti, vypl\u00fdvaj\u00edc\u00ed ze stanov Sdru\u017een\u00ed a ze z\u00e1kona<\/li>\n<\/ul>\n<p><a href=\"https:\/\/turnaround.cz\/blog\/rubrika\/clenove\/\">Seznam \u010dlen\u016f<\/a><\/p>\n<h2>EACTP<\/h2>\n<p><a style=\"float: right;\" href=\"http:\/\/www.eactp.eu\/\"><img decoding=\"async\" src=\"https:\/\/turnaround.cz\/img\/eactp.jpg\" alt=\"\" width=\"200\"><\/a><\/p>\n<ul class=\"txt\">\n<li>Set yourself apart from colleagues by becoming a Certified Turnaround Professional, and prove you have the knowledge, experience and integrity for the next turnaround assignment. Becoming a member of the EACTP will give you a professional edge in a competitive field, and provide prospective clients with an instantly recognisable assurance of your turnaround credentials.<\/li>\n<li>For full details, and application forms, see <a href=\"http:\/\/www.eactp.eu\/\">www.eactp.eu<\/a>.<\/li>\n<\/ul>\n","protected":false},"excerpt":{"rendered":"<p>Podm\u00ednky \u010dlenstv\u00ed N\u00e1vrh na \u010dlenstv\u00ed mus\u00ed podpo\u0159it minim\u00e1ln\u011b 2 \u010dlenov\u00e9 Sdru\u017een\u00ed, z nich\u017e alespo\u0148 jeden mus\u00ed b\u00fdt \u010dlenem spr\u00e1vn\u00ed rady O \u010dlenstv\u00ed rozhoduje spr\u00e1vn\u00ed rada \u010clenov\u00e9 jsou povinni platit \u010dlensk\u00fd p\u0159\u00edsp\u011bvek a maj\u00ed dal\u0161\u00ed pr\u00e1va a povinnosti, vypl\u00fdvaj\u00edc\u00ed ze stanov Sdru\u017een\u00ed a ze z\u00e1kona Seznam \u010dlen\u016f EACTP Set yourself apart from colleagues by becoming a&#8230;  <a class=\"excerpt-read-more\" href=\"https:\/\/turnaround.cz\/en\/clenstvi-v-t-m-a-cr\/\" title=\"v\u00edce \u010clenstv\u00ed v TMA \u010cR\">v\u00edce<\/a><\/p>\n","protected":false},"author":1,"featured_media":0,"parent":0,"menu_order":0,"comment_status":"closed","ping_status":"closed","template":"","meta":{"ngg_post_thumbnail":0,"jetpack_post_was_ever_published":false,"footnotes":""},"class_list":["post-10","page","type-page","status-publish","hentry"],"acf":[],"jetpack_sharing_enabled":true,"jetpack_shortlink":"https:\/\/wp.me\/P6Wlcm-a","_links":{"self":[{"href":"https:\/\/turnaround.cz\/en\/wp-json\/wp\/v2\/pages\/10","targetHints":{"allow":["GET"]}}],"collection":[{"href":"https:\/\/turnaround.cz\/en\/wp-json\/wp\/v2\/pages"}],"about":[{"href":"https:\/\/turnaround.cz\/en\/wp-json\/wp\/v2\/types\/page"}],"author":[{"embeddable":true,"href":"https:\/\/turnaround.cz\/en\/wp-json\/wp\/v2\/users\/1"}],"replies":[{"embeddable":true,"href":"https:\/\/turnaround.cz\/en\/wp-json\/wp\/v2\/comments?post=10"}],"version-history":[{"count":4,"href":"https:\/\/turnaround.cz\/en\/wp-json\/wp\/v2\/pages\/10\/revisions"}],"predecessor-version":[{"id":535,"href":"https:\/\/turnaround.cz\/en\/wp-json\/wp\/v2\/pages\/10\/revisions\/535"}],"wp:attachment":[{"href":"https:\/\/turnaround.cz\/en\/wp-json\/wp\/v2\/media?parent=10"}],"curies":[{"name":"wp","href":"https:\/\/api.w.org\/{rel}","templated":true}]}}