{"id":1071,"date":"2025-09-17T23:10:04","date_gmt":"2025-09-17T21:10:04","guid":{"rendered":"https:\/\/turnaround.cz\/?page_id=1071"},"modified":"2025-11-25T16:06:31","modified_gmt":"2025-11-25T14:06:31","slug":"soutez-o-nejlepsi-studentskou-praci-na-tema-turnaround-management-2025","status":"publish","type":"page","link":"https:\/\/turnaround.cz\/en\/soutez-o-nejlepsi-studentskou-praci-na-tema-turnaround-management-2025\/","title":{"rendered":"Sout\u011b\u017e o nejlep\u0161\u00ed studentskou pr\u00e1ci na t\u00e9ma turnaround management 2025"},"content":{"rendered":"\n<p class=\"has-vivid-red-color has-text-color has-link-color wp-elements-c1a163a8c5bad1b837f004a36568ac24\"><strong>Ozn\u00e1men\u00ed o studentsk\u00e9 sout\u011b\u017ei TMA \u010cR 2025<\/strong><\/p>\n\n\n\n<p class=\"has-vivid-red-color has-text-color has-link-color wp-elements-e373bf359cdac6d8303c1de54b82b3c8\"><em>\u201eD\u011bkujeme v\u0161em student\u016fm, kte\u0159\u00ed se zapojili do studentsk\u00e9 sout\u011b\u017ee TMA \u010cR pro rok 2025. Velmi si v\u00e1\u017e\u00edme z\u00e1jmu i \u00fasil\u00ed, kter\u00e9 v\u011bnovali p\u0159\u00edprav\u011b a odevzd\u00e1n\u00ed sv\u00fdch prac\u00ed.<\/em><\/p>\n\n\n\n<p class=\"has-vivid-red-color has-text-color has-link-color wp-elements-f8efc313ac0edd057445992fdb97ed68\"><em>R\u00e1di bychom v\u00e1s informovali, \u017ee vzhledem k n\u00edzk\u00e9mu po\u010dtu p\u0159ihl\u00e1\u0161en\u00fdch prac\u00ed se odborn\u00e1 komise TMA rozhodla v roce 2025 cenu nevyhla\u0161ovat.<\/em><\/p>\n\n\n\n<p class=\"has-vivid-red-color has-text-color has-link-color wp-elements-a21b0dd137bc6f7a39d0a5cf5245c468\"><em>V\u0161echny p\u0159ihl\u00e1\u0161en\u00e9 pr\u00e1ce budou automaticky za\u0159azeny do sout\u011b\u017en\u00edho ro\u010dn\u00edku 2026, kde z\u00edskaj\u00ed plnohodnotnou p\u0159\u00edle\u017eitost usp\u011bt.<\/em><\/p>\n\n\n\n<p class=\"has-vivid-red-color has-text-color has-link-color wp-elements-b7bf9f25c04b3c7cc723ca902a2f2341\"><em>D\u011bkujeme za pochopen\u00ed a t\u011b\u0161\u00edme se na va\u0161i \u00fa\u010dast v p\u0159\u00ed\u0161t\u00edm roce.\u201c<\/em><\/p>\n\n\n\n<br>\n\n\n\n<p>Turnaround Management Association \u010cR ve spolupr\u00e1ci s Katedrou strategie V\u0160E v Praze. Fakulta podnikohospod\u00e1\u0159sk\u00e1.<\/p>\n\n\n\n<p>Sout\u011b\u017e m\u00e1 \u010dty\u0159i kategorie, do kter\u00fdch lze p\u0159ihl\u00e1sit studentskou pr\u00e1ci.<\/p>\n\n\n\n<h2 class=\"wp-block-heading\">Organiz\u00e1tor sout\u011b\u017ee<\/h2>\n\n\n\n<ul class=\"wp-block-list\">\n<li><strong>1. kategorie: Diplomov\u00e1 pr\u00e1ce<\/strong><\/li>\n\n\n\n<li><strong>2. kategorie: Semin\u00e1rn\u00ed (semestr\u00e1ln\u00ed) pr\u00e1ce<\/strong><\/li>\n\n\n\n<li><strong>3. kategorie: Diserta\u010dn\u00ed pr\u00e1ce (sou\u010d\u00e1st Ph.D. studia)<\/strong><\/li>\n\n\n\n<li><strong>4. kategorie: Rigor\u00f3zn\u00ed pr\u00e1ce<\/strong><\/li>\n<\/ul>\n\n\n\n<p>Diplomov\u00e1, semin\u00e1rn\u00ed, diserta\u010dn\u00ed nebo rigor\u00f3zn\u00ed pr\u00e1ce mus\u00ed po str\u00e1nce odborn\u00e9ho zam\u011b\u0159en\u00ed odpov\u00eddat t\u00e9matu spojen\u00e9ho s oblast\u00ed Turnaround managementu. Podm\u00ednkou \u00fa\u010dasti v sout\u011b\u017ei je tak\u00e9 vypln\u011bn\u00ed stru\u010dn\u00e9 anotace pr\u00e1ce, kter\u00e1 bude potvrzena vedouc\u00edm diplomov\u00e9, diserta\u010dn\u00ed nebo rigor\u00f3zn\u00ed pr\u00e1ce nebo vyu\u010duj\u00edc\u00edm, kter\u00fd vedl a hodnotil semin\u00e1rn\u00ed pr\u00e1ci.<\/p>\n\n\n\n<h2 class=\"wp-block-heading\">Abstrakt pr\u00e1ce<\/h2>\n\n\n\n<p>Ka\u017ed\u00fd \u00fa\u010dastn\u00edk sout\u011b\u017ee mus\u00ed vyplnit p\u0159ihl\u00e1\u0161ku, kter\u00e1 bude slou\u017eit p\u0159i zased\u00e1n\u00ed komise Turnaround Management Association \u010cR (TMA) jako podklad pro posouzen\u00ed pr\u00e1ce. Formul\u00e1\u0159 p\u0159ihl\u00e1\u0161ky je k dispozici <a href=\"https:\/\/turnaround.cz\/wp-content\/uploads\/2025\/09\/Prihlaska-TMA-2025.pdf\" target=\"_blank\" rel=\"noreferrer noopener\">zde<\/a>.<\/p>\n\n\n\n<h2 class=\"wp-block-heading\">Pr\u00e1ce mus\u00ed spl\u0148ovat n\u00e1sleduj\u00edc\u00ed krit\u00e9ria<\/h2>\n\n\n\n<ul class=\"wp-block-list\">\n<li><strong>T\u00e9ma souvis\u00ed s oblast\u00ed Turnaround managementu<\/strong><\/li>\n\n\n\n<li><strong>Originalita, kvalita a \u00farove\u0148 zpracov\u00e1n\u00ed<\/strong><\/li>\n<\/ul>\n\n\n\n<p>P\u0159ijat\u00e9 pr\u00e1ce budou vyhodnoceny komis\u00ed slo\u017eenou z \u010dlen\u016f TMA \u010cR v r\u00e1mci mimo\u0159\u00e1dn\u00e9ho zased\u00e1n\u00ed TMA \u010cR a v\u00fdsledky budou vyhl\u00e1\u0161eny v pr\u016fb\u011bhu kon\u00e1n\u00ed v\u00fdro\u010dn\u00ed konference TMA \u010cesk\u00e1 republika dne 27. listopadu 2025.<\/p>\n\n\n\n<p>V\u0161echny pr\u00e1ce je nutn\u00e9 zaslat v elektronick\u00e9 podob\u011b v jednom vyhotoven\u00ed spolu s abstraktem na adresu <a href=\"mailto:Jaroslav.schonfeld@vse.cz\">Jaroslav.schonfeld@vse.cz<\/a>, <a href=\"mailto:info@turnaround.cz\">info@turnaround.cz<\/a>.<\/p>\n\n\n\n<p>P\u0159ihl\u00e1\u0161ky spolu s vyhotoven\u00fdmi pracemi o\u010dek\u00e1v\u00e1me do 30.10.2025 (term\u00edn doru\u010den\u00ed) s ozna\u010den\u00edm \u201eCena TMA \u010cR\u201c.<\/p>\n\n\n\n<h2 class=\"wp-block-heading\">Ceny TMA<\/h2>\n\n\n\n<p>Autor sout\u011b\u017en\u00ed pr\u00e1ce, kter\u00e1 bude vyhodnocena jako nejlep\u0161\u00ed, obdr\u017e\u00ed finan\u010dn\u00ed podporu ve v\u00fd\u0161i 30.000 K\u010d, ur\u010denou k financov\u00e1n\u00ed \u00fa\u010dasti na konferenci Turnaround Management Association Europe.<\/p>\n\n\n\n<h2 class=\"wp-block-heading\">Podm\u00ednky \u00fa\u010dasti v sout\u011b\u017ei<\/h2>\n\n\n\n<p>Sout\u011b\u017en\u00ed pr\u00e1ce mus\u00ed b\u00fdt odevzd\u00e1na a obh\u00e1jena v roce 2024 nebo 2025. Sout\u011b\u017e je otev\u0159ena pro v\u0161echny vysok\u00e9 \u0161koly v \u010cesk\u00e9 republice.<\/p>\n\n\n\n<h2 class=\"wp-block-heading\">Kontakt <\/h2>\n\n\n\n<p><a href=\"mailto:Jaroslav.schonfeld@vse.cz\">Jaroslav.schonfeld@vse.cz<\/a> <\/p>\n\n\n\n<p><a href=\"mailto:info@turnaround.cz\">info@turnaround.cz<\/a><\/p>\n\n\n\n<figure class=\"wp-block-image size-large\"><img loading=\"lazy\" decoding=\"async\" width=\"724\" height=\"1024\" data-attachment-id=\"1077\" data-permalink=\"https:\/\/turnaround.cz\/en\/soutez-o-nejlepsi-studentskou-praci-na-tema-turnaround-management-2025\/cena-tma-2025_\/\" data-orig-file=\"https:\/\/turnaround.cz\/wp-content\/uploads\/2025\/09\/CENA-TMA-2025_.png\" data-orig-size=\"1414,2000\" data-comments-opened=\"0\" data-image-meta=\"{&quot;aperture&quot;:&quot;0&quot;,&quot;credit&quot;:&quot;&quot;,&quot;camera&quot;:&quot;&quot;,&quot;caption&quot;:&quot;&quot;,&quot;created_timestamp&quot;:&quot;0&quot;,&quot;copyright&quot;:&quot;&quot;,&quot;focal_length&quot;:&quot;0&quot;,&quot;iso&quot;:&quot;0&quot;,&quot;shutter_speed&quot;:&quot;0&quot;,&quot;title&quot;:&quot;&quot;,&quot;orientation&quot;:&quot;0&quot;}\" data-image-title=\"CENA-TMA-2025_\" data-image-description=\"\" data-image-caption=\"\" data-medium-file=\"https:\/\/turnaround.cz\/wp-content\/uploads\/2025\/09\/CENA-TMA-2025_-212x300.png\" data-large-file=\"https:\/\/turnaround.cz\/wp-content\/uploads\/2025\/09\/CENA-TMA-2025_-724x1024.png\" src=\"https:\/\/turnaround.cz\/wp-content\/uploads\/2025\/09\/CENA-TMA-2025_-724x1024.png\" alt=\"\" class=\"wp-image-1077\" srcset=\"https:\/\/turnaround.cz\/wp-content\/uploads\/2025\/09\/CENA-TMA-2025_-724x1024.png 724w, https:\/\/turnaround.cz\/wp-content\/uploads\/2025\/09\/CENA-TMA-2025_-212x300.png 212w, https:\/\/turnaround.cz\/wp-content\/uploads\/2025\/09\/CENA-TMA-2025_-768x1086.png 768w, https:\/\/turnaround.cz\/wp-content\/uploads\/2025\/09\/CENA-TMA-2025_-1086x1536.png 1086w, https:\/\/turnaround.cz\/wp-content\/uploads\/2025\/09\/CENA-TMA-2025_.png 1414w\" sizes=\"auto, (max-width: 724px) 100vw, 724px\" \/><\/figure>\n\n\n\n<h2 class=\"wp-block-heading\">P\u0159edchoz\u00ed ro\u010dn\u00edky<\/h2>\n\n\n\n<p><a href=\"https:\/\/turnaround.cz\/soutez-o-nejlepsi-studentskou-praci-na-tema-turnaround-management-2024\">Cena TMA 2024<\/a><br><a href=\"https:\/\/turnaround.cz\/soutez-o-nejlepsi-studentskou-praci-na-tema-turnaround-management-2023\/\">Cena TMA 2023<\/a><br><a href=\"https:\/\/turnaround.cz\/soutez-o-nejlepsi-studentskou-praci-na-tema-turnaround-management-2022\/\">Cena TMA 2022<\/a><br><a href=\"https:\/\/turnaround.cz\/soutez-o-nejlepsi-studentskou-praci-na-tema-turnaround-management-2021\/\">Cena TMA 2021<\/a><br><a href=\"https:\/\/turnaround.cz\/soutez-o-nejlepsi-studentskou-praci-na-tema-turnaround-management-2020\/\">Cena TMA 2020<\/a>&nbsp;\u2013 zru\u0161eno z epidemiologick\u00fdch d\u016fvod\u016f<a href=\"https:\/\/turnaround.cz\/soutez-o-nejlepsi-studentskou-praci-na-tema-turnaround-management-2020\/\"><br><\/a><a href=\"https:\/\/turnaround.cz\/soutez-o-nejlepsi-studentskou-praci-na-tema-turnaround-management-2019\/\">Cena TMA 2019<br><\/a><a href=\"https:\/\/turnaround.cz\/soutez-o-nejlepsi-studentskou-praci-na-tema-turnaround-management-2018\/\">Cena TMA 2018<\/a><\/p>\n","protected":false},"excerpt":{"rendered":"<p>Ozn\u00e1men\u00ed o studentsk\u00e9 sout\u011b\u017ei TMA \u010cR 2025 \u201eD\u011bkujeme v\u0161em student\u016fm, kte\u0159\u00ed se zapojili do studentsk\u00e9 sout\u011b\u017ee TMA \u010cR pro rok 2025. Velmi si v\u00e1\u017e\u00edme z\u00e1jmu i \u00fasil\u00ed, kter\u00e9 v\u011bnovali p\u0159\u00edprav\u011b a odevzd\u00e1n\u00ed sv\u00fdch prac\u00ed. R\u00e1di bychom v\u00e1s informovali, \u017ee vzhledem k n\u00edzk\u00e9mu po\u010dtu p\u0159ihl\u00e1\u0161en\u00fdch prac\u00ed se odborn\u00e1 komise TMA rozhodla v roce 2025 cenu nevyhla\u0161ovat&#8230;.  <a class=\"excerpt-read-more\" href=\"https:\/\/turnaround.cz\/en\/soutez-o-nejlepsi-studentskou-praci-na-tema-turnaround-management-2025\/\" title=\"v\u00edce Sout\u011b\u017e o nejlep\u0161\u00ed studentskou pr\u00e1ci na t\u00e9ma turnaround management 2025\">v\u00edce<\/a><\/p>\n","protected":false},"author":3,"featured_media":0,"parent":0,"menu_order":0,"comment_status":"closed","ping_status":"closed","template":"","meta":{"ngg_post_thumbnail":0,"jetpack_post_was_ever_published":false,"footnotes":""},"class_list":["post-1071","page","type-page","status-publish","hentry"],"acf":[],"jetpack_sharing_enabled":true,"jetpack_shortlink":"https:\/\/wp.me\/P6Wlcm-hh","_links":{"self":[{"href":"https:\/\/turnaround.cz\/en\/wp-json\/wp\/v2\/pages\/1071","targetHints":{"allow":["GET"]}}],"collection":[{"href":"https:\/\/turnaround.cz\/en\/wp-json\/wp\/v2\/pages"}],"about":[{"href":"https:\/\/turnaround.cz\/en\/wp-json\/wp\/v2\/types\/page"}],"author":[{"embeddable":true,"href":"https:\/\/turnaround.cz\/en\/wp-json\/wp\/v2\/users\/3"}],"replies":[{"embeddable":true,"href":"https:\/\/turnaround.cz\/en\/wp-json\/wp\/v2\/comments?post=1071"}],"version-history":[{"count":7,"href":"https:\/\/turnaround.cz\/en\/wp-json\/wp\/v2\/pages\/1071\/revisions"}],"predecessor-version":[{"id":1206,"href":"https:\/\/turnaround.cz\/en\/wp-json\/wp\/v2\/pages\/1071\/revisions\/1206"}],"wp:attachment":[{"href":"https:\/\/turnaround.cz\/en\/wp-json\/wp\/v2\/media?parent=1071"}],"curies":[{"name":"wp","href":"https:\/\/api.w.org\/{rel}","templated":true}]}}