{"id":1101,"date":"2025-09-23T12:34:33","date_gmt":"2025-09-23T10:34:33","guid":{"rendered":"https:\/\/turnaround.cz\/?page_id=1101"},"modified":"2025-09-23T22:58:13","modified_gmt":"2025-09-23T20:58:13","slug":"kontakt","status":"publish","type":"page","link":"https:\/\/turnaround.cz\/en\/kontakt\/","title":{"rendered":"Kontakt"},"content":{"rendered":"\n<h2 class=\"wp-block-heading\"><strong>Petr Smutn\u00fd<\/strong><\/h2>\n\n\n<div class=\"wp-block-image\">\n<figure class=\"alignright is-resized\"><img decoding=\"async\" src=\"https:\/\/turnaround.cz\/restrukturalizacni-forum-2019\/wp-content\/uploads\/sites\/8\/2016\/09\/Petr_Smutny.jpg\" alt=\" Petr Smutn\u00fd \" style=\"aspect-ratio:0.7675675675675676;width:181px;height:auto\"\/><\/figure><\/div>\n\n\n<p><strong>P\u0159edseda<\/strong><br><strong>Tel.:<\/strong>&nbsp;+420 251 151 215<br><strong>Email:<\/strong>&nbsp;<a href=\"mailto:petr.smutny@cz.pwc.com\">petr.smutny@cz.pwc.com<\/a><\/p>\n\n\n\n<p>Petr vede jako partner PwC odd\u011blen\u00ed restrukturalizac\u00ed (BRS) v regionu st\u0159edn\u00ed a v\u00fdchodn\u00ed Evropy a m\u00e1 v t\u00e9to oblasti v\u00edce ne\u017e 20 let zku\u0161enost\u00ed. Zam\u011b\u0159uje se p\u0159edev\u0161\u00edm na poskytov\u00e1n\u00ed poradenstv\u00ed ohro\u017een\u00fdm spole\u010dnostem nebo spole\u010dnostem \u010del\u00edc\u00edch insolvenci. Petr m\u00e1 dlouhodob\u00e9 zku\u0161enosti s projekty posouzen\u00ed v\u00fdkonnosti spole\u010dnosti, finan\u010dn\u00ed anal\u00fdzy a restrukturalizace. V minulosti vedl po\u010detn\u00e9 restrukturaliza\u010dn\u00ed projekty v \u010cesk\u00e9 a Slovensk\u00e9 republice, Polsku, Chorvatsku a Slovinsku. V \u010cesk\u00e9 republice byl ve veden\u00ed nejv\u00fdznamn\u011bj\u0161\u00edch restrukturaliza\u010dn\u00edch projekt\u016f jako Nov\u00e1 Hu\u0165\/ Mittal Steel Ostrava, Kord\u00e1rna, Jablonex Group, Tatra, tak\u00e9 dvou chorvatsk\u00fdch \u017eelez\u00e1rensk\u00fdch spole\u010dnost\u00ed a mnoha dal\u0161\u00edch.<\/p>\n\n\n\n<br>\n\n\n\n<h2 class=\"wp-block-heading\"><strong>Tom\u00e1\u0161 Richter<\/strong><\/h2>\n\n\n<div class=\"wp-block-image\">\n<figure class=\"alignright is-resized\"><img loading=\"lazy\" decoding=\"async\" width=\"800\" height=\"800\" data-attachment-id=\"681\" data-permalink=\"https:\/\/turnaround.cz\/en\/tr-s-kravatou-2\/\" data-orig-file=\"https:\/\/turnaround.cz\/wp-content\/uploads\/2023\/03\/TR-s-kravatou-edited.jpg\" data-orig-size=\"800,800\" data-comments-opened=\"0\" data-image-meta=\"{&quot;aperture&quot;:&quot;8&quot;,&quot;credit&quot;:&quot;&quot;,&quot;camera&quot;:&quot;Canon EOS 5DS R&quot;,&quot;caption&quot;:&quot;&quot;,&quot;created_timestamp&quot;:&quot;1634466979&quot;,&quot;copyright&quot;:&quot;&quot;,&quot;focal_length&quot;:&quot;78&quot;,&quot;iso&quot;:&quot;400&quot;,&quot;shutter_speed&quot;:&quot;0.008&quot;,&quot;title&quot;:&quot;&quot;,&quot;orientation&quot;:&quot;1&quot;}\" data-image-title=\"TR s kravatou\" data-image-description=\"\" data-image-caption=\"\" data-medium-file=\"https:\/\/turnaround.cz\/wp-content\/uploads\/2023\/03\/TR-s-kravatou-edited-300x300.jpg\" data-large-file=\"https:\/\/turnaround.cz\/wp-content\/uploads\/2023\/03\/TR-s-kravatou-edited.jpg\" src=\"https:\/\/turnaround.cz\/wp-content\/uploads\/2023\/03\/TR-s-kravatou-edited.jpg\" alt=\"\" class=\"wp-image-681\" style=\"width:173px;height:auto\" srcset=\"https:\/\/turnaround.cz\/wp-content\/uploads\/2023\/03\/TR-s-kravatou-edited.jpg 800w, https:\/\/turnaround.cz\/wp-content\/uploads\/2023\/03\/TR-s-kravatou-edited-300x300.jpg 300w, https:\/\/turnaround.cz\/wp-content\/uploads\/2023\/03\/TR-s-kravatou-edited-150x150.jpg 150w, https:\/\/turnaround.cz\/wp-content\/uploads\/2023\/03\/TR-s-kravatou-edited-768x768.jpg 768w, https:\/\/turnaround.cz\/wp-content\/uploads\/2023\/03\/TR-s-kravatou-edited-125x125.jpg 125w\" sizes=\"auto, (max-width: 800px) 100vw, 800px\" \/><\/figure><\/div>\n\n\n<p><strong>M\u00edstop\u0159edseda<\/strong><br><strong>Tel.:<\/strong>&nbsp;+420 226 227 611<br><strong>Email:<\/strong>&nbsp;<a href=\"mailto:tomas.richter@jsk.cz\">tomas.richter@jsk.cz<\/a><\/p>\n\n\n\n<p>Tom\u00e1\u0161 Richter je advok\u00e1t v J\u0160K, advok\u00e1tn\u00ed kancel\u00e1\u0159, s.r.o. v Praze a extern\u00ed vyu\u010duj\u00edc\u00ed na Institutu ekonomick\u00fdch studi\u00ed Fakulty soci\u00e1ln\u00edch v\u011bd Univerzity Karlovy v Praze.&nbsp; Je docentem obchodn\u00edho pr\u00e1va, v letech 2011 a\u017e 2014 byl profesorem na nizozemsk\u00e9 Radboud University Nijmegen, kde byl dr\u017eitelem Chair in Cross-Border Corporate Insolvency Law. Je zakl\u00e1daj\u00edc\u00edm \u010dlenem \u010desk\u00e9 pobo\u010dky Turnaround Management Association. Od roku 2015 je \u010dlenem International Insolvency Institute, kde byl v roce 2019 zvolen \u010dlenem p\u0159edstavenstva. Je tak\u00e9 p\u0159edsedou Akademick\u00e9ho f\u00f3ra INSOL Europe a \u010dlenem v\u011bdeck\u00e9 rady Centra restrukturalizace a insolvence Harryho Pollaka na V\u0160E v Praze. Od roku 2004 je rozhodcem.<\/p>\n\n\n\n<br>\n\n\n\n<h2 class=\"wp-block-heading\"><strong>Kamila \u0160ubrtov\u00e1<\/strong><\/h2>\n\n\n<div class=\"wp-block-image\">\n<figure class=\"alignright is-resized\"><img decoding=\"async\" data-attachment-id=\"689\" data-permalink=\"https:\/\/turnaround.cz\/en\/kontakty\/kamila-subrtova\/\" data-orig-file=\"https:\/\/turnaround.cz\/wp-content\/uploads\/2023\/03\/Kamila-Subrtova-e1678482979475.jpg\" data-orig-size=\"1248,1194\" data-comments-opened=\"0\" data-image-meta=\"{&quot;aperture&quot;:&quot;13&quot;,&quot;credit&quot;:&quot;Pavlik\\\/Simerova&quot;,&quot;camera&quot;:&quot;Canon EOS 5D Mark III&quot;,&quot;caption&quot;:&quot;&quot;,&quot;created_timestamp&quot;:&quot;1504620914&quot;,&quot;copyright&quot;:&quot;www.fotoskoda.cz&quot;,&quot;focal_length&quot;:&quot;85&quot;,&quot;iso&quot;:&quot;100&quot;,&quot;shutter_speed&quot;:&quot;0.00625&quot;,&quot;title&quot;:&quot;&quot;,&quot;orientation&quot;:&quot;1&quot;}\" data-image-title=\"Kamila-Subrtova\" data-image-description=\"\" data-image-caption=\"\" data-medium-file=\"https:\/\/turnaround.cz\/wp-content\/uploads\/2023\/03\/Kamila-Subrtova-e1678482979475-300x287.jpg\" data-large-file=\"https:\/\/turnaround.cz\/wp-content\/uploads\/2023\/03\/Kamila-Subrtova-e1678482979475-1024x980.jpg\" src=\"https:\/\/turnaround.cz\/wp-content\/uploads\/2023\/03\/Kamila-Subrtova-1024x682.jpg\" alt=\"\" class=\"wp-image-689\" style=\"aspect-ratio:1.5084745762711864;width:222px;height:auto\"\/><\/figure><\/div>\n\n\n<p><strong>Tajemnice<\/strong><br><strong>Tel.:<\/strong>\u00a0+420\u00a0602 646 508<br><strong>Email:\u00a0<\/strong><a href=\"mailto:info@turnaround.cz\">info@turnaround.cz<\/a><\/p>\n\n\n\n<p>Kamila \u0160ubrtov\u00e1 pracuje ve spole\u010dnosti CORPIN, a.s.<\/p>\n\n\n\n<br>\n\n\n\n<h2 class=\"wp-block-heading\"><strong>Helena Kuchynkov\u00e1<\/strong><\/h2>\n\n\n<div class=\"wp-block-image\">\n<figure class=\"alignright size-large is-resized\"><img loading=\"lazy\" decoding=\"async\" width=\"1016\" height=\"1024\" data-attachment-id=\"1119\" data-permalink=\"https:\/\/turnaround.cz\/en\/kontakt\/kuchynkova-helena_\/\" data-orig-file=\"https:\/\/turnaround.cz\/wp-content\/uploads\/2025\/09\/kuchynkova-helena_.jpg\" data-orig-size=\"1713,1727\" data-comments-opened=\"0\" data-image-meta=\"{&quot;aperture&quot;:&quot;0&quot;,&quot;credit&quot;:&quot;&quot;,&quot;camera&quot;:&quot;&quot;,&quot;caption&quot;:&quot;&quot;,&quot;created_timestamp&quot;:&quot;1655828115&quot;,&quot;copyright&quot;:&quot;&quot;,&quot;focal_length&quot;:&quot;0&quot;,&quot;iso&quot;:&quot;0&quot;,&quot;shutter_speed&quot;:&quot;0&quot;,&quot;title&quot;:&quot;&quot;,&quot;orientation&quot;:&quot;1&quot;}\" data-image-title=\"kuchynkova helena_\" data-image-description=\"\" data-image-caption=\"\" data-medium-file=\"https:\/\/turnaround.cz\/wp-content\/uploads\/2025\/09\/kuchynkova-helena_-298x300.jpg\" data-large-file=\"https:\/\/turnaround.cz\/wp-content\/uploads\/2025\/09\/kuchynkova-helena_-1016x1024.jpg\" src=\"https:\/\/turnaround.cz\/wp-content\/uploads\/2025\/09\/kuchynkova-helena_-1016x1024.jpg\" alt=\"\" class=\"wp-image-1119\" style=\"aspect-ratio:1.5084745762711864;object-fit:contain;width:210px;height:auto\" srcset=\"https:\/\/turnaround.cz\/wp-content\/uploads\/2025\/09\/kuchynkova-helena_-1016x1024.jpg 1016w, https:\/\/turnaround.cz\/wp-content\/uploads\/2025\/09\/kuchynkova-helena_-298x300.jpg 298w, https:\/\/turnaround.cz\/wp-content\/uploads\/2025\/09\/kuchynkova-helena_-150x150.jpg 150w, https:\/\/turnaround.cz\/wp-content\/uploads\/2025\/09\/kuchynkova-helena_-768x774.jpg 768w, https:\/\/turnaround.cz\/wp-content\/uploads\/2025\/09\/kuchynkova-helena_-1524x1536.jpg 1524w, https:\/\/turnaround.cz\/wp-content\/uploads\/2025\/09\/kuchynkova-helena_-125x125.jpg 125w, https:\/\/turnaround.cz\/wp-content\/uploads\/2025\/09\/kuchynkova-helena_.jpg 1713w\" sizes=\"auto, (max-width: 1016px) 100vw, 1016px\" \/><\/figure><\/div>\n\n\n<p><strong>Tel.:<\/strong>\u00a0+420 734 353 865<br><strong>Email:\u00a0<\/strong><a href=\"mailto:helena.kuchynkova@pwc.com\" target=\"_blank\" rel=\"noreferrer noopener\">helena.kuchynkova@pwc.com<\/a>           <\/p>\n\n\n\n<br><br><br><br>\n\n\n\n<h2 class=\"wp-block-heading\"><strong>Turnaround Management Association \u010cesk\u00e1 republika, z.s.<\/strong><\/h2>\n\n\n\n<p>Hv\u011bzdova 1734\/2c<br>Praha 4 140 00<br>\u010cesk\u00e1 republika<br>Registrov\u00e1no u Ministerstva vnitra \u010cR<br>I\u010cO: 22689575<br><a href=\"mailto:info@turnaround.cz\">info[at]turnaround.cz<\/a><\/p>\n","protected":false},"excerpt":{"rendered":"<p>Petr Smutn\u00fd P\u0159edsedaTel.:&nbsp;+420 251 151 215Email:&nbsp;petr.smutny@cz.pwc.com Petr vede jako partner PwC odd\u011blen\u00ed restrukturalizac\u00ed (BRS) v regionu st\u0159edn\u00ed a v\u00fdchodn\u00ed Evropy a m\u00e1 v t\u00e9to oblasti v\u00edce ne\u017e 20 let zku\u0161enost\u00ed. Zam\u011b\u0159uje se p\u0159edev\u0161\u00edm na poskytov\u00e1n\u00ed poradenstv\u00ed ohro\u017een\u00fdm spole\u010dnostem nebo spole\u010dnostem \u010del\u00edc\u00edch insolvenci. Petr m\u00e1 dlouhodob\u00e9 zku\u0161enosti s projekty posouzen\u00ed v\u00fdkonnosti spole\u010dnosti, finan\u010dn\u00ed anal\u00fdzy a restrukturalizace&#8230;.  <a class=\"excerpt-read-more\" href=\"https:\/\/turnaround.cz\/en\/kontakt\/\" title=\"v\u00edce Kontakt\">v\u00edce<\/a><\/p>\n","protected":false},"author":3,"featured_media":0,"parent":0,"menu_order":0,"comment_status":"closed","ping_status":"closed","template":"","meta":{"ngg_post_thumbnail":0,"jetpack_post_was_ever_published":false,"footnotes":""},"class_list":["post-1101","page","type-page","status-publish","hentry"],"acf":[],"jetpack_sharing_enabled":true,"jetpack_shortlink":"https:\/\/wp.me\/P6Wlcm-hL","_links":{"self":[{"href":"https:\/\/turnaround.cz\/en\/wp-json\/wp\/v2\/pages\/1101","targetHints":{"allow":["GET"]}}],"collection":[{"href":"https:\/\/turnaround.cz\/en\/wp-json\/wp\/v2\/pages"}],"about":[{"href":"https:\/\/turnaround.cz\/en\/wp-json\/wp\/v2\/types\/page"}],"author":[{"embeddable":true,"href":"https:\/\/turnaround.cz\/en\/wp-json\/wp\/v2\/users\/3"}],"replies":[{"embeddable":true,"href":"https:\/\/turnaround.cz\/en\/wp-json\/wp\/v2\/comments?post=1101"}],"version-history":[{"count":22,"href":"https:\/\/turnaround.cz\/en\/wp-json\/wp\/v2\/pages\/1101\/revisions"}],"predecessor-version":[{"id":1139,"href":"https:\/\/turnaround.cz\/en\/wp-json\/wp\/v2\/pages\/1101\/revisions\/1139"}],"wp:attachment":[{"href":"https:\/\/turnaround.cz\/en\/wp-json\/wp\/v2\/media?parent=1101"}],"curies":[{"name":"wp","href":"https:\/\/api.w.org\/{rel}","templated":true}]}}