{"id":13,"date":"2015-08-04T00:32:02","date_gmt":"2015-08-03T22:32:02","guid":{"rendered":"https:\/\/turnaround.cz\/?page_id=13"},"modified":"2025-09-25T17:54:38","modified_gmt":"2025-09-25T15:54:38","slug":"spravni-rada","status":"publish","type":"page","link":"https:\/\/turnaround.cz\/en\/spravni-rada\/","title":{"rendered":"Spr\u00e1vn\u00ed rada"},"content":{"rendered":"<p>Spr\u00e1vn\u00ed rada \u0159\u00edd\u00ed \u010dinnost Sdru\u017een\u00ed a sch\u00e1z\u00ed se nejm\u00e9n\u011b dvakr\u00e1t v roce.<\/p>\n<p>Jej\u00edmi \u010dleny jsou:<\/p>\n<ul class=\"txt\">\n<li><a href=\"https:\/\/turnaround.cz\/blog\/2021\/08\/petr-smutny\/\">Petr Smutn\u00fd<\/a><\/li>\n<li><a href=\"https:\/\/turnaround.cz\/blog\/2021\/08\/tomas-richter\/\">Tom\u00e1\u0161 Richter<\/a><\/li>\n<li><a href=\"https:\/\/turnaround.cz\/blog\/2021\/09\/jan-hrazdira\/\">Jan Hrazdira<\/a><\/li>\n<li><a href=\"https:\/\/turnaround.cz\/blog\/2021\/09\/martin-fronek\/\">Martin Fron\u011bk<\/a><\/li>\n<li><a href=\"https:\/\/turnaround.cz\/blog\/2021\/08\/jaroslav-schonfeld\/\">Jaroslav Sch\u00f6nfeld<\/a><\/li>\n<li><a href=\"https:\/\/turnaround.cz\/blog\/2021\/08\/miroslav-singer\/\">Miroslav Singer<\/a><\/li>\n<li><a href=\"https:\/\/turnaround.cz\/blog\/2021\/08\/frantisek-steiner\/\">Franti\u0161ek Steiner<\/a><\/li>\n<\/ul>\n<p><\/p>","protected":false},"excerpt":{"rendered":"<p>Spr\u00e1vn\u00ed rada \u0159\u00edd\u00ed \u010dinnost Sdru\u017een\u00ed a sch\u00e1z\u00ed se nejm\u00e9n\u011b dvakr\u00e1t v roce. Jej\u00edmi \u010dleny jsou: Petr Smutn\u00fd Tom\u00e1\u0161 Richter Jan Hrazdira Martin Fron\u011bk Jaroslav Sch\u00f6nfeld Miroslav Singer Franti\u0161ek Steiner<\/p>\n","protected":false},"author":1,"featured_media":0,"parent":0,"menu_order":0,"comment_status":"closed","ping_status":"closed","template":"","meta":{"ngg_post_thumbnail":0,"jetpack_post_was_ever_published":false,"footnotes":""},"class_list":["post-13","page","type-page","status-publish","hentry"],"acf":[],"jetpack_sharing_enabled":true,"jetpack_shortlink":"https:\/\/wp.me\/P6Wlcm-d","_links":{"self":[{"href":"https:\/\/turnaround.cz\/en\/wp-json\/wp\/v2\/pages\/13","targetHints":{"allow":["GET"]}}],"collection":[{"href":"https:\/\/turnaround.cz\/en\/wp-json\/wp\/v2\/pages"}],"about":[{"href":"https:\/\/turnaround.cz\/en\/wp-json\/wp\/v2\/types\/page"}],"author":[{"embeddable":true,"href":"https:\/\/turnaround.cz\/en\/wp-json\/wp\/v2\/users\/1"}],"replies":[{"embeddable":true,"href":"https:\/\/turnaround.cz\/en\/wp-json\/wp\/v2\/comments?post=13"}],"version-history":[{"count":14,"href":"https:\/\/turnaround.cz\/en\/wp-json\/wp\/v2\/pages\/13\/revisions"}],"predecessor-version":[{"id":1151,"href":"https:\/\/turnaround.cz\/en\/wp-json\/wp\/v2\/pages\/13\/revisions\/1151"}],"wp:attachment":[{"href":"https:\/\/turnaround.cz\/en\/wp-json\/wp\/v2\/media?parent=13"}],"curies":[{"name":"wp","href":"https:\/\/api.w.org\/{rel}","templated":true}]}}