{"id":15,"date":"2015-08-04T00:32:49","date_gmt":"2015-08-03T23:32:49","guid":{"rendered":"https:\/\/turnaround.cz\/?page_id=15"},"modified":"2025-09-23T12:32:25","modified_gmt":"2025-09-23T10:32:25","slug":"kontakty","status":"publish","type":"page","link":"https:\/\/turnaround.cz\/en\/kontakty\/","title":{"rendered":"Kontakty"},"content":{"rendered":"<p><\/p>\n<p>\u00a0<\/p>\n<h2>Petr Smutn\u00fd<\/h2>\n<p><img decoding=\"async\" style=\"float: right;\" src=\"https:\/\/turnaround.cz\/img\/Petr_Smutny.jpg\" alt=\" Petr Smutn\u00fd \" \/><br \/><strong>P\u0159edseda<\/strong><br \/><strong>Tel.:<\/strong> +420 251 151 215<br \/><strong>Email:<\/strong> <a href=\"mailto:petr.smutny@cz.pwc.com\">petr.smutny@cz.pwc.com<\/a><\/p>\n<p>Petr vede jako partner PwC odd\u011blen\u00ed restrukturalizac\u00ed (BRS) v regionu st\u0159edn\u00ed a v\u00fdchodn\u00ed Evropy a m\u00e1 v t\u00e9to oblasti v\u00edce ne\u017e 20 let zku\u0161enost\u00ed. Zam\u011b\u0159uje se p\u0159edev\u0161\u00edm na poskytov\u00e1n\u00ed poradenstv\u00ed ohro\u017een\u00fdm spole\u010dnostem nebo spole\u010dnostem \u010del\u00edc\u00edch insolvenci. Petr m\u00e1 dlouhodob\u00e9 zku\u0161enosti s projekty posouzen\u00ed v\u00fdkonnosti spole\u010dnosti, finan\u010dn\u00ed anal\u00fdzy a restrukturalizace. V minulosti vedl po\u010detn\u00e9 restrukturaliza\u010dn\u00ed projekty v \u010cesk\u00e9 a Slovensk\u00e9 republice, Polsku, Chorvatsku a Slovinsku. V \u010cesk\u00e9 republice byl ve veden\u00ed nejv\u00fdznamn\u011bj\u0161\u00edch restrukturaliza\u010dn\u00edch projekt\u016f jako Nov\u00e1 Hu\u0165\/ Mittal Steel Ostrava, Kord\u00e1rna, Jablonex Group, Tatra, tak\u00e9 dvou chorvatsk\u00fdch \u017eelez\u00e1rensk\u00fdch spole\u010dnost\u00ed a mnoha dal\u0161\u00edch.<\/p>\n<h2>David Plch<\/h2>\n<p><img decoding=\"async\" style=\"float: right;\" src=\"https:\/\/turnaround.cz\/img\/David_Plch.jpg\" alt=\" David Plch \" \/><br \/><strong>M\u00edstop\u0159edseda<\/strong><br \/><strong>Tel.:<\/strong> +420 255 771 298<br \/><strong>Email:<\/strong> <a href=\"mailto:dplch@whitecase.com\">dplch@whitecase.com<\/a><\/p>\n<p>David Plch v sou\u010dasn\u00e9 dob\u011b p\u016fsob\u00ed v advok\u00e1tn\u00ed kancel\u00e1\u0159i White &amp; Case (Europe) LLP na pozici partnera, kde vede praxi finan\u010dn\u00edch restrukturalizac\u00ed a insolvenc\u00ed pro region st\u0159edn\u00ed a v\u00fdchodn\u00ed Evropy, a praxi bankovnictv\u00ed a financov\u00e1n\u00ed v \u010cesk\u00e9 republice. V r\u00e1mci sv\u00e9 15 let\u00e9 pr\u00e1vn\u00ed kari\u00e9ry vedl t\u00fdmy specialist\u016f u des\u00edtek projekt\u016f komplexn\u00edch financov\u00e1n\u00ed, finan\u010dn\u00edch restrukturalizac\u00ed a insolven\u010dn\u00edch \u0159\u00edzen\u00ed, v\u010detn\u011b mimosoudn\u00edch finan\u010dn\u00edch restrukturalizac\u00ed a form\u00e1ln\u00edch soudn\u00edch reorganizac\u00ed realizovan\u00fdch jak v \u010cesk\u00e9 republice, tak i v Evrop\u011b a Spojen\u00fdch st\u00e1tech americk\u00fdch.<\/p>\n<h2>Ludmila Barborkov\u00e1<\/h2>\n<p><img decoding=\"async\" style=\"float: right;\" src=\"https:\/\/turnaround.cz\/img\/Ludmila_Barborkova.jpg\" alt=\" Ludmila Barborkov\u00e1 \" width=\"120\" \/><br \/><strong>Tajemnice<\/strong><br \/><strong>Tel.:<\/strong> +420 251 151 401<br \/><strong>Email:<\/strong> <a href=\"mailto:ludmila.barborkova@cz.pwc.com\">ludmila.barborkova@cz.pwc.com<\/a><\/p>\n<p>Ludmila Barborkov\u00e1 se k oblasti restrukturalizac\u00ed a insolvenc\u00ed dostala d\u00edky PwC, kde ji\u017e dva roky pracuje v t\u00fdmu Petra Smutn\u00e9ho v odd\u011blen\u00ed BRS (Business Restructuring Services).<\/p>\n<p>\u00a0<\/p>\n<p>Turnaround Management Association \u010cesk\u00e1 republika, o.s.<\/p>\n<h2>\u00a0<\/h2>\n<h2>Turnaround Management Association \u010cesk\u00e1 republika, o.s.<\/h2>\n<h2>Turnaround Management Association \u010cesk\u00e1 republika, o.s.<\/h2>\n<p>Hv\u011bzdova 1734\/2c<br \/>Praha 4 140 00<br \/>\u010cesk\u00e1 republika \u010cR<br \/>Registrov\u00e1no u Ministerstva vnitra \u010cR<br \/>I\u010cO: 22689575<br \/><a href=\"mailto:info@turnaround.cz\">info@turnaround.cz<\/a><\/p>","protected":false},"excerpt":{"rendered":"<p>\u00a0 Petr Smutn\u00fd P\u0159edsedaTel.: +420 251 151 215Email: petr.smutny@cz.pwc.com Petr vede jako partner PwC odd\u011blen\u00ed restrukturalizac\u00ed (BRS) v regionu st\u0159edn\u00ed a v\u00fdchodn\u00ed Evropy a m\u00e1 v t\u00e9to oblasti v\u00edce ne\u017e 20 let zku\u0161enost\u00ed. Zam\u011b\u0159uje se p\u0159edev\u0161\u00edm na poskytov\u00e1n\u00ed poradenstv\u00ed ohro\u017een\u00fdm spole\u010dnostem nebo spole\u010dnostem \u010del\u00edc\u00edch insolvenci. Petr m\u00e1 dlouhodob\u00e9 zku\u0161enosti s projekty posouzen\u00ed v\u00fdkonnosti spole\u010dnosti, finan\u010dn\u00ed&#8230;  <a class=\"excerpt-read-more\" href=\"https:\/\/turnaround.cz\/en\/kontakty\/\" title=\"v\u00edce Kontakty\">v\u00edce<\/a><\/p>\n","protected":false},"author":1,"featured_media":0,"parent":0,"menu_order":0,"comment_status":"closed","ping_status":"closed","template":"","meta":{"ngg_post_thumbnail":0,"jetpack_post_was_ever_published":false,"footnotes":""},"class_list":["post-15","page","type-page","status-publish","hentry"],"acf":[],"jetpack_sharing_enabled":true,"jetpack_shortlink":"https:\/\/wp.me\/P6Wlcm-f","_links":{"self":[{"href":"https:\/\/turnaround.cz\/en\/wp-json\/wp\/v2\/pages\/15","targetHints":{"allow":["GET"]}}],"collection":[{"href":"https:\/\/turnaround.cz\/en\/wp-json\/wp\/v2\/pages"}],"about":[{"href":"https:\/\/turnaround.cz\/en\/wp-json\/wp\/v2\/types\/page"}],"author":[{"embeddable":true,"href":"https:\/\/turnaround.cz\/en\/wp-json\/wp\/v2\/users\/1"}],"replies":[{"embeddable":true,"href":"https:\/\/turnaround.cz\/en\/wp-json\/wp\/v2\/comments?post=15"}],"version-history":[{"count":44,"href":"https:\/\/turnaround.cz\/en\/wp-json\/wp\/v2\/pages\/15\/revisions"}],"predecessor-version":[{"id":1100,"href":"https:\/\/turnaround.cz\/en\/wp-json\/wp\/v2\/pages\/15\/revisions\/1100"}],"wp:attachment":[{"href":"https:\/\/turnaround.cz\/en\/wp-json\/wp\/v2\/media?parent=15"}],"curies":[{"name":"wp","href":"https:\/\/api.w.org\/{rel}","templated":true}]}}