{"id":191,"date":"2018-04-09T07:22:43","date_gmt":"2018-04-09T05:22:43","guid":{"rendered":"https:\/\/turnaround.cz\/?page_id=191"},"modified":"2020-04-01T09:24:59","modified_gmt":"2020-04-01T07:24:59","slug":"soutez-o-nejlepsi-studentskou-praci-na-tema-turnaround-management-2018","status":"publish","type":"page","link":"https:\/\/turnaround.cz\/en\/soutez-o-nejlepsi-studentskou-praci-na-tema-turnaround-management-2018\/","title":{"rendered":"Sout\u011b\u017e o nejlep\u0161\u00ed studentskou pr\u00e1ci na t\u00e9ma turnaround management 2018"},"content":{"rendered":"<p class=\"qtranxs-available-languages-message qtranxs-available-languages-message-en\">Sorry, this entry is only available in <a href=\"https:\/\/turnaround.cz\/cs\/wp-json\/wp\/v2\/pages\/191\" class=\"qtranxs-available-language-link qtranxs-available-language-link-cs\" title=\"Cesky\">Cesky<\/a>.<\/p>","protected":false},"excerpt":{"rendered":"<p>Sorry, this entry is only available in Cesky.<\/p>\n","protected":false},"author":1,"featured_media":0,"parent":0,"menu_order":0,"comment_status":"closed","ping_status":"closed","template":"","meta":{"ngg_post_thumbnail":0,"jetpack_post_was_ever_published":false,"footnotes":""},"class_list":["post-191","page","type-page","status-publish","hentry"],"acf":[],"jetpack_sharing_enabled":true,"jetpack_shortlink":"https:\/\/wp.me\/P6Wlcm-35","_links":{"self":[{"href":"https:\/\/turnaround.cz\/en\/wp-json\/wp\/v2\/pages\/191","targetHints":{"allow":["GET"]}}],"collection":[{"href":"https:\/\/turnaround.cz\/en\/wp-json\/wp\/v2\/pages"}],"about":[{"href":"https:\/\/turnaround.cz\/en\/wp-json\/wp\/v2\/types\/page"}],"author":[{"embeddable":true,"href":"https:\/\/turnaround.cz\/en\/wp-json\/wp\/v2\/users\/1"}],"replies":[{"embeddable":true,"href":"https:\/\/turnaround.cz\/en\/wp-json\/wp\/v2\/comments?post=191"}],"version-history":[{"count":0,"href":"https:\/\/turnaround.cz\/en\/wp-json\/wp\/v2\/pages\/191\/revisions"}],"wp:attachment":[{"href":"https:\/\/turnaround.cz\/en\/wp-json\/wp\/v2\/media?parent=191"}],"curies":[{"name":"wp","href":"https:\/\/api.w.org\/{rel}","templated":true}]}}