{"id":261,"date":"2020-04-01T09:10:17","date_gmt":"2020-04-01T07:10:17","guid":{"rendered":"https:\/\/turnaround.cz\/?page_id=261"},"modified":"2022-06-20T11:17:29","modified_gmt":"2022-06-20T09:17:29","slug":"soutez-o-nejlepsi-studentskou-praci-na-tema-turnaround-management-2020","status":"publish","type":"page","link":"https:\/\/turnaround.cz\/en\/soutez-o-nejlepsi-studentskou-praci-na-tema-turnaround-management-2020\/","title":{"rendered":"Sout\u011b\u017e o nejlep\u0161\u00ed studentskou pr\u00e1ci na t\u00e9ma turnaround management 2020"},"content":{"rendered":"<h2>Organiz\u00e1tor sout\u011b\u017ee<\/h2>\n<p>Turnaround Management Association \u010cR ve spolupr\u00e1ci s Katedrou strategie V\u0160E v\u00a0Praze.<\/p>\n<p>Diplomov\u00e1 nebo semin\u00e1rn\u00ed pr\u00e1ce mus\u00ed po str\u00e1nce odborn\u00e9ho zam\u011b\u0159en\u00ed odpov\u00eddat t\u00e9matu spojen\u00e9ho s oblast\u00ed Turnaround managementu. Podm\u00ednkou \u00fa\u010dasti v sout\u011b\u017ei je tak\u00e9 vypln\u011bn\u00ed stru\u010dn\u00e9 anotace pr\u00e1ce, kter\u00e1 bude potvrzena vedouc\u00edm diplomov\u00e9 pr\u00e1ce nebo vyu\u010duj\u00edc\u00edm, kter\u00fd semin\u00e1rn\u00ed pr\u00e1ci vedl a hodnotil.<\/p>\n<h2>Abstrakt pr\u00e1ce<\/h2>\n<p>Ka\u017ed\u00fd \u00fa\u010dastn\u00edk sout\u011b\u017ee mus\u00ed vyplnit p\u0159ihl\u00e1\u0161ku, kter\u00e1 bude slou\u017eit p\u0159i zased\u00e1n\u00ed Komise Turnaround Management Association \u010cR (TMA) jako podklad pro posouzen\u00ed pr\u00e1ce. Formul\u00e1\u0159 p\u0159ihl\u00e1\u0161ky je k\u00a0dispozici\u00a0<a href=\"https:\/\/turnaround.cz\/wp-content\/uploads\/2020\/04\/P\u0159ihl\u00e1\u0161ka-SOUT\u011a\u017d-TMA-2020.docx\">zde<\/a><\/p>\n<h2>Diplomov\u00e1 nebo semin\u00e1rn\u00ed pr\u00e1ce mus\u00ed spl\u0148ovat n\u00e1sleduj\u00edc\u00ed krit\u00e9ria<\/h2>\n<ul>\n<li>T\u00e9ma souvis\u00ed s oblast\u00ed Turnaround managementu<\/li>\n<li>Originalita, kvalita a \u00farove\u0148 zpracov\u00e1n\u00ed.<\/li>\n<\/ul>\n<p>P\u0159ijat\u00e9 semin\u00e1rn\u00ed nebo diplomov\u00e9 pr\u00e1ce budou vyhodnoceny komis\u00ed slo\u017eenou z \u010dlenu TMA v r\u00e1mci mimo\u0159\u00e1dn\u00e9ho zased\u00e1n\u00ed TMA a v\u00fdsledky budou vyhl\u00e1\u0161eny v pr\u016fb\u011bhu kon\u00e1n\u00ed v\u00fdro\u010dn\u00ed konference TMA \u010cesk\u00e1 republika, kter\u00e1 se bude konat 3.11.2020 v Praze v\u00a0prostor\u00e1ch \u010cNB. V\u00edt\u011bz sout\u011b\u017ee bude m\u00edt mo\u017enost prezentovat svou pr\u00e1ci na zm\u00edn\u011bn\u00e9 konferenci v\u00a0rozsahu cca 15 minut.<\/p>\n<p>Diplomov\u00e9 nebo semin\u00e1rn\u00ed pr\u00e1ce je nutn\u00e9 zaslat v elektronick\u00e9 podob\u011b v jednom vyhotoven\u00ed spolu s abstraktem na adresu <a href=\"mailto:Jaroslav.schonfeld@vse.cz\">Jaroslav.schonfeld@vse.cz<\/a>, <a href=\"mailto:ludmila.barborkova@cz.pwc.com\">ludmila.barborkova@cz.pwc.com<\/a> nejpozd\u011bji do 30.9. 2020 (term\u00edn doru\u010den\u00ed) s ozna\u010den\u00edm Diplomov\u00e1 nebo semin\u00e1rn\u00ed pr\u00e1ce.<\/p>\n<h2>Ceny TMA<\/h2>\n<p>\u00da\u010dast na v\u00fdro\u010dn\u00ed konferenci TMA EUROPE v\u00a0roce 2021, (\u010derven 2021), kter\u00e1 se bude konat v jednom z\u00a0evropsk\u00fdch m\u011bst.<\/p>\n<h2>Podm\u00ednky \u00fa\u010dasti v sout\u011b\u017ei<\/h2>\n<p>Diplomov\u00e1 nebo semin\u00e1rn\u00ed pr\u00e1ce mus\u00ed b\u00fdt odevzd\u00e1na a obh\u00e1jena v roce 2019 nebo 2020. Sout\u011b\u017e je otev\u0159en\u00e1 pro v\u0161echny vysok\u00e9 \u0161koly v\u00a0\u010cesk\u00e9 republice.<\/p>\n<h2>Kontakt<\/h2>\n<p><a href=\"mailto:Jaroslav.schonfeld@vse.cz\">Jaroslav.schonfeld@vse.cz<\/a><br \/>\n<a href=\"mailto:ludmila.barborkova@cz.pwc.com\">ludmila.barborkova@cz.pwc.com<\/a><\/p>\n<h2>V\u00fdsledky<\/h2>\n<p>Restrukturaliza\u010dn\u00ed f\u00f3rum 2020 zru\u0161eno z epidemiologick\u00fdch d\u016fvod\u016f<\/p>\n<h2>P\u0159edchoz\u00ed ro\u010dn\u00edky<\/h2>\n<p><a href=\"https:\/\/turnaround.cz\/soutez-o-nejlepsi-studentskou-praci-na-tema-turnaround-management-2019\/\">2. ro\u010dn\u00edk<\/a><br \/>\n<a href=\"https:\/\/turnaround.cz\/soutez-o-nejlepsi-studentskou-praci-na-tema-turnaround-management-2018\/\">1. ro\u010dn\u00edk<\/a><\/p>\n","protected":false},"excerpt":{"rendered":"<p>Organiz\u00e1tor sout\u011b\u017ee Turnaround Management Association \u010cR ve spolupr\u00e1ci s Katedrou strategie V\u0160E v\u00a0Praze. Diplomov\u00e1 nebo semin\u00e1rn\u00ed pr\u00e1ce mus\u00ed po str\u00e1nce odborn\u00e9ho zam\u011b\u0159en\u00ed odpov\u00eddat t\u00e9matu spojen\u00e9ho s oblast\u00ed Turnaround managementu. Podm\u00ednkou \u00fa\u010dasti v sout\u011b\u017ei je tak\u00e9 vypln\u011bn\u00ed stru\u010dn\u00e9 anotace pr\u00e1ce, kter\u00e1 bude potvrzena vedouc\u00edm diplomov\u00e9 pr\u00e1ce nebo vyu\u010duj\u00edc\u00edm, kter\u00fd semin\u00e1rn\u00ed pr\u00e1ci vedl a hodnotil. Abstrakt pr\u00e1ce&#8230;  <a class=\"excerpt-read-more\" href=\"https:\/\/turnaround.cz\/en\/soutez-o-nejlepsi-studentskou-praci-na-tema-turnaround-management-2020\/\" title=\"v\u00edce Sout\u011b\u017e o nejlep\u0161\u00ed studentskou pr\u00e1ci na t\u00e9ma turnaround management 2020\">v\u00edce<\/a><\/p>\n","protected":false},"author":1,"featured_media":0,"parent":0,"menu_order":0,"comment_status":"closed","ping_status":"closed","template":"","meta":{"ngg_post_thumbnail":0,"jetpack_post_was_ever_published":false,"footnotes":""},"class_list":["post-261","page","type-page","status-publish","hentry"],"acf":[],"jetpack_sharing_enabled":false,"jetpack_shortlink":"https:\/\/wp.me\/P6Wlcm-4d","_links":{"self":[{"href":"https:\/\/turnaround.cz\/en\/wp-json\/wp\/v2\/pages\/261","targetHints":{"allow":["GET"]}}],"collection":[{"href":"https:\/\/turnaround.cz\/en\/wp-json\/wp\/v2\/pages"}],"about":[{"href":"https:\/\/turnaround.cz\/en\/wp-json\/wp\/v2\/types\/page"}],"author":[{"embeddable":true,"href":"https:\/\/turnaround.cz\/en\/wp-json\/wp\/v2\/users\/1"}],"replies":[{"embeddable":true,"href":"https:\/\/turnaround.cz\/en\/wp-json\/wp\/v2\/comments?post=261"}],"version-history":[{"count":9,"href":"https:\/\/turnaround.cz\/en\/wp-json\/wp\/v2\/pages\/261\/revisions"}],"predecessor-version":[{"id":622,"href":"https:\/\/turnaround.cz\/en\/wp-json\/wp\/v2\/pages\/261\/revisions\/622"}],"wp:attachment":[{"href":"https:\/\/turnaround.cz\/en\/wp-json\/wp\/v2\/media?parent=261"}],"curies":[{"name":"wp","href":"https:\/\/api.w.org\/{rel}","templated":true}]}}