{"id":339,"date":"2021-08-30T19:45:48","date_gmt":"2021-08-30T17:45:48","guid":{"rendered":"https:\/\/turnaround.cz\/?page_id=339"},"modified":"2022-06-20T00:24:25","modified_gmt":"2022-06-19T22:24:25","slug":"soutez-o-nejlepsi-studentskou-praci-na-tema-turnaround-management-2021","status":"publish","type":"page","link":"https:\/\/turnaround.cz\/en\/soutez-o-nejlepsi-studentskou-praci-na-tema-turnaround-management-2021\/","title":{"rendered":"Sout\u011b\u017e o nejlep\u0161\u00ed studentskou pr\u00e1ci na t\u00e9ma turnaround management 2021"},"content":{"rendered":"<h2>Organiz\u00e1tor sout\u011b\u017ee<\/h2>\n<p>Turnaround Management Association \u010cR ve spolupr\u00e1ci s Katedrou strategie V\u0160E v Praze.<\/p>\n<p>Diplomov\u00e1 nebo semin\u00e1rn\u00ed pr\u00e1ce mus\u00ed po str\u00e1nce odborn\u00e9ho zam\u011b\u0159en\u00ed odpov\u00eddat t\u00e9matu spojen\u00e9ho s oblast\u00ed Turnaround managementu. Podm\u00ednkou \u00fa\u010dasti v sout\u011b\u017ei je tak\u00e9 vypln\u011bn\u00ed stru\u010dn\u00e9 anotace pr\u00e1ce, kter\u00e1 bude potvrzena vedouc\u00edm diplomov\u00e9 pr\u00e1ce nebo vyu\u010duj\u00edc\u00edm, kter\u00fd semin\u00e1rn\u00ed pr\u00e1ci vedl a hodnotil.<\/p>\n<h2>Abstrakt pr\u00e1ce<\/h2>\n<p>Ka\u017ed\u00fd \u00fa\u010dastn\u00edk sout\u011b\u017ee mus\u00ed vyplnit p\u0159ihl\u00e1\u0161ku, kter\u00e1 bude slou\u017eit p\u0159i zased\u00e1n\u00ed Komise Turnaround Management Association \u010cR (TMA) jako podklad pro posouzen\u00ed pr\u00e1ce. Formul\u00e1\u0159 p\u0159ihl\u00e1\u0161ky je k\u00a0dispozici\u00a0<a href=\"https:\/\/turnaround.cz\/wp-content\/uploads\/2020\/04\/P\u0159ihl\u00e1\u0161ka-SOUT\u011a\u017d-TMA-2020.docx\">zde<\/a><\/p>\n<h2>Diplomov\u00e1 nebo semin\u00e1rn\u00ed pr\u00e1ce mus\u00ed spl\u0148ovat n\u00e1sleduj\u00edc\u00ed krit\u00e9ria<\/h2>\n<ul>\n<li>T\u00e9ma souvis\u00ed s oblast\u00ed Turnaround managementu<\/li>\n<li>Originalita, kvalita a \u00farove\u0148 zpracov\u00e1n\u00ed.<\/li>\n<\/ul>\n<p>P\u0159ijat\u00e9 semin\u00e1rn\u00ed nebo diplomov\u00e9 pr\u00e1ce budou vyhodnoceny komis\u00ed slo\u017eenou z \u010dlenu TMA v r\u00e1mci mimo\u0159\u00e1dn\u00e9ho zased\u00e1n\u00ed TMA a v\u00fdsledky budou vyhl\u00e1\u0161eny v pr\u016fb\u011bhu kon\u00e1n\u00ed v\u00fdro\u010dn\u00ed konference TMA \u010cesk\u00e1 republika, kter\u00e1 se bude konat 2.11.2021 v Praze v prostor\u00e1ch \u010cNB. V\u00edt\u011bz sout\u011b\u017ee bude m\u00edt mo\u017enost prezentovat svou pr\u00e1ci na zm\u00edn\u011bn\u00e9 konferenci v rozsahu cca 15 minut.<\/p>\n<p>Diplomov\u00e9 nebo semin\u00e1rn\u00ed pr\u00e1ce je nutn\u00e9 zaslat v elektronick\u00e9 podob\u011b v jednom vyhotoven\u00ed spolu s abstraktem na adresu <a href=\"mailto:Jaroslav.schonfeld@vse.cz\">Jaroslav.schonfeld@vse.cz<\/a>, <a href=\"mailto:ludmila.barborkova@pwc.com\">ludmila.barborkova@pwc.com<\/a> nejpozd\u011bji do 31.8.2021 (term\u00edn doru\u010den\u00ed) s ozna\u010den\u00edm Diplomov\u00e1 nebo semin\u00e1rn\u00ed pr\u00e1ce.<\/p>\n<h2>Ceny TMA<\/h2>\n<p>\u00da\u010dast na v\u00fdro\u010dn\u00ed konferenci TMA EUROPE v roce 2022 (\u010derven 2022), kter\u00e1 se bude konat v jednom z evropsk\u00fdch m\u011bst.<\/p>\n<h2>Podm\u00ednky \u00fa\u010dasti v sout\u011b\u017ei<\/h2>\n<p>Diplomov\u00e1 nebo semin\u00e1rn\u00ed pr\u00e1ce mus\u00ed b\u00fdt odevzd\u00e1na a obh\u00e1jena v roce 2020 nebo 2021. Sout\u011b\u017e je otev\u0159ena pro v\u0161echny vysok\u00e9 \u0161koly v \u010cesk\u00e9 republice.<\/p>\n<h2>Kontakt<\/h2>\n<p><a href=\"mailto:Jaroslav.schonfeld@vse.cz\">Jaroslav.schonfeld@vse.cz<\/a><br \/><a href=\"mailto:ludmila.barborkova@pwc.com\">ludmila.barborkova@pwc.com<\/a><\/p>\n<h2>V\u00fdsledky<\/h2>\n\n\n<figure class=\"wp-block-image size-large\"><img loading=\"lazy\" decoding=\"async\" width=\"730\" height=\"1024\" data-attachment-id=\"606\" data-permalink=\"https:\/\/turnaround.cz\/en\/soutez-o-nejlepsi-studentskou-praci-na-tema-turnaround-management-2021\/ceritifikat_tma-2021-indd\/\" data-orig-file=\"https:\/\/turnaround.cz\/wp-content\/uploads\/2022\/06\/ceritifikat_TMA-2021.jpg\" data-orig-size=\"1000,1402\" data-comments-opened=\"0\" data-image-meta=\"{&quot;aperture&quot;:&quot;0&quot;,&quot;credit&quot;:&quot;&quot;,&quot;camera&quot;:&quot;&quot;,&quot;caption&quot;:&quot;&quot;,&quot;created_timestamp&quot;:&quot;0&quot;,&quot;copyright&quot;:&quot;&quot;,&quot;focal_length&quot;:&quot;0&quot;,&quot;iso&quot;:&quot;0&quot;,&quot;shutter_speed&quot;:&quot;0&quot;,&quot;title&quot;:&quot;ceritifika\\u0301t_TMA 2021.indd&quot;,&quot;orientation&quot;:&quot;1&quot;}\" data-image-title=\"ceritifika\u0301t_TMA 2021.indd\" data-image-description=\"\" data-image-caption=\"\" data-medium-file=\"https:\/\/turnaround.cz\/wp-content\/uploads\/2022\/06\/ceritifikat_TMA-2021-214x300.jpg\" data-large-file=\"https:\/\/turnaround.cz\/wp-content\/uploads\/2022\/06\/ceritifikat_TMA-2021-730x1024.jpg\" src=\"https:\/\/turnaround.cz\/wp-content\/uploads\/2022\/06\/ceritifikat_TMA-2021-730x1024.jpg\" alt=\"\" class=\"wp-image-606\" srcset=\"https:\/\/turnaround.cz\/wp-content\/uploads\/2022\/06\/ceritifikat_TMA-2021-730x1024.jpg 730w, https:\/\/turnaround.cz\/wp-content\/uploads\/2022\/06\/ceritifikat_TMA-2021-214x300.jpg 214w, https:\/\/turnaround.cz\/wp-content\/uploads\/2022\/06\/ceritifikat_TMA-2021-768x1077.jpg 768w, https:\/\/turnaround.cz\/wp-content\/uploads\/2022\/06\/ceritifikat_TMA-2021.jpg 1000w\" sizes=\"auto, (max-width: 730px) 100vw, 730px\" \/><\/figure>\n\n\n\n<a href=\"https:\/\/turnaround.cz\/wp-content\/uploads\/2022\/06\/Valenta-diplomova-prace.pdf\">V\u00edt\u011bzn\u00e1 pr\u00e1ce &#8211; Anal\u00fdza reorganizac\u00ed v \u010cesk\u00e9 republice v letech 2008-2000<\/a>\n\n\n\n<h2 class=\"wp-block-heading\">P\u0159edchoz\u00ed ro\u010dn\u00edky<\/h2>\n\n\n\n<p><a href=\"https:\/\/turnaround.cz\/soutez-o-nejlepsi-studentskou-praci-na-tema-turnaround-management-2020\/\">3. ro\u010dn\u00edk<\/a><br><a href=\"https:\/\/turnaround.cz\/soutez-o-nejlepsi-studentskou-praci-na-tema-turnaround-management-2019\/\">2. ro\u010dn\u00edk<\/a><br><a href=\"https:\/\/turnaround.cz\/soutez-o-nejlepsi-studentskou-praci-na-tema-turnaround-management-2018\/\">1. ro\u010dn\u00edk<\/a><\/p>\n","protected":false},"excerpt":{"rendered":"<p>Organiz\u00e1tor sout\u011b\u017ee Turnaround Management Association \u010cR ve spolupr\u00e1ci s Katedrou strategie V\u0160E v Praze. Diplomov\u00e1 nebo semin\u00e1rn\u00ed pr\u00e1ce mus\u00ed po str\u00e1nce odborn\u00e9ho zam\u011b\u0159en\u00ed odpov\u00eddat t\u00e9matu spojen\u00e9ho s oblast\u00ed Turnaround managementu. Podm\u00ednkou \u00fa\u010dasti v sout\u011b\u017ei je tak\u00e9 vypln\u011bn\u00ed stru\u010dn\u00e9 anotace pr\u00e1ce, kter\u00e1 bude potvrzena vedouc\u00edm diplomov\u00e9 pr\u00e1ce nebo vyu\u010duj\u00edc\u00edm, kter\u00fd semin\u00e1rn\u00ed pr\u00e1ci vedl a hodnotil. Abstrakt&#8230;  <a class=\"excerpt-read-more\" href=\"https:\/\/turnaround.cz\/en\/soutez-o-nejlepsi-studentskou-praci-na-tema-turnaround-management-2021\/\" title=\"v\u00edce Sout\u011b\u017e o nejlep\u0161\u00ed studentskou pr\u00e1ci na t\u00e9ma turnaround management 2021\">v\u00edce<\/a><\/p>\n","protected":false},"author":1,"featured_media":0,"parent":0,"menu_order":0,"comment_status":"closed","ping_status":"closed","template":"","meta":{"ngg_post_thumbnail":0,"jetpack_post_was_ever_published":false,"footnotes":""},"class_list":["post-339","page","type-page","status-publish","hentry"],"acf":[],"jetpack_sharing_enabled":true,"jetpack_shortlink":"https:\/\/wp.me\/P6Wlcm-5t","_links":{"self":[{"href":"https:\/\/turnaround.cz\/en\/wp-json\/wp\/v2\/pages\/339","targetHints":{"allow":["GET"]}}],"collection":[{"href":"https:\/\/turnaround.cz\/en\/wp-json\/wp\/v2\/pages"}],"about":[{"href":"https:\/\/turnaround.cz\/en\/wp-json\/wp\/v2\/types\/page"}],"author":[{"embeddable":true,"href":"https:\/\/turnaround.cz\/en\/wp-json\/wp\/v2\/users\/1"}],"replies":[{"embeddable":true,"href":"https:\/\/turnaround.cz\/en\/wp-json\/wp\/v2\/comments?post=339"}],"version-history":[{"count":8,"href":"https:\/\/turnaround.cz\/en\/wp-json\/wp\/v2\/pages\/339\/revisions"}],"predecessor-version":[{"id":610,"href":"https:\/\/turnaround.cz\/en\/wp-json\/wp\/v2\/pages\/339\/revisions\/610"}],"wp:attachment":[{"href":"https:\/\/turnaround.cz\/en\/wp-json\/wp\/v2\/media?parent=339"}],"curies":[{"name":"wp","href":"https:\/\/api.w.org\/{rel}","templated":true}]}}