{"id":4,"date":"2015-08-03T23:42:02","date_gmt":"2015-08-03T21:42:02","guid":{"rendered":"https:\/\/turnaround.cz\/?page_id=4"},"modified":"2025-09-23T12:12:22","modified_gmt":"2025-09-23T10:12:22","slug":"co-je-turnaround-management-association-cr","status":"publish","type":"page","link":"https:\/\/turnaround.cz\/en\/","title":{"rendered":""},"content":{"rendered":"\n<div class=\"wp-block-columns is-layout-flex wp-container-core-columns-is-layout-9d6595d7 wp-block-columns-is-layout-flex\">\n<div class=\"wp-block-column is-layout-flow wp-block-column-is-layout-flow\" style=\"flex-basis:100%\"><\/div>\n<\/div>\n\n\n\n<h1 class=\"wp-block-heading\">Co je Turnaround Management Association \u010cR?<\/h1>\n\n\n<p>Turnaround Management Association \u010cesk\u00e1 republika (d\u00e1le jen \u201eSdru\u017een\u00ed\u201c nebo \u201eTMA \u010cR\u201c) vznikla v roce 2008 jako v\u00fdhradn\u00ed \u010desk\u00e1 afilace neziskov\u00e9 spole\u010dnosti Turnaround Management Association (&#8220;TMA Global&#8221;) se s\u00eddlem v Chicagu, Illinois. Sdru\u017een\u00ed bylo zalo\u017eeno jako neziskov\u00e9 ob\u010dansk\u00e9 sdru\u017een\u00ed, vyv\u00edjej\u00edc\u00ed \u010dinnost v souladu s vyty\u010den\u00fdmi c\u00edli a spolupracuj\u00edc\u00ed s ostatn\u00edmi afilacemi TMA Global, jako\u017e i jin\u00fdmi organizacemi a platformami, jejich\u017e \u010dinnost a c\u00edle odpov\u00eddaj\u00ed c\u00edl\u016fm Sdru\u017een\u00ed.<\/p>\n<ul>\n<li>Je to nez\u00e1visl\u00e9 sdru\u017een\u00ed odborn\u00edk\u016f v oblasti \u201eturnaround managementu\u201c, insolven\u010dn\u00edho pr\u00e1va a v oblasti korpora\u010dn\u00edch financ\u00ed.<\/li>\n<li>Slou\u017e\u00ed jako mezioborov\u00e1 platforma pro spolupr\u00e1ci a sd\u00edlen\u00ed znalost\u00ed a zku\u0161enost\u00ed mezi osobami, zab\u00fdvaj\u00edc\u00edmi se problematikou insolvence a jej\u00edho \u0159e\u0161en\u00ed.<\/li>\n<li>Prosazuje vysok\u00e9 etick\u00e9 a odborn\u00e9 standardy ve v\u0161ech \u010dinnostech, souvisej\u00edc\u00edch s insolvenc\u00ed a jej\u00edm \u0159e\u0161en\u00edm.<\/li>\n<\/ul>","protected":false},"excerpt":{"rendered":"<p>Co je Turnaround Management Association \u010cR? Turnaround Management Association \u010cesk\u00e1 republika (d\u00e1le jen \u201eSdru\u017een\u00ed\u201c nebo \u201eTMA \u010cR\u201c) vznikla v roce 2008 jako v\u00fdhradn\u00ed \u010desk\u00e1 afilace neziskov\u00e9 spole\u010dnosti Turnaround Management Association (&#8220;TMA Global&#8221;) se s\u00eddlem v Chicagu, Illinois. Sdru\u017een\u00ed bylo zalo\u017eeno jako neziskov\u00e9 ob\u010dansk\u00e9 sdru\u017een\u00ed, vyv\u00edjej\u00edc\u00ed \u010dinnost v souladu s vyty\u010den\u00fdmi c\u00edli a spolupracuj\u00edc\u00ed s ostatn\u00edmi&#8230;  <a class=\"excerpt-read-more\" href=\"https:\/\/turnaround.cz\/en\/\" title=\"v\u00edce \">v\u00edce<\/a><\/p>\n","protected":false},"author":1,"featured_media":0,"parent":0,"menu_order":0,"comment_status":"closed","ping_status":"closed","template":"","meta":{"ngg_post_thumbnail":0,"jetpack_post_was_ever_published":false,"footnotes":""},"class_list":["post-4","page","type-page","status-publish","hentry"],"acf":[],"jetpack_sharing_enabled":true,"jetpack_shortlink":"https:\/\/wp.me\/P6Wlcm-4","_links":{"self":[{"href":"https:\/\/turnaround.cz\/en\/wp-json\/wp\/v2\/pages\/4","targetHints":{"allow":["GET"]}}],"collection":[{"href":"https:\/\/turnaround.cz\/en\/wp-json\/wp\/v2\/pages"}],"about":[{"href":"https:\/\/turnaround.cz\/en\/wp-json\/wp\/v2\/types\/page"}],"author":[{"embeddable":true,"href":"https:\/\/turnaround.cz\/en\/wp-json\/wp\/v2\/users\/1"}],"replies":[{"embeddable":true,"href":"https:\/\/turnaround.cz\/en\/wp-json\/wp\/v2\/comments?post=4"}],"version-history":[{"count":37,"href":"https:\/\/turnaround.cz\/en\/wp-json\/wp\/v2\/pages\/4\/revisions"}],"predecessor-version":[{"id":1096,"href":"https:\/\/turnaround.cz\/en\/wp-json\/wp\/v2\/pages\/4\/revisions\/1096"}],"wp:attachment":[{"href":"https:\/\/turnaround.cz\/en\/wp-json\/wp\/v2\/media?parent=4"}],"curies":[{"name":"wp","href":"https:\/\/api.w.org\/{rel}","templated":true}]}}