{"id":593,"date":"2022-06-19T23:40:25","date_gmt":"2022-06-19T21:40:25","guid":{"rendered":"https:\/\/turnaround.cz\/?page_id=593"},"modified":"2023-12-19T15:18:30","modified_gmt":"2023-12-19T13:18:30","slug":"soutez-o-nejlepsi-studentskou-praci-na-tema-turnaround-management-2023","status":"publish","type":"page","link":"https:\/\/turnaround.cz\/en\/soutez-o-nejlepsi-studentskou-praci-na-tema-turnaround-management-2023\/","title":{"rendered":"Sout\u011b\u017e o nejlep\u0161\u00ed studentskou pr\u00e1ci na t\u00e9ma turnaround management 2023"},"content":{"rendered":"\n<p><\/p>\n\n\n\n<p><\/p>\n\n\n\n<h2 class=\"wp-block-heading\">Organiz\u00e1tor sout\u011b\u017ee<\/h2>\n\n\n\n<p>Turnaround Management Association \u010cR ve spolupr\u00e1ci s Katedrou strategie V\u0160E v Praze. Fakulta podnikohospod\u00e1\u0159sk\u00e1.<\/p>\n\n\n\n<p>Sout\u011b\u017e m\u00e1 t\u0159i kategorie, do kter\u00fdch lze p\u0159ihl\u00e1sit studentskou pr\u00e1ci.<\/p>\n\n\n\n<ol class=\"wp-block-list\"><li><strong>kategorie: Diplomov\u00e1 pr\u00e1ce.<\/strong><\/li><li><strong>kategorie: Semin\u00e1rn\u00ed (semestr\u00e1ln\u00ed) pr\u00e1ce.<\/strong><\/li><li><strong>kategorie: Diserta\u010dn\u00ed pr\u00e1ce (sou\u010d\u00e1st Ph.D. studia).<\/strong><\/li><\/ol>\n\n\n\n<p>Diplomov\u00e1, semin\u00e1rn\u00ed nebo diserta\u010dn\u00ed pr\u00e1ce mus\u00ed po str\u00e1nce odborn\u00e9ho zam\u011b\u0159en\u00ed odpov\u00eddat t\u00e9matu spojen\u00e9ho s oblast\u00ed Turnaround managementu. Podm\u00ednkou \u00fa\u010dasti v sout\u011b\u017ei je tak\u00e9 vypln\u011bn\u00ed stru\u010dn\u00e9 anotace pr\u00e1ce, kter\u00e1 bude potvrzena vedouc\u00edm diplomov\u00e9, diserta\u010dn\u00ed pr\u00e1ce nebo vyu\u010duj\u00edc\u00edm, kter\u00fd semin\u00e1rn\u00ed pr\u00e1ci vedl a hodnotil.<\/p>\n\n\n\n<h2 class=\"wp-block-heading\">Abstrakt pr\u00e1ce<\/h2>\n\n\n\n<p>Ka\u017ed\u00fd \u00fa\u010dastn\u00edk sout\u011b\u017ee mus\u00ed vyplnit p\u0159ihl\u00e1\u0161ku, kter\u00e1 bude slou\u017eit p\u0159i zased\u00e1n\u00ed Komise Turnaround Management Association \u010cR (TMA) jako podklad pro posouzen\u00ed pr\u00e1ce. Formul\u00e1\u0159 p\u0159ihl\u00e1\u0161ky je k&nbsp;dispozici&nbsp;<a href=\"https:\/\/turnaround.cz\/wp-content\/uploads\/2023\/07\/TMA_2023_pr\u030cihla\u0301s\u030cka_interaktivni\u0301.pdf\">zde<\/a>.<\/p>\n\n\n\n<h2 class=\"wp-block-heading\">Diplomov\u00e1 nebo semin\u00e1rn\u00ed pr\u00e1ce mus\u00ed spl\u0148ovat n\u00e1sleduj\u00edc\u00ed krit\u00e9ria<\/h2>\n\n\n\n<ul class=\"wp-block-list\"><li><strong>T\u00e9ma souvis\u00ed s oblast\u00ed Turnaround managementu<\/strong><\/li><li><strong>Originalita, kvalita a \u00farove\u0148 zpracov\u00e1n\u00ed.<\/strong><\/li><\/ul>\n\n\n\n<p>P\u0159ijat\u00e9 semin\u00e1rn\u00ed nebo diplomov\u00e9 pr\u00e1ce budou vyhodnoceny komis\u00ed slo\u017eenou z \u010dlenu TMA v r\u00e1mci mimo\u0159\u00e1dn\u00e9ho zased\u00e1n\u00ed TMA a v\u00fdsledky budou vyhl\u00e1\u0161eny v pr\u016fb\u011bhu kon\u00e1n\u00ed v\u00fdro\u010dn\u00ed konference TMA \u010cesk\u00e1 republika v listopadu 2023.<\/p>\n\n\n\n<p>Diplomov\u00e9 nebo semin\u00e1rn\u00ed pr\u00e1ce je nutn\u00e9 zaslat v elektronick\u00e9 podob\u011b v jednom vyhotoven\u00ed spolu s abstraktem na adresu <a href=\"mailto:Jaroslav.schonfeld@vse.cz\">Jaroslav.schonfeld@vse.cz<\/a>, <a href=\"mailto:kamilasub.ks@gmail.com\">kamilasub.ks@gmail.com<\/a>. <\/p>\n\n\n\n<p>P\u0159ihl\u00e1\u0161ky se eviduj\u00ed do 30. 9. 2023 a vyhotoven\u00e9 pr\u00e1ce o\u010dek\u00e1v\u00e1me do 15. 10. 2023 (term\u00edn doru\u010den\u00ed) s ozna\u010den\u00edm Diplomov\u00e1 nebo semin\u00e1rn\u00ed pr\u00e1ce.<\/p>\n\n\n\n<h2 class=\"wp-block-heading\">Ceny TMA<\/h2>\n\n\n\n<p>\u00da\u010dast na v\u00fdro\u010dn\u00ed konferenci <strong>TMA EUROPE v roce 2024<\/strong>, (\u010derven 2024), kter\u00e1 se bude konat v jednom z evropsk\u00fdch m\u011bst.<\/p>\n\n\n\n<h2 class=\"wp-block-heading\">Podm\u00ednky \u00fa\u010dasti v sout\u011b\u017ei<\/h2>\n\n\n\n<p>Diplomov\u00e1 nebo semin\u00e1rn\u00ed pr\u00e1ce mus\u00ed b\u00fdt odevzd\u00e1na a obh\u00e1jena v roce 2022 nebo 2023. Sout\u011b\u017e je otev\u0159ena pro v\u0161echny vysok\u00e9 \u0161koly v \u010cesk\u00e9 republice.<\/p>\n\n\n\n<h2 class=\"wp-block-heading\">Kontakt<\/h2>\n\n\n\n<p><a href=\"mailto:Jaroslav.schonfeld@vse.cz\">Jaroslav.schonfeld@vse.cz<\/a><br><a href=\"mailto:kamilasub.ks@gmail.com\">kamilasub.ks@gmail.com<\/a><\/p>\n\n\n\n<h2 class=\"wp-block-heading\">V\u00fdsledky<\/h2>\n\n\n\n<figure class=\"wp-block-image size-large\"><img loading=\"lazy\" decoding=\"async\" width=\"724\" height=\"1024\" data-attachment-id=\"866\" data-permalink=\"https:\/\/turnaround.cz\/en\/soutez-o-nejlepsi-studentskou-praci-na-tema-turnaround-management-2023\/cena-tma-2023-4\/\" data-orig-file=\"https:\/\/turnaround.cz\/wp-content\/uploads\/2023\/12\/CENA-TMA-2023-4.png\" data-orig-size=\"1414,2000\" data-comments-opened=\"0\" data-image-meta=\"{&quot;aperture&quot;:&quot;0&quot;,&quot;credit&quot;:&quot;&quot;,&quot;camera&quot;:&quot;&quot;,&quot;caption&quot;:&quot;&quot;,&quot;created_timestamp&quot;:&quot;0&quot;,&quot;copyright&quot;:&quot;&quot;,&quot;focal_length&quot;:&quot;0&quot;,&quot;iso&quot;:&quot;0&quot;,&quot;shutter_speed&quot;:&quot;0&quot;,&quot;title&quot;:&quot;&quot;,&quot;orientation&quot;:&quot;0&quot;}\" data-image-title=\"CENA TMA 2023 (4)\" data-image-description=\"\" data-image-caption=\"\" data-medium-file=\"https:\/\/turnaround.cz\/wp-content\/uploads\/2023\/12\/CENA-TMA-2023-4-212x300.png\" data-large-file=\"https:\/\/turnaround.cz\/wp-content\/uploads\/2023\/12\/CENA-TMA-2023-4-724x1024.png\" src=\"https:\/\/turnaround.cz\/wp-content\/uploads\/2023\/12\/CENA-TMA-2023-4-724x1024.png\" alt=\"\" class=\"wp-image-866\" srcset=\"https:\/\/turnaround.cz\/wp-content\/uploads\/2023\/12\/CENA-TMA-2023-4-724x1024.png 724w, https:\/\/turnaround.cz\/wp-content\/uploads\/2023\/12\/CENA-TMA-2023-4-212x300.png 212w, https:\/\/turnaround.cz\/wp-content\/uploads\/2023\/12\/CENA-TMA-2023-4-768x1086.png 768w, https:\/\/turnaround.cz\/wp-content\/uploads\/2023\/12\/CENA-TMA-2023-4-1086x1536.png 1086w, https:\/\/turnaround.cz\/wp-content\/uploads\/2023\/12\/CENA-TMA-2023-4.png 1414w\" sizes=\"auto, (max-width: 724px) 100vw, 724px\" \/><\/figure>\n\n\n\n<p><a href=\"http:\/\/turnaround.cz\/restrukturalizacni-forum-2021\/wp-content\/uploads\/sites\/9\/2023\/12\/VSE-Mujjogurt-Diplomova-prace-Michal-Fuska-1-1.pdf\" target=\"_blank\" rel=\"noreferrer noopener\">v\u00edt\u011bzn\u00e1 pr\u00e1ce &#8211; Stanoven\u00ed hodnoty podniku pro potenci\u00e1ln\u00edho investora<\/a><\/p>\n\n\n\n<h2 class=\"wp-block-heading\">P\u0159edchoz\u00ed ro\u010dn\u00edky<\/h2>\n\n\n\n<p> <a href=\"https:\/\/turnaround.cz\/soutez-o-nejlepsi-studentskou-praci-na-tema-turnaround-management-2022\/\">Cena TMA 2022<\/a> <br> <a href=\"https:\/\/turnaround.cz\/soutez-o-nejlepsi-studentskou-praci-na-tema-turnaround-management-2021\/\">Cena TMA 2021<\/a> <br> <a href=\"https:\/\/turnaround.cz\/soutez-o-nejlepsi-studentskou-praci-na-tema-turnaround-management-2020\/\">Cena TMA 2020<\/a>  &#8211; zru\u0161eno z epidemiologick\u00fdch d\u016fvod\u016f<a href=\"https:\/\/turnaround.cz\/soutez-o-nejlepsi-studentskou-praci-na-tema-turnaround-management-2020\/\"><br><\/a> <a href=\"https:\/\/turnaround.cz\/soutez-o-nejlepsi-studentskou-praci-na-tema-turnaround-management-2019\/\">Cena TMA 2019<br><\/a> <a href=\"https:\/\/turnaround.cz\/soutez-o-nejlepsi-studentskou-praci-na-tema-turnaround-management-2018\/\">Cena TMA 2018<\/a> <\/p>\n\n\n\n\n","protected":false},"excerpt":{"rendered":"<p>Organiz\u00e1tor sout\u011b\u017ee Turnaround Management Association \u010cR ve spolupr\u00e1ci s Katedrou strategie V\u0160E v Praze. Fakulta podnikohospod\u00e1\u0159sk\u00e1. Sout\u011b\u017e m\u00e1 t\u0159i kategorie, do kter\u00fdch lze p\u0159ihl\u00e1sit studentskou pr\u00e1ci. kategorie: Diplomov\u00e1 pr\u00e1ce. kategorie: Semin\u00e1rn\u00ed (semestr\u00e1ln\u00ed) pr\u00e1ce. kategorie: Diserta\u010dn\u00ed pr\u00e1ce (sou\u010d\u00e1st Ph.D. studia). Diplomov\u00e1, semin\u00e1rn\u00ed nebo diserta\u010dn\u00ed pr\u00e1ce mus\u00ed po str\u00e1nce odborn\u00e9ho zam\u011b\u0159en\u00ed odpov\u00eddat t\u00e9matu spojen\u00e9ho s oblast\u00ed Turnaround&#8230;  <a class=\"excerpt-read-more\" href=\"https:\/\/turnaround.cz\/en\/soutez-o-nejlepsi-studentskou-praci-na-tema-turnaround-management-2023\/\" title=\"v\u00edce Sout\u011b\u017e o nejlep\u0161\u00ed studentskou pr\u00e1ci na t\u00e9ma turnaround management 2023\">v\u00edce<\/a><\/p>\n","protected":false},"author":3,"featured_media":0,"parent":0,"menu_order":0,"comment_status":"closed","ping_status":"closed","template":"","meta":{"ngg_post_thumbnail":0,"jetpack_post_was_ever_published":false,"footnotes":""},"class_list":["post-593","page","type-page","status-publish","hentry"],"acf":[],"jetpack_sharing_enabled":true,"jetpack_shortlink":"https:\/\/wp.me\/P6Wlcm-9z","_links":{"self":[{"href":"https:\/\/turnaround.cz\/en\/wp-json\/wp\/v2\/pages\/593","targetHints":{"allow":["GET"]}}],"collection":[{"href":"https:\/\/turnaround.cz\/en\/wp-json\/wp\/v2\/pages"}],"about":[{"href":"https:\/\/turnaround.cz\/en\/wp-json\/wp\/v2\/types\/page"}],"author":[{"embeddable":true,"href":"https:\/\/turnaround.cz\/en\/wp-json\/wp\/v2\/users\/3"}],"replies":[{"embeddable":true,"href":"https:\/\/turnaround.cz\/en\/wp-json\/wp\/v2\/comments?post=593"}],"version-history":[{"count":22,"href":"https:\/\/turnaround.cz\/en\/wp-json\/wp\/v2\/pages\/593\/revisions"}],"predecessor-version":[{"id":867,"href":"https:\/\/turnaround.cz\/en\/wp-json\/wp\/v2\/pages\/593\/revisions\/867"}],"wp:attachment":[{"href":"https:\/\/turnaround.cz\/en\/wp-json\/wp\/v2\/media?parent=593"}],"curies":[{"name":"wp","href":"https:\/\/api.w.org\/{rel}","templated":true}]}}