{"id":6,"date":"2015-08-04T00:28:36","date_gmt":"2015-08-03T23:28:36","guid":{"rendered":"https:\/\/turnaround.cz\/?page_id=6"},"modified":"2017-01-10T22:23:52","modified_gmt":"2017-01-10T20:23:52","slug":"zakladni-fakta-o-t-m-a-ceska-republika-o-s","status":"publish","type":"page","link":"https:\/\/turnaround.cz\/en\/zakladni-fakta-o-t-m-a-ceska-republika-o-s\/","title":{"rendered":"Z\u00e1kladn\u00ed fakta o TMA \u010cesk\u00e1 republika, o.s."},"content":{"rendered":"<p>Turnaround Management Association \u010cesk\u00e1 republika (d\u00e1le jen \u201eSdru\u017een\u00ed\u201c nebo \u201eTMA \u010cR\u201c) vznikla v roce 2008 jako v\u00fdhradn\u00ed \u010desk\u00e1 afilace neziskov\u00e9 spole\u010dnosti Turnaround Management Association (&#8220;TMA Global&#8221;) se s\u00eddlem v Chicagu, Illinois. Sdru\u017een\u00ed bylo zalo\u017eeno jako neziskov\u00e9 ob\u010dansk\u00e9 sdru\u017een\u00ed, vyv\u00edjej\u00edc\u00ed \u010dinnost v souladu s vyty\u010den\u00fdmi c\u00edli a spolupracuj\u00edc\u00ed s ostatn\u00edmi afilacemi TMA Global, jako\u017e i jin\u00fdmi organizacemi a platformami, jejich\u017e \u010dinnost a c\u00edle odpov\u00eddaj\u00ed c\u00edl\u016fm Sdru\u017een\u00ed<\/p>\n<h2>&#8220;Mate\u0159sk\u00e1 organizace&#8221; TMA Global<\/h2>\n<p>TMA Global je neziskovou spole\u010dnost\u00ed, zam\u011b\u0159enou na problematiku \u0159e\u0161en\u00ed finan\u010dn\u00ed krize a \u00fapadku obchodn\u00edch spole\u010dnost\u00ed. TMA Global byla zalo\u017eena v roce 1988 a s\u00eddl\u00ed v Chicagu. V sou\u010dasnosti m\u00e1 v\u00edce ne\u017e 8 100 \u010dlen\u016f ve 43 afilac\u00edch (\u201echapters\u201c), z \u010deho\u017e 31 pobo\u010dek je v Severn\u00ed Americe a d\u00e1le po jedn\u00e9 v Austr\u00e1lii, \u010cesk\u00e9 republice, Finsku, Francii, SRN, Indii, Japonsku, Nizozem\u00ed, JAR, \u0160pan\u011blsku, Taiwanu a Velk\u00e9 Brit\u00e1nii. V nejbli\u017e\u0161\u00ed dob\u011b p\u0159ibude afilace v It\u00e1lii a \u010c\u00edn\u011b.<\/p>\n<h2>Mezi \u010dleny TMA se \u0159ad\u00ed:<\/h2>\n<ul>\n<li>Odborn\u00edci na krizov\u00e9 \u0159\u00edzen\u00ed zejm\u00e9na tzv. interim mana\u017ee\u0159i, konzultanti a audito\u0159i (okolo 40 % \u010dlen\u016f)<\/li>\n<li>Finan\u010dn\u00ed poradci a investo\u0159i (17 %)<\/li>\n<li>Bank\u00e9\u0159i \/ v\u011b\u0159itel\u00e9 (15 %)<\/li>\n<li>Advok\u00e1ti (11 %)<\/li>\n<li>Insolven\u010dn\u00ed spr\u00e1vci (5 %)<\/li>\n<li>Ostatn\u00ed \u2013 nap\u0159. akademick\u00e1 obec, studenti, soudci, zam\u011bstnanci st\u00e1tn\u00ed spr\u00e1vy apod.<\/li>\n<\/ul>\n<h2>C\u00edle Sdru\u017een\u00ed<\/h2>\n<ul>\n<li>Slou\u017eit jako mezioborov\u00e1 platforma pro spolupr\u00e1ci a sd\u00edlen\u00ed znalost\u00ed a zku\u0161enost\u00ed mezi osobami, zab\u00fdvaj\u00edc\u00edmi se ve sv\u00e9m povol\u00e1n\u00ed \u010di podnik\u00e1n\u00ed problematikou insolvence a jej\u00edho \u0159e\u0161en\u00ed<\/li>\n<li>Prosazovat vysok\u00e9 etick\u00e9 a odborn\u00e9 standardy ve v\u0161ech \u010dinnostech, souvisej\u00edc\u00edch s insolvenc\u00ed a jej\u00edm \u0159e\u0161en\u00edm<\/li>\n<li>P\u0159isp\u00edvat ke vzd\u011bl\u00e1v\u00e1n\u00ed osob, zab\u00fdvaj\u00edc\u00edch se problematikou insolvence a jej\u00edho \u0159e\u0161en\u00ed, a k celkov\u00e9 kultivaci pr\u00e1vn\u00edho a obchodn\u00edho prost\u0159ed\u00ed, souvisej\u00edc\u00edho s insolvenc\u00ed a jej\u00edm \u0159e\u0161en\u00edm<\/li>\n<li>Sdru\u017eovat odborn\u00edky v oblasti restrukturalizac\u00ed, pr\u00e1va a financ\u00ed<\/li>\n<\/ul>\n<h2>Pl\u00e1novan\u00e9 aktivity Sdru\u017een\u00ed<\/h2>\n<ul>\n<li>Po\u0159\u00e1d\u00e1n\u00ed ve\u0159ejn\u00fdch semin\u00e1\u0159\u016f a konferenc\u00ed na vybran\u00e1 t\u00e9mata, souvisej\u00edc\u00ed s oborem \u010dinnosti Sdru\u017een\u00ed<\/li>\n<li>Ofici\u00e1ln\u00ed v\u00fdro\u010dn\u00ed setk\u00e1n\u00ed \u010dlen\u016f Sdru\u017een\u00ed<\/li>\n<li>\u201e\u010caje o p\u00e1t\u00e9\u201c \u2013 periodick\u00e1 setk\u00e1n\u00ed \u010dlen\u016f Sdru\u017een\u00ed a diskuse nad vybran\u00fdmi a p\u0159edem specifikovan\u00fdmi t\u00e9maty, p\u0159\u00edpadov\u00e9 studie a jin\u00e9 prezentace jednotliv\u00fdch \u010dlen\u016f<\/li>\n<li>Neform\u00e1ln\u00ed setk\u00e1v\u00e1n\u00ed a networking jednotliv\u00fdch \u010dlen\u016f Sdru\u017een\u00ed<\/li>\n<li>Zprost\u0159edkov\u00e1n\u00ed kontakt\u016f se \u010dleny ostatn\u00edch afilac\u00ed TMA Global v Evrop\u011b, USA i dal\u0161\u00edch zem\u00edch, \u00fa\u010dast na jejich v\u00fdro\u010dn\u00edch a dal\u0161\u00edch setk\u00e1n\u00edch<\/li>\n<\/ul>\n<h2>Org\u00e1ny Sdru\u017een\u00ed<\/h2>\n<ul>\n<li>\u010dlensk\u00e1 sch\u016fze (nejvy\u0161\u0161\u00ed org\u00e1n Sdru\u017een\u00ed, sch\u00e1z\u00ed se nejm\u00e9n\u011b jednou ro\u010dn\u011b)<\/li>\n<li>spr\u00e1vn\u00ed rada (\u0159\u00edd\u00ed \u010dinnost Sdru\u017een\u00ed, sch\u00e1z\u00ed se nejm\u00e9n\u011b dvakr\u00e1t v roce)<\/li>\n<li>p\u0159edseda (hlavn\u00ed v\u00fdkonn\u00fd funkcion\u00e1\u0159 Sdru\u017een\u00ed)<\/li>\n<li>m\u00edstop\u0159edseda \/ m\u00edstop\u0159edsedov\u00e9<\/li>\n<li>tajemn\u00edk<\/li>\n<\/ul>\n<h2>TMA Europe sponsored by<\/h2>\n<p><img loading=\"lazy\" decoding=\"async\" data-attachment-id=\"146\" data-permalink=\"https:\/\/turnaround.cz\/en\/zakladni-fakta-o-t-m-a-ceska-republika-o-s\/gordonbrothers_identifier_cmyk\/\" data-orig-file=\"https:\/\/turnaround.cz\/wp-content\/uploads\/2015\/08\/GordonBrothers_identifier_CMYK.jpg\" data-orig-size=\"1084,305\" data-comments-opened=\"0\" data-image-meta=\"{&quot;aperture&quot;:&quot;0&quot;,&quot;credit&quot;:&quot;&quot;,&quot;camera&quot;:&quot;&quot;,&quot;caption&quot;:&quot;&quot;,&quot;created_timestamp&quot;:&quot;0&quot;,&quot;copyright&quot;:&quot;&quot;,&quot;focal_length&quot;:&quot;0&quot;,&quot;iso&quot;:&quot;0&quot;,&quot;shutter_speed&quot;:&quot;0&quot;,&quot;title&quot;:&quot;&quot;,&quot;orientation&quot;:&quot;0&quot;}\" data-image-title=\"GordonBrothers\" data-image-description=\"\" data-image-caption=\"\" data-medium-file=\"https:\/\/turnaround.cz\/wp-content\/uploads\/2015\/08\/GordonBrothers_identifier_CMYK-300x84.jpg\" data-large-file=\"https:\/\/turnaround.cz\/wp-content\/uploads\/2015\/08\/GordonBrothers_identifier_CMYK-1024x288.jpg\" src=\"https:\/\/turnaround.cz\/wp-content\/uploads\/2015\/08\/GordonBrothers_identifier_CMYK-300x84.jpg\" alt=\"GordonBrothers\" width=\"300\" height=\"84\" class=\"alignleft size-medium wp-image-146\" srcset=\"https:\/\/turnaround.cz\/wp-content\/uploads\/2015\/08\/GordonBrothers_identifier_CMYK-300x84.jpg 300w, https:\/\/turnaround.cz\/wp-content\/uploads\/2015\/08\/GordonBrothers_identifier_CMYK-1024x288.jpg 1024w, https:\/\/turnaround.cz\/wp-content\/uploads\/2015\/08\/GordonBrothers_identifier_CMYK.jpg 1084w\" sizes=\"auto, (max-width: 300px) 100vw, 300px\" \/><\/p>","protected":false},"excerpt":{"rendered":"<p>Turnaround Management Association \u010cesk\u00e1 republika (d\u00e1le jen \u201eSdru\u017een\u00ed\u201c nebo \u201eTMA \u010cR\u201c) vznikla v roce 2008 jako v\u00fdhradn\u00ed \u010desk\u00e1 afilace neziskov\u00e9 spole\u010dnosti Turnaround Management Association (&#8220;TMA Global&#8221;) se s\u00eddlem v Chicagu, Illinois. Sdru\u017een\u00ed bylo zalo\u017eeno jako neziskov\u00e9 ob\u010dansk\u00e9 sdru\u017een\u00ed, vyv\u00edjej\u00edc\u00ed \u010dinnost v souladu s vyty\u010den\u00fdmi c\u00edli a spolupracuj\u00edc\u00ed s ostatn\u00edmi afilacemi TMA Global, jako\u017e i jin\u00fdmi&#8230;  <a class=\"excerpt-read-more\" href=\"https:\/\/turnaround.cz\/en\/zakladni-fakta-o-t-m-a-ceska-republika-o-s\/\" title=\"v\u00edce Z\u00e1kladn\u00ed fakta o TMA \u010cesk\u00e1 republika, o.s.\">v\u00edce<\/a><\/p>\n","protected":false},"author":1,"featured_media":0,"parent":0,"menu_order":0,"comment_status":"closed","ping_status":"closed","template":"","meta":{"ngg_post_thumbnail":0,"jetpack_post_was_ever_published":false,"footnotes":""},"class_list":["post-6","page","type-page","status-publish","hentry"],"acf":[],"jetpack_sharing_enabled":true,"jetpack_shortlink":"https:\/\/wp.me\/P6Wlcm-6","_links":{"self":[{"href":"https:\/\/turnaround.cz\/en\/wp-json\/wp\/v2\/pages\/6","targetHints":{"allow":["GET"]}}],"collection":[{"href":"https:\/\/turnaround.cz\/en\/wp-json\/wp\/v2\/pages"}],"about":[{"href":"https:\/\/turnaround.cz\/en\/wp-json\/wp\/v2\/types\/page"}],"author":[{"embeddable":true,"href":"https:\/\/turnaround.cz\/en\/wp-json\/wp\/v2\/users\/1"}],"replies":[{"embeddable":true,"href":"https:\/\/turnaround.cz\/en\/wp-json\/wp\/v2\/comments?post=6"}],"version-history":[{"count":10,"href":"https:\/\/turnaround.cz\/en\/wp-json\/wp\/v2\/pages\/6\/revisions"}],"predecessor-version":[{"id":165,"href":"https:\/\/turnaround.cz\/en\/wp-json\/wp\/v2\/pages\/6\/revisions\/165"}],"wp:attachment":[{"href":"https:\/\/turnaround.cz\/en\/wp-json\/wp\/v2\/media?parent=6"}],"curies":[{"name":"wp","href":"https:\/\/api.w.org\/{rel}","templated":true}]}}