{"id":768,"date":"2023-06-16T10:27:06","date_gmt":"2023-06-16T08:27:06","guid":{"rendered":"https:\/\/turnaround.cz\/?page_id=768"},"modified":"2023-06-16T10:27:08","modified_gmt":"2023-06-16T08:27:08","slug":"rozsirena-schuze-tma-s-tematem-makroekonomicka-situace","status":"publish","type":"page","link":"https:\/\/turnaround.cz\/en\/rozsirena-schuze-tma-s-tematem-makroekonomicka-situace\/","title":{"rendered":"Roz\u0161\u00ed\u0159en\u00e1 sch\u016fze TMA s t\u00e9matem Makroekonomick\u00e1 situace"},"content":{"rendered":"<div class=\"wp-block-image\">\n<figure class=\"aligncenter size-full\"><img loading=\"lazy\" decoding=\"async\" width=\"1024\" height=\"218\" data-attachment-id=\"750\" data-permalink=\"https:\/\/turnaround.cz\/en\/udalosti\/image001\/\" data-orig-file=\"https:\/\/turnaround.cz\/wp-content\/uploads\/2023\/06\/image001.png\" data-orig-size=\"1024,218\" data-comments-opened=\"0\" data-image-meta=\"{&quot;aperture&quot;:&quot;0&quot;,&quot;credit&quot;:&quot;&quot;,&quot;camera&quot;:&quot;&quot;,&quot;caption&quot;:&quot;&quot;,&quot;created_timestamp&quot;:&quot;0&quot;,&quot;copyright&quot;:&quot;&quot;,&quot;focal_length&quot;:&quot;0&quot;,&quot;iso&quot;:&quot;0&quot;,&quot;shutter_speed&quot;:&quot;0&quot;,&quot;title&quot;:&quot;&quot;,&quot;orientation&quot;:&quot;0&quot;}\" data-image-title=\"image001\" data-image-description=\"\" data-image-caption=\"\" data-medium-file=\"https:\/\/turnaround.cz\/wp-content\/uploads\/2023\/06\/image001-300x64.png\" data-large-file=\"https:\/\/turnaround.cz\/wp-content\/uploads\/2023\/06\/image001.png\" src=\"https:\/\/turnaround.cz\/wp-content\/uploads\/2023\/06\/image001.png\" alt=\"\" class=\"wp-image-750\" srcset=\"https:\/\/turnaround.cz\/wp-content\/uploads\/2023\/06\/image001.png 1024w, https:\/\/turnaround.cz\/wp-content\/uploads\/2023\/06\/image001-300x64.png 300w, https:\/\/turnaround.cz\/wp-content\/uploads\/2023\/06\/image001-768x164.png 768w\" sizes=\"auto, (max-width: 1024px) 100vw, 1024px\" \/><\/figure><\/div>\n\n\n<p><strong>Host:<\/strong><\/p>\n\n\n\n<p>Ing. Miroslav Singer, Ph.D. \u2013 <a rel=\"noreferrer noopener\" href=\"https:\/\/turnaround.cz\/wp-content\/uploads\/2023\/06\/TMA051823.pdf\" target=\"_blank\">prezentace<\/a><\/p>\n\n\n\n<p><strong>Datum kon\u00e1n\u00ed:<\/strong><\/p>\n\n\n\n<p>\u00fater\u00fd 18.5.2023<\/p>\n\n\n\n<p><strong>M\u00edsto kon\u00e1n\u00ed:<\/strong><\/p>\n\n\n\n<p>Pavilon Gr\u00e9bovka, 120 00 Praha 2<\/p>\n\n\n\n<figure class=\"wp-block-image size-large\"><img loading=\"lazy\" decoding=\"async\" width=\"1024\" height=\"768\" data-attachment-id=\"757\" data-permalink=\"https:\/\/turnaround.cz\/en\/udalosti\/img_5663-1\/\" data-orig-file=\"https:\/\/turnaround.cz\/wp-content\/uploads\/2023\/06\/IMG_5663-1.jpg\" data-orig-size=\"2048,1536\" data-comments-opened=\"0\" data-image-meta=\"{&quot;aperture&quot;:&quot;1.5&quot;,&quot;credit&quot;:&quot;&quot;,&quot;camera&quot;:&quot;iPhone 14&quot;,&quot;caption&quot;:&quot;&quot;,&quot;created_timestamp&quot;:&quot;1684434245&quot;,&quot;copyright&quot;:&quot;&quot;,&quot;focal_length&quot;:&quot;5.7&quot;,&quot;iso&quot;:&quot;50&quot;,&quot;shutter_speed&quot;:&quot;0.0015649452269171&quot;,&quot;title&quot;:&quot;&quot;,&quot;orientation&quot;:&quot;1&quot;}\" data-image-title=\"IMG_5663-1\" data-image-description=\"\" data-image-caption=\"\" data-medium-file=\"https:\/\/turnaround.cz\/wp-content\/uploads\/2023\/06\/IMG_5663-1-300x225.jpg\" data-large-file=\"https:\/\/turnaround.cz\/wp-content\/uploads\/2023\/06\/IMG_5663-1-1024x768.jpg\" src=\"https:\/\/turnaround.cz\/wp-content\/uploads\/2023\/06\/IMG_5663-1-1024x768.jpg\" alt=\"\" class=\"wp-image-757\" srcset=\"https:\/\/turnaround.cz\/wp-content\/uploads\/2023\/06\/IMG_5663-1-1024x768.jpg 1024w, https:\/\/turnaround.cz\/wp-content\/uploads\/2023\/06\/IMG_5663-1-300x225.jpg 300w, https:\/\/turnaround.cz\/wp-content\/uploads\/2023\/06\/IMG_5663-1-768x576.jpg 768w, https:\/\/turnaround.cz\/wp-content\/uploads\/2023\/06\/IMG_5663-1-1536x1152.jpg 1536w, https:\/\/turnaround.cz\/wp-content\/uploads\/2023\/06\/IMG_5663-1.jpg 2048w\" sizes=\"auto, (max-width: 1024px) 100vw, 1024px\" \/><\/figure>\n\n\n\n<div class=\"wp-block-columns is-layout-flex wp-container-core-columns-is-layout-9d6595d7 wp-block-columns-is-layout-flex\">\n<div class=\"wp-block-column is-layout-flow wp-block-column-is-layout-flow\">\n<figure class=\"wp-block-image size-large\"><img loading=\"lazy\" decoding=\"async\" width=\"768\" height=\"1024\" data-attachment-id=\"755\" data-permalink=\"https:\/\/turnaround.cz\/en\/udalosti\/img_5680\/\" data-orig-file=\"https:\/\/turnaround.cz\/wp-content\/uploads\/2023\/06\/IMG_5680.jpg\" data-orig-size=\"1536,2048\" data-comments-opened=\"0\" data-image-meta=\"{&quot;aperture&quot;:&quot;1.5&quot;,&quot;credit&quot;:&quot;&quot;,&quot;camera&quot;:&quot;iPhone 14&quot;,&quot;caption&quot;:&quot;&quot;,&quot;created_timestamp&quot;:&quot;1684439225&quot;,&quot;copyright&quot;:&quot;&quot;,&quot;focal_length&quot;:&quot;5.7&quot;,&quot;iso&quot;:&quot;200&quot;,&quot;shutter_speed&quot;:&quot;0.02&quot;,&quot;title&quot;:&quot;&quot;,&quot;orientation&quot;:&quot;1&quot;}\" data-image-title=\"IMG_5680\" data-image-description=\"\" data-image-caption=\"\" data-medium-file=\"https:\/\/turnaround.cz\/wp-content\/uploads\/2023\/06\/IMG_5680-225x300.jpg\" data-large-file=\"https:\/\/turnaround.cz\/wp-content\/uploads\/2023\/06\/IMG_5680-768x1024.jpg\" src=\"https:\/\/turnaround.cz\/wp-content\/uploads\/2023\/06\/IMG_5680-768x1024.jpg\" alt=\"\" class=\"wp-image-755\" srcset=\"https:\/\/turnaround.cz\/wp-content\/uploads\/2023\/06\/IMG_5680-768x1024.jpg 768w, https:\/\/turnaround.cz\/wp-content\/uploads\/2023\/06\/IMG_5680-225x300.jpg 225w, https:\/\/turnaround.cz\/wp-content\/uploads\/2023\/06\/IMG_5680-1152x1536.jpg 1152w, https:\/\/turnaround.cz\/wp-content\/uploads\/2023\/06\/IMG_5680.jpg 1536w\" sizes=\"auto, (max-width: 768px) 100vw, 768px\" \/><\/figure>\n<\/div>\n\n\n\n<div class=\"wp-block-column is-layout-flow wp-block-column-is-layout-flow\">\n<figure class=\"wp-block-image size-large\"><img loading=\"lazy\" decoding=\"async\" width=\"768\" height=\"1024\" data-attachment-id=\"756\" data-permalink=\"https:\/\/turnaround.cz\/en\/udalosti\/img_5710-1\/\" data-orig-file=\"https:\/\/turnaround.cz\/wp-content\/uploads\/2023\/06\/IMG_5710-1.jpg\" data-orig-size=\"1536,2048\" data-comments-opened=\"0\" data-image-meta=\"{&quot;aperture&quot;:&quot;2.4&quot;,&quot;credit&quot;:&quot;&quot;,&quot;camera&quot;:&quot;iPhone 14&quot;,&quot;caption&quot;:&quot;&quot;,&quot;created_timestamp&quot;:&quot;1684440626&quot;,&quot;copyright&quot;:&quot;&quot;,&quot;focal_length&quot;:&quot;1.54&quot;,&quot;iso&quot;:&quot;200&quot;,&quot;shutter_speed&quot;:&quot;0.01010101010101&quot;,&quot;title&quot;:&quot;&quot;,&quot;orientation&quot;:&quot;1&quot;}\" data-image-title=\"IMG_5710-1\" data-image-description=\"\" data-image-caption=\"\" data-medium-file=\"https:\/\/turnaround.cz\/wp-content\/uploads\/2023\/06\/IMG_5710-1-225x300.jpg\" data-large-file=\"https:\/\/turnaround.cz\/wp-content\/uploads\/2023\/06\/IMG_5710-1-768x1024.jpg\" src=\"https:\/\/turnaround.cz\/wp-content\/uploads\/2023\/06\/IMG_5710-1-768x1024.jpg\" alt=\"\" class=\"wp-image-756\" srcset=\"https:\/\/turnaround.cz\/wp-content\/uploads\/2023\/06\/IMG_5710-1-768x1024.jpg 768w, https:\/\/turnaround.cz\/wp-content\/uploads\/2023\/06\/IMG_5710-1-225x300.jpg 225w, https:\/\/turnaround.cz\/wp-content\/uploads\/2023\/06\/IMG_5710-1-1152x1536.jpg 1152w, https:\/\/turnaround.cz\/wp-content\/uploads\/2023\/06\/IMG_5710-1.jpg 1536w\" sizes=\"auto, (max-width: 768px) 100vw, 768px\" \/><\/figure>\n<\/div>\n<\/div>\n","protected":false},"excerpt":{"rendered":"<p>Host: Ing. Miroslav Singer, Ph.D. \u2013 prezentace Datum kon\u00e1n\u00ed: \u00fater\u00fd 18.5.2023 M\u00edsto kon\u00e1n\u00ed: Pavilon Gr\u00e9bovka, 120 00 Praha 2<\/p>\n","protected":false},"author":3,"featured_media":0,"parent":0,"menu_order":0,"comment_status":"closed","ping_status":"closed","template":"","meta":{"ngg_post_thumbnail":0,"jetpack_post_was_ever_published":false,"footnotes":""},"class_list":["post-768","page","type-page","status-publish","hentry"],"acf":[],"jetpack_sharing_enabled":true,"jetpack_shortlink":"https:\/\/wp.me\/P6Wlcm-co","_links":{"self":[{"href":"https:\/\/turnaround.cz\/en\/wp-json\/wp\/v2\/pages\/768","targetHints":{"allow":["GET"]}}],"collection":[{"href":"https:\/\/turnaround.cz\/en\/wp-json\/wp\/v2\/pages"}],"about":[{"href":"https:\/\/turnaround.cz\/en\/wp-json\/wp\/v2\/types\/page"}],"author":[{"embeddable":true,"href":"https:\/\/turnaround.cz\/en\/wp-json\/wp\/v2\/users\/3"}],"replies":[{"embeddable":true,"href":"https:\/\/turnaround.cz\/en\/wp-json\/wp\/v2\/comments?post=768"}],"version-history":[{"count":1,"href":"https:\/\/turnaround.cz\/en\/wp-json\/wp\/v2\/pages\/768\/revisions"}],"predecessor-version":[{"id":769,"href":"https:\/\/turnaround.cz\/en\/wp-json\/wp\/v2\/pages\/768\/revisions\/769"}],"wp:attachment":[{"href":"https:\/\/turnaround.cz\/en\/wp-json\/wp\/v2\/media?parent=768"}],"curies":[{"name":"wp","href":"https:\/\/api.w.org\/{rel}","templated":true}]}}