{"id":774,"date":"2023-07-07T09:51:13","date_gmt":"2023-07-07T07:51:13","guid":{"rendered":"https:\/\/turnaround.cz\/?page_id=774"},"modified":"2023-07-07T09:51:15","modified_gmt":"2023-07-07T07:51:15","slug":"soutez-o-nejlepsi-studentskou-praci-na-tema-turnaround-management-2022","status":"publish","type":"page","link":"https:\/\/turnaround.cz\/en\/soutez-o-nejlepsi-studentskou-praci-na-tema-turnaround-management-2022\/","title":{"rendered":"Sout\u011b\u017e o nejlep\u0161\u00ed studentskou pr\u00e1ci na t\u00e9ma turnaround management 2022"},"content":{"rendered":"\n<p><strong>Organiz\u00e1tor sout\u011b\u017ee<\/strong><\/p>\n\n\n\n<p>Turnaround Management Association \u010cR ve spolupr\u00e1ci s Katedrou strategie V\u0160E v Praze.<\/p>\n\n\n\n<p>Diplomov\u00e1 nebo semin\u00e1rn\u00ed pr\u00e1ce mus\u00ed po str\u00e1nce odborn\u00e9ho zam\u011b\u0159en\u00ed odpov\u00eddat t\u00e9matu spojen\u00e9ho s oblast\u00ed Turnaround managementu. Podm\u00ednkou \u00fa\u010dasti v sout\u011b\u017ei je tak\u00e9 vypln\u011bn\u00ed stru\u010dn\u00e9 anotace pr\u00e1ce, kter\u00e1 bude potvrzena vedouc\u00edm diplomov\u00e9 pr\u00e1ce nebo vyu\u010duj\u00edc\u00edm, kter\u00fd semin\u00e1rn\u00ed pr\u00e1ci vedl a hodnotil.<\/p>\n\n\n\n<p><strong>Abstrakt pr\u00e1ce<\/strong><\/p>\n\n\n\n<p>Ka\u017ed\u00fd \u00fa\u010dastn\u00edk sout\u011b\u017ee mus\u00ed vyplnit p\u0159ihl\u00e1\u0161ku, kter\u00e1 bude slou\u017eit p\u0159i zased\u00e1n\u00ed Komise Turnaround Management Association \u010cR (TMA) jako podklad pro posouzen\u00ed pr\u00e1ce. Formul\u00e1\u0159 p\u0159ihl\u00e1\u0161ky je k&nbsp;dispozici&nbsp;<a href=\"https:\/\/turnaround.cz\/wp-content\/uploads\/2022\/06\/P%C5%99ihl%C3%A1%C5%A1ka-SOUT%C4%9A%C5%BD-TMA-2022.docx\">zde<\/a><\/p>\n\n\n\n<p><strong>Diplomov\u00e1 nebo semin\u00e1rn\u00ed pr\u00e1ce mus\u00ed spl\u0148ovat n\u00e1sleduj\u00edc\u00ed krit\u00e9ria<\/strong><\/p>\n\n\n\n<ul class=\"wp-block-list\"><li>T\u00e9ma souvis\u00ed s oblast\u00ed Turnaround managementu<\/li><li>Originalita, kvalita a \u00farove\u0148 zpracov\u00e1n\u00ed.<\/li><\/ul>\n\n\n\n<p>P\u0159ijat\u00e9 semin\u00e1rn\u00ed nebo diplomov\u00e9 pr\u00e1ce budou vyhodnoceny komis\u00ed slo\u017eenou z \u010dlenu TMA v r\u00e1mci mimo\u0159\u00e1dn\u00e9ho zased\u00e1n\u00ed TMA a v\u00fdsledky budou vyhl\u00e1\u0161eny v pr\u016fb\u011bhu kon\u00e1n\u00ed v\u00fdro\u010dn\u00ed konference TMA \u010cesk\u00e1 republika, kter\u00e1 se bude konat 18.10.2022 v Praze v prostor\u00e1ch \u010cNB. V\u00edt\u011bz sout\u011b\u017ee bude m\u00edt mo\u017enost prezentovat svou pr\u00e1ci na zm\u00edn\u011bn\u00e9 konferenci v rozsahu cca 15 minut.<\/p>\n\n\n\n<p>Diplomov\u00e9 nebo semin\u00e1rn\u00ed pr\u00e1ce je nutn\u00e9 zaslat v elektronick\u00e9 podob\u011b v jednom vyhotoven\u00ed spolu s abstraktem na adresu&nbsp;<a href=\"mailto:Jaroslav.schonfeld@vse.cz\">Jaroslav.schonfeld@vse.cz<\/a>,&nbsp;<a href=\"mailto:ludmila.barborkova@pwc.com\">ludmila.barborkova@pwc.com<\/a>&nbsp;nejpozd\u011bji do 31.8.2022 (term\u00edn doru\u010den\u00ed) s ozna\u010den\u00edm Diplomov\u00e1 nebo semin\u00e1rn\u00ed pr\u00e1ce.<\/p>\n\n\n\n<p><strong>Ceny TMA<\/strong><\/p>\n\n\n\n<p>\u00da\u010dast na v\u00fdro\u010dn\u00ed konferenci TMA EUROPE v \u010dervnu 2023, kter\u00e1 se bude konat v Hamburgu.<\/p>\n\n\n\n<p><strong>Podm\u00ednky \u00fa\u010dasti v sout\u011b\u017ei<\/strong><\/p>\n\n\n\n<p>Diplomov\u00e1 nebo semin\u00e1rn\u00ed pr\u00e1ce mus\u00ed b\u00fdt odevzd\u00e1na a obh\u00e1jena v roce 2021 nebo 2022. Sout\u011b\u017e je otev\u0159ena pro v\u0161echny vysok\u00e9 \u0161koly v \u010cesk\u00e9 republice.<\/p>\n\n\n\n<p><strong>Kontakt<\/strong><\/p>\n\n\n\n<p><a href=\"mailto:Jaroslav.schonfeld@vse.cz\">Jaroslav.schonfeld@vse.cz<\/a><br><a href=\"mailto:ludmila.barborkova@pwc.com\">ludmila.barborkova@pwc.com<\/a><\/p>\n\n\n\n<p><strong>P\u0159edchoz\u00ed ro\u010dn\u00edky<\/strong><\/p>\n\n\n\n<p><a href=\"https:\/\/turnaround.cz\/soutez-o-nejlepsi-studentskou-praci-na-tema-turnaround-management-2021\/\">Cena TMA 2021<\/a><br><a href=\"https:\/\/turnaround.cz\/soutez-o-nejlepsi-studentskou-praci-na-tema-turnaround-management-2020\/\">Cena TMA 2020<\/a>&nbsp;\u2013 zru\u0161eno z epidemiologick\u00fdch d\u016fvod\u016f<a href=\"https:\/\/turnaround.cz\/soutez-o-nejlepsi-studentskou-praci-na-tema-turnaround-management-2020\/\"><br><\/a><a href=\"https:\/\/turnaround.cz\/soutez-o-nejlepsi-studentskou-praci-na-tema-turnaround-management-2019\/\">Cena TMA 2019<br><\/a><a href=\"https:\/\/turnaround.cz\/soutez-o-nejlepsi-studentskou-praci-na-tema-turnaround-management-2018\/\">Cena TMA 2018<\/a><\/p>\n","protected":false},"excerpt":{"rendered":"<p>Organiz\u00e1tor sout\u011b\u017ee Turnaround Management Association \u010cR ve spolupr\u00e1ci s Katedrou strategie V\u0160E v Praze. Diplomov\u00e1 nebo semin\u00e1rn\u00ed pr\u00e1ce mus\u00ed po str\u00e1nce odborn\u00e9ho zam\u011b\u0159en\u00ed odpov\u00eddat t\u00e9matu spojen\u00e9ho s oblast\u00ed Turnaround managementu. Podm\u00ednkou \u00fa\u010dasti v sout\u011b\u017ei je tak\u00e9 vypln\u011bn\u00ed stru\u010dn\u00e9 anotace pr\u00e1ce, kter\u00e1 bude potvrzena vedouc\u00edm diplomov\u00e9 pr\u00e1ce nebo vyu\u010duj\u00edc\u00edm, kter\u00fd semin\u00e1rn\u00ed pr\u00e1ci vedl a hodnotil. Abstrakt&#8230;  <a class=\"excerpt-read-more\" href=\"https:\/\/turnaround.cz\/en\/soutez-o-nejlepsi-studentskou-praci-na-tema-turnaround-management-2022\/\" title=\"v\u00edce Sout\u011b\u017e o nejlep\u0161\u00ed studentskou pr\u00e1ci na t\u00e9ma turnaround management 2022\">v\u00edce<\/a><\/p>\n","protected":false},"author":3,"featured_media":0,"parent":0,"menu_order":0,"comment_status":"closed","ping_status":"closed","template":"","meta":{"ngg_post_thumbnail":0,"jetpack_post_was_ever_published":false,"footnotes":""},"class_list":["post-774","page","type-page","status-publish","hentry"],"acf":[],"jetpack_sharing_enabled":true,"jetpack_shortlink":"https:\/\/wp.me\/P6Wlcm-cu","_links":{"self":[{"href":"https:\/\/turnaround.cz\/en\/wp-json\/wp\/v2\/pages\/774","targetHints":{"allow":["GET"]}}],"collection":[{"href":"https:\/\/turnaround.cz\/en\/wp-json\/wp\/v2\/pages"}],"about":[{"href":"https:\/\/turnaround.cz\/en\/wp-json\/wp\/v2\/types\/page"}],"author":[{"embeddable":true,"href":"https:\/\/turnaround.cz\/en\/wp-json\/wp\/v2\/users\/3"}],"replies":[{"embeddable":true,"href":"https:\/\/turnaround.cz\/en\/wp-json\/wp\/v2\/comments?post=774"}],"version-history":[{"count":1,"href":"https:\/\/turnaround.cz\/en\/wp-json\/wp\/v2\/pages\/774\/revisions"}],"predecessor-version":[{"id":775,"href":"https:\/\/turnaround.cz\/en\/wp-json\/wp\/v2\/pages\/774\/revisions\/775"}],"wp:attachment":[{"href":"https:\/\/turnaround.cz\/en\/wp-json\/wp\/v2\/media?parent=774"}],"curies":[{"name":"wp","href":"https:\/\/api.w.org\/{rel}","templated":true}]}}