{"id":939,"date":"2024-08-02T23:07:39","date_gmt":"2024-08-02T21:07:39","guid":{"rendered":"https:\/\/turnaround.cz\/?page_id=939"},"modified":"2024-08-27T22:51:51","modified_gmt":"2024-08-27T20:51:51","slug":"soutez-o-nejlepsi-studentskou-praci-na-tema-turnaround-management-2024","status":"publish","type":"page","link":"https:\/\/turnaround.cz\/en\/soutez-o-nejlepsi-studentskou-praci-na-tema-turnaround-management-2024\/","title":{"rendered":"Sout\u011b\u017e o nejlep\u0161\u00ed studentskou pr\u00e1ci na t\u00e9ma turnaround management 2024"},"content":{"rendered":"\n<p><\/p>\n\n\n\n<h2 class=\"wp-block-heading\">Organiz\u00e1tor sout\u011b\u017ee<\/h2>\n\n\n\n<p>Turnaround Management Association \u010cR ve spolupr\u00e1ci s Katedrou strategie V\u0160E v Praze. Fakulta podnikohospod\u00e1\u0159sk\u00e1.<\/p>\n\n\n\n<p>Sout\u011b\u017e m\u00e1 t\u0159i kategorie, do kter\u00fdch lze p\u0159ihl\u00e1sit studentskou pr\u00e1ci.<\/p>\n\n\n\n<ol class=\"wp-block-list\"><li><strong>kategorie: Diplomov\u00e1 pr\u00e1ce<\/strong><\/li><li><strong>kategorie: Semin\u00e1rn\u00ed (semestr\u00e1ln\u00ed) pr\u00e1ce<\/strong><\/li><li><strong>kategorie: Diserta\u010dn\u00ed pr\u00e1ce (sou\u010d\u00e1st Ph.D. studia)<\/strong><\/li><\/ol>\n\n\n\n<p>Diplomov\u00e1, semin\u00e1rn\u00ed nebo diserta\u010dn\u00ed pr\u00e1ce mus\u00ed po str\u00e1nce odborn\u00e9ho zam\u011b\u0159en\u00ed odpov\u00eddat t\u00e9matu spojen\u00e9ho s oblast\u00ed Turnaround managementu. Podm\u00ednkou \u00fa\u010dasti v sout\u011b\u017ei je tak\u00e9 vypln\u011bn\u00ed stru\u010dn\u00e9 anotace pr\u00e1ce, kter\u00e1 bude potvrzena vedouc\u00edm diplomov\u00e9, diserta\u010dn\u00ed pr\u00e1ce nebo vyu\u010duj\u00edc\u00edm, kter\u00fd semin\u00e1rn\u00ed pr\u00e1ci vedl a hodnotil.<\/p>\n\n\n\n<h2 class=\"wp-block-heading\">Abstrakt pr\u00e1ce<\/h2>\n\n\n\n<p>Ka\u017ed\u00fd \u00fa\u010dastn\u00edk sout\u011b\u017ee mus\u00ed vyplnit p\u0159ihl\u00e1\u0161ku, kter\u00e1 bude slou\u017eit p\u0159i zased\u00e1n\u00ed komise Turnaround Management Association \u010cR (TMA) jako podklad pro posouzen\u00ed pr\u00e1ce. Formul\u00e1\u0159 p\u0159ihl\u00e1\u0161ky je k&nbsp;dispozici&nbsp;<a href=\"https:\/\/turnaround.cz\/wp-content\/uploads\/2024\/08\/Prihlaska-TMA-2024.pdf\">zde<\/a>.<\/p>\n\n\n\n<h2 class=\"wp-block-heading\">Diplomov\u00e1 nebo semin\u00e1rn\u00ed pr\u00e1ce mus\u00ed spl\u0148ovat n\u00e1sleduj\u00edc\u00ed krit\u00e9ria<\/h2>\n\n\n\n<ul class=\"wp-block-list\"><li><strong>T\u00e9ma souvis\u00ed s oblast\u00ed Turnaround managementu<\/strong><\/li><li><strong>Originalita, kvalita a \u00farove\u0148 zpracov\u00e1n\u00ed<\/strong><\/li><\/ul>\n\n\n\n<p>P\u0159ijat\u00e9 semin\u00e1rn\u00ed nebo diplomov\u00e9 pr\u00e1ce budou vyhodnoceny komis\u00ed slo\u017eenou z \u010dlen\u016f TMA v r\u00e1mci mimo\u0159\u00e1dn\u00e9ho zased\u00e1n\u00ed TMA a v\u00fdsledky budou vyhl\u00e1\u0161eny v pr\u016fb\u011bhu kon\u00e1n\u00ed v\u00fdro\u010dn\u00ed konference TMA \u010cesk\u00e1 republika v prosinci 2024.<\/p>\n\n\n\n<p>Diplomov\u00e9 nebo semin\u00e1rn\u00ed pr\u00e1ce je nutn\u00e9 zaslat v elektronick\u00e9 podob\u011b v jednom vyhotoven\u00ed spolu s abstraktem na adresu&nbsp;<a href=\"mailto:Jaroslav.schonfeld@vse.cz\">Jaroslav.schonfeld@vse.cz<\/a>,&nbsp;<a href=\"mailto:kamilasub.ks@gmail.com\">info@turnaround.cz<\/a>.<\/p>\n\n\n\n<p>P\u0159ihl\u00e1\u0161ky spolu s vyhotoven\u00fdmi pracemi o\u010dek\u00e1v\u00e1me do 30.10.2024 (term\u00edn doru\u010den\u00ed) s ozna\u010den\u00edm &#8220;diplomov\u00e1 nebo semin\u00e1rn\u00ed pr\u00e1ce&#8221;.<\/p>\n\n\n\n<h2 class=\"wp-block-heading\">Ceny TMA<\/h2>\n\n\n\n<ol class=\"wp-block-list\"><li>m\u00edsto finan\u010dn\u00ed odm\u011bna ve v\u00fd\u0161i 30.000 K\u010d<\/li><li>m\u00edsto finan\u010dn\u00ed odm\u011bna ve v\u00fd\u0161i 20.000 K\u010d<\/li><li>m\u00edsto finan\u010dn\u00ed odm\u011bna ve v\u00fd\u0161i 10.000 K\u010d<\/li><\/ol>\n\n\n\n<h2 class=\"wp-block-heading\">Podm\u00ednky \u00fa\u010dasti v sout\u011b\u017ei<\/h2>\n\n\n\n<p>Diplomov\u00e1 nebo semin\u00e1rn\u00ed pr\u00e1ce mus\u00ed b\u00fdt odevzd\u00e1na a obh\u00e1jena v roce 2023 nebo 2024. Sout\u011b\u017e je otev\u0159ena pro v\u0161echny vysok\u00e9 \u0161koly v \u010cesk\u00e9 republice.<\/p>\n\n\n\n<h2 class=\"wp-block-heading\">Kontakt<\/h2>\n\n\n\n<p><a href=\"mailto:Jaroslav.schonfeld@vse.cz\">Jaroslav.schonfeld@vse.cz<\/a><br><a href=\"mailto:kamilasub.ks@gmail.com\">info@turnaround.cz<\/a><\/p>\n\n\n\n<pre class=\"wp-block-code\"><code><\/code><\/pre>\n\n\n\n<h2 class=\"wp-block-heading\">P\u0159edchoz\u00ed ro\u010dn\u00edky<\/h2>\n\n\n\n<p><a href=\"https:\/\/turnaround.cz\/soutez-o-nejlepsi-studentskou-praci-na-tema-turnaround-management-2023\/\">Cena TMA 2023<\/a><br><a href=\"https:\/\/turnaround.cz\/soutez-o-nejlepsi-studentskou-praci-na-tema-turnaround-management-2022\/\">Cena TMA 2022<\/a><br><a href=\"https:\/\/turnaround.cz\/soutez-o-nejlepsi-studentskou-praci-na-tema-turnaround-management-2021\/\">Cena TMA 2021<\/a><br><a href=\"https:\/\/turnaround.cz\/soutez-o-nejlepsi-studentskou-praci-na-tema-turnaround-management-2020\/\">Cena TMA 2020<\/a>&nbsp;\u2013 zru\u0161eno z epidemiologick\u00fdch d\u016fvod\u016f<a href=\"https:\/\/turnaround.cz\/soutez-o-nejlepsi-studentskou-praci-na-tema-turnaround-management-2020\/\"><br><\/a><a href=\"https:\/\/turnaround.cz\/soutez-o-nejlepsi-studentskou-praci-na-tema-turnaround-management-2019\/\">Cena TMA 2019<br><\/a><a href=\"https:\/\/turnaround.cz\/soutez-o-nejlepsi-studentskou-praci-na-tema-turnaround-management-2018\/\">Cena TMA 2018<\/a><\/p>\n","protected":false},"excerpt":{"rendered":"<p>Organiz\u00e1tor sout\u011b\u017ee Turnaround Management Association \u010cR ve spolupr\u00e1ci s Katedrou strategie V\u0160E v Praze. Fakulta podnikohospod\u00e1\u0159sk\u00e1. Sout\u011b\u017e m\u00e1 t\u0159i kategorie, do kter\u00fdch lze p\u0159ihl\u00e1sit studentskou pr\u00e1ci. kategorie: Diplomov\u00e1 pr\u00e1ce kategorie: Semin\u00e1rn\u00ed (semestr\u00e1ln\u00ed) pr\u00e1ce kategorie: Diserta\u010dn\u00ed pr\u00e1ce (sou\u010d\u00e1st Ph.D. studia) Diplomov\u00e1, semin\u00e1rn\u00ed nebo diserta\u010dn\u00ed pr\u00e1ce mus\u00ed po str\u00e1nce odborn\u00e9ho zam\u011b\u0159en\u00ed odpov\u00eddat t\u00e9matu spojen\u00e9ho s oblast\u00ed Turnaround&#8230;  <a class=\"excerpt-read-more\" href=\"https:\/\/turnaround.cz\/en\/soutez-o-nejlepsi-studentskou-praci-na-tema-turnaround-management-2024\/\" title=\"v\u00edce Sout\u011b\u017e o nejlep\u0161\u00ed studentskou pr\u00e1ci na t\u00e9ma turnaround management 2024\">v\u00edce<\/a><\/p>\n","protected":false},"author":3,"featured_media":0,"parent":0,"menu_order":0,"comment_status":"closed","ping_status":"closed","template":"","meta":{"ngg_post_thumbnail":0,"jetpack_post_was_ever_published":false,"footnotes":""},"class_list":["post-939","page","type-page","status-publish","hentry"],"acf":[],"jetpack_sharing_enabled":true,"jetpack_shortlink":"https:\/\/wp.me\/P6Wlcm-f9","_links":{"self":[{"href":"https:\/\/turnaround.cz\/en\/wp-json\/wp\/v2\/pages\/939","targetHints":{"allow":["GET"]}}],"collection":[{"href":"https:\/\/turnaround.cz\/en\/wp-json\/wp\/v2\/pages"}],"about":[{"href":"https:\/\/turnaround.cz\/en\/wp-json\/wp\/v2\/types\/page"}],"author":[{"embeddable":true,"href":"https:\/\/turnaround.cz\/en\/wp-json\/wp\/v2\/users\/3"}],"replies":[{"embeddable":true,"href":"https:\/\/turnaround.cz\/en\/wp-json\/wp\/v2\/comments?post=939"}],"version-history":[{"count":9,"href":"https:\/\/turnaround.cz\/en\/wp-json\/wp\/v2\/pages\/939\/revisions"}],"predecessor-version":[{"id":955,"href":"https:\/\/turnaround.cz\/en\/wp-json\/wp\/v2\/pages\/939\/revisions\/955"}],"wp:attachment":[{"href":"https:\/\/turnaround.cz\/en\/wp-json\/wp\/v2\/media?parent=939"}],"curies":[{"name":"wp","href":"https:\/\/api.w.org\/{rel}","templated":true}]}}