{"id":10,"date":"2015-09-22T02:30:02","date_gmt":"2015-09-22T01:30:02","guid":{"rendered":"http:\/\/turnaround.cz\/restrukturalizacni-forum-2013\/?page_id=10"},"modified":"2015-09-22T02:30:02","modified_gmt":"2015-09-22T01:30:02","slug":"program","status":"publish","type":"page","link":"https:\/\/turnaround.cz\/restrukturalizacni-forum-2013\/program\/","title":{"rendered":"Program"},"content":{"rendered":"<p><strong>P\u0159edstaven\u00ed Turnaround Management Association<\/strong><br \/>\n<em>\u00da\u010del, posl\u00e1n\u00ed a dosavadn\u00ed zaj\u00edmav\u00e9 aktivity sdru\u017een\u00ed<\/em><br \/>\nDavid Plch \u2013 p\u0159edseda TMA; Petr Smutn\u00fd \u2013 m\u00edstop\u0159edseda TMA<\/p>\n<p><strong>Makroekonomick\u00fd \u00favod<\/strong><br \/>\nJan Frait &#8211; \u0159editel samostatn\u00e9ho odboru finan\u010dn\u00ed stability \u010cNB<\/p>\n<p><strong>Managing Turnaround of the Slovenian Economy:<\/strong><br \/>\n<em>Restructuring of Banks, Corporates and the State Sector<\/em><br \/>\nMarko Simoneti \u2013 Professor of Finance at the University of Ljubjana<\/p>\n<p><strong>Panelov\u00e1 diskuse na t\u00e9ma Restrukturalizace\u00a0z neobvykl\u00fdch pohled\u016f<\/strong><br \/>\n<em>N\u00e1zory investor\u016f, odbor\u00e1\u0159\u016f, krizov\u00fdch mana\u017eer\u016f<\/em><br \/>\nLuk\u00e1\u0161 Hor\u00e1\u010dek, Michal Tom\u00e1nek, Radim Valas,<br \/>\nMiroslav Borsek, moderuje: Petr Smutn\u00fd<\/p>\n<p><strong>Diskuse k prvn\u00edmu bloku<\/strong><br \/>\nModeruje: Petr Smutn\u00fd<br \/>\n<strong>K n\u011bkter\u00fdm (nejen) ekonomick\u00fdm aspekt\u016fm\u00a0insolven\u010dn\u00edho \u0159\u00edzen\u00ed<\/strong><br \/>\nLubo\u0161 Smr\u010dka \u2013 Katedra podnikov\u00e9 ekonomiky V\u0160E v Praze<\/p>\n<p><strong>Pr\u016fzkum: \u201cCo ti nejlep\u0161\u00ed \u0159\u00edkaj\u00ed o t\u011bch nejhor\u0161\u00edch\u201d<\/strong><br \/>\n<em>P\u0159edch\u00e1zen\u00ed firemn\u00edho selh\u00e1n\u00ed<\/em><\/p>\n<ul>\n<li>N\u00e1zory bank, firem a mana\u017eer\u016f na ot\u00e1zky selh\u00e1n\u00ed podniku<\/li>\n<li>Identifikov\u00e1n\u00ed sektor\u016f, odd\u011blen\u00edch a slab\u00fdch m\u00edst<\/li>\n<li>Diskuze: jak nejl\u00e9pe vyj\u00edt z po\u010d\u00e1te\u010dn\u00ed krize a vyhnout se selh\u00e1n\u00ed<br \/>\nPetr Skrla \u2013 interim mana\u017eer<\/li>\n<\/ul>\n<p><strong>P\u0159edstaven\u00ed \u201ePrague Rules\u201c<\/strong><\/p>\n<ul>\n<li>Koordinovan\u00e9 mimosoudn\u00ed \u0159e\u0161en\u00ed finan\u010dn\u00edch obt\u00ed\u017e\u00ed<\/li>\n<li>Sou\u010dasn\u00e1 mezin\u00e1rodn\u00ed praxe<\/li>\n<li>Nov\u011b p\u0159ijat\u00e9 principy spole\u010dn\u00e9 z\u00e1chrany podniku v probl\u00e9mech\u00a0vydan\u00e9 \u010cBA<br \/>\nHana Mitkovov\u00e1 \u2013 Komer\u010dn\u00ed banka, David Plch \u2013 White &amp; Case<\/li>\n<\/ul>\n<p><strong>Trestn\u011b pr\u00e1vn\u00ed a civiln\u011b pr\u00e1vn\u00ed aspekty\u00a0restrukturalizac\u00ed<\/strong><\/p>\n<ul>\n<li>Civiln\u011bpr\u00e1vn\u00ed standardy jedn\u00e1n\u00ed dlu\u017en\u00edka a v\u011b\u0159itele p\u0159i restrukturalizaci<em>\u00a0<\/em>a souvisej\u00edc\u00ed civiln\u011bpr\u00e1vn\u00ed odpov\u011bdnosti<\/li>\n<li>Trestn\u011bpr\u00e1vn\u00ed odpov\u011bdnost v kontextu restrukturalizace<br \/>\nLadislav Smejkal \u2013 White &amp; Case, Tom\u00e1\u0161 Richter \u2013 Clifford Chance<\/li>\n<\/ul>\n<p><strong>Diskuse k druh\u00e9mu bloku a slovo z\u00e1v\u011brem<\/strong><\/p>","protected":false},"excerpt":{"rendered":"<p>P\u0159edstaven\u00ed Turnaround Management Association \u00da\u010del, posl\u00e1n\u00ed a dosavadn\u00ed zaj\u00edmav\u00e9 aktivity sdru\u017een\u00ed David Plch \u2013 p\u0159edseda TMA; Petr Smutn\u00fd \u2013 m\u00edstop\u0159edseda TMA Makroekonomick\u00fd \u00favod Jan Frait &#8211; \u0159editel samostatn\u00e9ho odboru finan\u010dn\u00ed stability \u010cNB Managing Turnaround of the Slovenian Economy: Restructuring of Banks, Corporates and the State Sector Marko Simoneti \u2013 Professor of Finance at the University&#8230;  <a class=\"excerpt-read-more\" href=\"https:\/\/turnaround.cz\/restrukturalizacni-forum-2013\/program\/\" title=\"Read Program\">Read more &raquo;<\/a><\/p>\n","protected":false},"author":1,"featured_media":0,"parent":0,"menu_order":0,"comment_status":"open","ping_status":"open","template":"","meta":{"ngg_post_thumbnail":0,"footnotes":""},"class_list":["post-10","page","type-page","status-publish","hentry"],"acf":[],"_links":{"self":[{"href":"https:\/\/turnaround.cz\/restrukturalizacni-forum-2013\/wp-json\/wp\/v2\/pages\/10","targetHints":{"allow":["GET"]}}],"collection":[{"href":"https:\/\/turnaround.cz\/restrukturalizacni-forum-2013\/wp-json\/wp\/v2\/pages"}],"about":[{"href":"https:\/\/turnaround.cz\/restrukturalizacni-forum-2013\/wp-json\/wp\/v2\/types\/page"}],"author":[{"embeddable":true,"href":"https:\/\/turnaround.cz\/restrukturalizacni-forum-2013\/wp-json\/wp\/v2\/users\/1"}],"replies":[{"embeddable":true,"href":"https:\/\/turnaround.cz\/restrukturalizacni-forum-2013\/wp-json\/wp\/v2\/comments?post=10"}],"version-history":[{"count":1,"href":"https:\/\/turnaround.cz\/restrukturalizacni-forum-2013\/wp-json\/wp\/v2\/pages\/10\/revisions"}],"predecessor-version":[{"id":11,"href":"https:\/\/turnaround.cz\/restrukturalizacni-forum-2013\/wp-json\/wp\/v2\/pages\/10\/revisions\/11"}],"wp:attachment":[{"href":"https:\/\/turnaround.cz\/restrukturalizacni-forum-2013\/wp-json\/wp\/v2\/media?parent=10"}],"curies":[{"name":"wp","href":"https:\/\/api.w.org\/{rel}","templated":true}]}}