{"id":5,"date":"2015-09-22T02:24:13","date_gmt":"2015-09-22T01:24:13","guid":{"rendered":"http:\/\/turnaround.cz\/restrukturalizacni-forum-2013\/?page_id=5"},"modified":"2015-09-22T02:25:04","modified_gmt":"2015-09-22T01:25:04","slug":"podekovani","status":"publish","type":"page","link":"https:\/\/turnaround.cz\/restrukturalizacni-forum-2013\/","title":{"rendered":"Pod\u011bkov\u00e1n\u00ed"},"content":{"rendered":"<p>D\u011bkujeme v\u0161em \u00fa\u010dastn\u00edk\u016fm a partner\u016fm konference, kter\u00e1 se uskute\u010dnila 12. listopadu 2013 v prostor\u00e1ch \u010cesk\u00e9 n\u00e1rodn\u00ed banky.<\/p>\n<p>O rozs\u00e1hl\u00e9m pr\u016fzkumu prezentovan\u00e9m na f\u00f3ru se m\u016f\u017eete do\u010d\u00edst v\u00edce na <a href=\"http:\/\/probyznysinfo.ihned.cz\/c1-61219770-kvuli-cemu-firmy-nejcasteji-krachuji-nedostatek-zakazniku-je-az-tretim-duvodem\" target=\"_blank\">ihned.cz<\/a> nebo v <a href=\"http:\/\/cfoworld.cz\/trendy\/nedostatek-zakazniku-je-mezi-duvody-krachu-firem-az-na-tretim-miste-2697\" target=\"_blank\">CFO world<\/a>.<\/p>\n<p><a href=\"http:\/\/www.turnaround.cz\/dokumenty\/Tiskova_zprava.doc\">Tiskov\u00e1 zpr\u00e1va<\/a><\/p>","protected":false},"excerpt":{"rendered":"<p>D\u011bkujeme v\u0161em \u00fa\u010dastn\u00edk\u016fm a partner\u016fm konference, kter\u00e1 se uskute\u010dnila 12. listopadu 2013 v prostor\u00e1ch \u010cesk\u00e9 n\u00e1rodn\u00ed banky. O rozs\u00e1hl\u00e9m pr\u016fzkumu prezentovan\u00e9m na f\u00f3ru se m\u016f\u017eete do\u010d\u00edst v\u00edce na ihned.cz nebo v CFO world. Tiskov\u00e1 zpr\u00e1va<\/p>\n","protected":false},"author":1,"featured_media":0,"parent":0,"menu_order":0,"comment_status":"open","ping_status":"open","template":"","meta":{"ngg_post_thumbnail":0,"footnotes":""},"class_list":["post-5","page","type-page","status-publish","hentry"],"acf":[],"_links":{"self":[{"href":"https:\/\/turnaround.cz\/restrukturalizacni-forum-2013\/wp-json\/wp\/v2\/pages\/5","targetHints":{"allow":["GET"]}}],"collection":[{"href":"https:\/\/turnaround.cz\/restrukturalizacni-forum-2013\/wp-json\/wp\/v2\/pages"}],"about":[{"href":"https:\/\/turnaround.cz\/restrukturalizacni-forum-2013\/wp-json\/wp\/v2\/types\/page"}],"author":[{"embeddable":true,"href":"https:\/\/turnaround.cz\/restrukturalizacni-forum-2013\/wp-json\/wp\/v2\/users\/1"}],"replies":[{"embeddable":true,"href":"https:\/\/turnaround.cz\/restrukturalizacni-forum-2013\/wp-json\/wp\/v2\/comments?post=5"}],"version-history":[{"count":2,"href":"https:\/\/turnaround.cz\/restrukturalizacni-forum-2013\/wp-json\/wp\/v2\/pages\/5\/revisions"}],"predecessor-version":[{"id":9,"href":"https:\/\/turnaround.cz\/restrukturalizacni-forum-2013\/wp-json\/wp\/v2\/pages\/5\/revisions\/9"}],"wp:attachment":[{"href":"https:\/\/turnaround.cz\/restrukturalizacni-forum-2013\/wp-json\/wp\/v2\/media?parent=5"}],"curies":[{"name":"wp","href":"https:\/\/api.w.org\/{rel}","templated":true}]}}