{"id":7,"date":"2015-09-22T02:24:43","date_gmt":"2015-09-22T01:24:43","guid":{"rendered":"http:\/\/turnaround.cz\/restrukturalizacni-forum-2013\/?page_id=7"},"modified":"2015-09-22T02:24:43","modified_gmt":"2015-09-22T01:24:43","slug":"prezentace","status":"publish","type":"page","link":"https:\/\/turnaround.cz\/restrukturalizacni-forum-2013\/prezentace\/","title":{"rendered":"Prezentace"},"content":{"rendered":"<p><strong>Prezentace z konference jsou ke sta\u017een\u00ed zde:<\/strong><\/p>\n<p><a href=\"http:\/\/www.turnaround.cz\/dokumenty\/David_Plch_prague_rules.ppt\">David Plch \u2013 Prague Rules<\/a><br \/>\n<a href=\"http:\/\/www.turnaround.cz\/dokumenty\/Michal_Tomanek.ppt\">Michal Tom\u00e1nek \u2013 Pohled investora na investice do distressov\u00fdch aktiv<\/a><br \/>\n<a href=\"http:\/\/www.turnaround.cz\/dokumenty\/Frait_listopad_2013.ppt\">Jan Frait \u2013 Glob\u00e1ln\u00ed makroekonomick\u00fd v\u00fdvoj a jeho rizika<\/a><br \/>\n<a href=\"http:\/\/www.turnaround.cz\/dokumenty\/Skrla_pruzkum_Korporatni_selhani.ppt\">Petr Skrla \u2013 Korpor\u00e1tn\u00ed selh\u00e1n\u00ed<\/a><br \/>\n<a href=\"http:\/\/www.turnaround.cz\/dokumenty\/Smejkal_trestne_pravni_odpovednost.ppt\">Ladislav Smejkal \u2013 Trestn\u011b-pr\u00e1vn\u00ed aspekty restrukturalizac\u00ed<\/a><br \/>\n<a href=\"http:\/\/www.turnaround.cz\/dokumenty\/Smrcka_VSE.ppt\">Lubo\u0161 Smr\u010dka \u2013 K\u00a0n\u011bkter\u00fdm (nejen) ekonomick\u00fdm aspekt\u016fm insolven\u010dn\u00edho \u0159\u00edzen\u00ed<\/a><br \/>\n<a href=\"http:\/\/www.turnaround.cz\/dokumenty\/Simoneti_Slovenia.ppt\">Marko Simoneti \u2013 Managing Turnaround of the Slovenian Economy: Restructuring of Banking, Corporate and State Sectors<\/a><\/p>","protected":false},"excerpt":{"rendered":"<p>Prezentace z konference jsou ke sta\u017een\u00ed zde: David Plch \u2013 Prague Rules Michal Tom\u00e1nek \u2013 Pohled investora na investice do distressov\u00fdch aktiv Jan Frait \u2013 Glob\u00e1ln\u00ed makroekonomick\u00fd v\u00fdvoj a jeho rizika Petr Skrla \u2013 Korpor\u00e1tn\u00ed selh\u00e1n\u00ed Ladislav Smejkal \u2013 Trestn\u011b-pr\u00e1vn\u00ed aspekty restrukturalizac\u00ed Lubo\u0161 Smr\u010dka \u2013 K\u00a0n\u011bkter\u00fdm (nejen) ekonomick\u00fdm aspekt\u016fm insolven\u010dn\u00edho \u0159\u00edzen\u00ed Marko Simoneti \u2013 Managing&#8230;  <a class=\"excerpt-read-more\" href=\"https:\/\/turnaround.cz\/restrukturalizacni-forum-2013\/prezentace\/\" title=\"Read Prezentace\">Read more &raquo;<\/a><\/p>\n","protected":false},"author":1,"featured_media":0,"parent":0,"menu_order":0,"comment_status":"open","ping_status":"open","template":"","meta":{"ngg_post_thumbnail":0,"footnotes":""},"class_list":["post-7","page","type-page","status-publish","hentry"],"acf":[],"_links":{"self":[{"href":"https:\/\/turnaround.cz\/restrukturalizacni-forum-2013\/wp-json\/wp\/v2\/pages\/7","targetHints":{"allow":["GET"]}}],"collection":[{"href":"https:\/\/turnaround.cz\/restrukturalizacni-forum-2013\/wp-json\/wp\/v2\/pages"}],"about":[{"href":"https:\/\/turnaround.cz\/restrukturalizacni-forum-2013\/wp-json\/wp\/v2\/types\/page"}],"author":[{"embeddable":true,"href":"https:\/\/turnaround.cz\/restrukturalizacni-forum-2013\/wp-json\/wp\/v2\/users\/1"}],"replies":[{"embeddable":true,"href":"https:\/\/turnaround.cz\/restrukturalizacni-forum-2013\/wp-json\/wp\/v2\/comments?post=7"}],"version-history":[{"count":1,"href":"https:\/\/turnaround.cz\/restrukturalizacni-forum-2013\/wp-json\/wp\/v2\/pages\/7\/revisions"}],"predecessor-version":[{"id":8,"href":"https:\/\/turnaround.cz\/restrukturalizacni-forum-2013\/wp-json\/wp\/v2\/pages\/7\/revisions\/8"}],"wp:attachment":[{"href":"https:\/\/turnaround.cz\/restrukturalizacni-forum-2013\/wp-json\/wp\/v2\/media?parent=7"}],"curies":[{"name":"wp","href":"https:\/\/api.w.org\/{rel}","templated":true}]}}