{"id":10,"date":"2015-09-22T01:52:06","date_gmt":"2015-09-22T00:52:06","guid":{"rendered":"http:\/\/turnaround.cz\/restrukturalizacni-forum-2014\/?page_id=10"},"modified":"2015-09-22T02:18:32","modified_gmt":"2015-09-22T01:18:32","slug":"podekovani","status":"publish","type":"page","link":"https:\/\/turnaround.cz\/restrukturalizacni-forum-2014\/","title":{"rendered":"Pod\u011bkov\u00e1n\u00ed"},"content":{"rendered":"<p>D\u011bkujeme v\u0161em \u00fa\u010dastn\u00edk\u016fm a partner\u016fm 3. ro\u010dn\u00edku konference Restrukturaliza\u010dn\u00ed f\u00f3rum roku 2014, kter\u00e1 se uskute\u010dnila 11. listopadu 2014 v prostor\u00e1ch \u010cesk\u00e9 n\u00e1rodn\u00ed banky pod z\u00e1\u0161titou guvern\u00e9ra a \u010dlena Spr\u00e1vn\u00ed rady TMA, Miroslava Singera.<\/p>\n<p>Po\u010det \u00fa\u010dastn\u00edk\u016f se ka\u017edoro\u010dn\u011b zvy\u0161uje, letos se konference z\u00fa\u010dastnilo t\u00e9m\u011b\u0159 160 odborn\u00edk\u016f na restrukturalizace z \u0159ad bank\u00e9\u0159\u016f, pr\u00e1vn\u00edk\u016f, insolven\u010dn\u00edch spr\u00e1vc\u016f, ekonomick\u00fdch poradc\u016f a dal\u0161\u00edch zainteresovan\u00fdch stran.<\/p>\n<p>D\u00edky spolupr\u00e1ci TMA a Podnikohospod\u00e1\u0159sk\u00e9 fakulty Vysok\u00e9 \u0161koly ekonomick\u00e9 v Praze se konference z\u00fa\u010dastnilo tak\u00e9 n\u011bkolik student\u016f.<\/p>\n<p>Hlavn\u00ed t\u00e9mata leto\u0161n\u00edho setk\u00e1n\u00ed m\u011bla mezin\u00e1rodn\u00ed p\u0159esah: dopady test\u016f kvality aktiv (AQR) a nov\u00e9 legislativy Evropsk\u00e9 centr\u00e1ln\u00ed banky na finan\u010dn\u00ed trhy, nespl\u00e1cen\u00e9 \u00fav\u011bry v Evrop\u011b a panelov\u00e1 diskuze na t\u00e9ma mezin\u00e1rodn\u00ed insolvence.<\/p>\n<p>V\u00fdjime\u010dn\u00e1 pak byla panelov\u00e1 diskuze na t\u00e9ma dopad\u016f probl\u00e9m\u016f korpor\u00e1tn\u00edch dlu\u017en\u00edk\u016f na dlu\u017en\u00edky z oblasti retailu, kter\u00e9 se z\u00fa\u010dastnili insolven\u010dn\u00ed spr\u00e1vkyn\u011b, soudce, exekutor, z\u00e1stupce ze strany vym\u00e1h\u00e1n\u00ed pohled\u00e1vek a \u0159editel Poradny p\u0159i finan\u010dn\u00ed t\u00edsni.<\/p>\n<p>Jako ka\u017ed\u00fd rok i letos byla prezentov\u00e1na p\u0159\u00edpadov\u00e1 studie, nyn\u00ed o restrukturalizaci spole\u010dnosti Bestsport, je\u017e provozuje O2 ar\u00e9nu. Tato restrukturalizace z\u00edskala v leto\u0161n\u00edm roce ocen\u011bn\u00ed TMA Europe Awards jako evropsk\u00e9 restrukturalizace roku<a href=\"http:\/\/www.tma-europe.org\/\" target=\"_blank\">www.tma-europe.org<\/a>.<\/p>\n<p>O v\u00fdsledc\u00edch kr\u00e1tk\u00e9ho pr\u016fzkumu o insolvenci mezi \u00fa\u010dastn\u00edky konference se m\u016f\u017eete do\u010d\u00edst na <a href=\"http:\/\/komercniprezentace.ihned.cz\/c1-63140580-insolvence-bez-spoluprace-dluznika-s-veriteli-to-nepujde\" target=\"_blank\">www.ihned.cz<\/a><\/p>","protected":false},"excerpt":{"rendered":"<p>D\u011bkujeme v\u0161em \u00fa\u010dastn\u00edk\u016fm a partner\u016fm 3. ro\u010dn\u00edku konference Restrukturaliza\u010dn\u00ed f\u00f3rum roku 2014, kter\u00e1 se uskute\u010dnila 11. listopadu 2014 v prostor\u00e1ch \u010cesk\u00e9 n\u00e1rodn\u00ed banky pod z\u00e1\u0161titou guvern\u00e9ra a \u010dlena Spr\u00e1vn\u00ed rady TMA, Miroslava Singera. Po\u010det \u00fa\u010dastn\u00edk\u016f se ka\u017edoro\u010dn\u011b zvy\u0161uje, letos se konference z\u00fa\u010dastnilo t\u00e9m\u011b\u0159 160 odborn\u00edk\u016f na restrukturalizace z \u0159ad bank\u00e9\u0159\u016f, pr\u00e1vn\u00edk\u016f, insolven\u010dn\u00edch spr\u00e1vc\u016f, ekonomick\u00fdch poradc\u016f&#8230;  <a class=\"excerpt-read-more\" href=\"https:\/\/turnaround.cz\/restrukturalizacni-forum-2014\/\" title=\"Read Pod\u011bkov\u00e1n\u00ed\">Read more &raquo;<\/a><\/p>\n","protected":false},"author":1,"featured_media":0,"parent":0,"menu_order":0,"comment_status":"open","ping_status":"open","template":"","meta":{"ngg_post_thumbnail":0,"footnotes":""},"class_list":["post-10","page","type-page","status-publish","hentry"],"acf":[],"_links":{"self":[{"href":"https:\/\/turnaround.cz\/restrukturalizacni-forum-2014\/wp-json\/wp\/v2\/pages\/10","targetHints":{"allow":["GET"]}}],"collection":[{"href":"https:\/\/turnaround.cz\/restrukturalizacni-forum-2014\/wp-json\/wp\/v2\/pages"}],"about":[{"href":"https:\/\/turnaround.cz\/restrukturalizacni-forum-2014\/wp-json\/wp\/v2\/types\/page"}],"author":[{"embeddable":true,"href":"https:\/\/turnaround.cz\/restrukturalizacni-forum-2014\/wp-json\/wp\/v2\/users\/1"}],"replies":[{"embeddable":true,"href":"https:\/\/turnaround.cz\/restrukturalizacni-forum-2014\/wp-json\/wp\/v2\/comments?post=10"}],"version-history":[{"count":3,"href":"https:\/\/turnaround.cz\/restrukturalizacni-forum-2014\/wp-json\/wp\/v2\/pages\/10\/revisions"}],"predecessor-version":[{"id":24,"href":"https:\/\/turnaround.cz\/restrukturalizacni-forum-2014\/wp-json\/wp\/v2\/pages\/10\/revisions\/24"}],"wp:attachment":[{"href":"https:\/\/turnaround.cz\/restrukturalizacni-forum-2014\/wp-json\/wp\/v2\/media?parent=10"}],"curies":[{"name":"wp","href":"https:\/\/api.w.org\/{rel}","templated":true}]}}