{"id":5,"date":"2015-09-22T01:50:50","date_gmt":"2015-09-22T00:50:50","guid":{"rendered":"http:\/\/turnaround.cz\/restrukturalizacni-forum-2014\/?page_id=5"},"modified":"2015-09-22T01:58:06","modified_gmt":"2015-09-22T00:58:06","slug":"program","status":"publish","type":"page","link":"https:\/\/turnaround.cz\/restrukturalizacni-forum-2014\/program\/","title":{"rendered":"Program"},"content":{"rendered":"<p><strong>\u00davod a p\u0159edstaven\u00ed Turnaround Management Association<\/strong><br \/>\nPetr Smutn\u00fd \u2013 p\u0159edseda TMA<br \/>\nDavid Plch \u2013 m\u00edstop\u0159edseda TMA<\/p>\n<p><strong>Makroekonomick\u00fd \u00favod<\/strong><br \/>\n<em>V\u00fdvoj a restrukturaliza\u010dn\u00ed trendy<\/em><br \/>\nDavid Marek (Deloitte)<\/p>\n<p><strong>Asset Quality Review &#038; Nov\u00e1 legislativa ECB<\/strong><br \/>\n<em>a jejich vliv na evropsk\u00fd bankovn\u00ed sektor v\u010detn\u011b praktick\u00fdch aspekt\u016f<\/em><br \/>\nBurkhard Eckes (PwC N\u011bmecko),<br \/>\nRichard Thompson (PwC UK)<\/p>\n<p><strong>Panelov\u00e1 diskuze na t\u00e9ma mezin\u00e1rodn\u00ed insolvence<\/strong><br \/>\nMagda Svoboda-Mascher (Baier Partners, Rakousko),<br \/>\nBoris Do\u010dekal (White&#038;Case UK), Milan Malata (MPH, Slovensko),<br \/>\nAndreas Ziegenhagen (Dentons, N\u011bmecko),<br \/>\nModeruje: David Plch<\/p>\n<p><strong>Panelov\u00e1 diskuze na t\u00e9ma dopad\u016f ekonomick\u00fdch probl\u00e9m\u016f korpor\u00e1tn\u00edch dlu\u017en\u00edk\u016f na dlu\u017en\u00edky z oblasti retailu<\/strong><br \/>\nKate\u0159ina Mart\u00ednkov\u00e1 (insolven\u010dn\u00ed spr\u00e1vkyn\u011b),<br \/>\nPetr Koci\u00e1n (exekutor), Rostislav Krhut (soudce),<br \/>\nMarek Pila\u0159 (Balcar Polansk\u00fd Eversheds),<br \/>\nDavid \u0160mejkal (Poradna p\u0159i finan\u010dn\u00ed t\u00edsni)<br \/>\nModeruje: Hana Mitkovov\u00e1<\/p>\n<p><strong>Case study: Restrukturalizace spole\u010dnosti Bestsport<\/strong><br \/>\nJind\u0159ich Arabasz (Clifford Chance), Radim Ba\u0161e (PwC),<br \/>\nTom\u00e1\u0161 Richter (Clifford Chance)<\/p>\n<p><strong>Panelov\u00e1 diskuze na t\u00e9ma insolvence z pohledu investora<\/strong><br \/>\nLud\u011bk Chvosta (White&#038;Case), Petr K\u0159\u00ed\u017e (M&#038;A, EY),<br \/>\nIvo Lazeck\u00fd (MSV Metal Stud\u00e9nka), Peter Vajda (Proxy Finance)<br \/>\nModeruje: Tom\u00e1\u0161 Sklen\u00e1\u0159<\/p>\n<p><strong>Diskuse a slovo z\u00e1v\u011brem<\/strong><br \/>\nPetr Smutn\u00fd \u2013 p\u0159edseda TMA; David Plch \u2013 m\u00edstop\u0159edseda TMA<\/p>\n<p><strong>Neform\u00e1ln\u00ed diskuse, sklenka v\u00edna<\/strong><\/p>","protected":false},"excerpt":{"rendered":"<p>\u00davod a p\u0159edstaven\u00ed Turnaround Management Association Petr Smutn\u00fd \u2013 p\u0159edseda TMA David Plch \u2013 m\u00edstop\u0159edseda TMA Makroekonomick\u00fd \u00favod V\u00fdvoj a restrukturaliza\u010dn\u00ed trendy David Marek (Deloitte) Asset Quality Review &#038; Nov\u00e1 legislativa ECB a jejich vliv na evropsk\u00fd bankovn\u00ed sektor v\u010detn\u011b praktick\u00fdch aspekt\u016f Burkhard Eckes (PwC N\u011bmecko), Richard Thompson (PwC UK) Panelov\u00e1 diskuze na t\u00e9ma mezin\u00e1rodn\u00ed&#8230;  <a class=\"excerpt-read-more\" href=\"https:\/\/turnaround.cz\/restrukturalizacni-forum-2014\/program\/\" title=\"Read Program\">Read more &raquo;<\/a><\/p>\n","protected":false},"author":1,"featured_media":0,"parent":0,"menu_order":0,"comment_status":"open","ping_status":"closed","template":"","meta":{"ngg_post_thumbnail":0,"footnotes":""},"class_list":["post-5","page","type-page","status-publish","hentry"],"acf":[],"_links":{"self":[{"href":"https:\/\/turnaround.cz\/restrukturalizacni-forum-2014\/wp-json\/wp\/v2\/pages\/5","targetHints":{"allow":["GET"]}}],"collection":[{"href":"https:\/\/turnaround.cz\/restrukturalizacni-forum-2014\/wp-json\/wp\/v2\/pages"}],"about":[{"href":"https:\/\/turnaround.cz\/restrukturalizacni-forum-2014\/wp-json\/wp\/v2\/types\/page"}],"author":[{"embeddable":true,"href":"https:\/\/turnaround.cz\/restrukturalizacni-forum-2014\/wp-json\/wp\/v2\/users\/1"}],"replies":[{"embeddable":true,"href":"https:\/\/turnaround.cz\/restrukturalizacni-forum-2014\/wp-json\/wp\/v2\/comments?post=5"}],"version-history":[{"count":3,"href":"https:\/\/turnaround.cz\/restrukturalizacni-forum-2014\/wp-json\/wp\/v2\/pages\/5\/revisions"}],"predecessor-version":[{"id":17,"href":"https:\/\/turnaround.cz\/restrukturalizacni-forum-2014\/wp-json\/wp\/v2\/pages\/5\/revisions\/17"}],"wp:attachment":[{"href":"https:\/\/turnaround.cz\/restrukturalizacni-forum-2014\/wp-json\/wp\/v2\/media?parent=5"}],"curies":[{"name":"wp","href":"https:\/\/api.w.org\/{rel}","templated":true}]}}