{"id":7,"date":"2015-09-22T01:51:00","date_gmt":"2015-09-22T00:51:00","guid":{"rendered":"http:\/\/turnaround.cz\/restrukturalizacni-forum-2014\/?page_id=7"},"modified":"2015-09-22T01:53:59","modified_gmt":"2015-09-22T00:53:59","slug":"prezentace","status":"publish","type":"page","link":"https:\/\/turnaround.cz\/restrukturalizacni-forum-2014\/prezentace\/","title":{"rendered":"Prezentace"},"content":{"rendered":"<p><strong>Prezentace z konference jsou ke sta\u017een\u00ed zde:<\/strong><\/p>\n<p><a href=\"http:\/\/www.turnaround.cz\/dokumenty\/1.Makroekonomicky_uvod_David_Marek.pdf\">David Marek \u2013 Makroekonomick\u00fd \u00favod<\/a><br \/>\n<a href=\"http:\/\/www.turnaround.cz\/dokumenty\/2.AQR_Burkhard_Eckes.pdf\">Burkhard Eckes \u2013 Asset Quality Review<\/a><br \/>\n<a href=\"http:\/\/www.turnaround.cz\/dokumenty\/3.NPLs_Richard_Thompson.pdf\">Richard Thompson \u2013 Non performing loans<\/a><br \/>\n<a href=\"http:\/\/www.turnaround.cz\/dokumenty\/4.Mezinarodni_insolvence_Andreas_Ziegenhagen.pdf\">Mezin\u00e1rodn\u00ed insolvence \u2013 Andreas Ziegenhagen (N\u011bmecko)<\/a><br \/>\n<a href=\"http:\/\/www.turnaround.cz\/dokumenty\/4.Mezinarodni_insolvence_Boris_Docekal.pdf\">Mezin\u00e1rodn\u00ed insolvence \u2013 Boris Do\u010dekal (Velk\u00e1 Brit\u00e1nie)<\/a><br \/>\n<a href=\"http:\/\/www.turnaround.cz\/dokumenty\/4.Mezinarodni_insolvence_Magda_Svoboda_Mascher.pdf\">Mezin\u00e1rodn\u00ed insolvence \u2013 Magda Svoboda-Mascher (Rakousko)<\/a><br \/>\n<a href=\"http:\/\/www.turnaround.cz\/dokumenty\/4.Mezinarodni_insolvence_Milan_Malata.pdf\">Mezin\u00e1rodn\u00ed insolvence \u2013 Milan Malata (Slovensko)<\/a><br \/>\n<a href=\"http:\/\/www.turnaround.cz\/dokumenty\/5.Panelova_diskuze_retail.pdf\">Panelov\u00e1 diskuze na t\u00e9ma dopad\u016f ekonomick\u00fdch probl\u00e9m\u016f korpor\u00e1tn\u00edch dlu\u017en\u00edk\u016f na dlu\u017en\u00edky z oblasti retailu<\/a><br \/>\n<a href=\"http:\/\/www.turnaround.cz\/dokumenty\/6.Case_Study_Restrukturalizace_Bestsport.pdf\">Case Study: Restrukturalizace spole\u010dnosti Bestsport<\/a><br \/>\n<a href=\"http:\/\/www.turnaround.cz\/dokumenty\/7.MSV_Metal_Studenka_Ivo_Lazecky.pdf\">Ivo Lazeck\u00fd \u2013 Krizov\u00fd management<\/a><\/p>","protected":false},"excerpt":{"rendered":"<p>Prezentace z konference jsou ke sta\u017een\u00ed zde: David Marek \u2013 Makroekonomick\u00fd \u00favod Burkhard Eckes \u2013 Asset Quality Review Richard Thompson \u2013 Non performing loans Mezin\u00e1rodn\u00ed insolvence \u2013 Andreas Ziegenhagen (N\u011bmecko) Mezin\u00e1rodn\u00ed insolvence \u2013 Boris Do\u010dekal (Velk\u00e1 Brit\u00e1nie) Mezin\u00e1rodn\u00ed insolvence \u2013 Magda Svoboda-Mascher (Rakousko) Mezin\u00e1rodn\u00ed insolvence \u2013 Milan Malata (Slovensko) Panelov\u00e1 diskuze na t\u00e9ma dopad\u016f ekonomick\u00fdch&#8230;  <a class=\"excerpt-read-more\" href=\"https:\/\/turnaround.cz\/restrukturalizacni-forum-2014\/prezentace\/\" title=\"Read Prezentace\">Read more &raquo;<\/a><\/p>\n","protected":false},"author":1,"featured_media":0,"parent":0,"menu_order":0,"comment_status":"open","ping_status":"open","template":"","meta":{"ngg_post_thumbnail":0,"footnotes":""},"class_list":["post-7","page","type-page","status-publish","hentry"],"acf":[],"_links":{"self":[{"href":"https:\/\/turnaround.cz\/restrukturalizacni-forum-2014\/wp-json\/wp\/v2\/pages\/7","targetHints":{"allow":["GET"]}}],"collection":[{"href":"https:\/\/turnaround.cz\/restrukturalizacni-forum-2014\/wp-json\/wp\/v2\/pages"}],"about":[{"href":"https:\/\/turnaround.cz\/restrukturalizacni-forum-2014\/wp-json\/wp\/v2\/types\/page"}],"author":[{"embeddable":true,"href":"https:\/\/turnaround.cz\/restrukturalizacni-forum-2014\/wp-json\/wp\/v2\/users\/1"}],"replies":[{"embeddable":true,"href":"https:\/\/turnaround.cz\/restrukturalizacni-forum-2014\/wp-json\/wp\/v2\/comments?post=7"}],"version-history":[{"count":2,"href":"https:\/\/turnaround.cz\/restrukturalizacni-forum-2014\/wp-json\/wp\/v2\/pages\/7\/revisions"}],"predecessor-version":[{"id":16,"href":"https:\/\/turnaround.cz\/restrukturalizacni-forum-2014\/wp-json\/wp\/v2\/pages\/7\/revisions\/16"}],"wp:attachment":[{"href":"https:\/\/turnaround.cz\/restrukturalizacni-forum-2014\/wp-json\/wp\/v2\/media?parent=7"}],"curies":[{"name":"wp","href":"https:\/\/api.w.org\/{rel}","templated":true}]}}