{"id":11,"date":"2015-09-09T15:52:21","date_gmt":"2015-09-09T14:52:21","guid":{"rendered":"http:\/\/turnaround.cz\/restrukturalizacni-forum-2015\/?page_id=11"},"modified":"2015-10-02T14:20:39","modified_gmt":"2015-10-02T13:20:39","slug":"informace","status":"publish","type":"page","link":"https:\/\/turnaround.cz\/restrukturalizacni-forum-2015\/en\/informace\/","title":{"rendered":"Information"},"content":{"rendered":"<p><strong>Date:<\/strong><br \/>\nNovember 9, 2015, 9:00 to 4:00 pm<br \/>\n(registration starts from 8.30 pm)<\/p>\n<p><strong>Venue:<\/strong><br \/>\nThe Congress Centre\u00a0of the Czech National Bank<br \/>\nSenov\u00e1\u017en\u00e9 n\u00e1m\u011bst\u00ed 30, Prague 1<\/p>\n<p><strong>Participation fee:<\/strong><br \/>\n2 900 CZK<br \/>\n<strong>Action 3 + 1 free<\/strong> (If registering 3 persons from one company, fourth entry is for free &#8211; please specify in the Note &#8220;3 + 1&#8221;)<\/p>\n<p><a href=\"http:\/\/turnaround.cz\/restrukturalizacni-forum-2015\/registrace\/\">Registration <\/a>by Thursday 5 November 2015<\/p>\n<p>Presentations and discussions will be mostly in Czech.<br \/>\nSimultaneous translation will\u00a0be provided\u00a0at the event.<\/p>","protected":false},"excerpt":{"rendered":"<p>Date: November 9, 2015, 9:00 to 4:00 pm (registration starts from 8.30 pm) Venue: The Congress Centre\u00a0of the Czech National Bank Senov\u00e1\u017en\u00e9 n\u00e1m\u011bst\u00ed 30, Prague 1 Participation fee: 2 900 CZK Action 3 + 1 free (If registering 3 persons from one company, fourth entry is for free &#8211; please specify in the Note &#8220;3&#8230;  <a class=\"excerpt-read-more\" href=\"https:\/\/turnaround.cz\/restrukturalizacni-forum-2015\/en\/informace\/\" title=\"Read Information\">Read more &raquo;<\/a><\/p>\n","protected":false},"author":1,"featured_media":0,"parent":0,"menu_order":0,"comment_status":"closed","ping_status":"closed","template":"","meta":{"ngg_post_thumbnail":0,"jetpack_post_was_ever_published":false,"footnotes":""},"class_list":["post-11","page","type-page","status-publish","hentry"],"acf":[],"jetpack_sharing_enabled":true,"jetpack_shortlink":"https:\/\/wp.me\/P6Wloj-b","_links":{"self":[{"href":"https:\/\/turnaround.cz\/restrukturalizacni-forum-2015\/en\/wp-json\/wp\/v2\/pages\/11","targetHints":{"allow":["GET"]}}],"collection":[{"href":"https:\/\/turnaround.cz\/restrukturalizacni-forum-2015\/en\/wp-json\/wp\/v2\/pages"}],"about":[{"href":"https:\/\/turnaround.cz\/restrukturalizacni-forum-2015\/en\/wp-json\/wp\/v2\/types\/page"}],"author":[{"embeddable":true,"href":"https:\/\/turnaround.cz\/restrukturalizacni-forum-2015\/en\/wp-json\/wp\/v2\/users\/1"}],"replies":[{"embeddable":true,"href":"https:\/\/turnaround.cz\/restrukturalizacni-forum-2015\/en\/wp-json\/wp\/v2\/comments?post=11"}],"version-history":[{"count":5,"href":"https:\/\/turnaround.cz\/restrukturalizacni-forum-2015\/en\/wp-json\/wp\/v2\/pages\/11\/revisions"}],"predecessor-version":[{"id":119,"href":"https:\/\/turnaround.cz\/restrukturalizacni-forum-2015\/en\/wp-json\/wp\/v2\/pages\/11\/revisions\/119"}],"wp:attachment":[{"href":"https:\/\/turnaround.cz\/restrukturalizacni-forum-2015\/en\/wp-json\/wp\/v2\/media?parent=11"}],"curies":[{"name":"wp","href":"https:\/\/api.w.org\/{rel}","templated":true}]}}