{"id":262,"date":"2015-11-10T14:47:57","date_gmt":"2015-11-10T13:47:57","guid":{"rendered":"http:\/\/turnaround.cz\/restrukturalizacni-forum-2015\/?page_id=262"},"modified":"2015-11-10T14:48:26","modified_gmt":"2015-11-10T13:48:26","slug":"podekovani","status":"publish","type":"page","link":"https:\/\/turnaround.cz\/restrukturalizacni-forum-2015\/en\/podekovani\/","title":{"rendered":"Pod\u011bkov\u00e1n\u00ed"},"content":{"rendered":"<p class=\"qtranxs-available-languages-message qtranxs-available-languages-message-en\">Sorry, this entry is only available in <a href=\"https:\/\/turnaround.cz\/restrukturalizacni-forum-2015\/cs\/wp-json\/wp\/v2\/pages\/262\" class=\"qtranxs-available-language-link qtranxs-available-language-link-cs\" title=\"Cesky\">Cesky<\/a>. For the sake of viewer convenience, the content is shown below in the alternative language. You may click the link to switch the active language.<\/p><p>D\u011bkujeme v\u0161em \u00fa\u010dastn\u00edk\u016fm a partner\u016fm 4. ro\u010dn\u00edku konference Restrukturaliza\u010dn\u00ed f\u00f3rum roku 2015, kter\u00e1 se uskute\u010dnila 9. listopadu 2015 v prostor\u00e1ch \u010cesk\u00e9 n\u00e1rodn\u00ed banky pod z\u00e1\u0161titou guvern\u00e9ra a \u010dlena Spr\u00e1vn\u00ed rady TMA, Miroslava Singera.<\/p>\n<p>Leto\u0161n\u00ed\u00a0konference se z\u00fa\u010dastnilo 150 odborn\u00edk\u016f na restrukturalizace z \u0159ad bank\u00e9\u0159\u016f, pr\u00e1vn\u00edk\u016f, insolven\u010dn\u00edch spr\u00e1vc\u016f, ekonomick\u00fdch poradc\u016f a dal\u0161\u00edch zainteresovan\u00fdch stran.<\/p>\n<p>D\u00edky spolupr\u00e1ci TMA a Podnikohospod\u00e1\u0159sk\u00e9 fakulty Vysok\u00e9 \u0161koly ekonomick\u00e9 v Praze se konference z\u00fa\u010dastnilo tak\u00e9 n\u011bkolik student\u016f.<\/p>\n<p>Hlavn\u00ed t\u00e9mata leto\u0161n\u00edho setk\u00e1n\u00ed s\u00a0podtitulem Restrukturalizace a trendy ve st\u0159edn\u00ed a v\u00fdchodn\u00ed Evrop\u011b m\u011bla mezin\u00e1rodn\u00ed p\u0159esah: panelov\u00e1 diskuze na t\u00e9ma non-performing loans (nespl\u00e1cen\u00fdch \u00fav\u011br\u016f) v\u00a0Evrop\u011b a v\u00a0\u010cesk\u00e9 republice, p\u0159\u00edpadov\u00e9 studie restrukturalizac\u00ed v\u00a0N\u011bmecku, Slovinsku a Slovensku a zku\u0161enosti interim mana\u017eera Axela Kocha z\u00a0restrukturalizacemi nap\u0159\u00ed\u010d Evropou.<\/p>\n<p>Odpoledne nav\u00e1zala panelov\u00e1 diskuze s\u00a0\u00fa\u010dast\u00ed z\u00e1stupce Ministerstva spravedlnosti \u010cR na t\u00e9ma novelizace insolven\u010dn\u00edho z\u00e1kona. Odborn\u00e1 \u010d\u00e1st konference byla zakon\u010dena diskuz\u00ed na t\u00e9ma nekal\u00fdch praktik a forenzn\u00edch technik. Mno\u017estv\u00ed dotaz\u016f potvrdilo z\u00e1jem odborn\u00e9 ve\u0159ejnosti o prezentovan\u00e1 t\u00e9mata. Na z\u00e1v\u011br byl prostor pro neform\u00e1ln\u00ed setk\u00e1n\u00ed \u00fa\u010dastn\u00edk\u016f p\u0159i sklence v\u00edna.<\/p>","protected":false},"excerpt":{"rendered":"<p>Sorry, this entry is only available in Cesky. For the sake of viewer convenience, the content is shown below in the alternative language. You may click the link to switch the active language.D\u011bkujeme v\u0161em \u00fa\u010dastn\u00edk\u016fm a partner\u016fm 4. ro\u010dn\u00edku konference Restrukturaliza\u010dn\u00ed f\u00f3rum roku 2015, kter\u00e1 se uskute\u010dnila 9. listopadu 2015 v prostor\u00e1ch \u010cesk\u00e9 n\u00e1rodn\u00ed banky&#8230;  <a class=\"excerpt-read-more\" href=\"https:\/\/turnaround.cz\/restrukturalizacni-forum-2015\/en\/podekovani\/\" title=\"Read Pod\u011bkov\u00e1n\u00ed\">Read more &raquo;<\/a><\/p>\n","protected":false},"author":2,"featured_media":0,"parent":0,"menu_order":0,"comment_status":"closed","ping_status":"closed","template":"","meta":{"ngg_post_thumbnail":0,"jetpack_post_was_ever_published":false,"footnotes":""},"class_list":["post-262","page","type-page","status-publish","hentry"],"acf":[],"jetpack_sharing_enabled":true,"jetpack_shortlink":"https:\/\/wp.me\/P6Wloj-4e","_links":{"self":[{"href":"https:\/\/turnaround.cz\/restrukturalizacni-forum-2015\/en\/wp-json\/wp\/v2\/pages\/262","targetHints":{"allow":["GET"]}}],"collection":[{"href":"https:\/\/turnaround.cz\/restrukturalizacni-forum-2015\/en\/wp-json\/wp\/v2\/pages"}],"about":[{"href":"https:\/\/turnaround.cz\/restrukturalizacni-forum-2015\/en\/wp-json\/wp\/v2\/types\/page"}],"author":[{"embeddable":true,"href":"https:\/\/turnaround.cz\/restrukturalizacni-forum-2015\/en\/wp-json\/wp\/v2\/users\/2"}],"replies":[{"embeddable":true,"href":"https:\/\/turnaround.cz\/restrukturalizacni-forum-2015\/en\/wp-json\/wp\/v2\/comments?post=262"}],"version-history":[{"count":1,"href":"https:\/\/turnaround.cz\/restrukturalizacni-forum-2015\/en\/wp-json\/wp\/v2\/pages\/262\/revisions"}],"predecessor-version":[{"id":263,"href":"https:\/\/turnaround.cz\/restrukturalizacni-forum-2015\/en\/wp-json\/wp\/v2\/pages\/262\/revisions\/263"}],"wp:attachment":[{"href":"https:\/\/turnaround.cz\/restrukturalizacni-forum-2015\/en\/wp-json\/wp\/v2\/media?parent=262"}],"curies":[{"name":"wp","href":"https:\/\/api.w.org\/{rel}","templated":true}]}}