{"id":6,"date":"2015-09-09T14:36:51","date_gmt":"2015-09-09T13:36:51","guid":{"rendered":"http:\/\/turnaround.cz\/restrukturalizacni-forum-2015\/?page_id=6"},"modified":"2015-11-11T19:43:24","modified_gmt":"2015-11-11T18:43:24","slug":"program","status":"publish","type":"page","link":"https:\/\/turnaround.cz\/restrukturalizacni-forum-2015\/en\/program\/","title":{"rendered":"Programme"},"content":{"rendered":"<p><\/p>\n<table class=\"program\">\n<thead>\n<tr>\n<th width=\"120px\">Time<\/th>\n<th>Topic<\/th>\n<\/tr>\n<\/thead>\n<tbody>\n<tr>\n<td>8:30 &#8211; 9:00<\/td>\n<td>Conference breakfast and registration<\/td>\n<\/tr>\n<tr>\n<td>9:00 &#8211; 9:15<\/td>\n<td><strong>Welcome and Opening Address<\/strong><br \/>\n<a href=\"http:\/\/turnaround.cz\/restrukturalizacni-forum-2015\/en\/prednasejici\/#smutny1\">Petr Smutn\u00fd<\/a> \u2013 TMA president<br \/>\n<a href=\"http:\/\/turnaround.cz\/restrukturalizacni-forum-2015\/en\/prednasejici\/#plch1\">David Plch<\/a> \u2013 TMA vice-president<\/td>\n<\/tr>\n<tr>\n<td>9:15 \u2013 9:45<\/td>\n<td><strong>Non-systemic reasons for difficulties in times of economic growth<\/strong><br \/>\nLuk\u00e1\u0161 Hor\u00e1\u010dek (Komer\u010dn\u00ed banka)<br \/>\nPavel Proch\u00e1zka (Komer\u010dn\u00ed banka)<\/td>\n<\/tr>\n<tr>\n<td>9:45 \u2013 10:45<\/td>\n<td><strong>Panel session: Non-Performing Loans<\/strong><br \/>\n<em>Opportunity for investors<br \/>\n<\/em><a href=\"http:\/\/turnaround.cz\/restrukturalizacni-forum-2015\/en\/prednasejici\/#behounek1\">Jan B\u011bhounek<\/a> (CollectionsPro)<br \/>\n<a href=\"http:\/\/turnaround.cz\/restrukturalizacni-forum-2015\/en\/prednasejici\/#machon1\">Martin Macho\u0148<\/a> (APS Holding)<br \/>\n<a href=\"http:\/\/turnaround.cz\/restrukturalizacni-forum-2015\/en\/prednasejici\/#pechouckova1\">Jana P\u011bchou\u010dkov\u00e1<\/a> (GE Money Bank)<br \/>\n<a href=\"http:\/\/turnaround.cz\/restrukturalizacni-forum-2015\/en\/prednasejici\/#rasovsky1\">Tom\u00e1\u0161 Ra\u0161ovsk\u00fd<\/a> (EuroCollectNet)<br \/>\n<a href=\"http:\/\/turnaround.cz\/restrukturalizacni-forum-2015\/en\/prednasejici\/#wallenfels1\">Ji\u0159\u00ed Wallenfels<\/a> (Executor Office Klatovy)<br \/>\nChair: <a href=\"http:\/\/turnaround.cz\/restrukturalizacni-forum-2015\/en\/prednasejici\/#smutny1\">Petr Smutn\u00fd<\/a> (PwC)<\/td>\n<\/tr>\n<tr>\n<td>10:45 &#8211; 11:15<\/td>\n<td>Coffee and networking break<\/td>\n<\/tr>\n<tr>\n<td>11:15 \u2013 11:45<\/td>\n<td><strong>Preserving Value in Challenging Times<\/strong><br \/>\n<em>\u201e5-Haven\u201c Investment<\/em><br \/>\n<em>International restructuring insights<\/em><br \/>\n<a href=\"http:\/\/turnaround.cz\/restrukturalizacni-forum-2015\/en\/prednasejici\/#saint-denis1\">Georg Saint-Denis<\/a> (5-Haven, Ch. Renz, Germany)<br \/>\n<a href=\"http:\/\/turnaround.cz\/restrukturalizacni-forum-2015\/en\/prednasejici\/#koch1\">Axel Koch<\/a> (5-Haven, OKA-Y Consult, Switzerland)<\/td>\n<\/tr>\n<tr>\n<td>11:45 \u2013 12:15<\/td>\n<td><strong>Case study: Hidria (Slovinsko)<br \/>\n<\/strong><em>Innovative financial restructuring of a major automotive supplier in Slovenia<\/em><br \/>\n<a href=\"http:\/\/turnaround.cz\/restrukturalizacni-forum-2015\/en\/prednasejici\/#smutny1\">Petr Smutn\u00fd<\/a> (PwC)<\/td>\n<\/tr>\n<tr>\n<td>12:15\u2013 13:30<\/td>\n<td>Lunch<\/td>\n<\/tr>\n<tr>\n<td>13:30 \u2013 14:30<\/td>\n<td><strong>Panel session: Amendment to the Czech Insolvency Act<\/strong><br \/>\n<a href=\"http:\/\/turnaround.cz\/restrukturalizacni-forum-2015\/en\/prednasejici\/#alexander1\">Juraj Alexander<\/a> (Dentons)<br \/>\nDaniel H\u0159\u00edbal (\u010cesk\u00e1 spo\u0159itelna)<br \/>\n<a href=\"http:\/\/turnaround.cz\/restrukturalizacni-forum-2015\/en\/prednasejici\/#richter1\">Tom\u00e1\u0161 Richter<\/a> (Clifford Chance)<br \/>\nAnton\u00edn Stanislav (Ministry of Justice)<br \/>\nChair: <a href=\"http:\/\/turnaround.cz\/restrukturalizacni-forum-2015\/en\/prednasejici\/#plch1\">David Plch<\/a> (White&amp;Case)<\/td>\n<\/tr>\n<tr>\n<td>14:30 &#8211; 15:15<\/td>\n<td><strong>Panel discussion on forensic techniques in insolvency proceedings<\/strong><br \/>\n<a href=\"http:\/\/turnaround.cz\/restrukturalizacni-forum-2015\/en\/prednasejici\/#herczeg1\">Ji\u0159\u00ed Herczeg<\/a> (White&amp;Case)<br \/>\n<a href=\"http:\/\/turnaround.cz\/restrukturalizacni-forum-2015\/en\/prednasejici\/#holodnak1\">Maro\u0161 Holod\u0148\u00e1k<\/a> (KPMG)<br \/>\nJi\u0159\u00ed Klumpar (Raiffeisenbank)<br \/>\nChair: <a href=\"http:\/\/turnaround.cz\/restrukturalizacni-forum-2015\/en\/prednasejici\/#kafka1\">Tom\u00e1\u0161 Kafka<\/a> (EY)<\/td>\n<\/tr>\n<tr>\n<td>15:15 &#8211; 15:45<\/td>\n<td><strong>Open forum<\/strong><br \/>\n<a href=\"http:\/\/turnaround.cz\/restrukturalizacni-forum-2015\/en\/prednasejici\/#smutny1\">Petr Smutn\u00fd<\/a> \u2013 TMA president<br \/>\n<a href=\"http:\/\/turnaround.cz\/restrukturalizacni-forum-2015\/en\/prednasejici\/#plch1\">David Plch<\/a> \u2013 TMA vice-president<\/td>\n<\/tr>\n<tr>\n<td>15:45 \u2013 16:30<\/td>\n<td>Champagne reception and networking<\/td>\n<\/tr>\n<\/tbody>\n<\/table>\n<p><\/p>","protected":false},"excerpt":{"rendered":"<p>Time Topic 8:30 &#8211; 9:00 Conference breakfast and registration 9:00 &#8211; 9:15 Welcome and Opening Address Petr Smutn\u00fd \u2013 TMA president David Plch \u2013 TMA vice-president 9:15 \u2013 9:45 Non-systemic reasons for difficulties in times of economic growth Luk\u00e1\u0161 Hor\u00e1\u010dek (Komer\u010dn\u00ed banka) Pavel Proch\u00e1zka (Komer\u010dn\u00ed banka) 9:45 \u2013 10:45 Panel session: Non-Performing Loans Opportunity for&#8230;  <a class=\"excerpt-read-more\" href=\"https:\/\/turnaround.cz\/restrukturalizacni-forum-2015\/en\/program\/\" title=\"Read Programme\">Read more &raquo;<\/a><\/p>\n","protected":false},"author":1,"featured_media":0,"parent":0,"menu_order":0,"comment_status":"closed","ping_status":"closed","template":"","meta":{"ngg_post_thumbnail":0,"jetpack_post_was_ever_published":false,"footnotes":""},"class_list":["post-6","page","type-page","status-publish","hentry"],"acf":[],"jetpack_sharing_enabled":true,"jetpack_shortlink":"https:\/\/wp.me\/P6Wloj-6","_links":{"self":[{"href":"https:\/\/turnaround.cz\/restrukturalizacni-forum-2015\/en\/wp-json\/wp\/v2\/pages\/6","targetHints":{"allow":["GET"]}}],"collection":[{"href":"https:\/\/turnaround.cz\/restrukturalizacni-forum-2015\/en\/wp-json\/wp\/v2\/pages"}],"about":[{"href":"https:\/\/turnaround.cz\/restrukturalizacni-forum-2015\/en\/wp-json\/wp\/v2\/types\/page"}],"author":[{"embeddable":true,"href":"https:\/\/turnaround.cz\/restrukturalizacni-forum-2015\/en\/wp-json\/wp\/v2\/users\/1"}],"replies":[{"embeddable":true,"href":"https:\/\/turnaround.cz\/restrukturalizacni-forum-2015\/en\/wp-json\/wp\/v2\/comments?post=6"}],"version-history":[{"count":52,"href":"https:\/\/turnaround.cz\/restrukturalizacni-forum-2015\/en\/wp-json\/wp\/v2\/pages\/6\/revisions"}],"predecessor-version":[{"id":315,"href":"https:\/\/turnaround.cz\/restrukturalizacni-forum-2015\/en\/wp-json\/wp\/v2\/pages\/6\/revisions\/315"}],"wp:attachment":[{"href":"https:\/\/turnaround.cz\/restrukturalizacni-forum-2015\/en\/wp-json\/wp\/v2\/media?parent=6"}],"curies":[{"name":"wp","href":"https:\/\/api.w.org\/{rel}","templated":true}]}}