{"id":309,"date":"2015-11-11T19:39:02","date_gmt":"2015-11-11T18:39:02","guid":{"rendered":"http:\/\/turnaround.cz\/restrukturalizacni-forum-2015\/?page_id=309"},"modified":"2015-11-11T19:46:03","modified_gmt":"2015-11-11T18:46:03","slug":"prezentace","status":"publish","type":"page","link":"https:\/\/turnaround.cz\/restrukturalizacni-forum-2015\/prezentace\/","title":{"rendered":"Prezentace"},"content":{"rendered":"<p><a href=\"http:\/\/turnaround.cz\/restrukturalizacni-forum-2015\/wp-content\/uploads\/sites\/2\/2015\/11\/Jan-Behounek-NPLs-v-CR.pdf\">Jan B\u011bhounek &#8211; NPLs v \u010cr<\/a><\/p>\n<p><a href=\"http:\/\/turnaround.cz\/restrukturalizacni-forum-2015\/wp-content\/uploads\/sites\/2\/2015\/11\/Pavel-Prochazka-Lukas-Horacek-Nesystemove-priciny-obtizi-podniku.pdf\">Pavel Proch\u00e1zka, Luk\u00e1\u0161 Hor\u00e1\u010dek &#8211; Nesyst\u00e9mov\u00e9 p\u0159\u00ed\u010diny obt\u00ed\u017e\u00ed podniku<\/a><\/p>\n<p><a href=\"http:\/\/turnaround.cz\/restrukturalizacni-forum-2015\/wp-content\/uploads\/sites\/2\/2015\/11\/Tomas-Sklenar-Dynamika-a-zvraty-uveroveho-financovani-podniku-v-krizi.pdf\">Tom\u00e1\u0161 Sklen\u00e1\u0159 &#8211; Dynamika a zvraty \u00fav\u011brov\u00e9ho financov\u00e1n\u00ed podniku v krizi<\/a><\/p>\n<p><a href=\"http:\/\/turnaround.cz\/restrukturalizacni-forum-2015\/wp-content\/uploads\/sites\/2\/2015\/11\/Martin-Machon-Leading-distressed-debt-recoverz-and-investment-platform-in-CEE-and-SEE.pdf\">Martin Macho\u0148 &#8211; Leading distressed debt recoverz and investment platform in CEE and SEE<\/a><\/p>\n","protected":false},"excerpt":{"rendered":"<p>Jan B\u011bhounek &#8211; NPLs v \u010cr Pavel Proch\u00e1zka, Luk\u00e1\u0161 Hor\u00e1\u010dek &#8211; Nesyst\u00e9mov\u00e9 p\u0159\u00ed\u010diny obt\u00ed\u017e\u00ed podniku Tom\u00e1\u0161 Sklen\u00e1\u0159 &#8211; Dynamika a zvraty \u00fav\u011brov\u00e9ho financov\u00e1n\u00ed podniku v krizi Martin Macho\u0148 &#8211; Leading distressed debt recoverz and investment platform in CEE and SEE<\/p>\n","protected":false},"author":1,"featured_media":0,"parent":0,"menu_order":0,"comment_status":"closed","ping_status":"closed","template":"","meta":{"ngg_post_thumbnail":0,"jetpack_post_was_ever_published":false,"footnotes":""},"class_list":["post-309","page","type-page","status-publish","hentry"],"acf":[],"jetpack_sharing_enabled":true,"jetpack_shortlink":"https:\/\/wp.me\/P6Wloj-4Z","_links":{"self":[{"href":"https:\/\/turnaround.cz\/restrukturalizacni-forum-2015\/wp-json\/wp\/v2\/pages\/309","targetHints":{"allow":["GET"]}}],"collection":[{"href":"https:\/\/turnaround.cz\/restrukturalizacni-forum-2015\/wp-json\/wp\/v2\/pages"}],"about":[{"href":"https:\/\/turnaround.cz\/restrukturalizacni-forum-2015\/wp-json\/wp\/v2\/types\/page"}],"author":[{"embeddable":true,"href":"https:\/\/turnaround.cz\/restrukturalizacni-forum-2015\/wp-json\/wp\/v2\/users\/1"}],"replies":[{"embeddable":true,"href":"https:\/\/turnaround.cz\/restrukturalizacni-forum-2015\/wp-json\/wp\/v2\/comments?post=309"}],"version-history":[{"count":2,"href":"https:\/\/turnaround.cz\/restrukturalizacni-forum-2015\/wp-json\/wp\/v2\/pages\/309\/revisions"}],"predecessor-version":[{"id":319,"href":"https:\/\/turnaround.cz\/restrukturalizacni-forum-2015\/wp-json\/wp\/v2\/pages\/309\/revisions\/319"}],"wp:attachment":[{"href":"https:\/\/turnaround.cz\/restrukturalizacni-forum-2015\/wp-json\/wp\/v2\/media?parent=309"}],"curies":[{"name":"wp","href":"https:\/\/api.w.org\/{rel}","templated":true}]}}