{"id":37,"date":"2015-09-15T15:34:31","date_gmt":"2015-09-15T14:34:31","guid":{"rendered":"http:\/\/turnaround.cz\/restrukturalizacni-forum-2015\/?page_id=37"},"modified":"2015-10-02T14:22:21","modified_gmt":"2015-10-02T13:22:21","slug":"kontakt","status":"publish","type":"page","link":"https:\/\/turnaround.cz\/restrukturalizacni-forum-2015\/kontakt\/","title":{"rendered":"Kontakt"},"content":{"rendered":"<p><strong>Kontakt pro p\u0159\u00edpadn\u00e9 dotazy:<\/strong><br \/>\nLudmila Barborkov\u00e1<br \/>\n<a href=\"mailto:konference@turnaround.cz\">konference@turnaround.cz<\/a><\/p>","protected":false},"excerpt":{"rendered":"<p>Kontakt pro p\u0159\u00edpadn\u00e9 dotazy: Ludmila Barborkov\u00e1 konference@turnaround.cz<\/p>\n","protected":false},"author":1,"featured_media":0,"parent":0,"menu_order":0,"comment_status":"closed","ping_status":"closed","template":"","meta":{"ngg_post_thumbnail":0,"jetpack_post_was_ever_published":false,"footnotes":""},"class_list":["post-37","page","type-page","status-publish","hentry"],"acf":[],"jetpack_sharing_enabled":true,"jetpack_shortlink":"https:\/\/wp.me\/P6Wloj-B","_links":{"self":[{"href":"https:\/\/turnaround.cz\/restrukturalizacni-forum-2015\/wp-json\/wp\/v2\/pages\/37","targetHints":{"allow":["GET"]}}],"collection":[{"href":"https:\/\/turnaround.cz\/restrukturalizacni-forum-2015\/wp-json\/wp\/v2\/pages"}],"about":[{"href":"https:\/\/turnaround.cz\/restrukturalizacni-forum-2015\/wp-json\/wp\/v2\/types\/page"}],"author":[{"embeddable":true,"href":"https:\/\/turnaround.cz\/restrukturalizacni-forum-2015\/wp-json\/wp\/v2\/users\/1"}],"replies":[{"embeddable":true,"href":"https:\/\/turnaround.cz\/restrukturalizacni-forum-2015\/wp-json\/wp\/v2\/comments?post=37"}],"version-history":[{"count":5,"href":"https:\/\/turnaround.cz\/restrukturalizacni-forum-2015\/wp-json\/wp\/v2\/pages\/37\/revisions"}],"predecessor-version":[{"id":122,"href":"https:\/\/turnaround.cz\/restrukturalizacni-forum-2015\/wp-json\/wp\/v2\/pages\/37\/revisions\/122"}],"wp:attachment":[{"href":"https:\/\/turnaround.cz\/restrukturalizacni-forum-2015\/wp-json\/wp\/v2\/media?parent=37"}],"curies":[{"name":"wp","href":"https:\/\/api.w.org\/{rel}","templated":true}]}}