{"id":6,"date":"2015-09-09T14:36:51","date_gmt":"2015-09-09T13:36:51","guid":{"rendered":"http:\/\/turnaround.cz\/restrukturalizacni-forum-2015\/?page_id=6"},"modified":"2015-11-11T19:43:24","modified_gmt":"2015-11-11T18:43:24","slug":"program","status":"publish","type":"page","link":"https:\/\/turnaround.cz\/restrukturalizacni-forum-2015\/program\/","title":{"rendered":"Program"},"content":{"rendered":"<p><\/p>\n<table class=\"program\">\n<thead>\n<tr>\n<th width=\"120px\">\u010cas<\/th>\n<th>Program<\/th>\n<\/tr>\n<\/thead>\n<tbody>\n<tr>\n<td>8:30 &#8211; 9:00<\/td>\n<td>Registrace \u00fa\u010dastn\u00edk\u016f, sn\u00eddan\u011b<\/td>\n<\/tr>\n<tr>\n<td>9:00 &#8211; 9:15<\/td>\n<td><strong>\u00davod a p\u0159edstaven\u00ed Turnaround Management Association<\/strong><br \/>\n<a href=\"http:\/\/turnaround.cz\/restrukturalizacni-forum-2015\/prednasejici\/#smutny\">Petr Smutn\u00fd<\/a> \u2013 p\u0159edseda TMA<br \/>\n<a href=\"http:\/\/turnaround.cz\/restrukturalizacni-forum-2015\/prednasejici\/#plch\">David Plch<\/a> \u2013 m\u00edstop\u0159edseda TMA<\/td>\n<\/tr>\n<tr>\n<td>9:15 \u2013 9:45<\/td>\n<td><strong>Nesyst\u00e9mov\u00e9 p\u0159\u00ed\u010diny obt\u00ed\u017e\u00ed podniku v dob\u011b ekonomick\u00e9ho r\u016fstu<\/strong><br \/>\nLuk\u00e1\u0161 Hor\u00e1\u010dek (Komer\u010dn\u00ed banka)<br \/>\nPavel Proch\u00e1zka (Komer\u010dn\u00ed banka) <a href=\"http:\/\/turnaround.cz\/restrukturalizacni-forum-2015\/wp-content\/uploads\/sites\/2\/2015\/11\/Pavel-Prochazka-Lukas-Horacek-Nesystemove-priciny-obtizi-podniku.pdf\">prezentace<\/a><\/td>\n<\/tr>\n<tr>\n<td>9:45 \u2013 10:45<\/td>\n<td><strong>Panelov\u00e1 diskuze na t\u00e9ma Non-Performing Loans<\/strong><br \/>\n<em>Aneb p\u0159\u00edle\u017eitost pro investory<br \/>\n<\/em><a href=\"http:\/\/turnaround.cz\/restrukturalizacni-forum-2015\/prednasejici\/#behounek\">Jan B\u011bhounek<\/a> (CollectionsPro) <a href=\"http:\/\/turnaround.cz\/restrukturalizacni-forum-2015\/wp-content\/uploads\/sites\/2\/2015\/11\/Jan-Behounek-NPLs-v-CR.pdf\">prezentace<\/a><br \/>\n<a href=\"http:\/\/turnaround.cz\/restrukturalizacni-forum-2015\/prednasejici\/#machon\">Martin Macho\u0148<\/a> (APS Holding) <a href=\"http:\/\/turnaround.cz\/restrukturalizacni-forum-2015\/wp-content\/uploads\/sites\/2\/2015\/11\/Martin-Machon-Leading-distressed-debt-recoverz-and-investment-platform-in-CEE-and-SEE.pdf\">prezentace<\/a><br \/>\n<a href=\"http:\/\/turnaround.cz\/restrukturalizacni-forum-2015\/prednasejici\/#pechouckova\">Jana P\u011bchou\u010dkov\u00e1<\/a> (GE Money Bank)<br \/>\n<a href=\"http:\/\/turnaround.cz\/restrukturalizacni-forum-2015\/prednasejici\/#rasovsky\">Tom\u00e1\u0161 Ra\u0161ovsk\u00fd<\/a> (EuroCollectNet)<br \/>\n<a href=\"http:\/\/turnaround.cz\/restrukturalizacni-forum-2015\/prednasejici\/#wallenfels\">Ji\u0159\u00ed Wallenfels<\/a> (Exekutorsk\u00fd \u00fa\u0159ad Klatovy)<br \/>\nModer\u00e1tor: <a href=\"http:\/\/turnaround.cz\/restrukturalizacni-forum-2015\/prednasejici\/#smutny\">Petr Smutn\u00fd<\/a> (PwC)<\/td>\n<\/tr>\n<tr>\n<td>10:45 &#8211; 11:15<\/td>\n<td>P\u0159est\u00e1vka<\/td>\n<\/tr>\n<tr>\n<td>11:15 \u2013 11:45<\/td>\n<td><strong>Zachov\u00e1n\u00ed hodnoty v\u00a0nelehk\u00fdch dob\u00e1ch<\/strong><br \/>\n<em>Investov\u00e1n\u00ed na zp\u016fsob \u201e5-Haven\u201c<\/em><br \/>\n<em>Zku\u0161enosti z\u00a0mezin\u00e1rodn\u00edch restrukturalizac\u00ed<\/em><br \/>\n<a href=\"http:\/\/turnaround.cz\/restrukturalizacni-forum-2015\/prednasejici\/#saint-denis\">Georg Saint-Denis<\/a> (5-Haven, Ch. Renz, N\u011bmecko)<br \/>\n<a href=\"http:\/\/turnaround.cz\/restrukturalizacni-forum-2015\/prednasejici\/#koch\">Axel Koch<\/a> (5-Haven, OKA-Y Consult, \u0160v\u00fdcarsko)<\/td>\n<\/tr>\n<tr>\n<td>11:45 \u2013 12:15<\/td>\n<td><strong>Case study: Hidria (Slovinsko)<br \/>\n<\/strong><em>Inovativn\u00ed finan\u010dn\u00ed restrukturalizace hlavn\u00edho dodavatele automobilov\u00e9ho pr\u016fmyslu ve Slovinsku<\/em><br \/>\n<a href=\"http:\/\/turnaround.cz\/restrukturalizacni-forum-2015\/prednasejici\/#smutny\">Petr Smutn\u00fd<\/a> (PwC)<\/td>\n<\/tr>\n<tr>\n<td>12:15\u2013 12:45<\/td>\n<td><strong>Diskuse k prvn\u00edmu bloku<\/strong><br \/>\n<a href=\"http:\/\/turnaround.cz\/restrukturalizacni-forum-2015\/prednasejici\/#smutny\">Petr Smutn\u00fd<\/a> \u2013 p\u0159edseda TMA<br \/>\n<a href=\"http:\/\/turnaround.cz\/restrukturalizacni-forum-2015\/prednasejici\/#plch\">David Plch<\/a> \u2013 m\u00edstop\u0159edseda TMA<\/td>\n<\/tr>\n<tr>\n<td>12:45\u2013 14:15<\/td>\n<td>Ob\u011bd<\/td>\n<\/tr>\n<tr>\n<td>14:15 \u2013 15:00<\/td>\n<td><strong>Panelov\u00e1 diskuze na t\u00e9ma novelizace insolven\u010dn\u00edho z\u00e1kona<\/strong><br \/>\n<a href=\"http:\/\/turnaround.cz\/restrukturalizacni-forum-2015\/prednasejici\/#alexander\">Juraj Alexander<\/a> (Dentons)<br \/>\nDaniel H\u0159\u00edbal (\u010cesk\u00e1 spo\u0159itelna)<br \/>\n<a href=\"http:\/\/turnaround.cz\/restrukturalizacni-forum-2015\/prednasejici\/#richter\">Tom\u00e1\u0161 Richter<\/a> (Clifford Chance)<br \/>\nAnton\u00edn Stanislav (Ministerstvo spravedlnosti \u010cR)<br \/>\nModer\u00e1tor: <a href=\"http:\/\/turnaround.cz\/restrukturalizacni-forum-2015\/prednasejici\/#plch\">David Plch<\/a> (White&#038;Case)<\/td>\n<\/tr>\n<tr>\n<td>15:00 &#8211; 15:45<\/td>\n<td><strong>Panelov\u00e1 diskuze na t\u00e9ma nekal\u00fdch praktik a forenzn\u00edch technik<\/strong><br \/>\n<a href=\"http:\/\/turnaround.cz\/restrukturalizacni-forum-2015\/prednasejici\/#herczeg\">Ji\u0159\u00ed Herczeg<\/a> (White&#038;Case)<br \/>\n<a href=\"http:\/\/turnaround.cz\/restrukturalizacni-forum-2015\/prednasejici\/#holodnak\">Maro\u0161 Holod\u0148\u00e1k<\/a> (KPMG)<br \/>\nJi\u0159\u00ed Klumpar (Raiffeisenbank)<br \/>\nModer\u00e1tor: <a href=\"http:\/\/turnaround.cz\/restrukturalizacni-forum-2015\/prednasejici\/#kafka\">Tom\u00e1\u0161 Kafka<\/a> (EY)<\/td>\n<\/tr>\n<tr>\n<td>15:45 &#8211; 16:15<\/td>\n<td><strong>Diskuse k druh\u00e9mu bloku a slovo z\u00e1v\u011brem<\/strong><br \/>\n<a href=\"http:\/\/turnaround.cz\/restrukturalizacni-forum-2015\/prednasejici\/#smutny\">Petr Smutn\u00fd<\/a> \u2013 p\u0159edseda TMA<br \/>\n<a href=\"http:\/\/turnaround.cz\/restrukturalizacni-forum-2015\/prednasejici\/#plch\">David Plch<\/a> \u2013 m\u00edstop\u0159edseda TMA<\/td>\n<\/tr>\n<tr>\n<td>16:15 \u2013 17:00<\/td>\n<td>Neform\u00e1ln\u00ed diskuse, sklenka v\u00edna<\/td>\n<\/tr>\n<\/tbody>\n<\/table>\n<p><\/p>","protected":false},"excerpt":{"rendered":"<p>\u010cas Program 8:30 &#8211; 9:00 Registrace \u00fa\u010dastn\u00edk\u016f, sn\u00eddan\u011b 9:00 &#8211; 9:15 \u00davod a p\u0159edstaven\u00ed Turnaround Management Association Petr Smutn\u00fd \u2013 p\u0159edseda TMA David Plch \u2013 m\u00edstop\u0159edseda TMA 9:15 \u2013 9:45 Nesyst\u00e9mov\u00e9 p\u0159\u00ed\u010diny obt\u00ed\u017e\u00ed podniku v dob\u011b ekonomick\u00e9ho r\u016fstu Luk\u00e1\u0161 Hor\u00e1\u010dek (Komer\u010dn\u00ed banka) Pavel Proch\u00e1zka (Komer\u010dn\u00ed banka) prezentace 9:45 \u2013 10:45 Panelov\u00e1 diskuze na t\u00e9ma Non-Performing&#8230;  <a class=\"excerpt-read-more\" href=\"https:\/\/turnaround.cz\/restrukturalizacni-forum-2015\/program\/\" title=\"Read Program\">Read more &raquo;<\/a><\/p>\n","protected":false},"author":1,"featured_media":0,"parent":0,"menu_order":0,"comment_status":"closed","ping_status":"closed","template":"","meta":{"ngg_post_thumbnail":0,"jetpack_post_was_ever_published":false,"footnotes":""},"class_list":["post-6","page","type-page","status-publish","hentry"],"acf":[],"jetpack_sharing_enabled":true,"jetpack_shortlink":"https:\/\/wp.me\/P6Wloj-6","_links":{"self":[{"href":"https:\/\/turnaround.cz\/restrukturalizacni-forum-2015\/wp-json\/wp\/v2\/pages\/6","targetHints":{"allow":["GET"]}}],"collection":[{"href":"https:\/\/turnaround.cz\/restrukturalizacni-forum-2015\/wp-json\/wp\/v2\/pages"}],"about":[{"href":"https:\/\/turnaround.cz\/restrukturalizacni-forum-2015\/wp-json\/wp\/v2\/types\/page"}],"author":[{"embeddable":true,"href":"https:\/\/turnaround.cz\/restrukturalizacni-forum-2015\/wp-json\/wp\/v2\/users\/1"}],"replies":[{"embeddable":true,"href":"https:\/\/turnaround.cz\/restrukturalizacni-forum-2015\/wp-json\/wp\/v2\/comments?post=6"}],"version-history":[{"count":52,"href":"https:\/\/turnaround.cz\/restrukturalizacni-forum-2015\/wp-json\/wp\/v2\/pages\/6\/revisions"}],"predecessor-version":[{"id":315,"href":"https:\/\/turnaround.cz\/restrukturalizacni-forum-2015\/wp-json\/wp\/v2\/pages\/6\/revisions\/315"}],"wp:attachment":[{"href":"https:\/\/turnaround.cz\/restrukturalizacni-forum-2015\/wp-json\/wp\/v2\/media?parent=6"}],"curies":[{"name":"wp","href":"https:\/\/api.w.org\/{rel}","templated":true}]}}