{"id":19,"date":"2016-09-12T20:57:13","date_gmt":"2016-09-12T19:57:13","guid":{"rendered":"http:\/\/turnaround.cz\/restrukturalizacni-forum-2016\/?page_id=19"},"modified":"2016-09-12T20:57:13","modified_gmt":"2016-09-12T19:57:13","slug":"kontakt","status":"publish","type":"page","link":"https:\/\/turnaround.cz\/restrukturalizacni-forum-2016\/kontakt\/","title":{"rendered":"Kontakt"},"content":{"rendered":"<p><strong>Kontakt pro p\u0159\u00edpadn\u00e9 dotazy:<\/strong><br \/>\nLudmila Barborkov\u00e1<br \/>\n<a href=\"mailto:konference@turnaround.cz\">konference@turnaround.cz<\/a><\/p>","protected":false},"excerpt":{"rendered":"<p>Kontakt pro p\u0159\u00edpadn\u00e9 dotazy: Ludmila Barborkov\u00e1 konference@turnaround.cz<\/p>\n","protected":false},"author":1,"featured_media":0,"parent":0,"menu_order":0,"comment_status":"open","ping_status":"open","template":"","meta":{"ngg_post_thumbnail":0,"jetpack_post_was_ever_published":false,"footnotes":""},"class_list":["post-19","page","type-page","status-publish","hentry"],"acf":[],"jetpack_sharing_enabled":true,"jetpack_shortlink":"https:\/\/wp.me\/P863vk-j","_links":{"self":[{"href":"https:\/\/turnaround.cz\/restrukturalizacni-forum-2016\/wp-json\/wp\/v2\/pages\/19","targetHints":{"allow":["GET"]}}],"collection":[{"href":"https:\/\/turnaround.cz\/restrukturalizacni-forum-2016\/wp-json\/wp\/v2\/pages"}],"about":[{"href":"https:\/\/turnaround.cz\/restrukturalizacni-forum-2016\/wp-json\/wp\/v2\/types\/page"}],"author":[{"embeddable":true,"href":"https:\/\/turnaround.cz\/restrukturalizacni-forum-2016\/wp-json\/wp\/v2\/users\/1"}],"replies":[{"embeddable":true,"href":"https:\/\/turnaround.cz\/restrukturalizacni-forum-2016\/wp-json\/wp\/v2\/comments?post=19"}],"version-history":[{"count":1,"href":"https:\/\/turnaround.cz\/restrukturalizacni-forum-2016\/wp-json\/wp\/v2\/pages\/19\/revisions"}],"predecessor-version":[{"id":20,"href":"https:\/\/turnaround.cz\/restrukturalizacni-forum-2016\/wp-json\/wp\/v2\/pages\/19\/revisions\/20"}],"wp:attachment":[{"href":"https:\/\/turnaround.cz\/restrukturalizacni-forum-2016\/wp-json\/wp\/v2\/media?parent=19"}],"curies":[{"name":"wp","href":"https:\/\/api.w.org\/{rel}","templated":true}]}}