{"id":192,"date":"2016-11-10T20:54:47","date_gmt":"2016-11-10T19:54:47","guid":{"rendered":"http:\/\/turnaround.cz\/restrukturalizacni-forum-2016\/?page_id=192"},"modified":"2016-11-10T21:23:17","modified_gmt":"2016-11-10T20:23:17","slug":"podekovani","status":"publish","type":"page","link":"https:\/\/turnaround.cz\/restrukturalizacni-forum-2016\/podekovani\/","title":{"rendered":"Pod\u011bkov\u00e1n\u00ed"},"content":{"rendered":"<p>D\u011bkujeme v\u0161em \u00fa\u010dastn\u00edk\u016fm a partner\u016fm 5. ro\u010dn\u00edku konference Restrukturaliza\u010dn\u00ed f\u00f3rum roku 2016, kter\u00e1 se uskute\u010dnila 8. listopadu 2016 v prostor\u00e1ch \u010cesk\u00e9 n\u00e1rodn\u00ed banky.<\/p>\n<p>T\u011b\u0161\u00ed n\u00e1s, \u017ee je o konferenci rok od roku v\u011bt\u0161\u00ed z\u00e1jem. Letos se z\u00fa\u010dastnilo na 180 odborn\u00edk\u016f na restrukturalizace z \u0159ad bank\u00e9\u0159\u016f, pr\u00e1vn\u00edk\u016f, ekonomick\u00fdch poradc\u016f, insolven\u010dn\u00edch spr\u00e1vc\u016f a dal\u0161\u00edch zainteresovan\u00fdch stran.<\/p>\n<p>D\u00edky spolupr\u00e1ci TMA a Podnikohospod\u00e1\u0159sk\u00e9 fakulty Vysok\u00e9 \u0161koly ekonomick\u00e9 v Praze se konference z\u00fa\u010dastnilo tak\u00e9 n\u011bkolik student\u016f.<\/p>\n<p>Konferenci zah\u00e1jil b\u00fdval\u00fd guvern\u00e9r \u010cNB, Miroslav Singer s makroekonomick\u00fdm \u00favodem. Hlavn\u00ed t\u00e9mata leto\u0161n\u00edho setk\u00e1n\u00ed s podtitulem Inventura insolvence se t\u00fdkala zp\u016fsobu zapojen\u00ed interim mana\u017eer\u016f, kdy byly prezentov\u00e1ny v\u00fdsledky pr\u016fzkumu po\u0159\u00e1dan\u00e9ho TMA \u010cR ve spolupr\u00e1ci s CAIM a poradenskou spole\u010dnost\u00ed PwC. D\u00e1le na konferenci zazn\u011bla p\u0159\u00edpadov\u00e1 studie vstupu st\u00e1tu do z\u00e1chrany \u010cSA, probl\u00e9my oce\u0148ov\u00e1n\u00ed v r\u00e1mci insolven\u010dn\u00edch \u0159\u00edzen\u00ed a p\u0159\u00edsp\u011bvek z Vrchn\u00edho st\u00e1tn\u00edho zastupitelstv\u00ed v Praze o roli st\u00e1tn\u00edho zastupitelstv\u00ed v insolven\u010dn\u00edch \u0159\u00edzen\u00ed.<\/p>\n<p>Odpoledne nav\u00e1zala prezentace v\u00fdsledk\u016f v\u00fdzkumu insolvence na V\u0160E a p\u0159edn\u00e1\u0161ka o praktick\u00fdch probl\u00e9mech korupce. Odborn\u00e1 \u010d\u00e1st konference byla zakon\u010dena diskuz\u00ed na t\u00e9ma krizov\u00e9 komunikace a p\u0159\u00edsp\u011bvkem <em>\u010cas jsou pen\u00edze <\/em>o n\u00e1kladech \u0159e\u0161en\u00ed \u00fapadku. Mno\u017estv\u00ed dotaz\u016f potvrdilo z\u00e1jem odborn\u00e9 ve\u0159ejnosti o prezentovan\u00e1 t\u00e9mata. Na z\u00e1v\u011br byl prostor pro neform\u00e1ln\u00ed setk\u00e1n\u00ed \u00fa\u010dastn\u00edk\u016f p\u0159i sklence v\u00edna.<\/p>\n","protected":false},"excerpt":{"rendered":"<p>D\u011bkujeme v\u0161em \u00fa\u010dastn\u00edk\u016fm a partner\u016fm 5. ro\u010dn\u00edku konference Restrukturaliza\u010dn\u00ed f\u00f3rum roku 2016, kter\u00e1 se uskute\u010dnila 8. listopadu 2016 v prostor\u00e1ch \u010cesk\u00e9 n\u00e1rodn\u00ed banky. T\u011b\u0161\u00ed n\u00e1s, \u017ee je o konferenci rok od roku v\u011bt\u0161\u00ed z\u00e1jem. Letos se z\u00fa\u010dastnilo na 180 odborn\u00edk\u016f na restrukturalizace z \u0159ad bank\u00e9\u0159\u016f, pr\u00e1vn\u00edk\u016f, ekonomick\u00fdch poradc\u016f, insolven\u010dn\u00edch spr\u00e1vc\u016f a dal\u0161\u00edch zainteresovan\u00fdch stran. D\u00edky&#8230;  <a class=\"excerpt-read-more\" href=\"https:\/\/turnaround.cz\/restrukturalizacni-forum-2016\/podekovani\/\" title=\"Read Pod\u011bkov\u00e1n\u00ed\">Read more &raquo;<\/a><\/p>\n","protected":false},"author":1,"featured_media":0,"parent":0,"menu_order":0,"comment_status":"open","ping_status":"open","template":"","meta":{"ngg_post_thumbnail":0,"jetpack_post_was_ever_published":false,"footnotes":""},"class_list":["post-192","page","type-page","status-publish","hentry"],"acf":[],"jetpack_sharing_enabled":true,"jetpack_shortlink":"https:\/\/wp.me\/P863vk-36","_links":{"self":[{"href":"https:\/\/turnaround.cz\/restrukturalizacni-forum-2016\/wp-json\/wp\/v2\/pages\/192","targetHints":{"allow":["GET"]}}],"collection":[{"href":"https:\/\/turnaround.cz\/restrukturalizacni-forum-2016\/wp-json\/wp\/v2\/pages"}],"about":[{"href":"https:\/\/turnaround.cz\/restrukturalizacni-forum-2016\/wp-json\/wp\/v2\/types\/page"}],"author":[{"embeddable":true,"href":"https:\/\/turnaround.cz\/restrukturalizacni-forum-2016\/wp-json\/wp\/v2\/users\/1"}],"replies":[{"embeddable":true,"href":"https:\/\/turnaround.cz\/restrukturalizacni-forum-2016\/wp-json\/wp\/v2\/comments?post=192"}],"version-history":[{"count":2,"href":"https:\/\/turnaround.cz\/restrukturalizacni-forum-2016\/wp-json\/wp\/v2\/pages\/192\/revisions"}],"predecessor-version":[{"id":372,"href":"https:\/\/turnaround.cz\/restrukturalizacni-forum-2016\/wp-json\/wp\/v2\/pages\/192\/revisions\/372"}],"wp:attachment":[{"href":"https:\/\/turnaround.cz\/restrukturalizacni-forum-2016\/wp-json\/wp\/v2\/media?parent=192"}],"curies":[{"name":"wp","href":"https:\/\/api.w.org\/{rel}","templated":true}]}}