{"id":8,"date":"2016-09-12T20:15:20","date_gmt":"2016-09-12T19:15:20","guid":{"rendered":"http:\/\/turnaround.cz\/restrukturalizacni-forum-2016\/?page_id=8"},"modified":"2023-06-07T20:32:32","modified_gmt":"2023-06-07T19:32:32","slug":"program","status":"publish","type":"page","link":"https:\/\/turnaround.cz\/restrukturalizacni-forum-2016\/program\/","title":{"rendered":"Program"},"content":{"rendered":"<table class=\"program\" style=\"height: 1268px;\" width=\"683\">\n<thead>\n<tr>\n<th width=\"120px\">\u010cas<\/th>\n<th>Program<\/th>\n<\/tr>\n<\/thead>\n<tbody>\n<tr>\n<td>8:30 &#8211; 9:00<\/td>\n<td>Registrace \u00fa\u010dastn\u00edk\u016f, sn\u00eddan\u011b<\/td>\n<\/tr>\n<tr>\n<td>9:00 &#8211; 9:05<\/td>\n<td><strong>\u00davod a p\u0159edstaven\u00ed Turnaround Management Association<\/strong><br \/>\n<a href=\"http:\/\/turnaround.cz\/restrukturalizacni-forum-2016\/prednasejici\/#smutny\">Petr Smutn\u00fd<\/a> \u2013 p\u0159edseda TMA<br \/>\n<a href=\"http:\/\/turnaround.cz\/restrukturalizacni-forum-2016\/prednasejici\/#plch\">David Plch<\/a> \u2013 m\u00edstop\u0159edseda TMA<\/td>\n<\/tr>\n<tr>\n<td>9:05 \u2013 9:30<\/td>\n<td><strong>Makroekonomick\u00fd \u00favod<\/strong><br \/>\nMiroslav Singer (CERGE-NH\u00da, V\u0160E) <a href=\"http:\/\/turnaround.cz\/restrukturalizacni-forum-2016\/wp-content\/uploads\/sites\/5\/2016\/09\/Makroekonomicky_uvod_Singer_Miroslav.pdf\">prezentace<\/a><\/td>\n<\/tr>\n<tr>\n<td>9:30 &#8211; 9:50<\/td>\n<td><strong>Vstup st\u00e1tu do z\u00e1chrany \u010cSA z\u00a0pohledu pravidel EU<\/strong><br \/>\nMagda Oly\u0161arov\u00e1\u00a0(White&amp;Case)<br \/>\nMichal Mejst\u0159\u00edk (EEIP) <a href=\"http:\/\/turnaround.cz\/restrukturalizacni-forum-2016\/wp-content\/uploads\/sites\/5\/2016\/09\/Vstup_statu_do-zachrany_CSA_z_pohledu_EU_pravidel_Olysarova_Mejstrik.pdf\">prezentace<\/a><\/td>\n<\/tr>\n<tr>\n<td>9:50 &#8211; 10:45<\/td>\n<td><strong>Jak vyu\u017e\u00edvat interim mana\u017eery<\/strong><br \/>\nV\u00edt Buchta (Green plus, s.r.o.)<br \/>\n<a href=\"http:\/\/turnaround.cz\/restrukturalizacni-forum-2016\/prednasejici\/#karasek\">Petr Kar\u00e1sek<\/a> (Ascalae) <a href=\"http:\/\/turnaround.cz\/restrukturalizacni-forum-2016\/wp-content\/uploads\/sites\/5\/2023\/06\/161021-Vyuziti_IM_pri_restrukt.-RF-TMA-CAIM-v.8.1-se_zavery_z_panel.disk_..pptx\">prezentace<\/a><br \/>\nJi\u0159\u00ed Klumpar (Raiffeisenbank)<br \/>\nMichal Kvie\u010dinsk\u00fd (MiddleCap)<br \/>\nMichal Zahradn\u00edk (Delta Legal)<br \/>\nModeruje <a href=\"http:\/\/turnaround.cz\/restrukturalizacni-forum-2016\/prednasejici\/#smutny\">Petr Smutn\u00fd<\/a> (PwC)<\/td>\n<\/tr>\n<tr>\n<td>10:45 \u2013 11:15<\/td>\n<td>P\u0159est\u00e1vka<\/td>\n<\/tr>\n<tr>\n<td>11:15 \u2013 11:45<\/td>\n<td><strong>Probl\u00e9m jm\u00e9nem ELMA-THERM<br \/>\n<\/strong><em>jeho vznik, d\u016fsledky a mo\u017en\u00e1 \u0159e\u0161en\u00ed<\/em><br \/>\nJind\u0159ich Arabasz (Clifford Chance)<br \/>\n<a href=\"http:\/\/turnaround.cz\/restrukturalizacni-forum-2016\/prednasejici\/#richter\">Tom\u00e1\u0161 Richter<\/a> (Clifford Chance) <a href=\"http:\/\/turnaround.cz\/restrukturalizacni-forum-2016\/wp-content\/uploads\/sites\/5\/2016\/09\/Problem_jmenem_ELMA-THERM_Arabasz_Richter.pdf\">prezentace<\/a><\/td>\n<\/tr>\n<tr>\n<td>11:45\u2013 12:15<\/td>\n<td><strong>Probl\u00e9my oce\u0148ov\u00e1n\u00ed v\u00a0r\u00e1mci insolven\u010dn\u00edch \u0159\u00edzen\u00ed<\/strong><br \/>\nJan Attl (Equity Solutions Appraisals s.r.o. &#8211; znaleck\u00fd \u00fastav)<br \/>\nRadim Ba\u0161e (Deloitte)<br \/>\nJan Hrazd\u00edra (HKDW Legal) <a href=\"http:\/\/turnaround.cz\/restrukturalizacni-forum-2016\/wp-content\/uploads\/sites\/5\/2016\/09\/Problemy_ocenovani_v_ramci_insolvencniho_rizeni_Attl_Base_Hrazdira.pdf\">prezentace<\/a><\/td>\n<\/tr>\n<tr>\n<td>12:15\u2013 12:30<\/td>\n<td><strong>Role st\u00e1tn\u00edho zastupitelstv\u00ed v insolven\u010dn\u00edch \u0159\u00edzen\u00edch<\/strong><br \/>\nPavel M\u00e1lek (Vrchn\u00ed st\u00e1tn\u00ed zastupitelstv\u00ed v Praze) <a href=\"http:\/\/turnaround.cz\/restrukturalizacni-forum-2016\/wp-content\/uploads\/sites\/5\/2016\/09\/Role_statniho_zastupitelstvi_v_insolvencnim_rizeni_Malek_Pavel.pdf\">prezentace<\/a><\/td>\n<\/tr>\n<tr>\n<td>12:30 \u2013 13:45<\/td>\n<td>Ob\u011bd<\/td>\n<\/tr>\n<tr>\n<td>13:45 &#8211; 14:15<\/td>\n<td><strong>V\u00fdsledky v\u00fdzkumu insolvence na V\u0160E<\/strong><br \/>\n<em>v\u00a0letech 2008 a\u017e 2015<\/em><br \/>\nEva Kislingerov\u00e1 <a href=\"http:\/\/turnaround.cz\/restrukturalizacni-forum-2016\/wp-content\/uploads\/sites\/5\/2016\/09\/Vysledky_vyzkumu_insolvence_na_VSE_v_letech_2008-2015_Kislingerova_Eva.pdf\">prezentace<\/a><\/td>\n<\/tr>\n<tr>\n<td>14:15 &#8211; 14:35<\/td>\n<td><strong>Praktick\u00e9 probl\u00e9my korupce<\/strong><br \/>\n<a href=\"http:\/\/turnaround.cz\/restrukturalizacni-forum-2016\/prednasejici\/#rais\">Roman Rais<\/a> <a href=\"http:\/\/turnaround.cz\/restrukturalizacni-forum-2016\/wp-content\/uploads\/sites\/5\/2016\/09\/Prakticke_problemy_korupce_Rais_Roman.pdf\">prezentace<\/a><\/td>\n<\/tr>\n<tr>\n<td>14:35 &#8211; 15:20<\/td>\n<td><strong>Krizov\u00e1 komunikace<\/strong><br \/>\nJan Andru\u0161ko (White&amp;Case)<br \/>\nPetr Jon\u00e1k (Svaz pr\u016fmyslu a dopravy \u010cR)<br \/>\nKarel Samec (Svengali Communications)<br \/>\nModeruje <a href=\"http:\/\/turnaround.cz\/restrukturalizacni-forum-2016\/prednasejici\/#plch\">David Plch<\/a> (White&amp;Case)<\/td>\n<\/tr>\n<tr>\n<td>15:20 &#8211; 15:45<\/td>\n<td><strong>\u010cas jsou pen\u00edze<\/strong><br \/>\nJi\u0159\u00ed Tomola (Dentons) <a href=\"http:\/\/turnaround.cz\/restrukturalizacni-forum-2016\/wp-content\/uploads\/sites\/5\/2016\/09\/Cas_jsou_penize_naklady_reseni_upadku_Tomola_Jiri.pdf\">prezentace<\/a><\/td>\n<\/tr>\n<tr>\n<td>15:45 &#8211; 17:00<\/td>\n<td>Neform\u00e1ln\u00ed diskuse, sklenka v\u00edna<\/td>\n<\/tr>\n<\/tbody>\n<\/table>\n","protected":false},"excerpt":{"rendered":"<p>\u010cas Program 8:30 &#8211; 9:00 Registrace \u00fa\u010dastn\u00edk\u016f, sn\u00eddan\u011b 9:00 &#8211; 9:05 \u00davod a p\u0159edstaven\u00ed Turnaround Management Association Petr Smutn\u00fd \u2013 p\u0159edseda TMA David Plch \u2013 m\u00edstop\u0159edseda TMA 9:05 \u2013 9:30 Makroekonomick\u00fd \u00favod Miroslav Singer (CERGE-NH\u00da, V\u0160E) prezentace 9:30 &#8211; 9:50 Vstup st\u00e1tu do z\u00e1chrany \u010cSA z\u00a0pohledu pravidel EU Magda Oly\u0161arov\u00e1\u00a0(White&amp;Case) Michal Mejst\u0159\u00edk (EEIP) prezentace 9:50&#8230;  <a class=\"excerpt-read-more\" href=\"https:\/\/turnaround.cz\/restrukturalizacni-forum-2016\/program\/\" title=\"Read Program\">Read more &raquo;<\/a><\/p>\n","protected":false},"author":1,"featured_media":0,"parent":0,"menu_order":0,"comment_status":"open","ping_status":"open","template":"","meta":{"ngg_post_thumbnail":0,"jetpack_post_was_ever_published":false,"footnotes":""},"class_list":["post-8","page","type-page","status-publish","hentry"],"acf":[],"jetpack_sharing_enabled":true,"jetpack_shortlink":"https:\/\/wp.me\/P863vk-8","_links":{"self":[{"href":"https:\/\/turnaround.cz\/restrukturalizacni-forum-2016\/wp-json\/wp\/v2\/pages\/8","targetHints":{"allow":["GET"]}}],"collection":[{"href":"https:\/\/turnaround.cz\/restrukturalizacni-forum-2016\/wp-json\/wp\/v2\/pages"}],"about":[{"href":"https:\/\/turnaround.cz\/restrukturalizacni-forum-2016\/wp-json\/wp\/v2\/types\/page"}],"author":[{"embeddable":true,"href":"https:\/\/turnaround.cz\/restrukturalizacni-forum-2016\/wp-json\/wp\/v2\/users\/1"}],"replies":[{"embeddable":true,"href":"https:\/\/turnaround.cz\/restrukturalizacni-forum-2016\/wp-json\/wp\/v2\/comments?post=8"}],"version-history":[{"count":13,"href":"https:\/\/turnaround.cz\/restrukturalizacni-forum-2016\/wp-json\/wp\/v2\/pages\/8\/revisions"}],"predecessor-version":[{"id":394,"href":"https:\/\/turnaround.cz\/restrukturalizacni-forum-2016\/wp-json\/wp\/v2\/pages\/8\/revisions\/394"}],"wp:attachment":[{"href":"https:\/\/turnaround.cz\/restrukturalizacni-forum-2016\/wp-json\/wp\/v2\/media?parent=8"}],"curies":[{"name":"wp","href":"https:\/\/api.w.org\/{rel}","templated":true}]}}