{"id":6,"date":"2016-09-12T20:14:38","date_gmt":"2016-09-12T19:14:38","guid":{"rendered":"http:\/\/turnaround.cz\/restrukturalizacni-forum-2017\/?page_id=6"},"modified":"2017-09-06T13:43:12","modified_gmt":"2017-09-06T12:43:12","slug":"informace","status":"publish","type":"page","link":"https:\/\/turnaround.cz\/restrukturalizacni-forum-2017\/informace\/","title":{"rendered":"Informace"},"content":{"rendered":"<p><strong>Datum kon\u00e1n\u00ed:<\/strong><br \/>\n31. \u0159\u00edjna 2017, 9:00 \u2013 16:00 hodin<br \/>\n<em>(registrace od 8.30 hodin)<\/em><\/p>\n<p><strong>M\u00edsto kon\u00e1n\u00ed:<\/strong><br \/>\nKongresov\u00e9 centrum \u010cNB,<br \/>\nSenov\u00e1\u017en\u00e9 n\u00e1m. 30, Praha 1<\/p>\n<p><strong>Poplatek za \u00fa\u010dast:<\/strong><br \/>\n2 900 K\u010d <em>(Turnaround Management Association nen\u00ed pl\u00e1tcem DPH)<\/em><br \/>\n<strong>Akce 3+1 zdarma<\/strong> (V p\u0159\u00edpad\u011b registrace 3 osob z jedn\u00e9 spole\u010dnosti \u010dtvrt\u00fd vstup zdarma &#8211; pros\u00edm uve\u010fte do pozn\u00e1mky &#8222;3+1&#8220;)<\/p>\n<p><a href=\"http:\/\/turnaround.cz\/restrukturalizacni-forum-2017\/registrace\/\">Registrace<\/a> nejpozd\u011bji do \u010dtvrtka 26. \u0159\u00edjna 2017.<\/p>\n<p>Prezentace a diskuse budou prob\u00edhat p\u0159ev\u00e1\u017en\u011b v \u010de\u0161tin\u011b.<\/p>\n","protected":false},"excerpt":{"rendered":"<p>Datum kon\u00e1n\u00ed: 31. \u0159\u00edjna 2017, 9:00 \u2013 16:00 hodin (registrace od 8.30 hodin) M\u00edsto kon\u00e1n\u00ed: Kongresov\u00e9 centrum \u010cNB, Senov\u00e1\u017en\u00e9 n\u00e1m. 30, Praha 1 Poplatek za \u00fa\u010dast: 2 900 K\u010d (Turnaround Management Association nen\u00ed pl\u00e1tcem DPH) Akce 3+1 zdarma (V p\u0159\u00edpad\u011b registrace 3 osob z jedn\u00e9 spole\u010dnosti \u010dtvrt\u00fd vstup zdarma &#8211; pros\u00edm uve\u010fte do pozn\u00e1mky &#8222;3+1&#8220;)&#8230;  <a class=\"excerpt-read-more\" href=\"https:\/\/turnaround.cz\/restrukturalizacni-forum-2017\/informace\/\" title=\"Read Informace\">Read more &raquo;<\/a><\/p>\n","protected":false},"author":1,"featured_media":0,"parent":0,"menu_order":0,"comment_status":"closed","ping_status":"closed","template":"","meta":{"ngg_post_thumbnail":0,"jetpack_post_was_ever_published":false,"footnotes":""},"class_list":["post-6","page","type-page","status-publish","hentry"],"acf":[],"jetpack_sharing_enabled":true,"jetpack_shortlink":"https:\/\/wp.me\/P96O73-6","_links":{"self":[{"href":"https:\/\/turnaround.cz\/restrukturalizacni-forum-2017\/wp-json\/wp\/v2\/pages\/6","targetHints":{"allow":["GET"]}}],"collection":[{"href":"https:\/\/turnaround.cz\/restrukturalizacni-forum-2017\/wp-json\/wp\/v2\/pages"}],"about":[{"href":"https:\/\/turnaround.cz\/restrukturalizacni-forum-2017\/wp-json\/wp\/v2\/types\/page"}],"author":[{"embeddable":true,"href":"https:\/\/turnaround.cz\/restrukturalizacni-forum-2017\/wp-json\/wp\/v2\/users\/1"}],"replies":[{"embeddable":true,"href":"https:\/\/turnaround.cz\/restrukturalizacni-forum-2017\/wp-json\/wp\/v2\/comments?post=6"}],"version-history":[{"count":3,"href":"https:\/\/turnaround.cz\/restrukturalizacni-forum-2017\/wp-json\/wp\/v2\/pages\/6\/revisions"}],"predecessor-version":[{"id":401,"href":"https:\/\/turnaround.cz\/restrukturalizacni-forum-2017\/wp-json\/wp\/v2\/pages\/6\/revisions\/401"}],"wp:attachment":[{"href":"https:\/\/turnaround.cz\/restrukturalizacni-forum-2017\/wp-json\/wp\/v2\/media?parent=6"}],"curies":[{"name":"wp","href":"https:\/\/api.w.org\/{rel}","templated":true}]}}