{"id":548,"date":"2017-11-01T17:06:09","date_gmt":"2017-11-01T16:06:09","guid":{"rendered":"http:\/\/turnaround.cz\/restrukturalizacni-forum-2018\/?page_id=548"},"modified":"2018-11-08T00:47:27","modified_gmt":"2018-11-07T23:47:27","slug":"podekovani","status":"publish","type":"page","link":"https:\/\/turnaround.cz\/restrukturalizacni-forum-2018\/podekovani\/","title":{"rendered":"Pod\u011bkov\u00e1n\u00ed"},"content":{"rendered":"<p>D\u011bkujeme v\u0161em \u00fa\u010dastn\u00edk\u016fm a partner\u016fm 7. ro\u010dn\u00edku konference Restrukturaliza\u010dn\u00ed f\u00f3rum roku 2018, kter\u00e1 se uskute\u010dnila 6. listopadu 2018 v prostor\u00e1ch \u010cesk\u00e9 n\u00e1rodn\u00ed banky.<\/p>\n<p>T\u011b\u0161\u00ed n\u00e1s stoupaj\u00edc\u00ed z\u00e1jem o konferenci, letos se z\u00fa\u010dastnilo na 250 odborn\u00edk\u016f na restrukturalizace z \u0159ad bank\u00e9\u0159\u016f, pr\u00e1vn\u00edk\u016f, ekonomick\u00fdch poradc\u016f, insolven\u010dn\u00edch spr\u00e1vc\u016f a dal\u0161\u00edch zainteresovan\u00fdch stran.<\/p>\n<p>D\u00edky spolupr\u00e1ci TMA a Podnikohospod\u00e1\u0159sk\u00e9 fakulty Vysok\u00e9 \u0161koly ekonomick\u00e9 v Praze se konference z\u00fa\u010dastnila tak\u00e9 \u0159ada student\u016f vedlej\u0161\u00ed specializace Turnaround Management.<\/p>\n<p><a href=\"http:\/\/turnaround.cz\/restrukturalizacni-forum-2018\/wp-content\/uploads\/sites\/7\/2017\/11\/TZ_Restrukturalizacni_forum_2018.pdf\" target=\"_blank\">P\u0159e\u010dt\u011bte si tiskovou zpr\u00e1vu<\/a><\/p>\n","protected":false},"excerpt":{"rendered":"<p>D\u011bkujeme v\u0161em \u00fa\u010dastn\u00edk\u016fm a partner\u016fm 7. ro\u010dn\u00edku konference Restrukturaliza\u010dn\u00ed f\u00f3rum roku 2018, kter\u00e1 se uskute\u010dnila 6. listopadu 2018 v prostor\u00e1ch \u010cesk\u00e9 n\u00e1rodn\u00ed banky. T\u011b\u0161\u00ed n\u00e1s stoupaj\u00edc\u00ed z\u00e1jem o konferenci, letos se z\u00fa\u010dastnilo na 250 odborn\u00edk\u016f na restrukturalizace z \u0159ad bank\u00e9\u0159\u016f, pr\u00e1vn\u00edk\u016f, ekonomick\u00fdch poradc\u016f, insolven\u010dn\u00edch spr\u00e1vc\u016f a dal\u0161\u00edch zainteresovan\u00fdch stran. D\u00edky spolupr\u00e1ci TMA a Podnikohospod\u00e1\u0159sk\u00e9 fakulty&#8230;  <a class=\"excerpt-read-more\" href=\"https:\/\/turnaround.cz\/restrukturalizacni-forum-2018\/podekovani\/\" title=\"Read Pod\u011bkov\u00e1n\u00ed\">Read more &raquo;<\/a><\/p>\n","protected":false},"author":1,"featured_media":0,"parent":0,"menu_order":0,"comment_status":"closed","ping_status":"closed","template":"","meta":{"ngg_post_thumbnail":0,"jetpack_post_was_ever_published":false,"footnotes":""},"class_list":["post-548","page","type-page","status-publish","hentry"],"acf":[],"jetpack_sharing_enabled":false,"jetpack_shortlink":"https:\/\/wp.me\/P96O73-8Q","_links":{"self":[{"href":"https:\/\/turnaround.cz\/restrukturalizacni-forum-2018\/wp-json\/wp\/v2\/pages\/548","targetHints":{"allow":["GET"]}}],"collection":[{"href":"https:\/\/turnaround.cz\/restrukturalizacni-forum-2018\/wp-json\/wp\/v2\/pages"}],"about":[{"href":"https:\/\/turnaround.cz\/restrukturalizacni-forum-2018\/wp-json\/wp\/v2\/types\/page"}],"author":[{"embeddable":true,"href":"https:\/\/turnaround.cz\/restrukturalizacni-forum-2018\/wp-json\/wp\/v2\/users\/1"}],"replies":[{"embeddable":true,"href":"https:\/\/turnaround.cz\/restrukturalizacni-forum-2018\/wp-json\/wp\/v2\/comments?post=548"}],"version-history":[{"count":2,"href":"https:\/\/turnaround.cz\/restrukturalizacni-forum-2018\/wp-json\/wp\/v2\/pages\/548\/revisions"}],"predecessor-version":[{"id":896,"href":"https:\/\/turnaround.cz\/restrukturalizacni-forum-2018\/wp-json\/wp\/v2\/pages\/548\/revisions\/896"}],"wp:attachment":[{"href":"https:\/\/turnaround.cz\/restrukturalizacni-forum-2018\/wp-json\/wp\/v2\/media?parent=548"}],"curies":[{"name":"wp","href":"https:\/\/api.w.org\/{rel}","templated":true}]}}