{"id":8,"date":"2016-09-12T20:15:20","date_gmt":"2016-09-12T19:15:20","guid":{"rendered":"http:\/\/turnaround.cz\/restrukturalizacni-forum-2018\/?page_id=8"},"modified":"2020-02-24T09:13:49","modified_gmt":"2020-02-24T08:13:49","slug":"program","status":"publish","type":"page","link":"https:\/\/turnaround.cz\/restrukturalizacni-forum-2018\/program\/","title":{"rendered":"Program"},"content":{"rendered":"<table class=\"program\" style=\"height: 1268px;\" width=\"683\">\n<thead>\n<tr>\n<th width=\"120\">\u010cas<\/th>\n<th>Program<\/th>\n<\/tr>\n<\/thead>\n<tbody>\n<tr>\n<td>8:30 &#8211; 9:00<\/td>\n<td>Registrace \u00fa\u010dastn\u00edk\u016f, sn\u00eddan\u011b<\/td>\n<\/tr>\n<tr>\n<td>9:00 &#8211; 9:15<\/td>\n<td><strong>\u00davod a p\u0159edstaven\u00ed Turnaround Management Association<\/strong><br \/>\n<a href=\"http:\/\/turnaround.cz\/restrukturalizacni-forum-2018\/prednasejici\/#petr-smutny\">Petr Smutn\u00fd<\/a> (p\u0159edseda TMA \u010cR, PwC)<br \/>\n<a href=\"http:\/\/turnaround.cz\/restrukturalizacni-forum-2018\/prednasejici\/#david-plch\">David Plch<\/a> (m\u00edstop\u0159edseda TMA \u010cR, White &amp; Case)<\/td>\n<\/tr>\n<tr>\n<td>9:15 \u2013 10:00<\/td>\n<td><strong>Vlastn\u00edk ve veden\u00ed firmy<\/strong><br \/>\n<em>z psychologick\u00e9ho hlediska<\/em><br \/>\n<a href=\"http:\/\/turnaround.cz\/restrukturalizacni-forum-2018\/prednasejici\/#milan-benek\">Milan Ben\u011bk<\/a> (PP&amp;T) <a href=\"http:\/\/turnaround.cz\/restrukturalizacni-forum-2018\/wp-content\/uploads\/sites\/7\/2016\/09\/Benek_Vlastnik_ve_vedeni_firmy.pdf\" target=\"_blank\" rel=\"noopener noreferrer\">prezentace<\/a><br \/>\n<a href=\"http:\/\/turnaround.cz\/restrukturalizacni-forum-2018\/prednasejici\/#marek-navratil\">Marek Navr\u00e1til<\/a> (psycholog)<br \/>\n<a href=\"http:\/\/turnaround.cz\/restrukturalizacni-forum-2018\/prednasejici\/#radim-parik\">Radim Pa\u0159\u00edk<\/a> (PR PA RT NE RS)<br \/>\nModeruje <a href=\"http:\/\/turnaround.cz\/restrukturalizacni-forum-2018\/prednasejici\/#petr-smutny\">Petr Smutn\u00fd<\/a> (PwC) <a href=\"http:\/\/turnaround.cz\/restrukturalizacni-forum-2018\/wp-content\/uploads\/sites\/7\/2016\/09\/Vlastni\u0301k-ve-vedeni\u0301-fimy_s-animacemi.pdf\">prezentace<\/a><\/td>\n<\/tr>\n<tr>\n<td>10:00 &#8211; 10:45<\/td>\n<td><strong>N\u00e1stupnictv\u00ed \u2013 p\u0159\u00edle\u017eitost nebo riziko<\/strong><br \/>\n<a href=\"http:\/\/turnaround.cz\/restrukturalizacni-forum-2018\/prednasejici\/#stanislav-servus\">Stanislav Servus<\/a> (AK Dvo\u0159\u00e1k Hager &amp; Partners)<br \/>\n<a href=\"http:\/\/turnaround.cz\/restrukturalizacni-forum-2018\/prednasejici\/#libor-suchanek\"> Libor Such\u00e1nek<\/a>&nbsp;(SULKO)<br \/>\nModeruje <a href=\"http:\/\/turnaround.cz\/restrukturalizacni-forum-2018\/prednasejici\/#daniel-hribal\">Daniel H\u0159\u00edbal<\/a><a href=\"http:\/\/turnaround.cz\/restrukturalizacni-forum-2018\/prednasejici\/#libor-suchanek\"> (TARPAN Managers, TMA)<\/a><br \/>\n<a href=\"http:\/\/turnaround.cz\/restrukturalizacni-forum-2018\/wp-content\/uploads\/sites\/7\/2016\/09\/Nastupnictvi.pdf\" target=\"_blank\" rel=\"noopener noreferrer\">prezentace<\/a><\/td>\n<\/tr>\n<tr>\n<td>10:45 &#8211; 11:20<\/td>\n<td>P\u0159est\u00e1vka<\/td>\n<\/tr>\n<tr>\n<td>11:20 \u2013 11:40<\/td>\n<td><strong>Makroekonomick\u00e1 progn\u00f3za<\/strong><br \/>\n<a href=\"http:\/\/turnaround.cz\/restrukturalizacni-forum-2018\/prednasejici\/#jan-vejmelek\">Jan Vejm\u011blek<\/a> (Komer\u010dn\u00ed banka, V\u0160E v Praze)<br \/>\n<a href=\"http:\/\/turnaround.cz\/restrukturalizacni-forum-2018\/wp-content\/uploads\/sites\/7\/2016\/09\/Makroekonomicka_prognoza.pdf\" target=\"_blank\" rel=\"noopener noreferrer\">prezentace<\/a><\/td>\n<\/tr>\n<tr>\n<td>11:40 &#8211; 12:40<\/td>\n<td><strong>Za obzorem \u010d\u00edh\u00e1 krize \u2013 jak p\u0159ipravit SME podnik na jej\u00ed p\u0159\u00edchod<\/strong><br \/>\n<em>aneb pou\u010den\u00ed z p\u0159\u00edpad\u016f podnik\u016f, kter\u00e9 neust\u00e1ly d\u016fsledky p\u0159edchoz\u00edch kriz\u00ed<\/em><br \/>\n<a href=\"http:\/\/turnaround.cz\/restrukturalizacni-forum-2018\/prednasejici\/#iva-hovadova\">Iva Hovadov\u00e1<\/a> (mana\u017eerka restrukturalizac\u00ed, CAIM) <a href=\"http:\/\/turnaround.cz\/restrukturalizacni-forum-2018\/wp-content\/uploads\/sites\/7\/2016\/09\/Hovadova_ESSA_Czech.pdf\">prezentace<\/a><br \/>\n<a href=\"http:\/\/turnaround.cz\/restrukturalizacni-forum-2018\/prednasejici\/#tomas-pastrnak\">Tom\u00e1\u0161 Pastr\u0148\u00e1k<\/a> (zm\u011bnov\u00fd mana\u017eer, CAIM) <a href=\"http:\/\/turnaround.cz\/restrukturalizacni-forum-2018\/wp-content\/uploads\/sites\/7\/2016\/09\/Pastrnak_Rozvoj_a_pad_spolecnosti.pdf\" target=\"_blank\" rel=\"noopener noreferrer\">prezentace<\/a><br \/>\n<a href=\"http:\/\/turnaround.cz\/restrukturalizacni-forum-2018\/prednasejici\/#zdenek-smejkal\">Zden\u011bk \u0160mejkal<\/a> (krizov\u00fd mana\u017eer M.L. Moran) <a href=\"http:\/\/turnaround.cz\/restrukturalizacni-forum-2018\/wp-content\/uploads\/sites\/7\/2016\/09\/Smejkal_Faktory_uspesne_firmy.pdf\" target=\"_blank\" rel=\"noopener noreferrer\">prezentace<\/a><br \/>\nModeruje <a href=\"http:\/\/turnaround.cz\/restrukturalizacni-forum-2018\/prednasejici\/#petr-karasek\">Petr Kar\u00e1sek<\/a> (CAIM, TMA) <a href=\"http:\/\/turnaround.cz\/restrukturalizacni-forum-2018\/wp-content\/uploads\/sites\/7\/2016\/09\/Karasek_uvod.pdf\">prezentace<\/a><\/td>\n<\/tr>\n<tr>\n<td>12:40 &#8211; 13:00<\/td>\n<td><strong>Prodej \u010d\u00e1st\u00ed z\u00e1vod\u016f dlu\u017en\u00edka po prohl\u00e1\u0161en\u00ed konkursu<\/strong><br \/>\n<em>P\u0159\u00edpadov\u00e1 studie<\/em><br \/>\nRadim \u0160karpa (PwC, TMA)<br \/>\nRoman Kyral (AK C\u00edsa\u0159, \u010ce\u0161ka, Smutn\u00fd)<br \/>\n<a href=\"http:\/\/turnaround.cz\/restrukturalizacni-forum-2018\/wp-content\/uploads\/sites\/7\/2016\/09\/Prodej_casti_zavodu_case_study.pdf\" target=\"_blank\" rel=\"noopener noreferrer\">prezentace<\/a><\/td>\n<\/tr>\n<tr>\n<td>13:00 \u2013 14:30<\/td>\n<td>Ob\u011bd<\/td>\n<\/tr>\n<tr>\n<td>14:30 \u2013 14:45<\/td>\n<td><strong>Anal\u00fdza p\u0159edbalen\u00fdch reorganizac\u00ed 2008-2017<\/strong><br \/>\n<em>prezentace v\u00fdhern\u00ed semin\u00e1rn\u00ed pr\u00e1ce ocen\u011bn\u00e9 <a href=\"http:\/\/turnaround.cz\/restrukturalizacni-forum-2018\/cena-tma\/\">Cenou TMA 2018<\/a><\/em><br \/>\n<a href=\"http:\/\/turnaround.cz\/restrukturalizacni-forum-2018\/prednasejici\/#tym\"> Alexandr Pot\u016f\u010dek (V\u0160E v Praze)<br \/>\nFilip S\u00fdkora (V\u0160E v Praze)<br \/>\nTereza Vor\u00e1\u010dkov\u00e1 (V\u0160E v Praze) <\/a><\/td>\n<\/tr>\n<tr>\n<td>14:45 &#8211; 15:30<\/td>\n<td><strong>Nedostatek kvalifikovan\u00fdch pracovn\u00edch sil<\/strong><br \/>\nJan Buben\u00edk (Bubenik Partners)<br \/>\n<a href=\"http:\/\/turnaround.cz\/restrukturalizacni-forum-2018\/prednasejici\/#lubomir-civin\"> Lubom\u00edr Civ\u00edn<\/a> (ekonom)<br \/>\n<a href=\"http:\/\/turnaround.cz\/restrukturalizacni-forum-2018\/prednasejici\/#jan-lat\"> Jan L\u00e1t <\/a> (Bene\u0161 a L\u00e1t)<br \/>\nModeruje Luk\u00e1\u0161 Mikeska (Silverline Capital, TMA)<br \/>\n<a href=\"http:\/\/turnaround.cz\/restrukturalizacni-forum-2018\/wp-content\/uploads\/sites\/7\/2016\/09\/Nedostatek_kvalifikovanych_prac_sil_uvod.pdf\" target=\"_blank\" rel=\"noopener noreferrer\">prezentace<\/a><\/td>\n<\/tr>\n<tr>\n<td>15:30 &#8211; 16:00<\/td>\n<td><strong>Atypick\u00e9 formy v\u00fdkonu funkce insolven\u010dn\u00edho spr\u00e1vce<\/strong><br \/>\n<em>spr\u00e1vce majetku \/ zaji\u0161t\u011bn\u00ed v r\u00e1mci trestn\u00edho \u0159\u00edzen\u00ed, hmotn\u011b pr\u00e1vn\u00ed opatrovnictv\u00ed<\/em><br \/>\n<a href=\"http:\/\/turnaround.cz\/restrukturalizacni-forum-2018\/prednasejici\/#jan-masek\">Jan Ma\u0161ek<\/a> (Administrace insolvenc\u00ed, TMA)<br \/>\n<a href=\"http:\/\/turnaround.cz\/restrukturalizacni-forum-2018\/prednasejici\/#oldrich-rehacek\">Old\u0159ich \u0158eh\u00e1\u010dek<\/a> (Administrace insolvenc\u00ed)<\/td>\n<\/tr>\n<tr>\n<td>16:00 &#8211; 17:00<\/td>\n<td><strong>Neform\u00e1ln\u00ed diskuse, sklenka v\u00edna<\/strong><\/td>\n<\/tr>\n<\/tbody>\n<\/table>\n","protected":false},"excerpt":{"rendered":"<p>\u010cas Program 8:30 &#8211; 9:00 Registrace \u00fa\u010dastn\u00edk\u016f, sn\u00eddan\u011b 9:00 &#8211; 9:15 \u00davod a p\u0159edstaven\u00ed Turnaround Management Association Petr Smutn\u00fd (p\u0159edseda TMA \u010cR, PwC) David Plch (m\u00edstop\u0159edseda TMA \u010cR, White &amp; Case) 9:15 \u2013 10:00 Vlastn\u00edk ve veden\u00ed firmy z psychologick\u00e9ho hlediska Milan Ben\u011bk (PP&amp;T) prezentace Marek Navr\u00e1til (psycholog) Radim Pa\u0159\u00edk (PR PA RT NE RS)&#8230;  <a class=\"excerpt-read-more\" href=\"https:\/\/turnaround.cz\/restrukturalizacni-forum-2018\/program\/\" title=\"Read Program\">Read more &raquo;<\/a><\/p>\n","protected":false},"author":1,"featured_media":0,"parent":0,"menu_order":0,"comment_status":"closed","ping_status":"closed","template":"","meta":{"ngg_post_thumbnail":0,"jetpack_post_was_ever_published":false,"footnotes":""},"class_list":["post-8","page","type-page","status-publish","hentry"],"acf":[],"jetpack_sharing_enabled":true,"jetpack_shortlink":"https:\/\/wp.me\/P96O73-8","_links":{"self":[{"href":"https:\/\/turnaround.cz\/restrukturalizacni-forum-2018\/wp-json\/wp\/v2\/pages\/8","targetHints":{"allow":["GET"]}}],"collection":[{"href":"https:\/\/turnaround.cz\/restrukturalizacni-forum-2018\/wp-json\/wp\/v2\/pages"}],"about":[{"href":"https:\/\/turnaround.cz\/restrukturalizacni-forum-2018\/wp-json\/wp\/v2\/types\/page"}],"author":[{"embeddable":true,"href":"https:\/\/turnaround.cz\/restrukturalizacni-forum-2018\/wp-json\/wp\/v2\/users\/1"}],"replies":[{"embeddable":true,"href":"https:\/\/turnaround.cz\/restrukturalizacni-forum-2018\/wp-json\/wp\/v2\/comments?post=8"}],"version-history":[{"count":54,"href":"https:\/\/turnaround.cz\/restrukturalizacni-forum-2018\/wp-json\/wp\/v2\/pages\/8\/revisions"}],"predecessor-version":[{"id":939,"href":"https:\/\/turnaround.cz\/restrukturalizacni-forum-2018\/wp-json\/wp\/v2\/pages\/8\/revisions\/939"}],"wp:attachment":[{"href":"https:\/\/turnaround.cz\/restrukturalizacni-forum-2018\/wp-json\/wp\/v2\/media?parent=8"}],"curies":[{"name":"wp","href":"https:\/\/api.w.org\/{rel}","templated":true}]}}