{"id":934,"date":"2020-02-24T09:11:10","date_gmt":"2020-02-24T08:11:10","guid":{"rendered":"http:\/\/turnaround.cz\/restrukturalizacni-forum-2018\/?page_id=934"},"modified":"2020-02-24T09:11:11","modified_gmt":"2020-02-24T08:11:11","slug":"cena-tma","status":"publish","type":"page","link":"https:\/\/turnaround.cz\/restrukturalizacni-forum-2018\/cena-tma\/","title":{"rendered":"Cena TMA"},"content":{"rendered":"\n<figure class=\"wp-block-image size-large\"><img loading=\"lazy\" decoding=\"async\" width=\"800\" height=\"1107\" data-attachment-id=\"935\" data-permalink=\"https:\/\/turnaround.cz\/restrukturalizacni-forum-2018\/cena-tma\/ceritifikat_tma-2018\/\" data-orig-file=\"https:\/\/i0.wp.com\/turnaround.cz\/restrukturalizacni-forum-2018\/wp-content\/uploads\/sites\/7\/2020\/02\/ceritifikat_TMA-2018.jpg?fit=800%2C1107&amp;ssl=1\" data-orig-size=\"800,1107\" data-comments-opened=\"0\" data-image-meta=\"{&quot;aperture&quot;:&quot;0&quot;,&quot;credit&quot;:&quot;&quot;,&quot;camera&quot;:&quot;&quot;,&quot;caption&quot;:&quot;&quot;,&quot;created_timestamp&quot;:&quot;0&quot;,&quot;copyright&quot;:&quot;&quot;,&quot;focal_length&quot;:&quot;0&quot;,&quot;iso&quot;:&quot;0&quot;,&quot;shutter_speed&quot;:&quot;0&quot;,&quot;title&quot;:&quot;&quot;,&quot;orientation&quot;:&quot;0&quot;}\" data-image-title=\"ceritifikat_TMA-2018\" data-image-description=\"\" data-image-caption=\"\" data-medium-file=\"https:\/\/i0.wp.com\/turnaround.cz\/restrukturalizacni-forum-2018\/wp-content\/uploads\/sites\/7\/2020\/02\/ceritifikat_TMA-2018.jpg?fit=217%2C300&amp;ssl=1\" data-large-file=\"https:\/\/i0.wp.com\/turnaround.cz\/restrukturalizacni-forum-2018\/wp-content\/uploads\/sites\/7\/2020\/02\/ceritifikat_TMA-2018.jpg?fit=680%2C941&amp;ssl=1\" src=\"http:\/\/i1.wp.com\/turnaround.cz\/restrukturalizacni-forum-2018\/wp-content\/uploads\/sites\/7\/2020\/02\/ceritifikat_TMA-2018.jpg?fit=1024%2C1024\" alt=\"\" class=\"wp-image-935\" srcset=\"https:\/\/i0.wp.com\/turnaround.cz\/restrukturalizacni-forum-2018\/wp-content\/uploads\/sites\/7\/2020\/02\/ceritifikat_TMA-2018.jpg?w=800&amp;ssl=1 800w, https:\/\/i0.wp.com\/turnaround.cz\/restrukturalizacni-forum-2018\/wp-content\/uploads\/sites\/7\/2020\/02\/ceritifikat_TMA-2018.jpg?resize=217%2C300&amp;ssl=1 217w, https:\/\/i0.wp.com\/turnaround.cz\/restrukturalizacni-forum-2018\/wp-content\/uploads\/sites\/7\/2020\/02\/ceritifikat_TMA-2018.jpg?resize=740%2C1024&amp;ssl=1 740w, https:\/\/i0.wp.com\/turnaround.cz\/restrukturalizacni-forum-2018\/wp-content\/uploads\/sites\/7\/2020\/02\/ceritifikat_TMA-2018.jpg?resize=768%2C1063&amp;ssl=1 768w\" sizes=\"auto, (max-width: 680px) 100vw, 680px\" \/><\/figure>\n\n\n\n<div class=\"wp-block-file\"><a href=\"http:\/\/turnaround.cz\/restrukturalizacni-forum-2018\/wp-content\/uploads\/sites\/7\/2020\/02\/2_Analyza-predbalenych-reorganizaci.pdf\">v\u00edtezn\u00e1 pr\u00e1ce &#8211; Anal\u00fdza p\u0159edbalen\u00fdch reorganizac\u00ed 2008-2017<\/a><\/div>\n","protected":false},"excerpt":{"rendered":"","protected":false},"author":1,"featured_media":0,"parent":0,"menu_order":0,"comment_status":"closed","ping_status":"closed","template":"","meta":{"ngg_post_thumbnail":0,"jetpack_post_was_ever_published":false,"footnotes":""},"class_list":["post-934","page","type-page","status-publish","hentry"],"acf":[],"jetpack_sharing_enabled":true,"jetpack_shortlink":"https:\/\/wp.me\/P96O73-f4","_links":{"self":[{"href":"https:\/\/turnaround.cz\/restrukturalizacni-forum-2018\/wp-json\/wp\/v2\/pages\/934","targetHints":{"allow":["GET"]}}],"collection":[{"href":"https:\/\/turnaround.cz\/restrukturalizacni-forum-2018\/wp-json\/wp\/v2\/pages"}],"about":[{"href":"https:\/\/turnaround.cz\/restrukturalizacni-forum-2018\/wp-json\/wp\/v2\/types\/page"}],"author":[{"embeddable":true,"href":"https:\/\/turnaround.cz\/restrukturalizacni-forum-2018\/wp-json\/wp\/v2\/users\/1"}],"replies":[{"embeddable":true,"href":"https:\/\/turnaround.cz\/restrukturalizacni-forum-2018\/wp-json\/wp\/v2\/comments?post=934"}],"version-history":[{"count":2,"href":"https:\/\/turnaround.cz\/restrukturalizacni-forum-2018\/wp-json\/wp\/v2\/pages\/934\/revisions"}],"predecessor-version":[{"id":938,"href":"https:\/\/turnaround.cz\/restrukturalizacni-forum-2018\/wp-json\/wp\/v2\/pages\/934\/revisions\/938"}],"wp:attachment":[{"href":"https:\/\/turnaround.cz\/restrukturalizacni-forum-2018\/wp-json\/wp\/v2\/media?parent=934"}],"curies":[{"name":"wp","href":"https:\/\/api.w.org\/{rel}","templated":true}]}}