{"id":8,"date":"2016-09-12T20:15:20","date_gmt":"2016-09-12T19:15:20","guid":{"rendered":"http:\/\/turnaround.cz\/restrukturalizacni-forum-2019\/?page_id=8"},"modified":"2020-02-24T09:07:02","modified_gmt":"2020-02-24T08:07:02","slug":"program","status":"publish","type":"page","link":"https:\/\/turnaround.cz\/restrukturalizacni-forum-2019\/program\/","title":{"rendered":"Program"},"content":{"rendered":"<table class=\"program\">\n<thead>\n<tr>\n<th width=\"120\">\u010cas<\/th>\n<th>Program<\/th>\n<\/tr>\n<\/thead>\n<tbody>\n<tr>\n<td>8:30 &#8211; 9:00<\/td>\n<td>Registrace \u00fa\u010dastn\u00edk\u016f, sn\u00eddan\u011b<\/td>\n<\/tr>\n<tr>\n<td>9:00 &#8211; 9:15<\/td>\n<td><strong>\u00davod a p\u0159edstaven\u00ed Turnaround Management Association<\/strong><br \/>\n<a href=\"http:\/\/turnaround.cz\/restrukturalizacni-forum-2019\/prednasejici\/#petr-smutny\">Petr Smutn\u00fd<\/a> (p\u0159edseda TMA \u010cR, PwC)<br \/>\n<a href=\"http:\/\/turnaround.cz\/restrukturalizacni-forum-2019\/prednasejici\/#david-plch\">David Plch<\/a> (m\u00edstop\u0159edseda TMA \u010cR, White &amp; Case)<\/td>\n<\/tr>\n<tr>\n<td>9:15 \u2013 10:15<\/td>\n<td><strong>Jak vid\u00ed situaci na trhu banky? \/ Co p\u0159inese nov\u00e1 evropsk\u00e1 restrukturaliza\u010dn\u00ed sm\u011brnice 2019\/1023?<\/strong><br \/>\n<a href=\"http:\/\/turnaround.cz\/restrukturalizacni-forum-2019\/prednasejici\/#miroslav-galus\">Miroslav G\u00e1lus<\/a> (Unicredit)<br \/>\n<a href=\"http:\/\/turnaround.cz\/restrukturalizacni-forum-2019\/prednasejici\/#pavel-prochazka\">Pavel Proch\u00e1zka<\/a> (KB)<br \/>\n<a href=\"http:\/\/turnaround.cz\/restrukturalizacni-forum-2019\/prednasejici\/#jan-vitacek\">Jan Vit\u00e1\u010dek<\/a> (\u010cSOB)<br \/>\n<a href=\"http:\/\/turnaround.cz\/restrukturalizacni-forum-2019\/prednasejici\/#jaroslav-schonfeld\">Jaroslav Sch\u00f6nfeld<\/a> (\u010cS, V\u0160E)<br \/>\n<a href=\"http:\/\/turnaround.cz\/restrukturalizacni-forum-2019\/prednasejici\/#klara-vitkova\">Kl\u00e1ra V\u00edtkov\u00e1<\/a>, <a href=\"http:\/\/turnaround.cz\/restrukturalizacni-forum-2019\/prednasejici\/#ondrej-zezulka\">Ond\u0159ej Zezulka<\/a> (MSP)<br \/>\n<a href=\"http:\/\/turnaround.cz\/restrukturalizacni-forum-2019\/prednasejici\/#tomas-richter\">Tom\u00e1\u0161 Richter<\/a> (Clifford Chance, TMA)<\/p>\n<p>Moderuje <a href=\"http:\/\/turnaround.cz\/restrukturalizacni-forum-2019\/prednasejici\/#jan-masek\">Jan Ma\u0161ek<\/a> a <a href=\"http:\/\/turnaround.cz\/restrukturalizacni-forum-2019\/prednasejici\/#petr-smutny\">Petr Smutn\u00fd<\/a><\/td>\n<\/tr>\n<tr>\n<td>10:15 &#8211; 10:50<\/td>\n<td>P\u0159est\u00e1vka<\/td>\n<\/tr>\n<tr>\n<td>10:50 &#8211; 11:50<\/td>\n<td><strong>Struktur\u00e1ln\u00ed zm\u011bny v automobilov\u00e9m pr\u016fmyslu<\/strong><br \/>\n<a href=\"http:\/\/turnaround.cz\/restrukturalizacni-forum-2019\/prednasejici\/#thomas-steinberger\">Thomas Steinberger<\/a> (PwC N\u011bmecko) <a href=\"http:\/\/turnaround.cz\/restrukturalizacni-forum-2019\/wp-content\/uploads\/sites\/8\/2016\/09\/Strukturalni_zmeny_v_automobilovem_prumyslu_Steinberger.pdf\">prezentace<\/a><br \/>\n<a href=\"http:\/\/turnaround.cz\/restrukturalizacni-forum-2019\/prednasejici\/#petr-karasek\">Petr Kar\u00e1sek<\/a> (CAIM, TMA)<br \/>\n<a href=\"http:\/\/turnaround.cz\/restrukturalizacni-forum-2019\/prednasejici\/#pavel-odstrcil\">Pavel Odstr\u010dil<\/a> (\u0160koda Auto)<br \/>\n<a href=\"http:\/\/turnaround.cz\/restrukturalizacni-forum-2019\/prednasejici\/#zdenek-petzl\">Zden\u011bk Petzl<\/a> (Auto SAP)<\/p>\n<p>Moderuje: <a href=\"http:\/\/turnaround.cz\/restrukturalizacni-forum-2019\/prednasejici\/#petr-smutny\">Petr Smutn\u00fd<\/a> (PwC, TMA)<\/td>\n<\/tr>\n<tr>\n<td>11:50 \u2013 12:10<\/td>\n<td><strong>Insolvence v judikatu\u0159e Nejvy\u0161\u0161\u00edho spr\u00e1vn\u00edho soudu<\/strong><br \/>\n<a href=\"http:\/\/turnaround.cz\/restrukturalizacni-forum-2019\/prednasejici\/#tomas-rychly\">Tom\u00e1\u0161 Rychl\u00fd<\/a> (Nejvy\u0161\u0161\u00ed spr\u00e1vn\u00ed soud) <a href=\"http:\/\/turnaround.cz\/restrukturalizacni-forum-2019\/wp-content\/uploads\/sites\/8\/2016\/09\/Insolvence_v_judikature_NSS_Rychly.pdf\">prezentace<\/a><\/td>\n<\/tr>\n<tr>\n<td>12:10 &#8211; 12:40<\/td>\n<td><strong>Praktick\u00e9 da\u0148ov\u00e9 aspekty restrukturalizace<\/strong><br \/>\n<a href=\"http:\/\/turnaround.cz\/restrukturalizacni-forum-2019\/prednasejici\/#helena-horova\">Helena Horov\u00e1<\/a> (AK Horov\u00e1) <a href=\"http:\/\/turnaround.cz\/restrukturalizacni-forum-2019\/wp-content\/uploads\/sites\/8\/2016\/09\/Horova_Da\u0148ov\u00e9-aspekty-reorganizace.pdf\">prezentace<\/a><br \/>\n<a href=\"http:\/\/turnaround.cz\/restrukturalizacni-forum-2019\/prednasejici\/#monika-novotna\">Monika Novotn\u00e1<\/a> (R\u00f6dl &amp; Partner) <a href=\"http:\/\/turnaround.cz\/restrukturalizacni-forum-2019\/wp-content\/uploads\/sites\/8\/2016\/09\/Novotna_Danove_aspekty_reorganizace.PPT.pdf\">prezentace<\/a><\/td>\n<\/tr>\n<tr>\n<td>12:40 \u2013 14:10<\/td>\n<td>Ob\u011bd<\/td>\n<\/tr>\n<tr>\n<td>14:10 &#8211; 14:25<\/td>\n<td><em>prezentace v\u00fdhern\u00ed semin\u00e1rn\u00ed pr\u00e1ce ocen\u011bn\u00e9 <a href=\"http:\/\/turnaround.cz\/restrukturalizacni-forum-2019\/cena-tma\/\">Cenou TMA 2019<\/a><\/em><br \/>\n<a href=\"http:\/\/turnaround.cz\/restrukturalizacni-forum-2019\/wp-content\/uploads\/sites\/8\/2016\/09\/Due_diligence_Ernst_Leopold.pdf\">prezentace<\/a><\/td>\n<\/tr>\n<tr>\n<td>14:25 \u2013 14:45<\/td>\n<td><strong>Makroekonomick\u00fd p\u0159ehled<\/strong><br \/>\n<a href=\"http:\/\/turnaround.cz\/restrukturalizacni-forum-2019\/prednasejici\/#jakub-seidler\">Jakub Seidler<\/a> (ING bank) <a href=\"http:\/\/turnaround.cz\/restrukturalizacni-forum-2019\/wp-content\/uploads\/sites\/8\/2016\/09\/Makroekonomicky_prehled_Seidler.pdf\">prezentace<\/a><\/td>\n<\/tr>\n<tr>\n<td>14:45 &#8211; 15:15<\/td>\n<td><strong>Case study \u2013 prodej na Ukrajin\u011b<\/strong><br \/>\n<a href=\"http:\/\/turnaround.cz\/restrukturalizacni-forum-2019\/prednasejici\/#galina-kocendova\">Galina Ko\u010dendov\u00e1<\/a> (EGAP)<br \/>\n<a href=\"http:\/\/turnaround.cz\/restrukturalizacni-forum-2019\/prednasejici\/#lukas-lhotak\">Luk\u00e1\u0161 Lhot\u00e1k<\/a> (EGAP, TMA) <a href=\"http:\/\/turnaround.cz\/restrukturalizacni-forum-2019\/wp-content\/uploads\/sites\/8\/2016\/09\/Case_study_prodej_na_Ukrajine.pdf\">prezentace<\/a><\/td>\n<\/tr>\n<tr>\n<td>15:15 &#8211; 15:45<\/td>\n<td><strong>P\u0159\u00edpadov\u00e1 studie \u2013 insolven\u010dn\u00ed \u0159\u00edzen\u00ed Kr\u00e1lovopolsk\u00e1 RIA, a. s.<\/strong><br \/>\n<a href=\"http:\/\/turnaround.cz\/restrukturalizacni-forum-2019\/prednasejici\/#jan-masek\">Jan Ma\u0161ek<\/a> (Administrace insolvenc\u00ed, TMA)<br \/>\n<a href=\"http:\/\/turnaround.cz\/restrukturalizacni-forum-2019\/prednasejici\/#radim-skarpa\">Radim \u0160karpa<\/a> (PwC, TMA)<\/td>\n<\/tr>\n<tr>\n<td>15:45 &#8211; 16:00<\/td>\n<td><strong>K\u0159est knihy \u2013 koment\u00e1\u0159 k insolven\u010dn\u00edmu z\u00e1konu<\/strong><br \/>\n<a href=\"http:\/\/turnaround.cz\/restrukturalizacni-forum-2019\/prednasejici\/#petr-sprinz\">Petr Sprinz<\/a> (Havel &amp; Partners, TMA)<\/td>\n<\/tr>\n<tr>\n<td>16:00 &#8211; 17:00<\/td>\n<td><strong>Neform\u00e1ln\u00ed diskuse, sklenka v\u00edna<\/strong><\/td>\n<\/tr>\n<\/tbody>\n<\/table>\n","protected":false},"excerpt":{"rendered":"<p>\u010cas Program 8:30 &#8211; 9:00 Registrace \u00fa\u010dastn\u00edk\u016f, sn\u00eddan\u011b 9:00 &#8211; 9:15 \u00davod a p\u0159edstaven\u00ed Turnaround Management Association Petr Smutn\u00fd (p\u0159edseda TMA \u010cR, PwC) David Plch (m\u00edstop\u0159edseda TMA \u010cR, White &amp; Case) 9:15 \u2013 10:15 Jak vid\u00ed situaci na trhu banky? \/ Co p\u0159inese nov\u00e1 evropsk\u00e1 restrukturaliza\u010dn\u00ed sm\u011brnice 2019\/1023? Miroslav G\u00e1lus (Unicredit) Pavel Proch\u00e1zka (KB) Jan&#8230;  <a class=\"excerpt-read-more\" href=\"https:\/\/turnaround.cz\/restrukturalizacni-forum-2019\/program\/\" title=\"Read Program\">Read more &raquo;<\/a><\/p>\n","protected":false},"author":1,"featured_media":0,"parent":0,"menu_order":0,"comment_status":"closed","ping_status":"closed","template":"","meta":{"ngg_post_thumbnail":0,"jetpack_post_was_ever_published":false,"footnotes":""},"class_list":["post-8","page","type-page","status-publish","hentry"],"acf":[],"jetpack_sharing_enabled":true,"jetpack_shortlink":"https:\/\/wp.me\/PbjlFR-8","_links":{"self":[{"href":"https:\/\/turnaround.cz\/restrukturalizacni-forum-2019\/wp-json\/wp\/v2\/pages\/8","targetHints":{"allow":["GET"]}}],"collection":[{"href":"https:\/\/turnaround.cz\/restrukturalizacni-forum-2019\/wp-json\/wp\/v2\/pages"}],"about":[{"href":"https:\/\/turnaround.cz\/restrukturalizacni-forum-2019\/wp-json\/wp\/v2\/types\/page"}],"author":[{"embeddable":true,"href":"https:\/\/turnaround.cz\/restrukturalizacni-forum-2019\/wp-json\/wp\/v2\/users\/1"}],"replies":[{"embeddable":true,"href":"https:\/\/turnaround.cz\/restrukturalizacni-forum-2019\/wp-json\/wp\/v2\/comments?post=8"}],"version-history":[{"count":79,"href":"https:\/\/turnaround.cz\/restrukturalizacni-forum-2019\/wp-json\/wp\/v2\/pages\/8\/revisions"}],"predecessor-version":[{"id":1394,"href":"https:\/\/turnaround.cz\/restrukturalizacni-forum-2019\/wp-json\/wp\/v2\/pages\/8\/revisions\/1394"}],"wp:attachment":[{"href":"https:\/\/turnaround.cz\/restrukturalizacni-forum-2019\/wp-json\/wp\/v2\/media?parent=8"}],"curies":[{"name":"wp","href":"https:\/\/api.w.org\/{rel}","templated":true}]}}