{"id":1669,"date":"2021-11-11T09:25:17","date_gmt":"2021-11-11T08:25:17","guid":{"rendered":"http:\/\/turnaround.cz\/restrukturalizacni-forum-2021\/?page_id=1669"},"modified":"2021-11-11T10:34:38","modified_gmt":"2021-11-11T09:34:38","slug":"podekovani","status":"publish","type":"page","link":"https:\/\/turnaround.cz\/restrukturalizacni-forum-2021\/","title":{"rendered":"Pod\u011bkov\u00e1n\u00ed"},"content":{"rendered":"\n<p>D\u011bkujeme  v\u0161em \u00fa\u010dastn\u00edk\u016fm a partner\u016fm 9. ro\u010dn\u00edku konference Restrukturaliza\u010dn\u00ed  f\u00f3rum roku 2021, kter\u00e1 se uskute\u010dnila 2. listopadu 2021 v prostor\u00e1ch  \u010cesk\u00e9 n\u00e1rodn\u00ed banky.<\/p>\n\n\n\n<p>T\u011b\u0161\u00ed n\u00e1s V\u00e1\u0161 z\u00e1jem  o konferenci, letos jsme op\u011bt naplnili kapacitu a konference se  z\u00fa\u010dastnilo na 220 odborn\u00edk\u016f na restrukturalizace z \u0159ad bank\u00e9\u0159\u016f,  pr\u00e1vn\u00edk\u016f, ekonomick\u00fdch poradc\u016f, insolven\u010dn\u00edch spr\u00e1vc\u016f a dal\u0161\u00edch  zainteresovan\u00fdch stran.<\/p>\n\n\n\n<p>D\u00edky  spolupr\u00e1ci TMA a Podnikohospod\u00e1\u0159sk\u00e9 fakulty Vysok\u00e9 \u0161koly ekonomick\u00e9 v  Praze se konference z\u00fa\u010dastnila tak\u00e9 \u0159ada student\u016f vedlej\u0161\u00ed specializace&nbsp;Turnaround Management.<\/p>\n\n\n\n<p><a rel=\"noopener noreferrer\" href=\"http:\/\/turnaround.cz\/restrukturalizacni-forum-2021\/wp-content\/uploads\/sites\/9\/2021\/11\/TZ-Restrukturaliza\u010dn\u00ed-f\u00f3rum-2021.pdf\" target=\"_blank\">Tiskov\u00e1 zpr\u00e1va<\/a><\/p>\n","protected":false},"excerpt":{"rendered":"<p>D\u011bkujeme v\u0161em \u00fa\u010dastn\u00edk\u016fm a partner\u016fm 9. ro\u010dn\u00edku konference Restrukturaliza\u010dn\u00ed f\u00f3rum roku 2021, kter\u00e1 se uskute\u010dnila 2. listopadu 2021 v prostor\u00e1ch \u010cesk\u00e9 n\u00e1rodn\u00ed banky. T\u011b\u0161\u00ed n\u00e1s V\u00e1\u0161 z\u00e1jem o konferenci, letos jsme op\u011bt naplnili kapacitu a konference se z\u00fa\u010dastnilo na 220 odborn\u00edk\u016f na restrukturalizace z \u0159ad bank\u00e9\u0159\u016f, pr\u00e1vn\u00edk\u016f, ekonomick\u00fdch poradc\u016f, insolven\u010dn\u00edch spr\u00e1vc\u016f a dal\u0161\u00edch zainteresovan\u00fdch stran&#8230;.  <a class=\"excerpt-read-more\" href=\"https:\/\/turnaround.cz\/restrukturalizacni-forum-2021\/\" title=\"Read Pod\u011bkov\u00e1n\u00ed\">Read more &raquo;<\/a><\/p>\n","protected":false},"author":1,"featured_media":0,"parent":0,"menu_order":0,"comment_status":"closed","ping_status":"closed","template":"","meta":{"ngg_post_thumbnail":0,"jetpack_post_was_ever_published":false,"footnotes":""},"class_list":["post-1669","page","type-page","status-publish","hentry"],"acf":[],"jetpack_sharing_enabled":true,"jetpack_shortlink":"https:\/\/wp.me\/Pdw2zV-qV","_links":{"self":[{"href":"https:\/\/turnaround.cz\/restrukturalizacni-forum-2021\/wp-json\/wp\/v2\/pages\/1669","targetHints":{"allow":["GET"]}}],"collection":[{"href":"https:\/\/turnaround.cz\/restrukturalizacni-forum-2021\/wp-json\/wp\/v2\/pages"}],"about":[{"href":"https:\/\/turnaround.cz\/restrukturalizacni-forum-2021\/wp-json\/wp\/v2\/types\/page"}],"author":[{"embeddable":true,"href":"https:\/\/turnaround.cz\/restrukturalizacni-forum-2021\/wp-json\/wp\/v2\/users\/1"}],"replies":[{"embeddable":true,"href":"https:\/\/turnaround.cz\/restrukturalizacni-forum-2021\/wp-json\/wp\/v2\/comments?post=1669"}],"version-history":[{"count":6,"href":"https:\/\/turnaround.cz\/restrukturalizacni-forum-2021\/wp-json\/wp\/v2\/pages\/1669\/revisions"}],"predecessor-version":[{"id":1712,"href":"https:\/\/turnaround.cz\/restrukturalizacni-forum-2021\/wp-json\/wp\/v2\/pages\/1669\/revisions\/1712"}],"wp:attachment":[{"href":"https:\/\/turnaround.cz\/restrukturalizacni-forum-2021\/wp-json\/wp\/v2\/media?parent=1669"}],"curies":[{"name":"wp","href":"https:\/\/api.w.org\/{rel}","templated":true}]}}