{"id":4,"date":"2016-09-12T20:10:26","date_gmt":"2016-09-12T19:10:26","guid":{"rendered":"http:\/\/turnaround.cz\/restrukturalizacni-forum-2021\/?page_id=4"},"modified":"2021-10-20T19:08:38","modified_gmt":"2021-10-20T18:08:38","slug":"inventura-insolvence","status":"publish","type":"page","link":"https:\/\/turnaround.cz\/restrukturalizacni-forum-2021\/inventura-insolvence\/","title":{"rendered":"Dalo se to \u010dekat?!"},"content":{"rendered":"<p>9. ro\u010dn\u00edk Restrukturaliza\u010dn\u00edho f\u00f3ra<\/p>\n<p>Konference je ur\u010dena pro odborn\u00edky, kte\u0159\u00ed se zab\u00fdvaj\u00ed restrukturalizac\u00ed a krizov\u00fdm \u0159\u00edzen\u00edm firmy, finan\u010dn\u00ed poradce a investory, bank\u00e9\u0159e a z\u00e1stupce v\u011b\u0159itel\u016f, advok\u00e1ty, insolven\u010dn\u00ed spr\u00e1vce \u010di soudce a dal\u0161\u00ed, kte\u0159\u00ed se ve sv\u00e9 profesi s touto problematikou setk\u00e1vaj\u00ed.<\/p>\n<p><strong>C\u00edlem konference je:<\/strong><\/p>\n<ul>\n<li>p\u0159edstavit proces restrukturalizace firmy na zaj\u00edmav\u00fdch p\u0159\u00edkladech z praxe<\/li>\n<li>zprost\u0159edkovat z\u00e1stupc\u016fm strany v\u011b\u0159itel\u016f pohled z druh\u00e9 strany<\/li>\n<li>zab\u00fdvat se aktu\u00e1ln\u00edmi t\u00e9maty &#8211; koronavirov\u00e1 krize &#8211; jak\u00e1 byla o\u010dek\u00e1v\u00e1n\u00ed a jak\u00e1 byla realita? Jak se vyv\u00edj\u00ed \u010desk\u00e1 implementace restrukturaliza\u010dn\u00ed sm\u011brnice EU 2019\/1023? Dozv\u00edte se pohled z \u010cR a SR.<\/li>\n<li>podpo\u0159it v\u00fdm\u011bnu n\u00e1zor\u016f, sd\u00edlen\u00ed znalost\u00ed a zku\u0161enost\u00ed mezi osobami zab\u00fdvaj\u00edc\u00edmi se krizov\u00fdm \u0159\u00edzen\u00edm, restrukturalizac\u00ed a insolvenc\u00ed.<\/li>\n<\/ul>\n<p><a href=\"http:\/\/turnaround.cz\/restrukturalizacni-forum-2021\/wp-content\/uploads\/sites\/9\/2021\/10\/TMA-Restrukturalizacni-forum-2021_A4-1.pdf\">Pozv\u00e1nka ke sta\u017een\u00ed<\/a><\/p>\n","protected":false},"excerpt":{"rendered":"<p>9. ro\u010dn\u00edk Restrukturaliza\u010dn\u00edho f\u00f3ra Konference je ur\u010dena pro odborn\u00edky, kte\u0159\u00ed se zab\u00fdvaj\u00ed restrukturalizac\u00ed a krizov\u00fdm \u0159\u00edzen\u00edm firmy, finan\u010dn\u00ed poradce a investory, bank\u00e9\u0159e a z\u00e1stupce v\u011b\u0159itel\u016f, advok\u00e1ty, insolven\u010dn\u00ed spr\u00e1vce \u010di soudce a dal\u0161\u00ed, kte\u0159\u00ed se ve sv\u00e9 profesi s touto problematikou setk\u00e1vaj\u00ed. C\u00edlem konference je: p\u0159edstavit proces restrukturalizace firmy na zaj\u00edmav\u00fdch p\u0159\u00edkladech z praxe zprost\u0159edkovat z\u00e1stupc\u016fm&#8230;  <a class=\"excerpt-read-more\" href=\"https:\/\/turnaround.cz\/restrukturalizacni-forum-2021\/inventura-insolvence\/\" title=\"Read Dalo se to \u010dekat?!\">Read more &raquo;<\/a><\/p>\n","protected":false},"author":1,"featured_media":0,"parent":0,"menu_order":0,"comment_status":"closed","ping_status":"closed","template":"","meta":{"ngg_post_thumbnail":0,"jetpack_post_was_ever_published":false,"footnotes":""},"class_list":["post-4","page","type-page","status-publish","hentry"],"acf":[],"jetpack_sharing_enabled":true,"jetpack_shortlink":"https:\/\/wp.me\/Pdw2zV-4","_links":{"self":[{"href":"https:\/\/turnaround.cz\/restrukturalizacni-forum-2021\/wp-json\/wp\/v2\/pages\/4","targetHints":{"allow":["GET"]}}],"collection":[{"href":"https:\/\/turnaround.cz\/restrukturalizacni-forum-2021\/wp-json\/wp\/v2\/pages"}],"about":[{"href":"https:\/\/turnaround.cz\/restrukturalizacni-forum-2021\/wp-json\/wp\/v2\/types\/page"}],"author":[{"embeddable":true,"href":"https:\/\/turnaround.cz\/restrukturalizacni-forum-2021\/wp-json\/wp\/v2\/users\/1"}],"replies":[{"embeddable":true,"href":"https:\/\/turnaround.cz\/restrukturalizacni-forum-2021\/wp-json\/wp\/v2\/comments?post=4"}],"version-history":[{"count":11,"href":"https:\/\/turnaround.cz\/restrukturalizacni-forum-2021\/wp-json\/wp\/v2\/pages\/4\/revisions"}],"predecessor-version":[{"id":1620,"href":"https:\/\/turnaround.cz\/restrukturalizacni-forum-2021\/wp-json\/wp\/v2\/pages\/4\/revisions\/1620"}],"wp:attachment":[{"href":"https:\/\/turnaround.cz\/restrukturalizacni-forum-2021\/wp-json\/wp\/v2\/media?parent=4"}],"curies":[{"name":"wp","href":"https:\/\/api.w.org\/{rel}","templated":true}]}}