{"id":6,"date":"2016-09-12T20:14:38","date_gmt":"2016-09-12T19:14:38","guid":{"rendered":"http:\/\/turnaround.cz\/restrukturalizacni-forum-2021\/?page_id=6"},"modified":"2021-10-31T20:21:10","modified_gmt":"2021-10-31T19:21:10","slug":"informace","status":"publish","type":"page","link":"https:\/\/turnaround.cz\/restrukturalizacni-forum-2021\/informace\/","title":{"rendered":"Informace"},"content":{"rendered":"<p><strong>Datum kon\u00e1n\u00ed:<\/strong><br \/>2. listopadu 2021, 9:00 \u2013 17:00 hodin<br \/><em>(registrace od 8.30 hodin)<\/em><\/p>\n<p><strong>M\u00edsto kon\u00e1n\u00ed:<\/strong><br \/>Kongresov\u00e9 centrum \u010cNB,<br \/>Senov\u00e1\u017en\u00e9 n\u00e1m. 30, Praha 1<\/p>\n<p><strong>Poplatek za \u00fa\u010dast:<\/strong><br \/>3 900 K\u010d <em>(Turnaround Management Association nen\u00ed pl\u00e1tcem DPH)<\/em><br \/><strong>Akce 3+1 zdarma<\/strong> (V p\u0159\u00edpad\u011b registrace 3 osob z jedn\u00e9 spole\u010dnosti \u010dtvrt\u00fd vstup zdarma &#8211; pros\u00edm uve\u010fte do pozn\u00e1mky &#8222;3+1&#8220;)<\/p>\n<p><a href=\"http:\/\/turnaround.cz\/restrukturalizacni-forum-2021\/registrace\/\">Registrace<\/a> nejpozd\u011bji do \u010dtvrtka 28. \u0159\u00edjna 2021.<\/p>\n<p>Prezentace a diskuse budou prob\u00edhat p\u0159ev\u00e1\u017en\u011b v \u010de\u0161tin\u011b.<\/p>\n<p><strong>COVID info:<br \/><\/strong>Spr\u00e1vn\u00ed rada TMA \u010cR, z.s. rozhodla p\u0159i sv\u00e9m jedn\u00e1n\u00ed, \u017ee p\u0159istoup\u00edme k\u00a0organizaci konference maxim\u00e1ln\u011b<strong> zodpov\u011bdn\u011b<\/strong>, abychom sn\u00ed\u017eili na minimum mo\u017enost \u0161\u00ed\u0159en\u00ed nemoci Covid-19 b\u011bhem akce.<\/p>\n<p>Proto <strong>budeme u vstupu vy\u017eadovat prok\u00e1z\u00e1n\u00ed ka\u017ed\u00e9ho \u00fa\u010dastn\u00edka negativn\u00edm testem<\/strong> (negativn\u00ed RT-PCR star\u00fd nejv\u00fd\u0161e 72 hodin nebo negativn\u00ed RAT antigenn\u00ed test star\u00fd nejv\u00fd\u0161e 24 hodin).<\/p>\n<p>U vchodu do \u010cNB (ze Senov\u00e1\u017en\u00e9ho n\u00e1m.) <strong>bude k\u00a0dispozici odb\u011brov\u00e9 centrum<\/strong> (v \u010dase 7:30 \u2013 8:50), kde si budete moci nechat ud\u011blat RAT-antigenn\u00ed test, jeho\u017e v\u00fdsledek budete zn\u00e1t do 10 minut. Centrum bude od uchaze\u010d\u016f po\u017eadovat n\u00e1sleduj\u00edc\u00ed informace: jm\u00e9no, p\u0159\u00edjmen\u00ed, adresa, \u010d\u00edslo poji\u0161t\u011bnce, k\u00f3d poji\u0161\u0165ovny, telefon a e-mail, kter\u00e9 je povinno p\u0159ed\u00e1vat do registru o proveden\u00fdch testech.<\/p>\n<p>O\u010dkovan\u00ed \u00fa\u010dastn\u00edci maj\u00ed n\u00e1rok na 1 preventivn\u00ed antigenn\u00ed test za 7 dn\u00ed v\u00a0r\u00e1mci zdravotn\u00edho poji\u0161t\u011bn\u00ed.<br \/>Pro neo\u010dkovan\u00e9 je cena testu u odb\u011brov\u00e9ho centra 200 K\u010d.<\/p>\n<p>P\u0159edem <strong>d\u011bkujeme<\/strong> za Va\u0161i spolupr\u00e1ci a ochotu podstoupit testov\u00e1n\u00ed.<br \/>V\u011b\u0159\u00edme, \u017ee takto p\u0159isp\u011bjeme k\u00a0bezpe\u010dn\u00e9mu pr\u016fb\u011bhu konference.<\/p>\n<p>Platn\u00e9 zn\u011bn\u00ed na\u0159\u00edzen\u00ed zde: <a href=\"_wp_link_placeholder\" data-wplink-edit=\"true\">https:\/\/covid.gov.cz\/situace\/kultura\/spolecenske-akce<\/a><\/p>\n\n\n<p><\/p>\n","protected":false},"excerpt":{"rendered":"<p>Datum kon\u00e1n\u00ed:2. listopadu 2021, 9:00 \u2013 17:00 hodin(registrace od 8.30 hodin) M\u00edsto kon\u00e1n\u00ed:Kongresov\u00e9 centrum \u010cNB,Senov\u00e1\u017en\u00e9 n\u00e1m. 30, Praha 1 Poplatek za \u00fa\u010dast:3 900 K\u010d (Turnaround Management Association nen\u00ed pl\u00e1tcem DPH)Akce 3+1 zdarma (V p\u0159\u00edpad\u011b registrace 3 osob z jedn\u00e9 spole\u010dnosti \u010dtvrt\u00fd vstup zdarma &#8211; pros\u00edm uve\u010fte do pozn\u00e1mky &#8222;3+1&#8220;) Registrace nejpozd\u011bji do \u010dtvrtka 28. \u0159\u00edjna&#8230;  <a class=\"excerpt-read-more\" href=\"https:\/\/turnaround.cz\/restrukturalizacni-forum-2021\/informace\/\" title=\"Read Informace\">Read more &raquo;<\/a><\/p>\n","protected":false},"author":1,"featured_media":0,"parent":0,"menu_order":0,"comment_status":"closed","ping_status":"closed","template":"","meta":{"ngg_post_thumbnail":0,"jetpack_post_was_ever_published":false,"footnotes":""},"class_list":["post-6","page","type-page","status-publish","hentry"],"acf":[],"jetpack_sharing_enabled":true,"jetpack_shortlink":"https:\/\/wp.me\/Pdw2zV-6","_links":{"self":[{"href":"https:\/\/turnaround.cz\/restrukturalizacni-forum-2021\/wp-json\/wp\/v2\/pages\/6","targetHints":{"allow":["GET"]}}],"collection":[{"href":"https:\/\/turnaround.cz\/restrukturalizacni-forum-2021\/wp-json\/wp\/v2\/pages"}],"about":[{"href":"https:\/\/turnaround.cz\/restrukturalizacni-forum-2021\/wp-json\/wp\/v2\/types\/page"}],"author":[{"embeddable":true,"href":"https:\/\/turnaround.cz\/restrukturalizacni-forum-2021\/wp-json\/wp\/v2\/users\/1"}],"replies":[{"embeddable":true,"href":"https:\/\/turnaround.cz\/restrukturalizacni-forum-2021\/wp-json\/wp\/v2\/comments?post=6"}],"version-history":[{"count":17,"href":"https:\/\/turnaround.cz\/restrukturalizacni-forum-2021\/wp-json\/wp\/v2\/pages\/6\/revisions"}],"predecessor-version":[{"id":1649,"href":"https:\/\/turnaround.cz\/restrukturalizacni-forum-2021\/wp-json\/wp\/v2\/pages\/6\/revisions\/1649"}],"wp:attachment":[{"href":"https:\/\/turnaround.cz\/restrukturalizacni-forum-2021\/wp-json\/wp\/v2\/media?parent=6"}],"curies":[{"name":"wp","href":"https:\/\/api.w.org\/{rel}","templated":true}]}}