{"id":8,"date":"2016-09-12T20:15:20","date_gmt":"2016-09-12T19:15:20","guid":{"rendered":"http:\/\/turnaround.cz\/restrukturalizacni-forum-2021\/?page_id=8"},"modified":"2021-11-11T09:54:51","modified_gmt":"2021-11-11T08:54:51","slug":"program","status":"publish","type":"page","link":"https:\/\/turnaround.cz\/restrukturalizacni-forum-2021\/program\/","title":{"rendered":"Program"},"content":{"rendered":"<table class=\"program\">\n<thead>\n<tr>\n<th width=\"120\">\u010cas<\/th>\n<th>Program<\/th>\n<\/tr>\n<\/thead>\n<tbody>\n<tr>\n<td>8:30 &#8211; 9:00<\/td>\n<td>Registrace \u00fa\u010dastn\u00edk\u016f, sn\u00eddan\u011b<\/td>\n<\/tr>\n<tr>\n<td>9:00 &#8211; 9:10<\/td>\n<td><strong>\u00davod a p\u0159edstaven\u00ed Turnaround Management Association<\/strong><br \/>\n<a href=\"http:\/\/turnaround.cz\/restrukturalizacni-forum-2021\/prednasejici\/#petr-smutny\">Petr Smutn\u00fd<\/a> (p\u0159edseda TMA \u010cR, PwC)<br \/>\n<a href=\"http:\/\/turnaround.cz\/restrukturalizacni-forum-2021\/prednasejici\/#david-plch\">David Plch<\/a> (m\u00edstop\u0159edseda TMA \u010cR, White &amp; Case)<\/td>\n<\/tr>\n<tr>\n<td>9:10 \u2013 9:35<\/td>\n<td><strong>Makroekonomick\u00fd \u00favod<\/strong><br \/>\n<a href=\"http:\/\/turnaround.cz\/restrukturalizacni-forum-2021\/wp-content\/uploads\/sites\/9\/2021\/11\/1.-Makroekonomicky_uvod_Singer.pdf\" target=\"_blank\" rel=\"noopener noreferrer\">prezentace<\/a><br \/>\n<a href=\"http:\/\/turnaround.cz\/restrukturalizacni-forum-2021\/prednasejici\/#miroslav-singer\">Miroslav Singer<\/a> (Generali CEE Holding, TMA)<\/td>\n<\/tr>\n<tr>\n<td>9:35 &#8211; 10:05<\/td>\n<td><strong>Koronavirov\u00e1 krize \u2013 o\u010dek\u00e1v\u00e1n\u00ed vs. realita?<\/strong><br \/>\n<a href=\"http:\/\/turnaround.cz\/restrukturalizacni-forum-2021\/prednasejici\/#jirina-mevaldova\">Ji\u0159ina Mevaldov\u00e1<\/a> (Sberbank)<br \/>\n<a href=\"http:\/\/turnaround.cz\/restrukturalizacni-forum-2021\/prednasejici\/#pavel-proch\u00e1zka\">Pavel Proch\u00e1zka<\/a> (Komer\u010dn\u00ed banka, TMA)<br \/>\n<a href=\"http:\/\/turnaround.cz\/restrukturalizacni-forum-2021\/prednasejici\/#jaroslav-schonfeld\">Jaroslav Sch\u00f6nfeld<\/a> (V\u0160E, \u010cesk\u00e1 spo\u0159itelna, TMA)<br \/>\n<a href=\"http:\/\/turnaround.cz\/restrukturalizacni-forum-2021\/prednasejici\/#jan-vitacek\">Jan Vit\u00e1\u010dek<\/a> (\u010cSOB)<br \/>\nModeruj\u00ed: <a href=\"http:\/\/turnaround.cz\/restrukturalizacni-forum-2021\/prednasejici\/#jan-masek\">Jan Ma\u0161ek<\/a> a <a href=\"http:\/\/turnaround.cz\/restrukturalizacni-forum-2021\/prednasejici\/#petr-smutny\">Petr Smutn\u00fd<\/a><\/td>\n<\/tr>\n<tr>\n<td>10:05 &#8211; 10:35<\/td>\n<td><strong>Financov\u00e1n\u00ed dle programu COVID Plus<\/strong><br \/>\n<a href=\"http:\/\/turnaround.cz\/restrukturalizacni-forum-2021\/wp-content\/uploads\/sites\/9\/2021\/11\/2.-Financov\u00e1n\u00ed-dle-programu-COVID-Plus.pdf\" target=\"_blank\" rel=\"noopener noreferrer\">prezentace<\/a><br \/>\n<a href=\"http:\/\/turnaround.cz\/restrukturalizacni-forum-2021\/prednasejici\/#karel-bures\">Karel Bure\u0161<\/a> (CORPIN, TMA)<br \/>\n<a href=\"http:\/\/turnaround.cz\/restrukturalizacni-forum-2021\/prednasejici\/#marek-dlouhy\">Marek Dlouh\u00fd<\/a> (EGAP)<br \/>\n<a href=\"http:\/\/turnaround.cz\/restrukturalizacni-forum-2021\/prednasejici\/#radek-hrdlicka\">Radek Hrdli\u010dka<\/a> (Unicredit Bank)<br \/>\nModeruj\u00ed: <a href=\"http:\/\/turnaround.cz\/restrukturalizacni-forum-2021\/prednasejici\/#petr-smutny\">Petr Smutn\u00fd<\/a> a <a href=\"http:\/\/turnaround.cz\/restrukturalizacni-forum-2021\/prednasejici\/#jakub-sip\">Jakub \u0160\u00edp<\/a><\/td>\n<\/tr>\n<tr>\n<td>10:35 &#8211; 11:10<\/td>\n<td>P\u0159est\u00e1vka<\/td>\n<\/tr>\n<tr>\n<td>11:10 \u2013 11:40<\/td>\n<td><strong>SKD Bojkovice \u2013 konkursn\u00ed prodej v dob\u011b covidov\u00e9<br \/>\n<\/strong><a href=\"http:\/\/turnaround.cz\/restrukturalizacni-forum-2021\/prednasejici\/#pavel-babis\">Pavel Babi\u0161<\/a> (krizov\u00fd mana\u017eer, TMA)<br \/>\n<a href=\"http:\/\/turnaround.cz\/restrukturalizacni-forum-2021\/prednasejici\/#tomas-brozek\">Tom\u00e1\u0161 Bro\u017eek<\/a> (Deloitte Legal, TMA)<br \/>\n<a href=\"http:\/\/turnaround.cz\/restrukturalizacni-forum-2021\/prednasejici\/#ivan-chalupa\">Ivan Chalupa<\/a> (Squire Patton Boggs, TMA)<br \/>\n<a href=\"http:\/\/turnaround.cz\/restrukturalizacni-forum-2021\/prednasejici\/#pavel-novak\">Pavel Nov\u00e1k<\/a> (insolven\u010dn\u00ed spr\u00e1vce)<br \/>\n<a href=\"http:\/\/turnaround.cz\/restrukturalizacni-forum-2021\/prednasejici\/#jaroslav-schonfeld\">Jaroslav Sch\u00f6nfeld<\/a> (V\u0160E, \u010cesk\u00e1 spo\u0159itelna, TMA)<br \/>\n<a href=\"http:\/\/turnaround.cz\/restrukturalizacni-forum-2021\/prednasejici\/#radim-skarpa\">Radim \u0160karpa<\/a> (PwC, TMA)<br \/>\nModeruje: <a href=\"http:\/\/turnaround.cz\/restrukturalizacni-forum-2021\/prednasejici\/#jiri-tomola\">Ji\u0159\u00ed Tomola<\/a> (Dentons, TMA)<\/td>\n<\/tr>\n<tr>\n<td>11:40 &#8211; 12:00<\/td>\n<td><strong>P\u0159\u00edpadov\u00e1 studie Smartwings &#8211; zp\u00e1tky do oblak<\/strong><br \/>\n<a href=\"http:\/\/turnaround.cz\/restrukturalizacni-forum-2021\/prednasejici\/#jiri-tomola\">Ji\u0159\u00ed Tomola<\/a> (Dentons, TMA)<br \/>\n<a href=\"http:\/\/turnaround.cz\/restrukturalizacni-forum-2021\/prednasejici\/#david-zlamal\">David Zl\u00e1mal<\/a>&nbsp;(EY)<br \/>\nModeruje: <a href=\"http:\/\/turnaround.cz\/restrukturalizacni-forum-2021\/prednasejici\/#lukas-mikeska\">Luk\u00e1\u0161 Mikeska<\/a> (EY, TMA)<\/td>\n<\/tr>\n<tr>\n<td>12:00 &#8211; 12:20<\/td>\n<td><strong>UniControls &#8211; provoz podniku v konkursu a maximalizace uspokojen\u00ed v\u011b\u0159itel\u016f<\/strong><br \/>\n<a href=\"http:\/\/turnaround.cz\/restrukturalizacni-forum-2021\/wp-content\/uploads\/sites\/9\/2021\/11\/4.-Pripadova_studie_UniControls.pdf\" target=\"_blank\" rel=\"noopener noreferrer\">prezentace<\/a><br \/>\n<a href=\"http:\/\/turnaround.cz\/restrukturalizacni-forum-2021\/prednasejici\/#jan-chalupa\">Jan Chalupa<\/a> (TARPAN Partners)<br \/>\n<a href=\"http:\/\/turnaround.cz\/restrukturalizacni-forum-2021\/prednasejici\/#jan-kubalek\">Jan Kub\u00e1lek<\/a> (Smr\u010dka a Kub\u00e1lek insolven\u010dn\u00ed spr\u00e1vce, TMA)<br \/>\nModeruje: <a href=\"http:\/\/turnaround.cz\/restrukturalizacni-forum-2021\/prednasejici\/#daniel-hribal\">Daniel H\u0159\u00edbal<\/a> (TARPAN Partners, TMA)<\/td>\n<\/tr>\n<tr>\n<td>12:20 \u2013 13:50<\/td>\n<td>Ob\u011bd<\/td>\n<\/tr>\n<tr>\n<td>13:50 \u2013 14:05<\/td>\n<td><strong>Prezentace v\u00edt\u011bze Ceny TMA<\/strong><br \/>\n<a href=\"http:\/\/turnaround.cz\/restrukturalizacni-forum-2021\/wp-content\/uploads\/sites\/9\/2021\/11\/5.-Analyza_reorganizaci_Valenta.pdf\" target=\"_blank\" rel=\"noopener noreferrer\">prezentace<\/a><br \/>\nLuk\u00e1\u0161 Valenta (V\u0160E v Praze) &#8211; v\u00edt\u011bz o Cenu TMA &#8211; nejlep\u0161\u00ed studentskou pr\u00e1ci na t\u00e9ma turnaround management<\/td>\n<\/tr>\n<tr>\n<td>14:05 &#8211; 14:50<\/td>\n<td><strong>Panelov\u00e1 diskuze na t\u00e9ma \u010desk\u00e1 implementace restrukturaliza\u010dn\u00ed sm\u011brnice EU 2019\/1023 v pohledu z \u010cR a SR<\/strong><br \/>\n<a href=\"http:\/\/turnaround.cz\/restrukturalizacni-forum-2021\/prednasejici\/#lee-louda\">Lee Louda<\/a> (insolven\u010dn\u00ed spr\u00e1vce, TMA)<br \/>\n<a href=\"http:\/\/turnaround.cz\/restrukturalizacni-forum-2021\/prednasejici\/#martin-maliar\">Martin Maliar<\/a> (Min. spravodlivosti SR)<br \/>\n<a href=\"http:\/\/turnaround.cz\/restrukturalizacni-forum-2021\/prednasejici\/#radovan-pala\">Radovan Pala<\/a> (Taylor Wessing)<br \/>\n<a href=\"http:\/\/turnaround.cz\/restrukturalizacni-forum-2021\/prednasejici\/#ondrej-zezulka\">Ond\u0159ej Zezulka<\/a> (Min. spravedlnosti, TMA)<br \/>\nModeruje: <a href=\"http:\/\/turnaround.cz\/restrukturalizacni-forum-2021\/prednasejici\/#tomas-richter\">Tom\u00e1\u0161 Richter<\/a> (J\u0160K, TMA)<\/td>\n<\/tr>\n<tr>\n<td>14:50 &#8211; 15:20<\/td>\n<td><strong>Specifika postaven\u00ed insolven\u010dn\u00edho spr\u00e1vce ve sporn\u00fdch \u0159\u00edzen\u00edch<\/strong><br \/>\n<a href=\"http:\/\/turnaround.cz\/restrukturalizacni-forum-2021\/prednasejici\/#marie-talasova\">Marie Tala\u0161ov\u00e1<\/a> (White &amp; Case)<br \/>\n<a href=\"http:\/\/turnaround.cz\/restrukturalizacni-forum-2021\/prednasejici\/#jan-hrazdira\">Jan Hrazdira<\/a> (HKDW HOLASEK, TMA)<br \/>\n<a href=\"http:\/\/turnaround.cz\/restrukturalizacni-forum-2021\/prednasejici\/#jan-masek\">Jan Ma\u0161ek<\/a> (AZAM &#8211; insolvence, TMA)<br \/>\nModeruje: <a href=\"http:\/\/turnaround.cz\/restrukturalizacni-forum-2021\/prednasejici\/#martin-fronek\">Martin Fron\u011bk<\/a> (White &amp; Case, TMA)<\/td>\n<\/tr>\n<tr>\n<td>15:20 &#8211; 17:00<\/td>\n<td><strong>Neform\u00e1ln\u00ed diskuse, sklenka v\u00edna<\/strong><\/td>\n<\/tr>\n<\/tbody>\n<\/table>\n","protected":false},"excerpt":{"rendered":"<p>\u010cas Program 8:30 &#8211; 9:00 Registrace \u00fa\u010dastn\u00edk\u016f, sn\u00eddan\u011b 9:00 &#8211; 9:10 \u00davod a p\u0159edstaven\u00ed Turnaround Management Association Petr Smutn\u00fd (p\u0159edseda TMA \u010cR, PwC) David Plch (m\u00edstop\u0159edseda TMA \u010cR, White &amp; Case) 9:10 \u2013 9:35 Makroekonomick\u00fd \u00favod prezentace Miroslav Singer (Generali CEE Holding, TMA) 9:35 &#8211; 10:05 Koronavirov\u00e1 krize \u2013 o\u010dek\u00e1v\u00e1n\u00ed vs. realita? Ji\u0159ina Mevaldov\u00e1 (Sberbank)&#8230;  <a class=\"excerpt-read-more\" href=\"https:\/\/turnaround.cz\/restrukturalizacni-forum-2021\/program\/\" title=\"Read Program\">Read more &raquo;<\/a><\/p>\n","protected":false},"author":1,"featured_media":0,"parent":0,"menu_order":0,"comment_status":"closed","ping_status":"closed","template":"","meta":{"ngg_post_thumbnail":0,"jetpack_post_was_ever_published":false,"footnotes":""},"class_list":["post-8","page","type-page","status-publish","hentry"],"acf":[],"jetpack_sharing_enabled":true,"jetpack_shortlink":"https:\/\/wp.me\/Pdw2zV-8","_links":{"self":[{"href":"https:\/\/turnaround.cz\/restrukturalizacni-forum-2021\/wp-json\/wp\/v2\/pages\/8","targetHints":{"allow":["GET"]}}],"collection":[{"href":"https:\/\/turnaround.cz\/restrukturalizacni-forum-2021\/wp-json\/wp\/v2\/pages"}],"about":[{"href":"https:\/\/turnaround.cz\/restrukturalizacni-forum-2021\/wp-json\/wp\/v2\/types\/page"}],"author":[{"embeddable":true,"href":"https:\/\/turnaround.cz\/restrukturalizacni-forum-2021\/wp-json\/wp\/v2\/users\/1"}],"replies":[{"embeddable":true,"href":"https:\/\/turnaround.cz\/restrukturalizacni-forum-2021\/wp-json\/wp\/v2\/comments?post=8"}],"version-history":[{"count":108,"href":"https:\/\/turnaround.cz\/restrukturalizacni-forum-2021\/wp-json\/wp\/v2\/pages\/8\/revisions"}],"predecessor-version":[{"id":1702,"href":"https:\/\/turnaround.cz\/restrukturalizacni-forum-2021\/wp-json\/wp\/v2\/pages\/8\/revisions\/1702"}],"wp:attachment":[{"href":"https:\/\/turnaround.cz\/restrukturalizacni-forum-2021\/wp-json\/wp\/v2\/media?parent=8"}],"curies":[{"name":"wp","href":"https:\/\/api.w.org\/{rel}","templated":true}]}}