{"id":1669,"date":"2021-11-11T09:25:17","date_gmt":"2021-11-11T08:25:17","guid":{"rendered":"http:\/\/turnaround.cz\/restrukturalizacni-forum-2022\/?page_id=1669"},"modified":"2022-10-12T22:56:53","modified_gmt":"2022-10-12T21:56:53","slug":"informace","status":"publish","type":"page","link":"https:\/\/turnaround.cz\/restrukturalizacni-forum-2022\/","title":{"rendered":"Informace"},"content":{"rendered":"\n<p><strong>10. ro\u010dn\u00edk Restrukturaliza\u010dn\u00edho f\u00f3ra 2022<\/strong><\/p>\n\n\n\n<p class=\"has-text-align-left has-vivid-red-color has-luminous-vivid-amber-background-color has-text-color has-background\" style=\"font-size:18px\"><strong>Kapacita konference je napln\u011bna. Nep\u0159ij\u00edm\u00e1me ji\u017e nov\u00e9 registrace. D\u011bkujeme za pochopen\u00ed.<\/strong><\/p>\n\n\n\n<p style=\"font-size:18px\"><strong>Datum kon\u00e1n\u00ed:<\/strong><br>\u00fater\u00fd 18. \u0159\u00edjna 2022<\/p>\n\n\n\n<p><strong>M\u00edsto kon\u00e1n\u00ed:<\/strong><br>Kongresov\u00e9 centrum \u010cNB,<br>Senov\u00e1\u017en\u00e9 n\u00e1m. 30, Praha 1<\/p>\n\n\n\n<p><strong>Poplatek za \u00fa\u010dast:<\/strong><br>3 900 K\u010d&nbsp;<em>(Turnaround Management Association nen\u00ed pl\u00e1tcem DPH)<\/em><br><strong>Akce 3+1 zdarma<\/strong> (V p\u0159\u00edpad\u011b registrace 3 osob z jedn\u00e9 spole\u010dnosti \u010dtvrt\u00fd vstup zdarma \u2013 pros\u00edm uve\u010fte do pozn\u00e1mky \u201e3+1\u201c)<\/p>\n\n\n\n<p><a href=\"https:\/\/turnaround.cz\/restrukturalizacni-forum-2022\/registrace\/\">Registrace<\/a> nejpozd\u011bji do \u010dtvrtka 13. \u0159\u00edjna 2022.<\/p>\n\n\n\n<p>Prezentace a diskuse budou prob\u00edhat v \u010de\u0161tin\u011b.<\/p>\n\n\n\n<p><\/p>\n","protected":false},"excerpt":{"rendered":"<p>10. ro\u010dn\u00edk Restrukturaliza\u010dn\u00edho f\u00f3ra 2022 Kapacita konference je napln\u011bna. Nep\u0159ij\u00edm\u00e1me ji\u017e nov\u00e9 registrace. D\u011bkujeme za pochopen\u00ed. Datum kon\u00e1n\u00ed:\u00fater\u00fd 18. \u0159\u00edjna 2022 M\u00edsto kon\u00e1n\u00ed:Kongresov\u00e9 centrum \u010cNB,Senov\u00e1\u017en\u00e9 n\u00e1m. 30, Praha 1 Poplatek za \u00fa\u010dast:3 900 K\u010d&nbsp;(Turnaround Management Association nen\u00ed pl\u00e1tcem DPH)Akce 3+1 zdarma (V p\u0159\u00edpad\u011b registrace 3 osob z jedn\u00e9 spole\u010dnosti \u010dtvrt\u00fd vstup zdarma \u2013 pros\u00edm uve\u010fte&#8230;  <a class=\"excerpt-read-more\" href=\"https:\/\/turnaround.cz\/restrukturalizacni-forum-2022\/\" title=\"Read Informace\">Read more &raquo;<\/a><\/p>\n","protected":false},"author":1,"featured_media":0,"parent":0,"menu_order":0,"comment_status":"closed","ping_status":"closed","template":"","meta":{"ngg_post_thumbnail":0,"jetpack_post_was_ever_published":false,"footnotes":""},"class_list":["post-1669","page","type-page","status-publish","hentry"],"acf":[],"jetpack_sharing_enabled":true,"jetpack_shortlink":"https:\/\/wp.me\/Pdw2zV-qV","_links":{"self":[{"href":"https:\/\/turnaround.cz\/restrukturalizacni-forum-2022\/wp-json\/wp\/v2\/pages\/1669","targetHints":{"allow":["GET"]}}],"collection":[{"href":"https:\/\/turnaround.cz\/restrukturalizacni-forum-2022\/wp-json\/wp\/v2\/pages"}],"about":[{"href":"https:\/\/turnaround.cz\/restrukturalizacni-forum-2022\/wp-json\/wp\/v2\/types\/page"}],"author":[{"embeddable":true,"href":"https:\/\/turnaround.cz\/restrukturalizacni-forum-2022\/wp-json\/wp\/v2\/users\/1"}],"replies":[{"embeddable":true,"href":"https:\/\/turnaround.cz\/restrukturalizacni-forum-2022\/wp-json\/wp\/v2\/comments?post=1669"}],"version-history":[{"count":17,"href":"https:\/\/turnaround.cz\/restrukturalizacni-forum-2022\/wp-json\/wp\/v2\/pages\/1669\/revisions"}],"predecessor-version":[{"id":1914,"href":"https:\/\/turnaround.cz\/restrukturalizacni-forum-2022\/wp-json\/wp\/v2\/pages\/1669\/revisions\/1914"}],"wp:attachment":[{"href":"https:\/\/turnaround.cz\/restrukturalizacni-forum-2022\/wp-json\/wp\/v2\/media?parent=1669"}],"curies":[{"name":"wp","href":"https:\/\/api.w.org\/{rel}","templated":true}]}}