{"id":8,"date":"2016-09-12T20:15:20","date_gmt":"2016-09-12T19:15:20","guid":{"rendered":"http:\/\/turnaround.cz\/restrukturalizacni-forum-2022\/?page_id=8"},"modified":"2022-10-21T13:10:23","modified_gmt":"2022-10-21T12:10:23","slug":"program","status":"publish","type":"page","link":"https:\/\/turnaround.cz\/restrukturalizacni-forum-2022\/program\/","title":{"rendered":"Program"},"content":{"rendered":"\n<p><strong>Restrukturaliza\u010dn\u00ed f\u00f3rum \u2013 18. \u0159\u00edjna 2022<\/strong><\/p>\n\n\n\n<p>10. ro\u010dn\u00edk konference<\/p>\n\n\n<table class=\"program\">\n<thead>\n<tr>\n<th width=\"120\">\u010cas<\/th>\n<th>Program<\/th>\n<\/tr>\n<\/thead>\n<tbody>\n<tr>\n<td>8:30 &#8211; 9:00<\/td>\n<td>Registrace \u00fa\u010dastn\u00edk\u016f, sn\u00eddan\u011b<\/td>\n<\/tr>\n<tr>\n<td>9:00 &#8211; 9:10<\/td>\n<td><strong>\u00davod a p\u0159edstaven\u00ed Turnaround Management Association<\/strong><br \/><a href=\"https:\/\/turnaround.cz\/restrukturalizacni-forum-2022\/prednasejici\/#petr-smutny\">Petr Smutn\u00fd<\/a> (p\u0159edseda TMA, PwC)<br \/><a href=\"https:\/\/turnaround.cz\/restrukturalizacni-forum-2022\/prednasejici\/#tomas-richter\">Tom\u00e1\u0161 Richter<\/a> (m\u00edstop\u0159edseda TMA, J\u0160K)<\/td>\n<\/tr>\n<tr>\n<td>9:10 \u2013 9:40<\/td>\n<td><strong>Makroekonomick\u00fd \u00favod &#8211; <a href=\"http:\/\/turnaround.cz\/restrukturalizacni-forum-2022\/wp-content\/uploads\/sites\/11\/2022\/10\/1_Singer_Makroekonomicky_uvod.pdf\" target=\"_blank\" rel=\"noopener\">otev\u0159\u00edt prezentaci<\/a><\/strong><br \/><a href=\"https:\/\/turnaround.cz\/restrukturalizacni-forum-2022\/prednasejici\/#miroslav-singer\">Miroslav Singer<\/a> (Generali CEE Holding, TMA)\u00a0<\/td>\n<\/tr>\n<tr>\n<td>9:40 &#8211; 10:30<\/td>\n<td><strong>Bankovn\u00ed panel &#8211; <a href=\"http:\/\/turnaround.cz\/restrukturalizacni-forum-2022\/wp-content\/uploads\/sites\/11\/2022\/10\/2_Bankovni_panel.pdf\" target=\"_blank\" rel=\"noopener\">otev\u0159\u00edt prezentaci<\/a><br \/><\/strong><a href=\"https:\/\/turnaround.cz\/restrukturalizacni-forum-2022\/prednasejici\/#petr-knapp\">Petr Knapp<\/a> (\u010cEB) <br \/><a href=\"https:\/\/turnaround.cz\/restrukturalizacni-forum-2022\/prednasejici\/#pavel-prochazka\">Pavel Proch\u00e1zka<\/a> (Komer\u010dn\u00ed banka, TMA)<br \/><a href=\"https:\/\/turnaround.cz\/restrukturalizacni-forum-2022\/prednasejici\/#jaroslav-schonfeld\">Jaroslav Sch\u00f6nfeld<\/a> (V\u0160E, \u010cesk\u00e1 spo\u0159itelna, TMA)<br \/><a href=\"https:\/\/turnaround.cz\/restrukturalizacni-forum-2022\/prednasejici\/#jan-vitacek\">Jan Vit\u00e1\u010dek<\/a> (\u010cSOB)<br \/>Moderuj\u00ed: <a href=\"https:\/\/turnaround.cz\/restrukturalizacni-forum-2022\/prednasejici\/#jan-masek\">Jan Ma\u0161ek<\/a> (Constelius, AZAM, TMA) a <a href=\"https:\/\/turnaround.cz\/restrukturalizacni-forum-2022\/prednasejici\/#petr-smutny\">Petr Smutn\u00fd<\/a> (PwC, TMA)<\/td>\n<\/tr>\n<tr>\n<td>10:30 &#8211; 11:00<\/td>\n<td>\u00a0<strong>P\u0159est\u00e1vka<\/strong><\/td>\n<\/tr>\n<tr>\n<td>11:00 \u2013 12:00<\/td>\n<td><strong>Zem\u011bt\u0159esen\u00ed v energetice &#8211; <a href=\"http:\/\/turnaround.cz\/restrukturalizacni-forum-2022\/wp-content\/uploads\/sites\/11\/2022\/10\/3_CEZ_Strecker_Energetika.pdf\" target=\"_blank\" rel=\"noopener\">otev\u0159\u00edt prezentaci<\/a><br \/><\/strong><em>Jak\u00fd bude nov\u00fd norm\u00e1l? &#8211; makroekonomick\u00fd pohled<\/em><strong><br \/><\/strong>V\u00e1clav Bartu\u0161ka TBC (zvl\u00e1\u0161tn\u00ed velvyslanec \u010cR pro ot\u00e1zky energetick\u00e9 bezpe\u010dnosti)<br \/><a href=\"https:\/\/turnaround.cz\/restrukturalizacni-forum-2022\/prednasejici\/#josef-kotrba\">Josef Kotrba<\/a> (nez\u00e1visl\u00fd poradce, ex-Chairman Deloitte)<br \/><a href=\"https:\/\/turnaround.cz\/restrukturalizacni-forum-2022\/prednasejici\/#blahoslav-nemecek\">Blahoslav N\u011bme\u010dek<\/a> (EY)<br \/><a href=\"https:\/\/turnaround.cz\/restrukturalizacni-forum-2022\/prednasejici\/#ondrej-strecker\">Ond\u0159ej Strecker<\/a>\u00a0(\u010cEZ)<br \/>Moderuje: <a href=\"https:\/\/turnaround.cz\/restrukturalizacni-forum-2022\/prednasejici\/#lukas-mikeska\">Luk\u00e1\u0161 Mikeska<\/a> (EY, TMA)<\/td>\n<\/tr>\n<tr>\n<td>12:00 &#8211; 12:30<\/td>\n<td><strong>Energie &#8211; p\u0159\u00edle\u017eitost nikoli \u010dern\u00e1 m\u016fra<br \/><\/strong><em>&#8211; pohledy z praxe<\/em><br \/><a href=\"https:\/\/turnaround.cz\/restrukturalizacni-forum-2022\/prednasejici\/#jan-dobes\">Jan Dobe\u0161<\/a> (Smart Energies Distribution)<br \/><a href=\"https:\/\/turnaround.cz\/restrukturalizacni-forum-2022\/prednasejici\/#bronislav-panek\">Bron\u011bk P\u00e1nek<\/a> (Profitana)<br \/><a href=\"https:\/\/turnaround.cz\/restrukturalizacni-forum-2022\/prednasejici\/#jakub-prucha\">Jakub Pr\u016fcha<\/a> (25energy)<br \/>Moderuje: <a href=\"https:\/\/turnaround.cz\/restrukturalizacni-forum-2022\/prednasejici\/#jan-hrazdira\">Jan Hrazdira<\/a> (HKDW Holasek, TMA)<\/td>\n<\/tr>\n<tr>\n<td>12:30 \u2013 14:00<\/td>\n<td><strong>Ob\u011bd<\/strong><\/td>\n<\/tr>\n<tr>\n<td>14:00 &#8211; 14:50<\/td>\n<td><strong>P\u0159\u00edpadov\u00e9 studie restrukturalizac\u00ed v oblasti m\u00f3dy &#8211; <a href=\"http:\/\/turnaround.cz\/restrukturalizacni-forum-2022\/wp-content\/uploads\/sites\/11\/2022\/10\/5_Fashion_TMA.pdf\" target=\"_blank\" rel=\"noopener\">otev\u0159\u00edt prezentaci<\/a><\/strong><br \/><a href=\"https:\/\/turnaround.cz\/restrukturalizacni-forum-2022\/prednasejici\/#ondrej-juzl\">Ond\u0159ej J\u016fzl<\/a> (\u010cesk\u00e1 spo\u0159itelna, TMA)<br \/><a href=\"https:\/\/turnaround.cz\/restrukturalizacni-forum-2022\/prednasejici\/#jan-masek\">Jan Ma\u0161ek<\/a> (insolven\u010dn\u00ed spr\u00e1vce, AK Constelius, TMA)<br \/><a href=\"https:\/\/turnaround.cz\/restrukturalizacni-forum-2022\/prednasejici\/#tomas-raska\">Tom\u00e1\u0161 Ra\u0161ka<\/a> (zakladatel, investi\u010dn\u00ed skupina Natland)<br \/><a href=\"https:\/\/turnaround.cz\/restrukturalizacni-forum-2022\/prednasejici\/#lukas-uhl\">Luk\u00e1\u0161 Uhl<\/a> (krizov\u00fd mana\u017eer)<br \/><a href=\"https:\/\/turnaround.cz\/restrukturalizacni-forum-2022\/prednasejici\/#david-urbanec\">David Urbanec<\/a> (AK Dunovsk\u00e1 a partne\u0159i)<br \/>Moderuj\u00ed: <a href=\"https:\/\/turnaround.cz\/restrukturalizacni-forum-2022\/prednasejici\/#daniel-hribal\">Daniel H\u0159\u00edbal<\/a> (TARPAN Managers, TMA) a\u00a0<a href=\"https:\/\/turnaround.cz\/restrukturalizacni-forum-2022\/prednasejici\/#jaroslav-schonfeld\">Jaroslav Sch\u00f6nfeld<\/a> (V\u0160E, \u010cesk\u00e1 spo\u0159itelna, TMA)\u00a0<\/td>\n<\/tr>\n<tr>\n<td>14:50 &#8211; 15:30<\/td>\n<td><strong>P\u0159\u00edpadov\u00e1 studie: MICo &#8211; <a href=\"http:\/\/turnaround.cz\/restrukturalizacni-forum-2022\/wp-content\/uploads\/sites\/11\/2022\/10\/6_Pripadova_studie_MICo_.pdf\" target=\"_blank\" rel=\"noopener\">otev\u0159\u00edt prezentaci<\/a><\/strong><br \/><a href=\"https:\/\/turnaround.cz\/restrukturalizacni-forum-2022\/prednasejici\/#ondrej-juzl\">Ond\u0159ej J\u016fzl<\/a> (\u010cesk\u00e1 spo\u0159itelna, TMA)<br \/><a href=\"https:\/\/turnaround.cz\/restrukturalizacni-forum-2022\/prednasejici\/#petr-karasek\">Petr Kar\u00e1sek<\/a> (krizov\u00fd mana\u017eer, TMA)<br \/><a href=\"https:\/\/turnaround.cz\/restrukturalizacni-forum-2022\/prednasejici\/#lee-louda\">Lee Louda<\/a> (insolven\u010dn\u00ed spr\u00e1vce, TMA)<br \/><a href=\"https:\/\/turnaround.cz\/restrukturalizacni-forum-2022\/prednasejici\/#jan-masek\">Jan Ma\u0161ek<\/a> (Constelius, AZAM, TMA)<br \/><a href=\"https:\/\/turnaround.cz\/restrukturalizacni-forum-2022\/prednasejici\/#petr-smutny\">Petr Smutn\u00fd<\/a> (PwC, TMA)\u00a0<br \/>Moderuje: <a href=\"https:\/\/turnaround.cz\/restrukturalizacni-forum-2022\/prednasejici\/#jakub-sip\">Jakub \u0160\u00edp<\/a> (Constelius, AZAM)<\/td>\n<\/tr>\n<tr>\n<td>15:30 &#8211; 15:50<\/td>\n<td><strong>Mezin\u00e1rodn\u00ed sankce a likvidace banky<br \/><\/strong><em>\u2013 rozd\u00edln\u00e9 p\u0159\u00edstupy v USA a EU<\/em><br \/><a href=\"https:\/\/turnaround.cz\/restrukturalizacni-forum-2022\/prednasejici\/#martin-fronek\">Martin Fron\u011bk<\/a> (White &amp; Case, TMA)<\/td>\n<\/tr>\n<tr>\n<td>15:50 &#8211; 16:00<\/td>\n<td><strong>Zku\u0161enosti s dopady sankc\u00ed p\u0159i vym\u00e1h\u00e1n\u00ed pohled\u00e1vek v Rusku &#8211; <a href=\"http:\/\/turnaround.cz\/restrukturalizacni-forum-2022\/wp-content\/uploads\/sites\/11\/2022\/10\/8.EGAP_Sankce.pdf\" target=\"_blank\" rel=\"noopener\">otev\u0159\u00edt prezentaci<\/a><\/strong><br \/><a href=\"https:\/\/turnaround.cz\/restrukturalizacni-forum-2022\/prednasejici\/#galina-kocendova\">Galina Ko\u010dendov\u00e1<\/a> (EGAP)<br \/><a href=\"https:\/\/turnaround.cz\/restrukturalizacni-forum-2022\/prednasejici\/#lukas-lhotak\">Luk\u00e1\u0161 Lhot\u00e1k<\/a> (EGAP, TMA)<\/td>\n<\/tr>\n<tr>\n<td>16:00 &#8211; 17:00<\/td>\n<td><strong>Neform\u00e1ln\u00ed diskuse, sklenka v\u00edna<\/strong><\/td>\n<\/tr>\n<\/tbody>\n<\/table>\n\n\n<p><\/p>\n","protected":false},"excerpt":{"rendered":"<p>Restrukturaliza\u010dn\u00ed f\u00f3rum \u2013 18. \u0159\u00edjna 2022 10. ro\u010dn\u00edk konference \u010cas Program 8:30 &#8211; 9:00 Registrace \u00fa\u010dastn\u00edk\u016f, sn\u00eddan\u011b 9:00 &#8211; 9:10 \u00davod a p\u0159edstaven\u00ed Turnaround Management AssociationPetr Smutn\u00fd (p\u0159edseda TMA, PwC)Tom\u00e1\u0161 Richter (m\u00edstop\u0159edseda TMA, J\u0160K) 9:10 \u2013 9:40 Makroekonomick\u00fd \u00favod &#8211; otev\u0159\u00edt prezentaciMiroslav Singer (Generali CEE Holding, TMA)\u00a0 9:40 &#8211; 10:30 Bankovn\u00ed panel &#8211; otev\u0159\u00edt prezentaciPetr&#8230;  <a class=\"excerpt-read-more\" href=\"https:\/\/turnaround.cz\/restrukturalizacni-forum-2022\/program\/\" title=\"Read Program\">Read more &raquo;<\/a><\/p>\n","protected":false},"author":1,"featured_media":0,"parent":0,"menu_order":0,"comment_status":"closed","ping_status":"closed","template":"","meta":{"ngg_post_thumbnail":0,"jetpack_post_was_ever_published":false,"footnotes":""},"class_list":["post-8","page","type-page","status-publish","hentry"],"acf":[],"jetpack_sharing_enabled":true,"jetpack_shortlink":"https:\/\/wp.me\/Pdw2zV-8","_links":{"self":[{"href":"https:\/\/turnaround.cz\/restrukturalizacni-forum-2022\/wp-json\/wp\/v2\/pages\/8","targetHints":{"allow":["GET"]}}],"collection":[{"href":"https:\/\/turnaround.cz\/restrukturalizacni-forum-2022\/wp-json\/wp\/v2\/pages"}],"about":[{"href":"https:\/\/turnaround.cz\/restrukturalizacni-forum-2022\/wp-json\/wp\/v2\/types\/page"}],"author":[{"embeddable":true,"href":"https:\/\/turnaround.cz\/restrukturalizacni-forum-2022\/wp-json\/wp\/v2\/users\/1"}],"replies":[{"embeddable":true,"href":"https:\/\/turnaround.cz\/restrukturalizacni-forum-2022\/wp-json\/wp\/v2\/comments?post=8"}],"version-history":[{"count":133,"href":"https:\/\/turnaround.cz\/restrukturalizacni-forum-2022\/wp-json\/wp\/v2\/pages\/8\/revisions"}],"predecessor-version":[{"id":2179,"href":"https:\/\/turnaround.cz\/restrukturalizacni-forum-2022\/wp-json\/wp\/v2\/pages\/8\/revisions\/2179"}],"wp:attachment":[{"href":"https:\/\/turnaround.cz\/restrukturalizacni-forum-2022\/wp-json\/wp\/v2\/media?parent=8"}],"curies":[{"name":"wp","href":"https:\/\/api.w.org\/{rel}","templated":true}]}}