{"id":1845,"date":"2023-10-18T22:59:35","date_gmt":"2023-10-18T21:59:35","guid":{"rendered":"https:\/\/turnaround.cz\/restrukturalizacni-forum-2023\/?page_id=1845"},"modified":"2023-12-02T22:26:38","modified_gmt":"2023-12-02T21:26:38","slug":"o-akci","status":"publish","type":"page","link":"https:\/\/turnaround.cz\/restrukturalizacni-forum-2023\/o-akci\/","title":{"rendered":"O akci"},"content":{"rendered":"\n<p><em>V\u00e1\u017een\u00ed kolegov\u00e9 a \u00fa\u010dastn\u00edci,<\/em><\/p>\n\n\n\n<p><em>r\u00e1di bychom v\u00e1s informovali, \u017ee restrukturaliza\u010dn\u00ed f\u00f3rum, kter\u00e9 jsme spole\u010dn\u011b uspo\u0159\u00e1dali, ji\u017e \u00fasp\u011b\u0161n\u011b prob\u011bhlo. Cht\u011bli bychom pod\u011bkovat v\u0161em za v\u00e1\u0161 \u010das, energii a aktivn\u00ed \u00fa\u010dast na t\u00e9to d\u016fle\u017eit\u00e9 ud\u00e1losti.<\/em><\/p>\n\n\n\n<p><em>Va\u0161e p\u0159\u00ednosy a zapojen\u00ed p\u0159isp\u011bly k bohat\u00fdm diskuz\u00edm a sd\u00edlen\u00ed my\u0161lenek, co\u017e bylo kl\u00ed\u010dov\u00e9 pro dosa\u017een\u00ed na\u0161ich spole\u010dn\u00fdch c\u00edl\u016f. Jsme si jisti, \u017ee spole\u010dn\u011b jsme vytvo\u0159ili prost\u0159ed\u00ed pro smyslupln\u00e9 debaty a nalezen\u00ed inovativn\u00edch \u0159e\u0161en\u00ed.<\/em><\/p>\n\n\n\n<p><em>Pro ty, kte\u0159\u00ed by r\u00e1di znovu pro\u0161li prezentacemi nebo si prohl\u00e9dli fotografie z f\u00f3ra, m\u016f\u017eete naj\u00edt ve\u0161ker\u00fd materi\u00e1l v&nbsp;<strong>programu<\/strong>&nbsp;a f<strong>otogalerii<\/strong>, kter\u00e9 jsou k&nbsp;dispozici\u00a8. T\u00edmto zp\u016fsobem m\u016f\u017eete znovu prozkoumat kl\u00ed\u010dov\u00e9 momenty a sd\u00edlet tyto informace s ostatn\u00edmi \u010dleny t\u00fdmu.<\/em><\/p>\n\n\n\n<p><em>D\u011bkujeme v\u00e1m je\u0161t\u011b jednou za va\u0161i aktivn\u00ed \u00fa\u010dast a p\u0159\u00edsp\u011bvek k \u00fasp\u011bchu tohoto f\u00f3ra. Jsme p\u0159esv\u011bd\u010deni, \u017ee na\u0161e spole\u010dn\u00e9 \u00fasil\u00ed povede k pozitivn\u00edm zm\u011bn\u00e1m a pos\u00edlen\u00ed na\u0161\u00ed organizace.<\/em><\/p>\n\n\n\n<p><em>TMA \u010cESK\u00c1 REPUBLIKA<\/em><\/p>\n\n\n\n<p><\/p>\n\n\n\n<hr class=\"wp-block-separator has-alpha-channel-opacity\"\/>\n\n\n\n<p><\/p>\n\n\n\n<p>Konference je ur\u010dena pro odborn\u00edky, kte\u0159\u00ed se zab\u00fdvaj\u00ed restrukturalizac\u00ed a krizov\u00fdm \u0159\u00edzen\u00edm firmy, finan\u010dn\u00ed poradce a investory, bank\u00e9\u0159e a z\u00e1stupce v\u011b\u0159itel\u016f, advok\u00e1ty, insolven\u010dn\u00ed spr\u00e1vce \u010di soudce a dal\u0161\u00ed, kte\u0159\u00ed se ve sv\u00e9 profesi s touto problematikou setk\u00e1vaj\u00ed.<\/p>\n\n\n\n<p><strong>C\u00edlem konference je:<\/strong><\/p>\n\n\n\n<ul class=\"wp-block-list\"><li>p\u0159edstavit proces restrukturalizace firmy na zaj\u00edmav\u00fdch p\u0159\u00edkladech z&nbsp;praxe<\/li><li>zprost\u0159edkovat z\u00e1stupc\u016fm strany v\u011b\u0159itel\u016f pohled z druh\u00e9 strany<\/li><li>zab\u00fdvat se aktu\u00e1ln\u00edmi t\u00e9maty \u2013 pohled na sou\u010dasnou ekonomickou situaci, inovativn\u00ed restrukturaliza\u010dn\u00ed procesy<\/li><li>podpo\u0159it v\u00fdm\u011bnu n\u00e1zor\u016f, sd\u00edlen\u00ed znalost\u00ed a zku\u0161enost\u00ed mezi osobami zab\u00fdvaj\u00edc\u00edmi se krizov\u00fdm \u0159\u00edzen\u00edm, restrukturalizac\u00ed a insolvenc\u00ed.<\/li><\/ul>\n\n\n\n<p><strong>Datum konference:<\/strong> 14. listopadu 2023<\/p>\n\n\n\n<p><strong>M\u00edsto konference: <\/strong>Kongresov\u00e9 centrum \u010cNB, Senov\u00e1\u017en\u00e9 n\u00e1m\u011bst\u00ed 30, 110 00 Praha 1<\/p>\n\n\n\n<p>Co je nov\u00e9ho na leto\u0161n\u00ed konferenci? R\u00e1di bychom v\u00e1s upozornili na speci\u00e1ln\u00ed after party, kterou jsme pro \u00fa\u010dastn\u00edky p\u0159ipravili. Tato after party bude p\u0159\u00edle\u017eitost\u00ed pro uvoln\u011bn\u00ed, networking a z\u00e1bavu po skon\u010den\u00ed hlavn\u00edho programu konference. P\u0159inese to \u00fa\u010dastn\u00edk\u016fm dal\u0161\u00ed p\u0159\u00edle\u017eitost k nav\u00e1z\u00e1n\u00ed nov\u00fdch kontakt\u016f a upevn\u011bn\u00ed existuj\u00edc\u00edch vztah\u016f.<\/p>\n\n\n\n<p>Va\u0161e podpora je kl\u00ed\u010dov\u00fdm prvkem \u00fasp\u011bchu na\u0161\u00ed konference, a proto v\u00e1s chceme pozvat, abyste se p\u0159ipojili k n\u00e1m na t\u00e9to speci\u00e1ln\u00ed after party. M\u016f\u017eeme spole\u010dn\u011b oslavit na\u0161i spolupr\u00e1ci a budoucnost na\u0161ich projekt\u016f.<\/p>\n\n\n\n<p><strong>Datum after party:<\/strong> 14. listopadu 2023 od 17,30hod<\/p>\n\n\n\n<p><strong>M\u00edsto: <\/strong>Hoffa Bar, Senov\u00e1\u017en\u00e9 n\u00e1m\u011bst\u00ed 980, 110 00 Praha 1<\/p>\n\n\n\n<div class=\"wp-block-file\"><a id=\"wp-block-file--media-17a3bea0-fbbd-4281-b996-cae98490726f\" href=\"https:\/\/turnaround.cz\/restrukturalizacni-forum-2023\/wp-content\/uploads\/sites\/12\/2023\/10\/TMA-Restrukturalizacni-forum-2023_A4-1.png\">TMA-Restrukturalizacni-forum-2023_A4<\/a><a href=\"https:\/\/turnaround.cz\/restrukturalizacni-forum-2023\/wp-content\/uploads\/sites\/12\/2023\/10\/TMA-Restrukturalizacni-forum-2023_A4-1.png\" class=\"wp-block-file__button\" download aria-describedby=\"wp-block-file--media-17a3bea0-fbbd-4281-b996-cae98490726f\">St\u00e1hnout<\/a><\/div>\n\n\n\n<figure class=\"wp-block-image size-large\"><img data-recalc-dims=\"1\" loading=\"lazy\" decoding=\"async\" width=\"680\" height=\"962\" data-attachment-id=\"1850\" data-permalink=\"https:\/\/turnaround.cz\/restrukturalizacni-forum-2023\/o-akci\/tma-restrukturalizacni-forum-2023_a4-2\/\" data-orig-file=\"https:\/\/i0.wp.com\/turnaround.cz\/restrukturalizacni-forum-2023\/wp-content\/uploads\/sites\/12\/2023\/10\/TMA-Restrukturalizacni-forum-2023_A4-1.png?fit=2481%2C3508&amp;ssl=1\" data-orig-size=\"2481,3508\" data-comments-opened=\"0\" data-image-meta=\"{&quot;aperture&quot;:&quot;0&quot;,&quot;credit&quot;:&quot;&quot;,&quot;camera&quot;:&quot;&quot;,&quot;caption&quot;:&quot;&quot;,&quot;created_timestamp&quot;:&quot;0&quot;,&quot;copyright&quot;:&quot;&quot;,&quot;focal_length&quot;:&quot;0&quot;,&quot;iso&quot;:&quot;0&quot;,&quot;shutter_speed&quot;:&quot;0&quot;,&quot;title&quot;:&quot;&quot;,&quot;orientation&quot;:&quot;0&quot;}\" data-image-title=\"TMA-Restrukturalizacni-forum-2023_A4\" data-image-description=\"\" data-image-caption=\"\" data-medium-file=\"https:\/\/i0.wp.com\/turnaround.cz\/restrukturalizacni-forum-2023\/wp-content\/uploads\/sites\/12\/2023\/10\/TMA-Restrukturalizacni-forum-2023_A4-1.png?fit=212%2C300&amp;ssl=1\" data-large-file=\"https:\/\/i0.wp.com\/turnaround.cz\/restrukturalizacni-forum-2023\/wp-content\/uploads\/sites\/12\/2023\/10\/TMA-Restrukturalizacni-forum-2023_A4-1.png?fit=680%2C962&amp;ssl=1\" src=\"https:\/\/i0.wp.com\/turnaround.cz\/restrukturalizacni-forum-2023\/wp-content\/uploads\/sites\/12\/2023\/10\/TMA-Restrukturalizacni-forum-2023_A4-1.png?resize=680%2C962&#038;ssl=1\" alt=\"\" class=\"wp-image-1850\" srcset=\"https:\/\/i0.wp.com\/turnaround.cz\/restrukturalizacni-forum-2023\/wp-content\/uploads\/sites\/12\/2023\/10\/TMA-Restrukturalizacni-forum-2023_A4-1.png?resize=724%2C1024&amp;ssl=1 724w, https:\/\/i0.wp.com\/turnaround.cz\/restrukturalizacni-forum-2023\/wp-content\/uploads\/sites\/12\/2023\/10\/TMA-Restrukturalizacni-forum-2023_A4-1.png?resize=212%2C300&amp;ssl=1 212w, https:\/\/i0.wp.com\/turnaround.cz\/restrukturalizacni-forum-2023\/wp-content\/uploads\/sites\/12\/2023\/10\/TMA-Restrukturalizacni-forum-2023_A4-1.png?resize=768%2C1086&amp;ssl=1 768w, https:\/\/i0.wp.com\/turnaround.cz\/restrukturalizacni-forum-2023\/wp-content\/uploads\/sites\/12\/2023\/10\/TMA-Restrukturalizacni-forum-2023_A4-1.png?resize=1086%2C1536&amp;ssl=1 1086w, https:\/\/i0.wp.com\/turnaround.cz\/restrukturalizacni-forum-2023\/wp-content\/uploads\/sites\/12\/2023\/10\/TMA-Restrukturalizacni-forum-2023_A4-1.png?resize=1448%2C2048&amp;ssl=1 1448w, https:\/\/i0.wp.com\/turnaround.cz\/restrukturalizacni-forum-2023\/wp-content\/uploads\/sites\/12\/2023\/10\/TMA-Restrukturalizacni-forum-2023_A4-1.png?w=1360&amp;ssl=1 1360w, https:\/\/i0.wp.com\/turnaround.cz\/restrukturalizacni-forum-2023\/wp-content\/uploads\/sites\/12\/2023\/10\/TMA-Restrukturalizacni-forum-2023_A4-1.png?w=2040&amp;ssl=1 2040w\" sizes=\"auto, (max-width: 680px) 100vw, 680px\" \/><\/figure>\n","protected":false},"excerpt":{"rendered":"<p>V\u00e1\u017een\u00ed kolegov\u00e9 a \u00fa\u010dastn\u00edci, r\u00e1di bychom v\u00e1s informovali, \u017ee restrukturaliza\u010dn\u00ed f\u00f3rum, kter\u00e9 jsme spole\u010dn\u011b uspo\u0159\u00e1dali, ji\u017e \u00fasp\u011b\u0161n\u011b prob\u011bhlo. Cht\u011bli bychom pod\u011bkovat v\u0161em za v\u00e1\u0161 \u010das, energii a aktivn\u00ed \u00fa\u010dast na t\u00e9to d\u016fle\u017eit\u00e9 ud\u00e1losti. Va\u0161e p\u0159\u00ednosy a zapojen\u00ed p\u0159isp\u011bly k bohat\u00fdm diskuz\u00edm a sd\u00edlen\u00ed my\u0161lenek, co\u017e bylo kl\u00ed\u010dov\u00e9 pro dosa\u017een\u00ed na\u0161ich spole\u010dn\u00fdch c\u00edl\u016f. Jsme si jisti,&#8230;  <a class=\"excerpt-read-more\" href=\"https:\/\/turnaround.cz\/restrukturalizacni-forum-2023\/o-akci\/\" title=\"Read O akci\">Read more &raquo;<\/a><\/p>\n","protected":false},"author":3,"featured_media":0,"parent":0,"menu_order":0,"comment_status":"closed","ping_status":"closed","template":"","meta":{"ngg_post_thumbnail":0,"jetpack_post_was_ever_published":false,"footnotes":""},"class_list":["post-1845","page","type-page","status-publish","hentry"],"acf":[],"jetpack_sharing_enabled":true,"jetpack_shortlink":"https:\/\/wp.me\/Pdw2zV-tL","_links":{"self":[{"href":"https:\/\/turnaround.cz\/restrukturalizacni-forum-2023\/wp-json\/wp\/v2\/pages\/1845","targetHints":{"allow":["GET"]}}],"collection":[{"href":"https:\/\/turnaround.cz\/restrukturalizacni-forum-2023\/wp-json\/wp\/v2\/pages"}],"about":[{"href":"https:\/\/turnaround.cz\/restrukturalizacni-forum-2023\/wp-json\/wp\/v2\/types\/page"}],"author":[{"embeddable":true,"href":"https:\/\/turnaround.cz\/restrukturalizacni-forum-2023\/wp-json\/wp\/v2\/users\/3"}],"replies":[{"embeddable":true,"href":"https:\/\/turnaround.cz\/restrukturalizacni-forum-2023\/wp-json\/wp\/v2\/comments?post=1845"}],"version-history":[{"count":5,"href":"https:\/\/turnaround.cz\/restrukturalizacni-forum-2023\/wp-json\/wp\/v2\/pages\/1845\/revisions"}],"predecessor-version":[{"id":1933,"href":"https:\/\/turnaround.cz\/restrukturalizacni-forum-2023\/wp-json\/wp\/v2\/pages\/1845\/revisions\/1933"}],"wp:attachment":[{"href":"https:\/\/turnaround.cz\/restrukturalizacni-forum-2023\/wp-json\/wp\/v2\/media?parent=1845"}],"curies":[{"name":"wp","href":"https:\/\/api.w.org\/{rel}","templated":true}]}}