{"id":21,"date":"2016-09-12T21:06:59","date_gmt":"2016-09-12T20:06:59","guid":{"rendered":"https:\/\/turnaround.cz\/restrukturalizacni-forum-2023\/?page_id=21"},"modified":"2023-11-10T14:42:55","modified_gmt":"2023-11-10T13:42:55","slug":"registrace","status":"publish","type":"page","link":"https:\/\/turnaround.cz\/restrukturalizacni-forum-2023\/registrace\/","title":{"rendered":"Registrace"},"content":{"rendered":"\n<p class=\"has-luminous-vivid-amber-background-color has-background\"><strong>Kapacita konference je napln\u011bna. Nep\u0159ij\u00edm\u00e1me ji\u017e nov\u00e9 registrace. D\u011bkujeme za pochopen\u00ed.<\/strong><\/p>\n\n\n\n<p><strong>Poplatek za \u00fa\u010dast:<br><\/strong>3900 K\u010d (Turnaround Management Association nen\u00ed pl\u00e1tcem DPH)<strong><br><\/strong>\u00da\u010dast na after party zpoplatn\u011bna 600 K\u010d<\/p>\n\n\n\n<p><strong>Akce 3+1 zdarma<\/strong>&nbsp;(V p\u0159\u00edpad\u011b registrace 3 osob z jedn\u00e9 spole\u010dnosti \u010dtvrt\u00fd vstup zdarma \u2013 pros\u00edm uve\u010fte do pozn\u00e1mky \u201e3+1\u201c)<\/p>\n","protected":false},"excerpt":{"rendered":"<p>Kapacita konference je napln\u011bna. Nep\u0159ij\u00edm\u00e1me ji\u017e nov\u00e9 registrace. D\u011bkujeme za pochopen\u00ed. Poplatek za \u00fa\u010dast:3900 K\u010d (Turnaround Management Association nen\u00ed pl\u00e1tcem DPH)\u00da\u010dast na after party zpoplatn\u011bna 600 K\u010d Akce 3+1 zdarma&nbsp;(V p\u0159\u00edpad\u011b registrace 3 osob z jedn\u00e9 spole\u010dnosti \u010dtvrt\u00fd vstup zdarma \u2013 pros\u00edm uve\u010fte do pozn\u00e1mky \u201e3+1\u201c)<\/p>\n","protected":false},"author":1,"featured_media":0,"parent":0,"menu_order":0,"comment_status":"closed","ping_status":"closed","template":"","meta":{"ngg_post_thumbnail":0,"jetpack_post_was_ever_published":false,"footnotes":""},"class_list":["post-21","page","type-page","status-publish","hentry"],"acf":[],"jetpack_sharing_enabled":true,"jetpack_shortlink":"https:\/\/wp.me\/Pdw2zV-l","_links":{"self":[{"href":"https:\/\/turnaround.cz\/restrukturalizacni-forum-2023\/wp-json\/wp\/v2\/pages\/21","targetHints":{"allow":["GET"]}}],"collection":[{"href":"https:\/\/turnaround.cz\/restrukturalizacni-forum-2023\/wp-json\/wp\/v2\/pages"}],"about":[{"href":"https:\/\/turnaround.cz\/restrukturalizacni-forum-2023\/wp-json\/wp\/v2\/types\/page"}],"author":[{"embeddable":true,"href":"https:\/\/turnaround.cz\/restrukturalizacni-forum-2023\/wp-json\/wp\/v2\/users\/1"}],"replies":[{"embeddable":true,"href":"https:\/\/turnaround.cz\/restrukturalizacni-forum-2023\/wp-json\/wp\/v2\/comments?post=21"}],"version-history":[{"count":17,"href":"https:\/\/turnaround.cz\/restrukturalizacni-forum-2023\/wp-json\/wp\/v2\/pages\/21\/revisions"}],"predecessor-version":[{"id":1879,"href":"https:\/\/turnaround.cz\/restrukturalizacni-forum-2023\/wp-json\/wp\/v2\/pages\/21\/revisions\/1879"}],"wp:attachment":[{"href":"https:\/\/turnaround.cz\/restrukturalizacni-forum-2023\/wp-json\/wp\/v2\/media?parent=21"}],"curies":[{"name":"wp","href":"https:\/\/api.w.org\/{rel}","templated":true}]}}