{"id":6,"date":"2016-09-12T20:14:38","date_gmt":"2016-09-12T19:14:38","guid":{"rendered":"https:\/\/turnaround.cz\/restrukturalizacni-forum-2023\/?page_id=6"},"modified":"2023-10-18T23:08:58","modified_gmt":"2023-10-18T22:08:58","slug":"informace","status":"publish","type":"page","link":"https:\/\/turnaround.cz\/restrukturalizacni-forum-2023\/","title":{"rendered":"Informace"},"content":{"rendered":"<p class=\"-wm-MsoNormal\"><strong>11. ro\u010dn\u00edk Restrukturaliza\u010dn\u00edho f\u00f3ra 2023<\/strong><\/p>\n<p><strong>Datum kon\u00e1n\u00ed:<\/strong><br \/>14. listopadu 2023<\/p>\n<p><strong>M\u00edsto kon\u00e1n\u00ed:<\/strong><br \/>Kongresov\u00e9 centrum \u010cNB,<br \/>Senov\u00e1\u017en\u00e9 n\u00e1m. 30, Praha 1<\/p>\n<p class=\"-wm-MsoNormal\"><strong>Poplatek za \u00fa\u010dast:<br \/><\/strong>3900 K\u010d (Turnaround Management Association nen\u00ed pl\u00e1tcem DPH)<strong><br \/><\/strong>\u00da\u010dast na after party zpoplatn\u011bna 600 K\u010d<\/p>\n<p class=\"-wm-MsoNormal\"><strong>Akce 3+1 zdarma<\/strong> (V p\u0159\u00edpad\u011b registrace 3 osob z jedn\u00e9 spole\u010dnosti \u010dtvrt\u00fd vstup zdarma \u2013 pros\u00edm uve\u010fte do pozn\u00e1mky \u201e3+1\u201c)<\/p>\n<p><strong><a href=\"https:\/\/turnaround.cz\/restrukturalizacni-forum-2023\/registrace\/\">Registrace<\/a> nejpozd\u011bji do p\u00e1tku 10. listopadu 2023<\/strong>.<\/p>\n\n\n<p><\/p>\n","protected":false},"excerpt":{"rendered":"<p>11. ro\u010dn\u00edk Restrukturaliza\u010dn\u00edho f\u00f3ra 2023 Datum kon\u00e1n\u00ed:14. listopadu 2023 M\u00edsto kon\u00e1n\u00ed:Kongresov\u00e9 centrum \u010cNB,Senov\u00e1\u017en\u00e9 n\u00e1m. 30, Praha 1 Poplatek za \u00fa\u010dast:3900 K\u010d (Turnaround Management Association nen\u00ed pl\u00e1tcem DPH)\u00da\u010dast na after party zpoplatn\u011bna 600 K\u010d Akce 3+1 zdarma (V p\u0159\u00edpad\u011b registrace 3 osob z jedn\u00e9 spole\u010dnosti \u010dtvrt\u00fd vstup zdarma \u2013 pros\u00edm uve\u010fte do pozn\u00e1mky \u201e3+1\u201c) Registrace nejpozd\u011bji&#8230;  <a class=\"excerpt-read-more\" href=\"https:\/\/turnaround.cz\/restrukturalizacni-forum-2023\/\" title=\"Read Informace\">Read more &raquo;<\/a><\/p>\n","protected":false},"author":1,"featured_media":0,"parent":0,"menu_order":0,"comment_status":"closed","ping_status":"closed","template":"","meta":{"ngg_post_thumbnail":0,"jetpack_post_was_ever_published":false,"footnotes":""},"class_list":["post-6","page","type-page","status-publish","hentry"],"acf":[],"jetpack_sharing_enabled":true,"jetpack_shortlink":"https:\/\/wp.me\/Pdw2zV-6","_links":{"self":[{"href":"https:\/\/turnaround.cz\/restrukturalizacni-forum-2023\/wp-json\/wp\/v2\/pages\/6","targetHints":{"allow":["GET"]}}],"collection":[{"href":"https:\/\/turnaround.cz\/restrukturalizacni-forum-2023\/wp-json\/wp\/v2\/pages"}],"about":[{"href":"https:\/\/turnaround.cz\/restrukturalizacni-forum-2023\/wp-json\/wp\/v2\/types\/page"}],"author":[{"embeddable":true,"href":"https:\/\/turnaround.cz\/restrukturalizacni-forum-2023\/wp-json\/wp\/v2\/users\/1"}],"replies":[{"embeddable":true,"href":"https:\/\/turnaround.cz\/restrukturalizacni-forum-2023\/wp-json\/wp\/v2\/comments?post=6"}],"version-history":[{"count":29,"href":"https:\/\/turnaround.cz\/restrukturalizacni-forum-2023\/wp-json\/wp\/v2\/pages\/6\/revisions"}],"predecessor-version":[{"id":2042,"href":"https:\/\/turnaround.cz\/restrukturalizacni-forum-2023\/wp-json\/wp\/v2\/pages\/6\/revisions\/2042"}],"wp:attachment":[{"href":"https:\/\/turnaround.cz\/restrukturalizacni-forum-2023\/wp-json\/wp\/v2\/media?parent=6"}],"curies":[{"name":"wp","href":"https:\/\/api.w.org\/{rel}","templated":true}]}}