{"id":8,"date":"2016-09-12T20:15:20","date_gmt":"2016-09-12T19:15:20","guid":{"rendered":"https:\/\/turnaround.cz\/restrukturalizacni-forum-2023\/?page_id=8"},"modified":"2023-12-02T22:40:17","modified_gmt":"2023-12-02T21:40:17","slug":"program","status":"publish","type":"page","link":"https:\/\/turnaround.cz\/restrukturalizacni-forum-2023\/program\/","title":{"rendered":"Program"},"content":{"rendered":"<table class=\"program\">\n<thead>\n<tr>\n<th width=\"120\">\u010cas<\/th>\n<th>Program<\/th>\n<\/tr>\n<\/thead>\n<tbody>\n<tr>\n<td>8:30 &#8211; 9:00<\/td>\n<td><strong>Registrace \u00fa\u010dastn\u00edk\u016f, sn\u00eddan\u011b<\/strong><\/td>\n<\/tr>\n<tr>\n<td>9:00 &#8211; 9:10<\/td>\n<td><strong>\u00davod a p\u0159edstaven\u00ed<\/strong> <strong>Turnaround Management Association<\/strong><br \/>\n<a href=\"https:\/\/turnaround.cz\/restrukturalizacni-forum-2023\/prednasejici\/#petr-smutny\">Petr Smutn\u00fd<\/a> <em>(PwC, p\u0159edseda TMA)<\/em><br \/>\n<a href=\"https:\/\/turnaround.cz\/restrukturalizacni-forum-2023\/prednasejici\/#tomas-richter\">Tom\u00e1\u0161 Richter<\/a> <em>(J\u0160K, m\u00edstop\u0159edseda TMA)<\/em><\/td>\n<\/tr>\n<tr>\n<td>9:10 &#8211; 9:40<\/td>\n<td><strong>Sv\u011bt, jeho zm\u011bny a \u010cesko &#8211; pohled ekonoma<\/strong><br \/>\n<a href=\"https:\/\/turnaround.cz\/restrukturalizacni-forum-2023\/wp-content\/uploads\/sites\/12\/2023\/11\/TMA111423PDF.pdf\" target=\"_blank\" rel=\"noopener\">prezentace<\/a><br \/>\n<a href=\"https:\/\/turnaround.cz\/restrukturalizacni-forum-2023\/prednasejici\/#miroslav-singer\">Miroslav Singer<\/a> <em>(Generali CEE Holding, TMA)<\/em><\/td>\n<\/tr>\n<tr>\n<td>9:40 &#8211; 10:30<\/td>\n<td><strong>Makroekonomick\u00fd panel &#8211; Uv\u011bzn\u011bni v\u00a0ner\u016fstu a nekrizi<\/strong><br \/>\n<a href=\"https:\/\/turnaround.cz\/restrukturalizacni-forum-2023\/wp-content\/uploads\/sites\/12\/2023\/12\/MAKRO_TMA-konference-2023-panel_FINAL.pdf\">prezentace<\/a><br \/>\n<a href=\"https:\/\/turnaround.cz\/restrukturalizacni-forum-2023\/prednasejici\/#david-marek\">David Marek<\/a> <em>(Deloitte)<\/em><br \/>\n<a href=\"https:\/\/turnaround.cz\/restrukturalizacni-forum-2023\/prednasejici\/#david-navratil\">David Navr\u00e1til<\/a> <em>(\u010cesk\u00e1 spo\u0159itelna)<\/em><br \/>\n<a href=\"https:\/\/turnaround.cz\/restrukturalizacni-forum-2023\/prednasejici\/#jakub-seidler\">Jakub Seidler<\/a> <em>(\u010cBA)<br \/>\n<\/em><a href=\"https:\/\/turnaround.cz\/restrukturalizacni-forum-2023\/prednasejici\/#petr-sklenar\">Petr Sklen\u00e1\u0159<\/a> <em>(J<\/em><em>&amp;T BANK<\/em><em>)<\/em><br \/>\nModeruj\u00ed: <a href=\"https:\/\/turnaround.cz\/restrukturalizacni-forum-2023\/prednasejici\/#tomas-richter\">Tom\u00e1\u0161 Richter<\/a> <em>(J\u0160K, m\u00edstop\u0159edseda TMA) <\/em>a <a href=\"https:\/\/turnaround.cz\/restrukturalizacni-forum-2023\/prednasejici\/#michal-zahradnik\">Michal Zahradn\u00edk<\/a><em> (DELTA legal, \u010dlen TMA \u010cR)<\/em><\/td>\n<\/tr>\n<tr>\n<td>10:30 &#8211; 11:00<\/td>\n<td><strong>P\u0159est\u00e1vka<\/strong><\/td>\n<\/tr>\n<tr>\n<td>11:00 &#8211; 11:30<\/td>\n<td><strong>Credit Suisse a budoucnost AT1 kapit\u00e1lu<\/strong><br \/>\n<a href=\"https:\/\/turnaround.cz\/restrukturalizacni-forum-2023\/wp-content\/uploads\/sites\/12\/2023\/12\/20231114_radek_urban_credit-suisse-a-budoucnost-at1__-kapitalu_final.pdf\" target=\"_blank\" rel=\"noopener\">prezentace<\/a><br \/>\n<a href=\"https:\/\/turnaround.cz\/restrukturalizacni-forum-2023\/prednasejici\/#radek-urban\">Radek Urban<\/a><em> (\u010cesk\u00e1 n\u00e1rodn\u00ed banka)<\/em><\/td>\n<\/tr>\n<tr>\n<td>11:30 &#8211; 12:20<\/td>\n<td><strong>Distressov\u00e9 akvizice &#8211; mnoho cest ke spole\u010den\u00e9mu c\u00edli<\/strong><br \/>\n<a href=\"https:\/\/turnaround.cz\/restrukturalizacni-forum-2023\/prednasejici\/#daniel-hribal\">Daniel H\u0159\u00edbal<\/a><em> (TARPAN Managers, \u010dlen TMA \u010cR)<\/em><br \/>\n<a href=\"https:\/\/turnaround.cz\/restrukturalizacni-forum-2023\/prednasejici\/#michal-jasek\">Michal Ja\u0161ek<\/a> <em>(Clifford Chance)<\/em><br \/>\n<a href=\"https:\/\/turnaround.cz\/restrukturalizacni-forum-2023\/prednasejici\/#marek-malik\">Marek Mal\u00edk<\/a> <em>(Jet Investment) <\/em><br \/>\n<a href=\"https:\/\/turnaround.cz\/restrukturalizacni-forum-2023\/prednasejici\/#petr-vostry\">Petr Vostr\u00fd<\/a> <em>(\u010cesk\u00e1 spo\u0159itelna)<\/em><br \/>\nModeruje: <a href=\"https:\/\/turnaround.cz\/restrukturalizacni-forum-2023\/prednasejici\/#tomas-brozek\">Tom\u00e1\u0161 Bro\u017eek<\/a> <em>(Clifford Chance, \u010dlen TMA \u010cR)<\/em><\/td>\n<\/tr>\n<tr>\n<td>12:20 &#8211; 12:35<\/td>\n<td><strong>Restrukturalizace exportn\u00edho p\u0159\u00edpadu &#8211; defaultu v r\u00e1mci pojistn\u00e9 ud\u00e1losti<\/strong><br \/>\n<a href=\"https:\/\/turnaround.cz\/restrukturalizacni-forum-2023\/prednasejici\/#lukas-lhotak\">Luk\u00e1\u0161 Lhot\u00e1k<\/a> <em>(EGAP, \u010dlen TMA \u010cR)<\/em><\/td>\n<\/tr>\n<tr>\n<td>12:35 &#8211; 14:00<\/td>\n<td><strong>Ob\u011bd<\/strong><\/td>\n<\/tr>\n<tr>\n<td>14:00 &#8211; 14:10<\/td>\n<td><strong>Vyhl\u00e1\u0161en\u00ed studentsk\u00e9 ceny TMA<\/strong><br \/>\nV\u00fdhern\u00ed t\u00fdm studentsk\u00e9 ceny TMA 2023<\/td>\n<\/tr>\n<tr>\n<td>14:10 &#8211; 15:00<\/td>\n<td><strong>Insolven\u010dn\u00ed \u0159\u00edzen\u00ed Sberbank \u2013 p\u0159\u00edpadov\u00e1 studie<\/strong><br \/>\n<a href=\"https:\/\/turnaround.cz\/restrukturalizacni-forum-2023\/prednasejici\/#martin-fronek\">Martin Fron\u011bk<\/a> <em>(White &amp; Case, \u010dlen TMA \u010cR)<\/em><br \/>\n<a href=\"https:\/\/turnaround.cz\/restrukturalizacni-forum-2023\/prednasejici\/#jirina-luzova\">Ji\u0159ina Lu\u017eov\u00e1<\/a> <em>(AK JUDr. Ji\u0159ina Lu\u017eov\u00e1)<\/em><br \/>\n<a href=\"https:\/\/turnaround.cz\/restrukturalizacni-forum-2023\/prednasejici\/#jaroslav-schonfeld\">Jaroslav Sch\u00f6nfeld<\/a> <em>(V\u0160E, \u010cS, \u010dlen TMA \u010cR)<\/em><br \/>\n<a href=\"https:\/\/turnaround.cz\/restrukturalizacni-forum-2023\/prednasejici\/#slavomir-slavik\">Slavom\u00edr Sl\u00e1vik<\/a> <em>(Baker &amp; McKenzie, \u010dlen TMA \u010cR)<\/em><br \/>\nModeruje: <a href=\"https:\/\/turnaround.cz\/restrukturalizacni-forum-2023\/prednasejici\/#slavomir-slavik\">Slavom\u00edr Sl\u00e1vik<\/a> <em>(Baker &amp; McKenzie, \u010dlen TMA \u010cR)<\/em><\/td>\n<\/tr>\n<tr>\n<td>15:00 &#8211; 15:10<\/td>\n<td><strong>P\u0159est\u00e1vka<\/strong><\/td>\n<\/tr>\n<tr>\n<td>15:10 &#8211; 16:00<\/td>\n<td><strong>Restrukturalizace Dedoles &#8211; p\u0159\u00edpadov\u00e1 studie a panelov\u00e1 diskuze<\/strong><br \/>\n<a href=\"https:\/\/turnaround.cz\/restrukturalizacni-forum-2023\/wp-content\/uploads\/sites\/12\/2023\/11\/20231114_Dedoles-prezentace-TMA_prezentace_CZ_presented__-poslano.pdf\" target=\"_blank\" rel=\"noopener\">prezentace<\/a><br \/>\n<a href=\"https:\/\/turnaround.cz\/restrukturalizacni-forum-2023\/prednasejici\/#petr-brecik\">Peter Brec\u00edk<\/a> <em>(Tatrabanka, \u010dlen TMA SK)<\/em><br \/>\n<a href=\"https:\/\/turnaround.cz\/restrukturalizacni-forum-2023\/prednasejici\/#jan-cifra\">J\u00e1n Cifra<\/a><em> (Dedoles, \u010dlen TMA SK)<\/em><br \/>\n<a href=\"https:\/\/turnaround.cz\/restrukturalizacni-forum-2023\/prednasejici\/#michal-maly\">Michal Mal\u00fd<\/a> <em>(PWC, \u010dlen TMA \u010cR)<\/em><br \/>\n<a href=\"https:\/\/turnaround.cz\/restrukturalizacni-forum-2023\/prednasejici\/#michal-zathurecky\">Michal Z\u00e1thureck\u00fd<\/a> <em>(Dentons)<\/em><br \/>\nModeruje: <a href=\"https:\/\/turnaround.cz\/restrukturalizacni-forum-2023\/prednasejici\/#petr-smutny\">Petr Smutn\u00fd<\/a> <em>(PWC, p\u0159edseda TMA \u010cR)<\/em><\/td>\n<\/tr>\n<tr>\n<td>16:00 &#8211; 17:00<\/td>\n<td><strong>Neform\u00e1ln\u00ed diskuse, sklenka v\u00edna<\/strong><\/td>\n<\/tr>\n<\/tbody>\n<\/table>\n","protected":false},"excerpt":{"rendered":"<p>\u010cas Program 8:30 &#8211; 9:00 Registrace \u00fa\u010dastn\u00edk\u016f, sn\u00eddan\u011b 9:00 &#8211; 9:10 \u00davod a p\u0159edstaven\u00ed Turnaround Management Association Petr Smutn\u00fd (PwC, p\u0159edseda TMA) Tom\u00e1\u0161 Richter (J\u0160K, m\u00edstop\u0159edseda TMA) 9:10 &#8211; 9:40 Sv\u011bt, jeho zm\u011bny a \u010cesko &#8211; pohled ekonoma prezentace Miroslav Singer (Generali CEE Holding, TMA) 9:40 &#8211; 10:30 Makroekonomick\u00fd panel &#8211; Uv\u011bzn\u011bni v\u00a0ner\u016fstu a nekrizi&#8230;  <a class=\"excerpt-read-more\" href=\"https:\/\/turnaround.cz\/restrukturalizacni-forum-2023\/program\/\" title=\"Read Program\">Read more &raquo;<\/a><\/p>\n","protected":false},"author":1,"featured_media":0,"parent":0,"menu_order":0,"comment_status":"closed","ping_status":"closed","template":"","meta":{"ngg_post_thumbnail":0,"jetpack_post_was_ever_published":false,"footnotes":""},"class_list":["post-8","page","type-page","status-publish","hentry"],"acf":[],"jetpack_sharing_enabled":true,"jetpack_shortlink":"https:\/\/wp.me\/Pdw2zV-8","_links":{"self":[{"href":"https:\/\/turnaround.cz\/restrukturalizacni-forum-2023\/wp-json\/wp\/v2\/pages\/8","targetHints":{"allow":["GET"]}}],"collection":[{"href":"https:\/\/turnaround.cz\/restrukturalizacni-forum-2023\/wp-json\/wp\/v2\/pages"}],"about":[{"href":"https:\/\/turnaround.cz\/restrukturalizacni-forum-2023\/wp-json\/wp\/v2\/types\/page"}],"author":[{"embeddable":true,"href":"https:\/\/turnaround.cz\/restrukturalizacni-forum-2023\/wp-json\/wp\/v2\/users\/1"}],"replies":[{"embeddable":true,"href":"https:\/\/turnaround.cz\/restrukturalizacni-forum-2023\/wp-json\/wp\/v2\/comments?post=8"}],"version-history":[{"count":135,"href":"https:\/\/turnaround.cz\/restrukturalizacni-forum-2023\/wp-json\/wp\/v2\/pages\/8\/revisions"}],"predecessor-version":[{"id":1935,"href":"https:\/\/turnaround.cz\/restrukturalizacni-forum-2023\/wp-json\/wp\/v2\/pages\/8\/revisions\/1935"}],"wp:attachment":[{"href":"https:\/\/turnaround.cz\/restrukturalizacni-forum-2023\/wp-json\/wp\/v2\/media?parent=8"}],"curies":[{"name":"wp","href":"https:\/\/api.w.org\/{rel}","templated":true}]}}