{"id":19,"date":"2016-09-12T20:57:13","date_gmt":"2016-09-12T19:57:13","guid":{"rendered":"https:\/\/turnaround.cz\/restrukturalizacni-forum-2024\/?page_id=19"},"modified":"2024-06-24T18:06:02","modified_gmt":"2024-06-24T17:06:02","slug":"kontakt","status":"publish","type":"page","link":"https:\/\/turnaround.cz\/restrukturalizacni-forum-2024\/kontakt\/","title":{"rendered":"Kontakt"},"content":{"rendered":"<p><strong>Kontakty pro p\u0159\u00edpadn\u00e9 dotazy:<\/strong><\/p>\n<p>Kamila \u0160ubrtov\u00e1<br \/>\n<strong>Tel.:<\/strong>\u00a0+420\u00a0602 646 508<strong><br \/>\nE-mail:<\/strong> <strong><a href=\"mailto:info@turnaround.cz\">info@turnaround.cz<\/a><\/strong><\/p>\n","protected":false},"excerpt":{"rendered":"<p>Kontakty pro p\u0159\u00edpadn\u00e9 dotazy: Kamila \u0160ubrtov\u00e1 Tel.:\u00a0+420\u00a0602 646 508 E-mail: info@turnaround.cz<\/p>\n","protected":false},"author":1,"featured_media":0,"parent":0,"menu_order":0,"comment_status":"closed","ping_status":"closed","template":"","meta":{"ngg_post_thumbnail":0,"jetpack_post_was_ever_published":false,"footnotes":""},"class_list":["post-19","page","type-page","status-publish","hentry"],"acf":[],"jetpack_sharing_enabled":true,"jetpack_shortlink":"https:\/\/wp.me\/Pdw2zV-j","_links":{"self":[{"href":"https:\/\/turnaround.cz\/restrukturalizacni-forum-2024\/wp-json\/wp\/v2\/pages\/19","targetHints":{"allow":["GET"]}}],"collection":[{"href":"https:\/\/turnaround.cz\/restrukturalizacni-forum-2024\/wp-json\/wp\/v2\/pages"}],"about":[{"href":"https:\/\/turnaround.cz\/restrukturalizacni-forum-2024\/wp-json\/wp\/v2\/types\/page"}],"author":[{"embeddable":true,"href":"https:\/\/turnaround.cz\/restrukturalizacni-forum-2024\/wp-json\/wp\/v2\/users\/1"}],"replies":[{"embeddable":true,"href":"https:\/\/turnaround.cz\/restrukturalizacni-forum-2024\/wp-json\/wp\/v2\/comments?post=19"}],"version-history":[{"count":4,"href":"https:\/\/turnaround.cz\/restrukturalizacni-forum-2024\/wp-json\/wp\/v2\/pages\/19\/revisions"}],"predecessor-version":[{"id":2251,"href":"https:\/\/turnaround.cz\/restrukturalizacni-forum-2024\/wp-json\/wp\/v2\/pages\/19\/revisions\/2251"}],"wp:attachment":[{"href":"https:\/\/turnaround.cz\/restrukturalizacni-forum-2024\/wp-json\/wp\/v2\/media?parent=19"}],"curies":[{"name":"wp","href":"https:\/\/api.w.org\/{rel}","templated":true}]}}