{"id":8,"date":"2016-09-12T20:15:20","date_gmt":"2016-09-12T19:15:20","guid":{"rendered":"https:\/\/turnaround.cz\/restrukturalizacni-forum-2024\/?page_id=8"},"modified":"2024-12-14T23:30:23","modified_gmt":"2024-12-14T22:30:23","slug":"program","status":"publish","type":"page","link":"https:\/\/turnaround.cz\/restrukturalizacni-forum-2024\/program\/","title":{"rendered":"Program"},"content":{"rendered":"<table class=\"program\">\n<thead>\n<tr>\n<th width=\"120\">\u010cas<\/th>\n<th>Program<\/th>\n<\/tr>\n<\/thead>\n<tbody>\n<tr>\n<td>8:30 &#8211; 9:00<\/td>\n<td>Registrace \u00fa\u010dastn\u00edk\u016f, sn\u00eddan\u011b<\/td>\n<\/tr>\n<tr>\n<td>9:00 &#8211; 9:15<\/td>\n<td><strong>\u00davod a p\u0159edstaven\u00ed Turnaround Management Association<\/strong><br \/>\n<a href=\"https:\/\/turnaround.cz\/restrukturalizacni-forum-2024\/prednasejici\/#petr-smutny\">Petr Smutn\u00fd<\/a> (PwC, \u010dlen TMA \u010cR)<br \/>\n<a href=\"https:\/\/turnaround.cz\/restrukturalizacni-forum-2024\/prednasejici\/#tomas-richter\">Tom\u00e1\u0161 Richter<\/a> (J\u0160K, \u010dlen TMA \u010cR)<\/td>\n<\/tr>\n<tr>\n<td>9:15 \u2013 9:45<\/td>\n<td><strong>Ekonomick\u00fd \u00favod<\/strong><br \/>\n(<a href=\"https:\/\/turnaround.cz\/restrukturalizacni-forum-2024\/wp-content\/uploads\/sites\/14\/2024\/12\/02_TMA120324.pdf\">prezentace<\/a>)<br \/>\n<a href=\"https:\/\/turnaround.cz\/restrukturalizacni-forum-2024\/prednasejici\/#miroslav-singer\">Miroslav Singer<\/a> (Generali CEE Holding, \u010dlen TMA \u010cR)<\/td>\n<\/tr>\n<tr>\n<td>9:45 &#8211; 10:30<\/td>\n<td><strong>Jak si stoj\u00ed \u010desk\u00e9 nemovitosti?<\/strong><br \/>\n(<a href=\"https:\/\/turnaround.cz\/restrukturalizacni-forum-2024\/wp-content\/uploads\/sites\/14\/2024\/12\/Jak-si-stoji-ceske-nemovitosti.pdf\">prezentace<\/a>)<br \/>\n<a href=\"https:\/\/turnaround.cz\/restrukturalizacni-forum-2024\/prednasejici\/#roland-bebcak\">Roland Beb\u010d\u00e1k<\/a> (White Star Real Estate)<br \/>\n<a href=\"https:\/\/turnaround.cz\/restrukturalizacni-forum-2024\/prednasejici\/#petr-hana\">Petr H\u00e1na<\/a> (Deloitte)<br \/>\n<a href=\"https:\/\/turnaround.cz\/restrukturalizacni-forum-2024\/prednasejici\/#miroslav-plasil\">Miroslav Pla\u0161il<\/a> (\u010cNB)<br \/>\n<a href=\"https:\/\/turnaround.cz\/restrukturalizacni-forum-2024\/prednasejici\/#zdenka-klapalova\">Zdenka Klapalov\u00e1<\/a> (Knight Frank)<br \/>\n<a href=\"https:\/\/turnaround.cz\/restrukturalizacni-forum-2024\/prednasejici\/#lenka-kostrounova\">Lenka Kostrounov\u00e1<\/a><em> (<\/em>\u010cSOB<em>)<\/em><br \/>\nModeruje: <a href=\"https:\/\/turnaround.cz\/restrukturalizacni-forum-2024\/prednasejici\/#tomas-richter\">Tom\u00e1\u0161 Richter<\/a> (J\u0160K, \u010dlen TMA \u010cR)<\/td>\n<\/tr>\n<tr>\n<td>10:30 &#8211; 11:00<\/td>\n<td>P\u0159est\u00e1vka<\/td>\n<\/tr>\n<tr>\n<td>11:00 &#8211; 11:45<\/td>\n<td><strong>Preventivn\u00ed restrukturalizace &#8211; co n\u00e1s nau\u010dil rok \u017eivota z\u00e1kona<\/strong><br \/>\n(<a href=\"https:\/\/turnaround.cz\/restrukturalizacni-forum-2024\/wp-content\/uploads\/sites\/14\/2024\/12\/TMA_Preventivni-restrukturalizace_v02.pdf\">prezentace<\/a>)<br \/>\n<a href=\"https:\/\/turnaround.cz\/restrukturalizacni-forum-2024\/prednasejici\/#simon-petak\">\u0160imon Pet\u00e1k<\/a> (TP Insolvence, \u010dlen TMA \u010cR<span style=\"font-size: revert; font-family: inherit; font-weight: inherit; color: initial;\">)<\/span><br \/>\n<a href=\"https:\/\/turnaround.cz\/restrukturalizacni-forum-2024\/prednasejici\/#dusan-sedlacek\">Du\u0161an Sedl\u00e1\u010dek<\/a> (HAVEL &amp; PARTNERS, \u010dlen TMA \u010cR<span style=\"font-size: revert; font-family: inherit; font-weight: inherit; color: initial;\">)<\/span><br \/>\n<a href=\"https:\/\/turnaround.cz\/restrukturalizacni-forum-2024\/prednasejici\/#lukas-lhotak\">Luk\u00e1\u0161 Lhot\u00e1k<\/a><em style=\"font-size: revert; font-family: inherit; font-weight: inherit; color: initial;\"> (<\/em>EGAP, \u010dlen TMA \u010cR)<br \/>\nModeruje: <a href=\"https:\/\/turnaround.cz\/restrukturalizacni-forum-2024\/prednasejici\/#petr-smutny\">Petr Smutn\u00fd<\/a> (PwC, \u010dlen TMA \u010cR)<br \/>\nPrezentuje: <a href=\"https:\/\/turnaround.cz\/restrukturalizacni-forum-2024\/prednasejici\/#petr-sprinz\">Petr Sprinz<\/a> (Resolv, \u010dlen TMA \u010cR)<\/td>\n<\/tr>\n<tr>\n<td>11:45 \u2013 12:30<\/td>\n<td><strong>Co (ne)lze od znaleck\u00e9ho posudku v insolven\u010dn\u00edm \u0159\u00edzen\u00ed o\u010dek\u00e1vat<br \/>\n<\/strong><a href=\"https:\/\/turnaround.cz\/restrukturalizacni-forum-2024\/prednasejici\/#david-smejkal\">David Smejkal<\/a> (A-CONSULT PLUS, s.r.o., \u010dlen TMA \u010cR)<br \/>\n<a href=\"https:\/\/turnaround.cz\/restrukturalizacni-forum-2024\/prednasejici\/#oxana-snajberg\">Oxana \u0160najberg<\/a> (Equity Solutions Appraisals s.r.o., \u010dlenka TMA \u010cR)<br \/>\n<a href=\"https:\/\/turnaround.cz\/restrukturalizacni-forum-2024\/prednasejici\/#lee-louda\">Lee Louda<\/a> (Insolven\u010dn\u00ed spr\u00e1vce, \u010dlen TMA \u010cR)<br \/>\n<a href=\"https:\/\/turnaround.cz\/restrukturalizacni-forum-2024\/prednasejici\/#martin-fronek\">Martin Fron\u011bk<\/a> (White&amp;Case, \u010dlen TMA \u010cR)<br \/>\n<a href=\"https:\/\/turnaround.cz\/restrukturalizacni-forum-2024\/prednasejici\/#michal-kudej\">Michal Kud\u011bj<\/a> (TARPAN Partners, \u010dlen TMA \u010cR)<br \/>\nModeruje: <a href=\"https:\/\/turnaround.cz\/restrukturalizacni-forum-2024\/prednasejici\/#jaroslav-schonfeld\">Jaroslav Sch\u00f6nfeld<\/a> (V\u0160E, \u010cS, \u010dlen TMA \u010cR)<\/td>\n<\/tr>\n<tr>\n<td>12:30 &#8211; 14:00<\/td>\n<td>Ob\u011bd<\/td>\n<\/tr>\n<tr>\n<td>14:00 &#8211; 14:30<\/td>\n<td><strong>Vyhl\u00e1\u0161en\u00ed studentsk\u00e9 Ceny TMA<\/strong><br \/>\nV\u00fdhern\u00ed t\u00fdm Ceny TMA 2024 + prezentace<\/td>\n<\/tr>\n<tr>\n<td>14:30 \u2013 15:15<\/td>\n<td><strong>Insolven\u010dn\u00ed \u0159\u00edzen\u00ed Vitrablok \u2013 \u0161irokou spoluprac\u00ed k z\u00e1chran\u011b a o\u017eiven\u00ed podniku v konkursu<\/strong><br \/>\n(<a href=\"https:\/\/turnaround.cz\/restrukturalizacni-forum-2024\/wp-content\/uploads\/sites\/14\/2024\/12\/TMA_Vitrablok_Prezentace2792593.4.pdf\">prezentace<\/a>)<br \/>\n<a href=\"https:\/\/turnaround.cz\/restrukturalizacni-forum-2024\/prednasejici\/#jaroslav-broz\">Jaroslav Bro\u017e<\/a> (insolven\u010dn\u00ed spr\u00e1vce)<br \/>\n<a href=\"https:\/\/turnaround.cz\/restrukturalizacni-forum-2024\/prednasejici\/#radim-skarpa\">Radim \u0160karpa<\/a> (PwC, \u010dlen TMA \u010cR)<br \/>\n<a href=\"https:\/\/turnaround.cz\/restrukturalizacni-forum-2024\/prednasejici\/#tomas-johanna\">Tom\u00e1\u0161 Johanna<\/a> (Progresus)<br \/>\n<a href=\"https:\/\/turnaround.cz\/restrukturalizacni-forum-2024\/prednasejici\/#pavel-bogusky\">Pavel Bogusk\u00fd<\/a> (Dentons, \u010dlen TMA \u010cR)<br \/>\nModeruje: <a href=\"https:\/\/turnaround.cz\/restrukturalizacni-forum-2024\/prednasejici\/#katerina-pracna\">Kate\u0159ina Pracn\u00e1<\/a> (Dentons, \u010dlenka TMA \u010cR)<\/td>\n<\/tr>\n<tr>\n<td>15:15 \u2013 16:00<\/td>\n<td><strong>P\u0159\u00edpadov\u00e1 studie &#8211; od covidov\u00e9ho financov\u00e1n\u00ed po distressed M&amp;A<\/strong><br \/>\n<a href=\"https:\/\/turnaround.cz\/restrukturalizacni-forum-2024\/prednasejici\/#david-zvak\">David \u017dvak<\/a> (\u010cSOB, \u010dlen TMA \u010cR)<br \/>\n<a href=\"https:\/\/turnaround.cz\/restrukturalizacni-forum-2024\/prednasejici\/#jiri-tomola\">Ji\u0159\u00ed Tomola<\/a>&nbsp;(Dentons, \u010dlen TMA \u010cR)<br \/>\n<a href=\"https:\/\/turnaround.cz\/restrukturalizacni-forum-2024\/prednasejici\/#jiri-hampl\">Ji\u0159\u00ed Hampl<\/a> (Unicredit Bank)<br \/>\n<a href=\"https:\/\/turnaround.cz\/restrukturalizacni-forum-2024\/prednasejici\/#jakub-jirovec\">Jakub Jirovec<\/a> (AK Urban Hejduk)<br \/>\nModeruje: <a href=\"https:\/\/turnaround.cz\/restrukturalizacni-forum-2024\/prednasejici\/#michal-maly\">Michal Mal\u00fd<\/a> (PwC, \u010dlen TMA \u010cR)<\/td>\n<\/tr>\n<tr>\n<td>16:00 &#8211; 17:00<\/td>\n<td><strong>Neform\u00e1ln\u00ed diskuse, sklenka v\u00edna<\/strong><\/td>\n<\/tr>\n<\/tbody>\n<\/table>\n","protected":false},"excerpt":{"rendered":"<p>\u010cas Program 8:30 &#8211; 9:00 Registrace \u00fa\u010dastn\u00edk\u016f, sn\u00eddan\u011b 9:00 &#8211; 9:15 \u00davod a p\u0159edstaven\u00ed Turnaround Management Association Petr Smutn\u00fd (PwC, \u010dlen TMA \u010cR) Tom\u00e1\u0161 Richter (J\u0160K, \u010dlen TMA \u010cR) 9:15 \u2013 9:45 Ekonomick\u00fd \u00favod (prezentace) Miroslav Singer (Generali CEE Holding, \u010dlen TMA \u010cR) 9:45 &#8211; 10:30 Jak si stoj\u00ed \u010desk\u00e9 nemovitosti? (prezentace) Roland Beb\u010d\u00e1k (White&#8230;  <a class=\"excerpt-read-more\" href=\"https:\/\/turnaround.cz\/restrukturalizacni-forum-2024\/program\/\" title=\"Read Program\">Read more &raquo;<\/a><\/p>\n","protected":false},"author":1,"featured_media":0,"parent":0,"menu_order":0,"comment_status":"closed","ping_status":"closed","template":"","meta":{"ngg_post_thumbnail":0,"jetpack_post_was_ever_published":false,"footnotes":""},"class_list":["post-8","page","type-page","status-publish","hentry"],"acf":[],"jetpack_sharing_enabled":true,"jetpack_shortlink":"https:\/\/wp.me\/Pdw2zV-8","_links":{"self":[{"href":"https:\/\/turnaround.cz\/restrukturalizacni-forum-2024\/wp-json\/wp\/v2\/pages\/8","targetHints":{"allow":["GET"]}}],"collection":[{"href":"https:\/\/turnaround.cz\/restrukturalizacni-forum-2024\/wp-json\/wp\/v2\/pages"}],"about":[{"href":"https:\/\/turnaround.cz\/restrukturalizacni-forum-2024\/wp-json\/wp\/v2\/types\/page"}],"author":[{"embeddable":true,"href":"https:\/\/turnaround.cz\/restrukturalizacni-forum-2024\/wp-json\/wp\/v2\/users\/1"}],"replies":[{"embeddable":true,"href":"https:\/\/turnaround.cz\/restrukturalizacni-forum-2024\/wp-json\/wp\/v2\/comments?post=8"}],"version-history":[{"count":150,"href":"https:\/\/turnaround.cz\/restrukturalizacni-forum-2024\/wp-json\/wp\/v2\/pages\/8\/revisions"}],"predecessor-version":[{"id":2029,"href":"https:\/\/turnaround.cz\/restrukturalizacni-forum-2024\/wp-json\/wp\/v2\/pages\/8\/revisions\/2029"}],"wp:attachment":[{"href":"https:\/\/turnaround.cz\/restrukturalizacni-forum-2024\/wp-json\/wp\/v2\/media?parent=8"}],"curies":[{"name":"wp","href":"https:\/\/api.w.org\/{rel}","templated":true}]}}