{"id":20,"date":"2025-09-17T12:32:25","date_gmt":"2025-09-17T10:32:25","guid":{"rendered":"https:\/\/turnaround.cz\/restrukturalizacni-forum-2025\/?page_id=20"},"modified":"2025-12-05T20:25:24","modified_gmt":"2025-12-05T19:25:24","slug":"program","status":"publish","type":"page","link":"https:\/\/turnaround.cz\/restrukturalizacni-forum-2025\/en\/program\/","title":{"rendered":"Program"},"content":{"rendered":"\n<figure class=\"wp-block-table\"><table><thead><tr><th>\u010cas<\/th><th>Program<\/th><\/tr><\/thead><tbody><tr><td>8:30 &#8211; 9:00<\/td><td><strong>Registrace \u00fa\u010dastn\u00edk\u016f, sn\u00eddan\u011b<\/strong><\/td><\/tr><tr><td>9:00 &#8211; 9:15<\/td><td><strong>\u00davod<\/strong><br><a href=\"https:\/\/turnaround.cz\/restrukturalizacni-forum-2025\/prednasejici\/#smutny\">Petr Smutn\u00fd<\/a> (PwC, p\u0159edseda spr\u00e1vn\u00ed rady TMA \u010cR)<br><a href=\"https:\/\/turnaround.cz\/restrukturalizacni-forum-2025\/prednasejici\/#richter\">Tom\u00e1\u0161 Richter<\/a> (J\u0160K, m\u00edstop\u0159edseda spr\u00e1vn\u00ed rady TMA \u010cR)<\/td><\/tr><tr><td>9:15 \u2013 9:45<\/td><td><strong>Ekonomick\u00fd \u00favod<\/strong><br><a href=\"https:\/\/turnaround.cz\/restrukturalizacni-forum-2025\/wp-content\/uploads\/sites\/16\/2025\/12\/Ekonomicky-uvod.pdf\">prezentace<\/a><br><a href=\"https:\/\/turnaround.cz\/restrukturalizacni-forum-2025\/prednasejici\/#singer\">Miroslav Singer<\/a> (Generali CEE Holding, \u010dlen TMA \u010cR)<\/td><\/tr><tr><td>9:45 &#8211; 10:30<\/td><td><strong>Kam sm\u011b\u0159uje \u010desk\u00fd automobilov\u00fd pr\u016fmysl?<\/strong><br><a href=\"https:\/\/turnaround.cz\/restrukturalizacni-forum-2025\/wp-content\/uploads\/sites\/16\/2025\/12\/Kam-smeruje-cesky-automobilovy-prumysl.pdf\">prezentace<\/a><br>Moderuje: <a href=\"https:\/\/turnaround.cz\/restrukturalizacni-forum-2025\/prednasejici\/#richter\">Tom\u00e1\u0161 Richter<\/a> (J\u0160K, m\u00edstop\u0159edseda spr\u00e1vn\u00ed rady TMA \u010cR)<br><a href=\"https:\/\/turnaround.cz\/restrukturalizacni-forum-2025\/prednasejici\/#knap\">Petr Knap<\/a> (EY)<br><a href=\"https:\/\/turnaround.cz\/restrukturalizacni-forum-2025\/prednasejici\/#rejchrtova\">Margita Rejchrtov\u00e1<\/a> (Tawesco)<br><a href=\"https:\/\/turnaround.cz\/restrukturalizacni-forum-2025\/prednasejici\/#razim\">Michal Razim<\/a> (PwC)<\/td><\/tr><tr><td>10:30 &#8211; 11:00<\/td><td><strong>P\u0159est\u00e1vka<\/strong><\/td><\/tr><tr><td>11:00 &#8211; 11:45<\/td><td><strong>Distressed M&amp;A<\/strong><br>Moderuje: <a href=\"https:\/\/turnaround.cz\/restrukturalizacni-forum-2025\/prednasejici\/#smutny\">Petr Smutn\u00fd<\/a> (PwC, p\u0159edseda spr\u00e1vn\u00ed rady TMA \u010cR)<br><a href=\"https:\/\/turnaround.cz\/restrukturalizacni-forum-2025\/prednasejici\/#maly\">Michal Mal\u00fd<\/a> (PwC, \u010dlen TMA \u010cR)<br><a href=\"https:\/\/turnaround.cz\/restrukturalizacni-forum-2025\/prednasejici\/#kotrba\">Radim Kotrba<\/a> (Kinstellar, \u010dlen TMA)<br><a href=\"https:\/\/turnaround.cz\/restrukturalizacni-forum-2025\/prednasejici\/#hajdik\">Filip Hajd\u00edk<\/a> (HAJDIK a.s.)<\/td><\/tr><tr><td>11:45 \u2013 12:30<\/td><td><strong>Mo\u017enosti zjednodu\u0161en\u00ed p\u0159edbalen\u00e9 reorganizace<\/strong><br><a href=\"https:\/\/turnaround.cz\/restrukturalizacni-forum-2025\/wp-content\/uploads\/sites\/16\/2025\/12\/Moznosti-zjednoduseni-predbalene-reorganizace.pdf\">prezentace<\/a><br>Moderuje: <a href=\"https:\/\/turnaround.cz\/restrukturalizacni-forum-2025\/prednasejici\/#kralicek\">Jan Kr\u00e1l\u00ed\u010dek<\/a> (HAVEL &amp; PARTNERS, \u010dlen TMA \u010cR)<br><a href=\"https:\/\/turnaround.cz\/restrukturalizacni-forum-2025\/prednasejici\/#vavrina\">Jan Vav\u0159ina<\/a> (Dunovsk\u00e1 &amp; partners)<br><a href=\"https:\/\/turnaround.cz\/restrukturalizacni-forum-2025\/prednasejici\/#kudej\">Michal Kud\u011bj<\/a>, Ph.D. (TARPAN Partners, \u010dlen TMA \u010cR)<br><a href=\"https:\/\/turnaround.cz\/restrukturalizacni-forum-2025\/prednasejici\/#marsikova\">JUDr. Jolana Mar\u0161\u00edkov\u00e1<\/a> (Krajsk\u00fd soud v Hradci Kr\u00e1lov\u00e9)<br><a href=\"https:\/\/turnaround.cz\/restrukturalizacni-forum-2025\/prednasejici\/#kucera\">JUDr. Franti\u0161ek Ku\u010dera<\/a> (Vrchn\u00ed soud v Praze)<\/td><\/tr><tr><td>12:30 &#8211; 14:30<\/td><td><strong>Ob\u011bd<\/strong><\/td><\/tr><tr><td><\/td><td><\/td><\/tr><tr><td>14:30 \u2013 15:15<\/td><td><strong>Preventivn\u00ed restrukturalizace prakticky<\/strong><br>Moderuje: <a href=\"https:\/\/turnaround.cz\/restrukturalizacni-forum-2025\/prednasejici\/#brozek\">Tom\u00e1\u0161 Bro\u017eek<\/a> (Clifford Chance, \u010dlen TMA \u010cR)<br><a href=\"https:\/\/turnaround.cz\/restrukturalizacni-forum-2025\/prednasejici\/#sprinz\">Petr Sprinz<\/a> (RESOLV, \u010dlen TMA \u010cR)<br><a href=\"https:\/\/turnaround.cz\/restrukturalizacni-forum-2025\/prednasejici\/#sedlacek\">Du\u0161an Sedl\u00e1\u010dek<\/a> (B\u00e1nyaiov\u00e1 Vo\u017eehov\u00e1, \u010dlen TMA \u010cR)<br><a href=\"https:\/\/turnaround.cz\/restrukturalizacni-forum-2025\/prednasejici\/#mikeska\">Luk\u00e1\u0161 Mikeska<\/a> (KPMG, \u010dlen TMA \u010cR)<br><a href=\"https:\/\/turnaround.cz\/restrukturalizacni-forum-2025\/prednasejici\/#hampl\">Ji\u0159\u00ed Hampl<\/a>&nbsp;(UniCredit Bank, \u010dlen TMA \u010cR)<\/td><\/tr><tr><td>15:15 \u2013 16:00<\/td><td><strong>Emisn\u00ed povolenky v insolven\u010dn\u00edm \u0159\u00edzen\u00ed<\/strong><br>Moderuje: <a href=\"https:\/\/turnaround.cz\/restrukturalizacni-forum-2025\/prednasejici\/#jine\">Tom\u00e1\u0161 J\u00edn\u011b<\/a>&nbsp;(White &amp; Case, \u010dlen TMA \u010cR)<br><a href=\"https:\/\/turnaround.cz\/restrukturalizacni-forum-2025\/prednasejici\/#bures\">Karel Bure\u0161<\/a> (CORPIN, \u010dlen TMA \u010cR)<br><a href=\"https:\/\/turnaround.cz\/restrukturalizacni-forum-2025\/prednasejici\/#masek\">Jan Ma\u0161ek<\/a> (Constelius, \u010dlen TMA \u010cR)<\/td><\/tr><tr><td>16:00 &#8211; 17:00<\/td><td><strong>Neform\u00e1ln\u00ed diskuse<\/strong><\/td><\/tr><\/tbody><\/table><\/figure>\n","protected":false},"excerpt":{"rendered":"<p>\u010cas Program 8:30 &#8211; 9:00 Registrace \u00fa\u010dastn\u00edk\u016f, sn\u00eddan\u011b 9:00 &#8211; 9:15 \u00davodPetr Smutn\u00fd (PwC, p\u0159edseda spr\u00e1vn\u00ed rady TMA \u010cR)Tom\u00e1\u0161 Richter (J\u0160K, m\u00edstop\u0159edseda spr\u00e1vn\u00ed rady TMA \u010cR) 9:15 \u2013 9:45 Ekonomick\u00fd \u00favodprezentaceMiroslav Singer (Generali CEE Holding, \u010dlen TMA \u010cR) 9:45 &#8211; 10:30 Kam sm\u011b\u0159uje \u010desk\u00fd automobilov\u00fd pr\u016fmysl?prezentaceModeruje: Tom\u00e1\u0161 Richter (J\u0160K, m\u00edstop\u0159edseda spr\u00e1vn\u00ed rady TMA \u010cR)Petr Knap&#8230;  <a class=\"excerpt-read-more\" href=\"https:\/\/turnaround.cz\/restrukturalizacni-forum-2025\/en\/program\/\" title=\"Read Program\">Read more &raquo;<\/a><\/p>\n","protected":false},"author":3,"featured_media":0,"parent":0,"menu_order":0,"comment_status":"closed","ping_status":"closed","template":"","meta":{"ngg_post_thumbnail":0,"footnotes":""},"class_list":["post-20","page","type-page","status-publish","hentry"],"acf":[],"_links":{"self":[{"href":"https:\/\/turnaround.cz\/restrukturalizacni-forum-2025\/en\/wp-json\/wp\/v2\/pages\/20","targetHints":{"allow":["GET"]}}],"collection":[{"href":"https:\/\/turnaround.cz\/restrukturalizacni-forum-2025\/en\/wp-json\/wp\/v2\/pages"}],"about":[{"href":"https:\/\/turnaround.cz\/restrukturalizacni-forum-2025\/en\/wp-json\/wp\/v2\/types\/page"}],"author":[{"embeddable":true,"href":"https:\/\/turnaround.cz\/restrukturalizacni-forum-2025\/en\/wp-json\/wp\/v2\/users\/3"}],"replies":[{"embeddable":true,"href":"https:\/\/turnaround.cz\/restrukturalizacni-forum-2025\/en\/wp-json\/wp\/v2\/comments?post=20"}],"version-history":[{"count":23,"href":"https:\/\/turnaround.cz\/restrukturalizacni-forum-2025\/en\/wp-json\/wp\/v2\/pages\/20\/revisions"}],"predecessor-version":[{"id":160,"href":"https:\/\/turnaround.cz\/restrukturalizacni-forum-2025\/en\/wp-json\/wp\/v2\/pages\/20\/revisions\/160"}],"wp:attachment":[{"href":"https:\/\/turnaround.cz\/restrukturalizacni-forum-2025\/en\/wp-json\/wp\/v2\/media?parent=20"}],"curies":[{"name":"wp","href":"https:\/\/api.w.org\/{rel}","templated":true}]}}