{"id":34,"date":"2025-09-17T22:36:22","date_gmt":"2025-09-17T20:36:22","guid":{"rendered":"https:\/\/turnaround.cz\/restrukturalizacni-forum-2025\/?page_id=34"},"modified":"2025-10-24T19:32:14","modified_gmt":"2025-10-24T17:32:14","slug":"registrace-2025","status":"publish","type":"page","link":"https:\/\/turnaround.cz\/restrukturalizacni-forum-2025\/en\/registrace-2025\/","title":{"rendered":"Registrace 2025"},"content":{"rendered":"\n<p><strong>&nbsp;Registrace nejpozd\u011bji do p\u00e1tku 21. listopadu 2025 nebo do napln\u011bn\u00ed kapacity<\/strong><\/p>\n\n\n\n<p class=\"has-vivid-red-color has-text-color has-link-color wp-elements-b5e32e8db72ba3f5aa9c0c05749f1457\"><em>Registrace na konferenci je st\u00e1le otev\u0159en\u00e1.<\/em><\/p>\n\n\n\n<p class=\"has-vivid-red-color has-text-color has-link-color wp-elements-44c7470006cef17ca68f66df134e1a58\"><em>Upozor\u0148ujeme v\u0161ak, \u017ee kapacita after party byla ji\u017e napln\u011bna a registrace na tento doprovodn\u00fd program je uzav\u0159ena.<\/em><\/p>\n\n\n\n<div style=\"display:none\" class=\"fm-form-container fm-theme1\"><div id=\"fm-pages6\" class=\"fm-pages wdform_page_navigation \" show_title=\"\" show_numbers=\"1\" type=\"none\"><\/div><form name=\"form6\" action=\"\/restrukturalizacni-forum-2025\/en\/wp-json\/wp\/v2\/pages\/34\" method=\"post\" id=\"form6\" class=\"fm-form form6  \" enctype=\"multipart\/form-data\"><input type=\"hidden\" id=\"fm_page_id6\" value=\"34\" name=\"fm_page_id6\" \/><input type=\"hidden\" id=\"fm_current_post_type6\" value=\"page\" name=\"fm_current_post_type6\" \/><input type=\"hidden\" id=\"counter6\" value=\"10\" name=\"counter6\" \/><input type=\"hidden\" id=\"Itemid6\" value=\"\" name=\"Itemid6\" \/><input type=\"hidden\" id=\"fm_shake6\" value=\"1\" name=\"fm_shake6\" \/><input type=\"text\" class=\"fm-hide\" id=\"fm_empty_field_validation6\" value=\"\" name=\"fm_empty_field_validation6\" data-value=\"bd736efb144d599cf463541431fbf5c4\" \/><div class=\"wdform-page-and-images fm-form-builder\"><div id=\"6form_view1\" class=\"wdform_page\" page_title=\"Untitled page\" next_title=\"Next\" next_type=\"text\" next_class=\"wdform-page-button\" next_checkable=\"true\" previous_title=\"Previous\" previous_type=\"text\" previous_class=\"wdform-page-button\" previous_checkable=\"false\"><div class=\"wdform_section\"><div class=\"wdform_column\"><div wdid=\"2\" class=\"wdform_row\"><div type=\"type_text\" class=\"wdform-field wd-width-100 wd-flex wd-flex-column fm-type_text\" ><div class=\"wdform-label-section wd-width-100  wd-flex-row wd-align-items-center\">    <label  for=\"wdform_2_element6\" class=\"wdform-label\">Jm\u00e9no a p\u0159\u00edjmen\u00ed<\/label><span class=\"wdform-required\">*<\/span><\/div><div class=\"wdform-element-section wd-flex  wd-flex-row wd-align-items-center wd-width-100\" ><input type=\"text\"                           class=\"wd-width-100\"                           id=\"wdform_2_element6\"                           name=\"wdform_2_element6\"                           value=\"\"                           data-value=\"\"                           title=\"\"                           placeholder=\"\"                                                       \/><\/div><\/div><\/div><\/div><div class=\"wdform_column\"><div wdid=\"6\" class=\"wdform_row\"><div type=\"type_text\" class=\"wdform-field wd-width-100 wd-flex wd-flex-column fm-type_text\" ><div class=\"wdform-label-section wd-width-100  wd-flex-row wd-align-items-center\">    <label  for=\"wdform_6_element6\" class=\"wdform-label\">Spole\u010dnost a pozice<\/label><span class=\"wdform-required\">*<\/span><\/div><div class=\"wdform-element-section wd-flex  wd-flex-row wd-align-items-center wd-width-100\" ><input type=\"text\"                           class=\"wd-width-100\"                           id=\"wdform_6_element6\"                           name=\"wdform_6_element6\"                           value=\"\"                           data-value=\"\"                           title=\"\"                           placeholder=\"\"                                                       \/><\/div><\/div><\/div><\/div><div class=\"wdform_column\"><div wdid=\"3\" class=\"wdform_row\" style=\"position: relative; left: 0px; top: 0px;\"><div type=\"type_submitter_mail\" class=\"wdform-field wd-width-100 wd-flex wd-flex-column fm-type_submitter_mail\" ><div class=\"wdform-label-section wd-width-100  wd-flex-row\">    <label  for=\"wdform_3_element6\" class=\"wdform-label\">E-mail<\/label><span class=\"wdform-required\">*<\/span><\/div><div class=\"wdform-element-section wd-flex  wd-flex-row wd-width-100\" ><input type=\"text\" class=\"wd-width-100\" id=\"wdform_3_element6\" name=\"wdform_3_element6\" data-value=\"\" value=\"\" title=\"\" placeholder=\"\"   onchange=\"wd_check_email('3', '6', 'This is not a valid email address.')\" \/><\/div><\/div><\/div><\/div><div class=\"wdform_column\"><div wdid=\"7\" class=\"wdform_row\"><div type=\"type_phone_new\" class=\"wdform-field wd-width-100 wd-flex wd-flex-column fm-type_phone_new\" ><div class=\"wdform-label-section wd-width-100 \">    <label  for=\"wdform_7_element6\" class=\"wdform-label\">Telefon<\/label><span class=\"wdform-required\">*<\/span><\/div><div class=\"wdform-element-section wd-flex  wd-width-100\" ><input type=\"text\"                       class=\"wd-width-100\"                       id=\"wdform_7_element6\"                       name=\"wdform_7_element6\"                       value=\"+420 123456789\"                       data-value=\"+420 123456789\"                       placeholder=\"\"  \/><\/div><\/div><\/div><\/div><div class=\"wdform_column\"><div wdid=\"8\" class=\"wdform_row\"><div type=\"type_radio\" class=\"wdform-field wd-width-100 wd-flex wd-flex-column fm-type_radio\" ><div class=\"wdform-label-section wd-width-100  wd-flex-wrap wd-flex-column\">    <label  class=\"wdform-label\">\u00da\u010dast na after p\u00e1rty<\/label><span class=\"wdform-required\">*<\/span><\/div><div class=\"wdform-element-section wd-flex  wd-flex-wrap wd-flex-column wd-width-100\" ><div class=\"wd-flex wd-flex-column\"><input type=\"hidden\" name=\"wdform_8_element6\" value=\"\" \/><div class=\"radio-div wd-choice wd-flex wd-flex-row\"><input type=\"radio\"  id=\"wdform_8_element60\" name=\"wdform_8_element6\" value=\"Ne\" onclick=\"set_default(&quot;wdform_8&quot;,&quot;0&quot;,&quot;6&quot;); \"   \/><label class=\"wd-align-items-center wd-flex wd-flex-row\" for=\"wdform_8_element60\"><span><\/span>Ne<\/label><\/div><\/div><\/div><\/div><\/div><\/div><div class=\"wdform_column\"><div wdid=\"5\" class=\"wdform_row\" style=\"position: relative; left: 0px; top: 0px;\"><div type=\"type_textarea\" class=\"wdform-field wd-width-100 wd-flex wd-flex-column fm-type_textarea\" ><div class=\"wdform-label-section wd-width-100 \">    <label  for=\"wdform_5_element6\" class=\"wdform-label\">Faktura\u010dn\u00ed \u00fadaje<\/label><span class=\"wdform-required\">*<\/span><\/div><div class=\"wdform-element-section wd-flex  wd-width-100\" ><textarea class=\"wd-width-100\"                      id=\"wdform_5_element6\"                      name=\"wdform_5_element6\"                      placeholder=\"\"                      data-value=\"\"                      maxlength=\"\"                      style=\"height: 100px;\"                      ><\/textarea><\/div><\/div><\/div><\/div><div class=\"wdform_column\"><div wdid=\"9\" class=\"wdform_row\"><div type=\"type_textarea\" class=\"wdform-field wd-width-100 wd-flex wd-flex-column fm-type_textarea\" ><div class=\"wdform-label-section wd-width-100 \">    <label  for=\"wdform_9_element6\" class=\"wdform-label\">Pozn\u00e1mka<\/label><\/div><div class=\"wdform-element-section wd-flex  wd-width-100\" ><textarea class=\"wd-width-100\"                      id=\"wdform_9_element6\"                      name=\"wdform_9_element6\"                      placeholder=\"\"                      data-value=\"\"                      maxlength=\"\"                      style=\"height: 100px;\"                      ><\/textarea><\/div><\/div><\/div><\/div><div class=\"wdform_column\"><div wdid=\"1\" class=\"wdform_row\"><div type=\"type_submit_reset\" class=\"wdform-field wd-width-100 wd-flex wd-flex-column fm-type_submit_reset\" ><div class=\"wdform-element-section wd-flex  wd-flex-row wd-justify-content-left wd-width-100\" ><button  type=\"button\" class=\"button-submit\" onclick=\"fm_submit_form('6');\"  data-ajax=\"0\"><span class=\"fm-submit-loading spinner fm-ico-spinner\"><\/span>ODESLAT<\/button><button  type=\"button\" class=\"button-reset wd-hidden\" onclick=\"fm_reset_form(6);\" >Reset<\/button><\/div><\/div><\/div><\/div><\/div><div valign=\"top\" class=\"wdform_footer wd-width-100\"><div class=\"wd-width-100\"><div class=\"wd-width-100 wd-table\" style=\"padding-top:10px;\"><div class=\"wd-table-group\"><div id=\"6page_nav1\" class=\"wd-table-row\"><\/div><\/div><\/div><\/div><\/div><\/div><\/div><div class=\"wdform_preload\"><\/div><input type=\"hidden\" name=\"fm-current-page\" value=\"https:\/\/turnaround.cz\/restrukturalizacni-forum-2025\/en\/wp-json\/wp\/v2\/pages\/34\" \/><\/form><\/div>\n\n\n\n<p><strong>Poplatek za \u00fa\u010dast:<br><\/strong>4900 K\u010d (Turnaround Management Association nen\u00ed pl\u00e1tcem DPH)<strong><br><\/strong>\u00da\u010dast na after party zpoplatn\u011bna 600 K\u010d<\/p>\n\n\n\n<p>Odesl\u00e1n\u00edm registra\u010dn\u00edho formul\u00e1\u0159e berete na v\u011bdom\u00ed, \u017ee va\u0161e osobn\u00ed \u00fadaje v n\u011bm uveden\u00e9 budou zpracov\u00e1v\u00e1ny spolkem Turnaround Management Association \u010cesk\u00e1 republika, z. s. (se s\u00eddlem City Green Court, Hv\u011bzdova 1734\/2c, Nusle, 140 00 Praha 4, I\u010c: 22689575), jako\u017eto spr\u00e1vcem osobn\u00edch \u00fadaj\u016f, a to v souladu s p\u0159\u00edslu\u0161n\u00fdmi pr\u00e1vn\u00edmi p\u0159edpisy (zejm\u00e9na Na\u0159\u00edzen\u00edm Evropsk\u00e9ho parlamentu a Rady (EU) 2016\/679 ze dne 27. dubna 2016 \u2013 obecn\u00fdm na\u0159\u00edzen\u00edm o ochran\u011b osobn\u00edch \u00fadaj\u016f), za \u00fa\u010delem organizace t\u00e9to akce a n\u00e1sledn\u00e9 komunikace s v\u00e1mi.<br>M\u00e1te pr\u00e1vo na p\u0159\u00edstup, aktualizaci, v\u00fdmaz, omezen\u00ed nebo p\u0159enos sv\u00fdch osobn\u00edch \u00fadaj\u016f; pr\u00e1vo vzn\u00e9st n\u00e1mitku proti zpracov\u00e1n\u00ed; a pr\u00e1vo podat st\u00ed\u017enost u p\u0159\u00edslu\u0161n\u00e9ho dozorov\u00e9ho \u00fa\u0159adu. V\u00edce informac\u00ed naleznete&nbsp;<a href=\"https:\/\/turnaround.cz\/\" target=\"_blank\" rel=\"noreferrer noopener\">https:\/\/turnaround.cz<\/a><\/p>\n","protected":false},"excerpt":{"rendered":"<p>&nbsp;Registrace nejpozd\u011bji do p\u00e1tku 21. listopadu 2025 nebo do napln\u011bn\u00ed kapacity Registrace na konferenci je st\u00e1le otev\u0159en\u00e1. Upozor\u0148ujeme v\u0161ak, \u017ee kapacita after party byla ji\u017e napln\u011bna a registrace na tento doprovodn\u00fd program je uzav\u0159ena. Poplatek za \u00fa\u010dast:4900 K\u010d (Turnaround Management Association nen\u00ed pl\u00e1tcem DPH)\u00da\u010dast na after party zpoplatn\u011bna 600 K\u010d Odesl\u00e1n\u00edm registra\u010dn\u00edho formul\u00e1\u0159e berete na&#8230;  <a class=\"excerpt-read-more\" href=\"https:\/\/turnaround.cz\/restrukturalizacni-forum-2025\/en\/registrace-2025\/\" title=\"Read Registrace 2025\">Read more &raquo;<\/a><\/p>\n","protected":false},"author":3,"featured_media":0,"parent":0,"menu_order":0,"comment_status":"closed","ping_status":"closed","template":"","meta":{"ngg_post_thumbnail":0,"footnotes":""},"class_list":["post-34","page","type-page","status-publish","hentry"],"acf":[],"_links":{"self":[{"href":"https:\/\/turnaround.cz\/restrukturalizacni-forum-2025\/en\/wp-json\/wp\/v2\/pages\/34","targetHints":{"allow":["GET"]}}],"collection":[{"href":"https:\/\/turnaround.cz\/restrukturalizacni-forum-2025\/en\/wp-json\/wp\/v2\/pages"}],"about":[{"href":"https:\/\/turnaround.cz\/restrukturalizacni-forum-2025\/en\/wp-json\/wp\/v2\/types\/page"}],"author":[{"embeddable":true,"href":"https:\/\/turnaround.cz\/restrukturalizacni-forum-2025\/en\/wp-json\/wp\/v2\/users\/3"}],"replies":[{"embeddable":true,"href":"https:\/\/turnaround.cz\/restrukturalizacni-forum-2025\/en\/wp-json\/wp\/v2\/comments?post=34"}],"version-history":[{"count":7,"href":"https:\/\/turnaround.cz\/restrukturalizacni-forum-2025\/en\/wp-json\/wp\/v2\/pages\/34\/revisions"}],"predecessor-version":[{"id":100,"href":"https:\/\/turnaround.cz\/restrukturalizacni-forum-2025\/en\/wp-json\/wp\/v2\/pages\/34\/revisions\/100"}],"wp:attachment":[{"href":"https:\/\/turnaround.cz\/restrukturalizacni-forum-2025\/en\/wp-json\/wp\/v2\/media?parent=34"}],"curies":[{"name":"wp","href":"https:\/\/api.w.org\/{rel}","templated":true}]}}