{"id":18,"date":"2025-09-17T12:30:23","date_gmt":"2025-09-17T10:30:23","guid":{"rendered":"https:\/\/turnaround.cz\/restrukturalizacni-forum-2025\/?page_id=18"},"modified":"2025-10-06T08:48:01","modified_gmt":"2025-10-06T06:48:01","slug":"kontakt","status":"publish","type":"page","link":"https:\/\/turnaround.cz\/restrukturalizacni-forum-2025\/kontakt\/","title":{"rendered":"Kontakt"},"content":{"rendered":"\n<p><strong>Kontakty pro p\u0159\u00edpadn\u00e9 dotazy:<\/strong><\/p>\n\n\n\n<p>Kamila \u0160ubrtov\u00e1<br><strong>Tel.:<\/strong>&nbsp;+420&nbsp;602 646 508<strong><br>E-mail:<\/strong> <strong><a href=\"mailto:info@turnaround.cz\">info@turnaround.cz<\/a><\/strong><\/p>\n\n\n\n<p><\/p>\n\n\n\n<p>Helena Kuchynkov\u00e1 <br><strong>Tel.: <\/strong>+420 734 353 865 <br><strong>Email:<\/strong>\u00a0<a href=\"mailto:helena.kuchynkova@pwc.com\" target=\"_blank\" rel=\"noreferrer noopener\"><strong>helena.kuchynkova@pwc.com<\/strong><\/a><\/p>\n","protected":false},"excerpt":{"rendered":"<p>Kontakty pro p\u0159\u00edpadn\u00e9 dotazy: Kamila \u0160ubrtov\u00e1Tel.:&nbsp;+420&nbsp;602 646 508E-mail: info@turnaround.cz Helena Kuchynkov\u00e1 Tel.: +420 734 353 865 Email:\u00a0helena.kuchynkova@pwc.com<\/p>\n","protected":false},"author":3,"featured_media":0,"parent":0,"menu_order":0,"comment_status":"closed","ping_status":"closed","template":"","meta":{"ngg_post_thumbnail":0,"footnotes":""},"class_list":["post-18","page","type-page","status-publish","hentry"],"acf":[],"_links":{"self":[{"href":"https:\/\/turnaround.cz\/restrukturalizacni-forum-2025\/wp-json\/wp\/v2\/pages\/18","targetHints":{"allow":["GET"]}}],"collection":[{"href":"https:\/\/turnaround.cz\/restrukturalizacni-forum-2025\/wp-json\/wp\/v2\/pages"}],"about":[{"href":"https:\/\/turnaround.cz\/restrukturalizacni-forum-2025\/wp-json\/wp\/v2\/types\/page"}],"author":[{"embeddable":true,"href":"https:\/\/turnaround.cz\/restrukturalizacni-forum-2025\/wp-json\/wp\/v2\/users\/3"}],"replies":[{"embeddable":true,"href":"https:\/\/turnaround.cz\/restrukturalizacni-forum-2025\/wp-json\/wp\/v2\/comments?post=18"}],"version-history":[{"count":5,"href":"https:\/\/turnaround.cz\/restrukturalizacni-forum-2025\/wp-json\/wp\/v2\/pages\/18\/revisions"}],"predecessor-version":[{"id":64,"href":"https:\/\/turnaround.cz\/restrukturalizacni-forum-2025\/wp-json\/wp\/v2\/pages\/18\/revisions\/64"}],"wp:attachment":[{"href":"https:\/\/turnaround.cz\/restrukturalizacni-forum-2025\/wp-json\/wp\/v2\/media?parent=18"}],"curies":[{"name":"wp","href":"https:\/\/api.w.org\/{rel}","templated":true}]}}