{"id":30,"date":"2025-09-17T22:30:53","date_gmt":"2025-09-17T20:30:53","guid":{"rendered":"https:\/\/turnaround.cz\/restrukturalizacni-forum-2025\/?page_id=30"},"modified":"2025-09-17T22:40:49","modified_gmt":"2025-09-17T20:40:49","slug":"o-akci","status":"publish","type":"page","link":"https:\/\/turnaround.cz\/restrukturalizacni-forum-2025\/en\/o-akci\/","title":{"rendered":"O akci"},"content":{"rendered":"\n<p>Konference je ur\u010dena pro odborn\u00edky, kte\u0159\u00ed se zab\u00fdvaj\u00ed restrukturalizac\u00ed a krizov\u00fdm \u0159\u00edzen\u00edm firmy, finan\u010dn\u00ed poradce a investory, bank\u00e9\u0159e a z\u00e1stupce v\u011b\u0159itel\u016f, advok\u00e1ty, insolven\u010dn\u00ed spr\u00e1vce \u010di soudce a dal\u0161\u00ed, kte\u0159\u00ed se ve sv\u00e9 profesi s touto problematikou setk\u00e1vaj\u00ed.<\/p>\n\n\n\n<p><strong>C\u00edlem konference je:<\/strong><\/p>\n\n\n\n<ul class=\"wp-block-list\"><li>p\u0159edstavit proces restrukturalizace firmy na zaj\u00edmav\u00fdch p\u0159\u00edkladech z&nbsp;praxe<\/li><li>zprost\u0159edkovat z\u00e1stupc\u016fm strany v\u011b\u0159itel\u016f pohled z druh\u00e9 strany<\/li><li>zab\u00fdvat se aktu\u00e1ln\u00edmi t\u00e9maty \u2013 pohled na sou\u010dasnou ekonomickou situaci, inovativn\u00ed restrukturaliza\u010dn\u00ed procesy<\/li><li>podpo\u0159it v\u00fdm\u011bnu n\u00e1zor\u016f, sd\u00edlen\u00ed znalost\u00ed a zku\u0161enost\u00ed mezi osobami zab\u00fdvaj\u00edc\u00edmi se krizov\u00fdm \u0159\u00edzen\u00edm, restrukturalizac\u00ed a insolvenc\u00ed.<\/li><\/ul>\n\n\n\n<p><strong>Datum konference:<\/strong>\u00a027. listopadu 2025<\/p>\n\n\n\n<p><strong>M\u00edsto konference:&nbsp;<\/strong>Kongresov\u00e9 centrum \u010cNB, Senov\u00e1\u017en\u00e9 n\u00e1m\u011bst\u00ed 30, 110 00 Praha 1<\/p>\n\n\n\n<p>R\u00e1di bychom v\u00e1s upozornili na speci\u00e1ln\u00ed after party, kterou jsme pro \u00fa\u010dastn\u00edky p\u0159ipravili. Tato after party bude p\u0159\u00edle\u017eitost\u00ed pro uvoln\u011bn\u00ed, networking a z\u00e1bavu po skon\u010den\u00ed hlavn\u00edho programu konference. P\u0159inese to \u00fa\u010dastn\u00edk\u016fm dal\u0161\u00ed p\u0159\u00edle\u017eitost k nav\u00e1z\u00e1n\u00ed nov\u00fdch kontakt\u016f a upevn\u011bn\u00ed existuj\u00edc\u00edch vztah\u016f.<\/p>\n\n\n\n<p>Va\u0161e podpora je kl\u00ed\u010dov\u00fdm prvkem \u00fasp\u011bchu na\u0161\u00ed konference, a proto v\u00e1s chceme pozvat, abyste se p\u0159ipojili k n\u00e1m na t\u00e9to speci\u00e1ln\u00ed after party. M\u016f\u017eeme spole\u010dn\u011b oslavit na\u0161i spolupr\u00e1ci a budoucnost na\u0161ich projekt\u016f.<\/p>\n\n\n\n<p><strong>Datum after party:<\/strong>\u00a027. listopadu 2025 od 17,30hod<\/p>\n\n\n\n<p><strong>M\u00edsto:&nbsp;<\/strong>Hoffa Bar, Senov\u00e1\u017en\u00e9 n\u00e1m\u011bst\u00ed 980, 110 00 Praha 1<\/p>\n","protected":false},"excerpt":{"rendered":"<p>Konference je ur\u010dena pro odborn\u00edky, kte\u0159\u00ed se zab\u00fdvaj\u00ed restrukturalizac\u00ed a krizov\u00fdm \u0159\u00edzen\u00edm firmy, finan\u010dn\u00ed poradce a investory, bank\u00e9\u0159e a z\u00e1stupce v\u011b\u0159itel\u016f, advok\u00e1ty, insolven\u010dn\u00ed spr\u00e1vce \u010di soudce a dal\u0161\u00ed, kte\u0159\u00ed se ve sv\u00e9 profesi s touto problematikou setk\u00e1vaj\u00ed. C\u00edlem konference je: p\u0159edstavit proces restrukturalizace firmy na zaj\u00edmav\u00fdch p\u0159\u00edkladech z&nbsp;praxe zprost\u0159edkovat z\u00e1stupc\u016fm strany v\u011b\u0159itel\u016f pohled z druh\u00e9&#8230;  <a class=\"excerpt-read-more\" href=\"https:\/\/turnaround.cz\/restrukturalizacni-forum-2025\/en\/o-akci\/\" title=\"Read O akci\">Read more &raquo;<\/a><\/p>\n","protected":false},"author":3,"featured_media":0,"parent":0,"menu_order":0,"comment_status":"closed","ping_status":"closed","template":"","meta":{"ngg_post_thumbnail":0,"footnotes":""},"class_list":["post-30","page","type-page","status-publish","hentry"],"acf":[],"_links":{"self":[{"href":"https:\/\/turnaround.cz\/restrukturalizacni-forum-2025\/en\/wp-json\/wp\/v2\/pages\/30","targetHints":{"allow":["GET"]}}],"collection":[{"href":"https:\/\/turnaround.cz\/restrukturalizacni-forum-2025\/en\/wp-json\/wp\/v2\/pages"}],"about":[{"href":"https:\/\/turnaround.cz\/restrukturalizacni-forum-2025\/en\/wp-json\/wp\/v2\/types\/page"}],"author":[{"embeddable":true,"href":"https:\/\/turnaround.cz\/restrukturalizacni-forum-2025\/en\/wp-json\/wp\/v2\/users\/3"}],"replies":[{"embeddable":true,"href":"https:\/\/turnaround.cz\/restrukturalizacni-forum-2025\/en\/wp-json\/wp\/v2\/comments?post=30"}],"version-history":[{"count":2,"href":"https:\/\/turnaround.cz\/restrukturalizacni-forum-2025\/en\/wp-json\/wp\/v2\/pages\/30\/revisions"}],"predecessor-version":[{"id":41,"href":"https:\/\/turnaround.cz\/restrukturalizacni-forum-2025\/en\/wp-json\/wp\/v2\/pages\/30\/revisions\/41"}],"wp:attachment":[{"href":"https:\/\/turnaround.cz\/restrukturalizacni-forum-2025\/en\/wp-json\/wp\/v2\/media?parent=30"}],"curies":[{"name":"wp","href":"https:\/\/api.w.org\/{rel}","templated":true}]}}